{"id":92431,"date":"2023-06-20T16:08:08","date_gmt":"2023-06-20T14:08:08","guid":{"rendered":"https:\/\/newsystem-detektiv-trails.ch\/?page_id=92431"},"modified":"2025-07-31T09:47:59","modified_gmt":"2025-07-31T07:47:59","slug":"carte-dexemple-detective-trail","status":"publish","type":"page","link":"https:\/\/detektiv-trails.ch\/fr\/carte-dexemple-detective-trail\/","title":{"rendered":"Carte d\u2019exemple D\u00e9tective-Trail"},"content":{"rendered":"\t\t<div data-elementor-type=\"wp-page\" data-elementor-id=\"92431\" class=\"elementor elementor-92431 elementor-52103\" data-elementor-post-type=\"page\">\n\t\t\t\t<div class=\"elementor-element elementor-element-4918957 e-flex e-con-boxed e-con e-parent\" data-id=\"4918957\" data-element_type=\"container\" data-settings=\"{&quot;jet_parallax_layout_list&quot;:[]}\">\n\t\t\t\t\t<div class=\"e-con-inner\">\n\t\t\t\t<div class=\"elementor-element elementor-element-32da215 elementor-widget elementor-widget-heading\" data-id=\"32da215\" data-element_type=\"widget\" data-widget_type=\"heading.default\">\n\t\t\t\t<div class=\"elementor-widget-container\">\n\t\t\t<h1 class=\"elementor-heading-title elementor-size-default\">Carte d\u2019exemple D\u00e9tective-Trail<\/h1>\t\t<\/div>\n\t\t\t\t<\/div>\n\t\t\t\t<div class=\"elementor-element elementor-element-58d1bbb elementor-widget elementor-widget-text-editor\" data-id=\"58d1bbb\" data-element_type=\"widget\" data-widget_type=\"text-editor.default\">\n\t\t\t\t<div class=\"elementor-widget-container\">\n\t\t\t\t\t\t\t<div class=\"vc_row wpb_row vc_row-fluid\"><div class=\"wpb_column vc_column_container vc_col-sm-12\"><div class=\"vc_column-inner\"><div class=\"wpb_wrapper\"><div class=\"wpb_text_column wpb_content_element \"><div class=\"wpb_wrapper\"><p>D\u00e9tective-Trails \u2013 chasse au tr\u00e9sor avec D\u00e9tective Blaireau. Qu\u2019est-ce qui t\u2019attend ? Gr\u00e2ce \u00e0 la carte exemplaire de nos D\u00e9tective-Trails, tu peux te faire un aper\u00e7u de nos D\u00e9tective-Trails. Une exp\u00e9rience d\u2019\u00e9nigme avec beaucoup de plaisir et de suspense garanti. De plus, tu apprendras beaucoup de choses int\u00e9ressantes sur la ville ou la r\u00e9gion o\u00f9 tu te trouves. La combinaison d\u2019\u00e9nigmes, piste de jeu et de d\u00e9couverte de la ville\/r\u00e9gion garantit plaisir, joie, aventure et bien plus encore. Les D\u00e9tective-Trails conviennent aussi bien aux grands qu\u2019aux petits. Nous nous r\u00e9jouissons de ta visite \u00e0 l\u2019un de nos D\u00e9tective-Trails ou \u00e0 un D\u00e9tective-Trail-Home.<\/p><\/div><\/div><\/div><\/div><\/div><\/div><div class=\"vc_row wpb_row vc_row-fluid\"><div class=\"wpb_column vc_column_container vc_col-sm-12\"><div class=\"vc_column-inner\"><div class=\"wpb_wrapper\"><div class=\"wpb_text_column wpb_content_element \"><div class=\"wpb_wrapper\"><div class=\"ead-preview\"><div class=\"ead-document\">\u00a0<\/div><\/div><\/div><\/div><\/div><\/div><\/div><\/div>\t\t\t\t\t\t<\/div>\n\t\t\t\t<\/div>\n\t\t\t\t<div class=\"elementor-element elementor-element-ee0d5c7 elementor-widget elementor-widget-image\" data-id=\"ee0d5c7\" data-element_type=\"widget\" data-widget_type=\"image.default\">\n\t\t\t\t<div class=\"elementor-widget-container\">\n\t\t\t\t\t\t\t\t\t\t\t\t\t\t<a href=\"https:\/\/detektiv-trails.ch\/wp-content\/uploads\/sites\/8\/2023\/06\/210226_DT_musterschatzkarte_FR.pdf\" target=\"_blank\">\n\t\t\t\t\t\t\t<img loading=\"lazy\" decoding=\"async\" width=\"1024\" height=\"724\" src=\"https:\/\/detektiv-trails.ch\/wp-content\/uploads\/sites\/8\/2026\/03\/210226_DT_musterschatzkarte_FR_Seite_1-1024x724.jpg\" class=\"attachment-large size-large wp-image-92440\" alt=\"\" srcset=\"https:\/\/detektiv-trails.ch\/wp-content\/uploads\/sites\/8\/2026\/03\/210226_DT_musterschatzkarte_FR_Seite_1-1024x724.jpg 1024w, https:\/\/detektiv-trails.ch\/wp-content\/uploads\/sites\/8\/2026\/03\/210226_DT_musterschatzkarte_FR_Seite_1-300x212.jpg 300w, https:\/\/detektiv-trails.ch\/wp-content\/uploads\/sites\/8\/2026\/03\/210226_DT_musterschatzkarte_FR_Seite_1-768x543.jpg 768w, https:\/\/detektiv-trails.ch\/wp-content\/uploads\/sites\/8\/2026\/03\/210226_DT_musterschatzkarte_FR_Seite_1-600x424.jpg 600w, https:\/\/detektiv-trails.ch\/wp-content\/uploads\/sites\/8\/2026\/03\/210226_DT_musterschatzkarte_FR_Seite_1.jpg 1258w\" sizes=\"auto, (max-width: 1024px) 100vw, 1024px\" \/>\t\t\t\t\t\t\t\t<\/a>\n\t\t\t\t\t\t\t\t\t\t\t\t\t<\/div>\n\t\t\t\t<\/div>\n\t\t\t\t\t<\/div>\n\t\t\t\t<\/div>\n\t\t\t\t<\/div>\n\t\t","protected":false},"excerpt":{"rendered":"<p>Carte d\u2019exemple D\u00e9tective-Trail D\u00e9tective-Trails \u2013 chasse au tr\u00e9sor avec D\u00e9tective Blaireau. Qu\u2019est-ce qui t\u2019attend ? Gr\u00e2ce \u00e0 la carte exemplaire de nos D\u00e9tective-Trails, tu peux te faire un aper\u00e7u de nos D\u00e9tective-Trails. Une exp\u00e9rience d\u2019\u00e9nigme avec beaucoup de plaisir et de suspense garanti. De plus, tu apprendras beaucoup de choses int\u00e9ressantes sur la ville ou [&hellip;]<\/p>\n","protected":false},"author":1,"featured_media":0,"parent":0,"menu_order":0,"comment_status":"closed","ping_status":"closed","template":"","meta":{"inline_featured_image":false,"site-sidebar-layout":"no-sidebar","site-content-layout":"page-builder","ast-site-content-layout":"full-width-container","site-content-style":"unboxed","site-sidebar-style":"unboxed","ast-global-header-display":"","ast-banner-title-visibility":"","ast-main-header-display":"","ast-hfb-above-header-display":"","ast-hfb-below-header-display":"","ast-hfb-mobile-header-display":"","site-post-title":"disabled","ast-breadcrumbs-content":"","ast-featured-img":"disabled","footer-sml-layout":"","ast-disable-related-posts":"","theme-transparent-header-meta":"default","adv-header-id-meta":"","stick-header-meta":"default","header-above-stick-meta":"","header-main-stick-meta":"","header-below-stick-meta":"","astra-migrate-meta-layouts":"set","ast-page-background-enabled":"default","ast-page-background-meta":{"desktop":{"background-color":"var(--ast-global-color-4)","background-image":"","background-repeat":"repeat","background-position":"center center","background-size":"auto","background-attachment":"scroll","background-type":"","background-media":"","overlay-type":"","overlay-color":"","overlay-opacity":"","overlay-gradient":""},"tablet":{"background-color":"","background-image":"","background-repeat":"repeat","background-position":"center center","background-size":"auto","background-attachment":"scroll","background-type":"","background-media":"","overlay-type":"","overlay-color":"","overlay-opacity":"","overlay-gradient":""},"mobile":{"background-color":"","background-image":"","background-repeat":"repeat","background-position":"center center","background-size":"auto","background-attachment":"scroll","background-type":"","background-media":"","overlay-type":"","overlay-color":"","overlay-opacity":"","overlay-gradient":""}},"ast-content-background-meta":{"desktop":{"background-color":"var(--ast-global-color-5)","background-image":"","background-repeat":"repeat","background-position":"center center","background-size":"auto","background-attachment":"scroll","background-type":"","background-media":"","overlay-type":"","overlay-color":"","overlay-opacity":"","overlay-gradient":""},"tablet":{"background-color":"var(--ast-global-color-5)","background-image":"","background-repeat":"repeat","background-position":"center center","background-size":"auto","background-attachment":"scroll","background-type":"","background-media":"","overlay-type":"","overlay-color":"","overlay-opacity":"","overlay-gradient":""},"mobile":{"background-color":"var(--ast-global-color-5)","background-image":"","background-repeat":"repeat","background-position":"center center","background-size":"auto","background-attachment":"scroll","background-type":"","background-media":"","overlay-type":"","overlay-color":"","overlay-opacity":"","overlay-gradient":""}},"footnotes":""},"class_list":["post-92431","page","type-page","status-publish","hentry"],"_links":{"self":[{"href":"https:\/\/detektiv-trails.ch\/fr\/wp-json\/wp\/v2\/pages\/92431","targetHints":{"allow":["GET"]}}],"collection":[{"href":"https:\/\/detektiv-trails.ch\/fr\/wp-json\/wp\/v2\/pages"}],"about":[{"href":"https:\/\/detektiv-trails.ch\/fr\/wp-json\/wp\/v2\/types\/page"}],"author":[{"embeddable":true,"href":"https:\/\/detektiv-trails.ch\/fr\/wp-json\/wp\/v2\/users\/1"}],"replies":[{"embeddable":true,"href":"https:\/\/detektiv-trails.ch\/fr\/wp-json\/wp\/v2\/comments?post=92431"}],"version-history":[{"count":10,"href":"https:\/\/detektiv-trails.ch\/fr\/wp-json\/wp\/v2\/pages\/92431\/revisions"}],"predecessor-version":[{"id":151844,"href":"https:\/\/detektiv-trails.ch\/fr\/wp-json\/wp\/v2\/pages\/92431\/revisions\/151844"}],"wp:attachment":[{"href":"https:\/\/detektiv-trails.ch\/fr\/wp-json\/wp\/v2\/media?parent=92431"}],"curies":[{"name":"wp","href":"https:\/\/api.w.org\/{rel}","templated":true}]}}