{"id":92522,"date":"2023-06-21T08:40:15","date_gmt":"2023-06-21T06:40:15","guid":{"rendered":"https:\/\/newsystem-detektiv-trails.ch\/?page_id=92522"},"modified":"2025-07-31T09:59:48","modified_gmt":"2025-07-31T07:59:48","slug":"mentions-legales","status":"publish","type":"page","link":"https:\/\/detektiv-trails.ch\/fr\/mentions-legales\/","title":{"rendered":"Mentions l\u00e9gales"},"content":{"rendered":"\t\t<div data-elementor-type=\"wp-page\" data-elementor-id=\"92522\" class=\"elementor elementor-92522 elementor-52095\" data-elementor-post-type=\"page\">\n\t\t\t\t<div class=\"elementor-element elementor-element-2f744f1 e-flex e-con-boxed e-con e-parent\" data-id=\"2f744f1\" data-element_type=\"container\" data-settings=\"{&quot;jet_parallax_layout_list&quot;:[]}\">\n\t\t\t\t\t<div class=\"e-con-inner\">\n\t\t\t\t<div class=\"elementor-element elementor-element-1c021cf elementor-widget elementor-widget-heading\" data-id=\"1c021cf\" data-element_type=\"widget\" data-widget_type=\"heading.default\">\n\t\t\t\t<div class=\"elementor-widget-container\">\n\t\t\t<h1 class=\"elementor-heading-title elementor-size-default\">Mentions l\u00e9gales<\/h1>\t\t<\/div>\n\t\t\t\t<\/div>\n\t\t\t\t<div class=\"elementor-element elementor-element-4e9bd19 elementor-widget elementor-widget-text-editor\" data-id=\"4e9bd19\" data-element_type=\"widget\" data-widget_type=\"text-editor.default\">\n\t\t\t\t<div class=\"elementor-widget-container\">\n\t\t\t\t\t\t\t<div class=\"section the_content has_content\"><div class=\"section_wrapper\"><div class=\"the_content_wrapper\"><div class=\"impressum\"><div class=\"impressum\"><h4><strong>Adresse de contact<\/strong><\/h4><p>Detektiv-Trails<br \/>c\/o MyCityHighlight AG<br \/>Talgut-Zentrum 7<br \/>3063 Ittigen<br \/>Suisse<\/p><p>E-mail: <a href=\"mailto:info@detektiv-trails.ch\" target=\"_blank\" rel=\"noopener\"><span style=\"display:inline;unicode-bidi:bidi-override;direction:rtl;\" class=\"\">hc.sliart-vitketed<span style=\"display:none;\">obfsctd-1042e8<\/span>&#64;ofni<\/span><\/a><\/p><p>Directeur g\u00e9n\u00e9ral autoris\u00e9: Christoph Stadelmann<\/p><h4><strong>Inscription au registre du commerce<\/strong><\/h4><p>Nom de l&#8217;entreprise enregistr\u00e9e: MyCityHighlight AG<br \/>Num\u00e9ro: CH-036.3.062.982-9<\/p><h4><strong>Clause de non-responsabilit\u00e9<\/strong><\/h4><p>L&#8217;auteur ne garantit en aucun cas l&#8217;exactitude, la pr\u00e9cision, l&#8217;actualit\u00e9, la fiabilit\u00e9 et l&#8217;exhaustivit\u00e9 des informations. Les demandes de dommages et int\u00e9r\u00eats contre l&#8217;auteur pour des dommages mat\u00e9riels ou immat\u00e9riels r\u00e9sultant de l&#8217;acc\u00e8s ou de l&#8217;utilisation ou de la non-utilisation des informations publi\u00e9es, de l&#8217;abus de la connexion ou de perturbations techniques sont exclues. Toutes les offres sont sans engagement. L&#8217;auteur se r\u00e9serve express\u00e9ment le droit de modifier, compl\u00e9ter, supprimer ou cesser temporairement ou d\u00e9finitivement la publication de parties des pages ou de l&#8217;ensemble de l&#8217;offre sans pr\u00e9avis.<\/p><h4><strong>Responsabilit\u00e9 pour les liens<\/strong><\/h4><p>Les r\u00e9f\u00e9rences et les liens vers des sites web de tiers sont en dehors de notre domaine de responsabilit\u00e9. Toute responsabilit\u00e9 pour de tels sites web est rejet\u00e9e. L&#8217;acc\u00e8s et l&#8217;utilisation de tels sites web se font aux risques et p\u00e9rils de l&#8217;utilisateur ou de l&#8217;utilisatrice.<\/p><h4><strong>Droits d&#8217;auteur<\/strong><\/h4><p>Les droits d&#8217;auteur et tous les autres droits sur les contenus, images, photos ou autres fichiers sur le site web appartiennent exclusivement \u00e0 MyCityHighlight AG ou aux titulaires de droits sp\u00e9cifiquement nomm\u00e9s. Pour la reproduction de tout \u00e9l\u00e9ment, l&#8217;accord \u00e9crit des d\u00e9tenteurs des droits d&#8217;auteur doit \u00eatre obtenu \u00e0 l&#8217;avance.<\/p><h4><strong>CGV et protection des donn\u00e9es<\/strong><\/h4><p>Vous trouverez ici nos <a href=\"https:\/\/detektiv-trails.ch\/fr\/conditions-generales\/\" target=\"_blank\" rel=\"noopener\">CGV<\/a> ainsi que l&#8217;avis de <a href=\"https:\/\/detektiv-trails.ch\/fr\/politique-de-confidentialite\/\" target=\"_blank\" rel=\"noopener\">protection des donn\u00e9es<\/a>.<\/p><h4><strong>R\u00e8glement alternatif des litiges conform\u00e9ment \u00e0 l&#8217;article 14, paragraphe 1, du r\u00e8glement ODR et \u00e0 l&#8217;article 36 de la VSBG:<\/strong><\/h4><p>La Commission europ\u00e9enne fournit une plateforme de r\u00e8glement en ligne des litiges (OS) que vous pouvez trouver \u00e0 l&#8217;adresse\u00a0<a href=\"https:\/\/ec.europa.eu\/consumers\/odr\" target=\"_blank\" rel=\"noopener noreferrer nofollow\">https:\/\/ec.europa.eu\/consumers\/odr<\/a>. Nous ne sommes pas oblig\u00e9s et ne sommes pas dispos\u00e9s \u00e0 participer \u00e0 une proc\u00e9dure de r\u00e8glement des litiges devant un organisme de m\u00e9diation des consommateurs.<\/p><\/div><\/div><\/div><\/div><\/div>\t\t\t\t\t\t<\/div>\n\t\t\t\t<\/div>\n\t\t\t\t\t<\/div>\n\t\t\t\t<\/div>\n\t\t\t\t<\/div>\n\t\t","protected":false},"excerpt":{"rendered":"<p>Mentions l\u00e9gales Adresse de contact Detektiv-Trailsc\/o MyCityHighlight AGTalgut-Zentrum 73063 IttigenSuisse E-mail: hc.sliart-vitketedobfsctd-31144e&#64;ofni Directeur g\u00e9n\u00e9ral autoris\u00e9: Christoph Stadelmann Inscription au registre du commerce Nom de l&#8217;entreprise enregistr\u00e9e: MyCityHighlight AGNum\u00e9ro: CH-036.3.062.982-9 Clause de non-responsabilit\u00e9 L&#8217;auteur ne garantit en aucun cas l&#8217;exactitude, la pr\u00e9cision, l&#8217;actualit\u00e9, la fiabilit\u00e9 et l&#8217;exhaustivit\u00e9 des informations. Les demandes de dommages et int\u00e9r\u00eats contre [&hellip;]<\/p>\n","protected":false},"author":1,"featured_media":0,"parent":0,"menu_order":0,"comment_status":"closed","ping_status":"closed","template":"","meta":{"inline_featured_image":false,"site-sidebar-layout":"no-sidebar","site-content-layout":"page-builder","ast-site-content-layout":"full-width-container","site-content-style":"unboxed","site-sidebar-style":"unboxed","ast-global-header-display":"","ast-banner-title-visibility":"","ast-main-header-display":"","ast-hfb-above-header-display":"","ast-hfb-below-header-display":"","ast-hfb-mobile-header-display":"","site-post-title":"disabled","ast-breadcrumbs-content":"","ast-featured-img":"disabled","footer-sml-layout":"","ast-disable-related-posts":"","theme-transparent-header-meta":"default","adv-header-id-meta":"","stick-header-meta":"default","header-above-stick-meta":"","header-main-stick-meta":"","header-below-stick-meta":"","astra-migrate-meta-layouts":"set","ast-page-background-enabled":"default","ast-page-background-meta":{"desktop":{"background-color":"var(--ast-global-color-4)","background-image":"","background-repeat":"repeat","background-position":"center center","background-size":"auto","background-attachment":"scroll","background-type":"","background-media":"","overlay-type":"","overlay-color":"","overlay-opacity":"","overlay-gradient":""},"tablet":{"background-color":"","background-image":"","background-repeat":"repeat","background-position":"center center","background-size":"auto","background-attachment":"scroll","background-type":"","background-media":"","overlay-type":"","overlay-color":"","overlay-opacity":"","overlay-gradient":""},"mobile":{"background-color":"","background-image":"","background-repeat":"repeat","background-position":"center center","background-size":"auto","background-attachment":"scroll","background-type":"","background-media":"","overlay-type":"","overlay-color":"","overlay-opacity":"","overlay-gradient":""}},"ast-content-background-meta":{"desktop":{"background-color":"var(--ast-global-color-5)","background-image":"","background-repeat":"repeat","background-position":"center center","background-size":"auto","background-attachment":"scroll","background-type":"","background-media":"","overlay-type":"","overlay-color":"","overlay-opacity":"","overlay-gradient":""},"tablet":{"background-color":"var(--ast-global-color-5)","background-image":"","background-repeat":"repeat","background-position":"center center","background-size":"auto","background-attachment":"scroll","background-type":"","background-media":"","overlay-type":"","overlay-color":"","overlay-opacity":"","overlay-gradient":""},"mobile":{"background-color":"var(--ast-global-color-5)","background-image":"","background-repeat":"repeat","background-position":"center center","background-size":"auto","background-attachment":"scroll","background-type":"","background-media":"","overlay-type":"","overlay-color":"","overlay-opacity":"","overlay-gradient":""}},"footnotes":""},"class_list":["post-92522","page","type-page","status-publish","hentry"],"_links":{"self":[{"href":"https:\/\/detektiv-trails.ch\/fr\/wp-json\/wp\/v2\/pages\/92522","targetHints":{"allow":["GET"]}}],"collection":[{"href":"https:\/\/detektiv-trails.ch\/fr\/wp-json\/wp\/v2\/pages"}],"about":[{"href":"https:\/\/detektiv-trails.ch\/fr\/wp-json\/wp\/v2\/types\/page"}],"author":[{"embeddable":true,"href":"https:\/\/detektiv-trails.ch\/fr\/wp-json\/wp\/v2\/users\/1"}],"replies":[{"embeddable":true,"href":"https:\/\/detektiv-trails.ch\/fr\/wp-json\/wp\/v2\/comments?post=92522"}],"version-history":[{"count":0,"href":"https:\/\/detektiv-trails.ch\/fr\/wp-json\/wp\/v2\/pages\/92522\/revisions"}],"wp:attachment":[{"href":"https:\/\/detektiv-trails.ch\/fr\/wp-json\/wp\/v2\/media?parent=92522"}],"curies":[{"name":"wp","href":"https:\/\/api.w.org\/{rel}","templated":true}]}}