{"id":93757,"date":"2023-06-21T17:03:07","date_gmt":"2023-06-21T15:03:07","guid":{"rendered":"https:\/\/newsystem-detektiv-trails.ch\/?page_id=93757"},"modified":"2025-11-04T14:35:29","modified_gmt":"2025-11-04T13:35:29","slug":"rapport-des-medias","status":"publish","type":"page","link":"https:\/\/detektiv-trails.ch\/fr\/rapport-des-medias\/","title":{"rendered":"rapport des m\u00e9dias"},"content":{"rendered":"\t\t<div data-elementor-type=\"wp-page\" data-elementor-id=\"93757\" class=\"elementor elementor-93757 elementor-52101\" data-elementor-post-type=\"page\">\n\t\t\t\t<div class=\"elementor-element elementor-element-b7c5eea e-flex e-con-boxed e-con e-parent\" data-id=\"b7c5eea\" data-element_type=\"container\" data-settings=\"{&quot;jet_parallax_layout_list&quot;:[]}\">\n\t\t\t\t\t<div class=\"e-con-inner\">\n\t\t\t\t<div class=\"elementor-element elementor-element-9a99f48 elementor-widget elementor-widget-heading\" data-id=\"9a99f48\" data-element_type=\"widget\" data-widget_type=\"heading.default\">\n\t\t\t\t<div class=\"elementor-widget-container\">\n\t\t\t<h1 class=\"elementor-heading-title elementor-size-default\">\nRapport des m\u00e9dias de nos D\u00e9tective-Trails<\/h1>\t\t<\/div>\n\t\t\t\t<\/div>\n\t\t\t\t\t<\/div>\n\t\t\t\t<\/div>\n\t\t<div class=\"elementor-element elementor-element-334eea0 e-flex e-con-boxed e-con e-parent\" data-id=\"334eea0\" data-element_type=\"container\" data-settings=\"{&quot;jet_parallax_layout_list&quot;:[]}\">\n\t\t\t\t\t<div class=\"e-con-inner\">\n\t\t<div class=\"elementor-element elementor-element-92a22ee e-con-full e-flex e-con e-child\" data-id=\"92a22ee\" data-element_type=\"container\" data-settings=\"{&quot;jet_parallax_layout_list&quot;:[]}\">\n\t\t\t\t<div class=\"elementor-element elementor-element-ac28e4d elementor-widget elementor-widget-image\" data-id=\"ac28e4d\" data-element_type=\"widget\" data-widget_type=\"image.default\">\n\t\t\t\t<div class=\"elementor-widget-container\">\n\t\t\t\t\t\t\t\t\t\t\t\t\t\t<a href=\"https:\/\/detektiv-trails.ch\/wp-content\/uploads\/sites\/8\/2023\/06\/ZueritippApril2023.pdf\">\n\t\t\t\t\t\t\t<img loading=\"lazy\" decoding=\"async\" width=\"800\" height=\"800\" src=\"https:\/\/detektiv-trails.ch\/wp-content\/uploads\/sites\/8\/2025\/11\/detektiv-trail-morges-startbild-chollet-temple-quai-pinte-tulpen-grandrue.jpg\" class=\"attachment-large size-large wp-image-160976\" alt=\"\" srcset=\"https:\/\/detektiv-trails.ch\/wp-content\/uploads\/sites\/8\/2025\/11\/detektiv-trail-morges-startbild-chollet-temple-quai-pinte-tulpen-grandrue.jpg 800w, https:\/\/detektiv-trails.ch\/wp-content\/uploads\/sites\/8\/2025\/11\/detektiv-trail-morges-startbild-chollet-temple-quai-pinte-tulpen-grandrue-300x300.jpg 300w, https:\/\/detektiv-trails.ch\/wp-content\/uploads\/sites\/8\/2025\/11\/detektiv-trail-morges-startbild-chollet-temple-quai-pinte-tulpen-grandrue-150x150.jpg 150w, https:\/\/detektiv-trails.ch\/wp-content\/uploads\/sites\/8\/2025\/11\/detektiv-trail-morges-startbild-chollet-temple-quai-pinte-tulpen-grandrue-768x768.jpg 768w, https:\/\/detektiv-trails.ch\/wp-content\/uploads\/sites\/8\/2025\/11\/detektiv-trail-morges-startbild-chollet-temple-quai-pinte-tulpen-grandrue-600x600.jpg 600w, https:\/\/detektiv-trails.ch\/wp-content\/uploads\/sites\/8\/2025\/11\/detektiv-trail-morges-startbild-chollet-temple-quai-pinte-tulpen-grandrue-100x100.jpg 100w\" sizes=\"auto, (max-width: 800px) 100vw, 800px\" \/>\t\t\t\t\t\t\t\t<\/a>\n\t\t\t\t\t\t\t\t\t\t\t\t\t<\/div>\n\t\t\t\t<\/div>\n\t\t\t\t<div class=\"elementor-element elementor-element-741d009 elementor-widget elementor-widget-heading\" data-id=\"741d009\" data-element_type=\"widget\" data-widget_type=\"heading.default\">\n\t\t\t\t<div class=\"elementor-widget-container\">\n\t\t\t<h4 class=\"elementor-heading-title elementor-size-default\">Journal de Morges  <br> 22 juin 2024<\/h4>\t\t<\/div>\n\t\t\t\t<\/div>\n\t\t\t\t<div class=\"elementor-element elementor-element-5ea6690 elementor-widget elementor-widget-heading\" data-id=\"5ea6690\" data-element_type=\"widget\" data-widget_type=\"heading.default\">\n\t\t\t\t<div class=\"elementor-widget-container\">\n\t\t\t<h5 class=\"elementor-heading-title elementor-size-default\">Ouverture de la chasse au tr\u00e9sor dans la ville<\/h5>\t\t<\/div>\n\t\t\t\t<\/div>\n\t\t\t\t<div class=\"elementor-element elementor-element-d33531f elementor-align-center elementor-widget elementor-widget-button\" data-id=\"d33531f\" data-element_type=\"widget\" data-widget_type=\"button.default\">\n\t\t\t\t<div class=\"elementor-widget-container\">\n\t\t\t\t\t<div class=\"elementor-button-wrapper\">\n\t\t\t<a class=\"elementor-button elementor-button-link elementor-size-sm\" href=\"https:\/\/journaldemorges.ch\/actualite\/ouverture-de-la-chasse-au-tresor-dans-la-ville\/\" target=\"_blank\" rel=\"noopener noreferrer nofollow\">\n\t\t\t\t\t\t<span class=\"elementor-button-content-wrapper\">\n\t\t\t\t\t\t\t\t\t<span class=\"elementor-button-text\"> Voir rapport de m\u00e9dia<\/span>\n\t\t\t\t\t<\/span>\n\t\t\t\t\t<\/a>\n\t\t<\/div>\n\t\t\t\t<\/div>\n\t\t\t\t<\/div>\n\t\t\t\t<\/div>\n\t\t<div class=\"elementor-element elementor-element-aacdf4e e-con-full e-flex e-con e-child\" data-id=\"aacdf4e\" data-element_type=\"container\" data-settings=\"{&quot;jet_parallax_layout_list&quot;:[]}\">\n\t\t\t\t<div class=\"elementor-element elementor-element-7c20187 elementor-widget elementor-widget-image\" data-id=\"7c20187\" data-element_type=\"widget\" data-widget_type=\"image.default\">\n\t\t\t\t<div class=\"elementor-widget-container\">\n\t\t\t\t\t\t\t\t\t\t\t\t\t\t<a href=\"https:\/\/detektiv-trails.ch\/wp-content\/uploads\/sites\/8\/2023\/06\/Le_Franc_Montagnard_Saignelgier_072022.pdf\">\n\t\t\t\t\t\t\t<img loading=\"lazy\" decoding=\"async\" width=\"800\" height=\"800\" src=\"https:\/\/detektiv-trails.ch\/wp-content\/uploads\/sites\/8\/2025\/11\/detektiv-trail-saignelegier-franches-montagnes-etangderoyes-jura-hallenbad-marche-1.jpg\" class=\"attachment-large size-large wp-image-160986\" alt=\"\" srcset=\"https:\/\/detektiv-trails.ch\/wp-content\/uploads\/sites\/8\/2025\/11\/detektiv-trail-saignelegier-franches-montagnes-etangderoyes-jura-hallenbad-marche-1.jpg 800w, https:\/\/detektiv-trails.ch\/wp-content\/uploads\/sites\/8\/2025\/11\/detektiv-trail-saignelegier-franches-montagnes-etangderoyes-jura-hallenbad-marche-1-300x300.jpg 300w, https:\/\/detektiv-trails.ch\/wp-content\/uploads\/sites\/8\/2025\/11\/detektiv-trail-saignelegier-franches-montagnes-etangderoyes-jura-hallenbad-marche-1-150x150.jpg 150w, https:\/\/detektiv-trails.ch\/wp-content\/uploads\/sites\/8\/2025\/11\/detektiv-trail-saignelegier-franches-montagnes-etangderoyes-jura-hallenbad-marche-1-768x768.jpg 768w, https:\/\/detektiv-trails.ch\/wp-content\/uploads\/sites\/8\/2025\/11\/detektiv-trail-saignelegier-franches-montagnes-etangderoyes-jura-hallenbad-marche-1-600x600.jpg 600w, https:\/\/detektiv-trails.ch\/wp-content\/uploads\/sites\/8\/2025\/11\/detektiv-trail-saignelegier-franches-montagnes-etangderoyes-jura-hallenbad-marche-1-100x100.jpg 100w\" sizes=\"auto, (max-width: 800px) 100vw, 800px\" \/>\t\t\t\t\t\t\t\t<\/a>\n\t\t\t\t\t\t\t\t\t\t\t\t\t<\/div>\n\t\t\t\t<\/div>\n\t\t\t\t<div class=\"elementor-element elementor-element-90cc828 elementor-widget elementor-widget-heading\" data-id=\"90cc828\" data-element_type=\"widget\" data-widget_type=\"heading.default\">\n\t\t\t\t<div class=\"elementor-widget-container\">\n\t\t\t<h4 class=\"elementor-heading-title elementor-size-default\">Article du 2 juillet 2022<\/h4>\t\t<\/div>\n\t\t\t\t<\/div>\n\t\t\t\t<div class=\"elementor-element elementor-element-4957c14 elementor-widget elementor-widget-heading\" data-id=\"4957c14\" data-element_type=\"widget\" data-widget_type=\"heading.default\">\n\t\t\t\t<div class=\"elementor-widget-container\">\n\t\t\t<h5 class=\"elementor-heading-title elementor-size-default\">Partez \u00e0 la chasse aux indices avec le D\u00e9tective-Trail - Saignel\u00e9gier<\/h5>\t\t<\/div>\n\t\t\t\t<\/div>\n\t\t\t\t<div class=\"elementor-element elementor-element-1403f99 elementor-align-center elementor-widget elementor-widget-button\" data-id=\"1403f99\" data-element_type=\"widget\" data-widget_type=\"button.default\">\n\t\t\t\t<div class=\"elementor-widget-container\">\n\t\t\t\t\t<div class=\"elementor-button-wrapper\">\n\t\t\t<a class=\"elementor-button elementor-button-link elementor-size-sm\" href=\"https:\/\/detektiv-trails.ch\/wp-content\/uploads\/sites\/8\/2023\/06\/Le_Franc_Montagnard_Saignelgier_072022.pdf\">\n\t\t\t\t\t\t<span class=\"elementor-button-content-wrapper\">\n\t\t\t\t\t\t\t\t\t<span class=\"elementor-button-text\">Voir rapport de m\u00e9dia<\/span>\n\t\t\t\t\t<\/span>\n\t\t\t\t\t<\/a>\n\t\t<\/div>\n\t\t\t\t<\/div>\n\t\t\t\t<\/div>\n\t\t\t\t<\/div>\n\t\t\t\t\t<\/div>\n\t\t\t\t<\/div>\n\t\t\t\t<\/div>\n\t\t","protected":false},"excerpt":{"rendered":"<p>Rapport des m\u00e9dias de nos D\u00e9tective-Trails Journal de Morges 22 juin 2024 Ouverture de la chasse au tr\u00e9sor dans la ville Voir rapport de m\u00e9dia Article du 2 juillet 2022 Partez \u00e0 la chasse aux indices avec le D\u00e9tective-Trail &#8211; Saignel\u00e9gier Voir rapport de m\u00e9dia<\/p>\n","protected":false},"author":1,"featured_media":53203,"parent":0,"menu_order":0,"comment_status":"closed","ping_status":"closed","template":"","meta":{"inline_featured_image":false,"site-sidebar-layout":"no-sidebar","site-content-layout":"page-builder","ast-site-content-layout":"full-width-container","site-content-style":"unboxed","site-sidebar-style":"unboxed","ast-global-header-display":"","ast-banner-title-visibility":"","ast-main-header-display":"","ast-hfb-above-header-display":"","ast-hfb-below-header-display":"","ast-hfb-mobile-header-display":"","site-post-title":"disabled","ast-breadcrumbs-content":"","ast-featured-img":"disabled","footer-sml-layout":"","ast-disable-related-posts":"","theme-transparent-header-meta":"default","adv-header-id-meta":"","stick-header-meta":"default","header-above-stick-meta":"","header-main-stick-meta":"","header-below-stick-meta":"","astra-migrate-meta-layouts":"set","ast-page-background-enabled":"default","ast-page-background-meta":{"desktop":{"background-color":"var(--ast-global-color-4)","background-image":"","background-repeat":"repeat","background-position":"center center","background-size":"auto","background-attachment":"scroll","background-type":"","background-media":"","overlay-type":"","overlay-color":"","overlay-opacity":"","overlay-gradient":""},"tablet":{"background-color":"","background-image":"","background-repeat":"repeat","background-position":"center center","background-size":"auto","background-attachment":"scroll","background-type":"","background-media":"","overlay-type":"","overlay-color":"","overlay-opacity":"","overlay-gradient":""},"mobile":{"background-color":"","background-image":"","background-repeat":"repeat","background-position":"center center","background-size":"auto","background-attachment":"scroll","background-type":"","background-media":"","overlay-type":"","overlay-color":"","overlay-opacity":"","overlay-gradient":""}},"ast-content-background-meta":{"desktop":{"background-color":"var(--ast-global-color-5)","background-image":"","background-repeat":"repeat","background-position":"center center","background-size":"auto","background-attachment":"scroll","background-type":"","background-media":"","overlay-type":"","overlay-color":"","overlay-opacity":"","overlay-gradient":""},"tablet":{"background-color":"var(--ast-global-color-5)","background-image":"","background-repeat":"repeat","background-position":"center center","background-size":"auto","background-attachment":"scroll","background-type":"","background-media":"","overlay-type":"","overlay-color":"","overlay-opacity":"","overlay-gradient":""},"mobile":{"background-color":"var(--ast-global-color-5)","background-image":"","background-repeat":"repeat","background-position":"center center","background-size":"auto","background-attachment":"scroll","background-type":"","background-media":"","overlay-type":"","overlay-color":"","overlay-opacity":"","overlay-gradient":""}},"footnotes":""},"class_list":["post-93757","page","type-page","status-publish","has-post-thumbnail","hentry"],"_links":{"self":[{"href":"https:\/\/detektiv-trails.ch\/fr\/wp-json\/wp\/v2\/pages\/93757","targetHints":{"allow":["GET"]}}],"collection":[{"href":"https:\/\/detektiv-trails.ch\/fr\/wp-json\/wp\/v2\/pages"}],"about":[{"href":"https:\/\/detektiv-trails.ch\/fr\/wp-json\/wp\/v2\/types\/page"}],"author":[{"embeddable":true,"href":"https:\/\/detektiv-trails.ch\/fr\/wp-json\/wp\/v2\/users\/1"}],"replies":[{"embeddable":true,"href":"https:\/\/detektiv-trails.ch\/fr\/wp-json\/wp\/v2\/comments?post=93757"}],"version-history":[{"count":10,"href":"https:\/\/detektiv-trails.ch\/fr\/wp-json\/wp\/v2\/pages\/93757\/revisions"}],"predecessor-version":[{"id":161004,"href":"https:\/\/detektiv-trails.ch\/fr\/wp-json\/wp\/v2\/pages\/93757\/revisions\/161004"}],"wp:featuredmedia":[{"embeddable":true,"href":"https:\/\/detektiv-trails.ch\/fr\/wp-json\/wp\/v2\/media\/53203"}],"wp:attachment":[{"href":"https:\/\/detektiv-trails.ch\/fr\/wp-json\/wp\/v2\/media?parent=93757"}],"curies":[{"name":"wp","href":"https:\/\/api.w.org\/{rel}","templated":true}]}}