{"id":100321,"date":"2023-06-28T22:42:56","date_gmt":"2023-06-30T10:10:24","guid":{"rendered":"https:\/\/newsystem-detektiv-trails.ch\/?post_type=product&#038;p=100321"},"modified":"2025-03-29T09:38:32","modified_gmt":"2025-03-29T08:38:32","slug":"bon-detective-blaireau-nageant","status":"publish","type":"product","link":"https:\/\/detektiv-trails.ch\/fr\/produit\/bon-detective-blaireau-nageant\/","title":{"rendered":"Bon D\u00e9tective Blaireau nageant"},"content":{"rendered":"<p>Ce bon est ta cl\u00e9 pour des aventures passionnantes et des \u00e9nigmes astucieuses. Utilisable dans\u00a0<a href=\"https:\/\/detektiv-trails.ch\/fr\/\" target=\"_blank\" rel=\"noopener\">la boutique en ligne de D\u00e9tective-Trails<\/a>, il te permet d\u2019acheter un D\u00e9tective-Trails de ton choix en Suisse et dans la Principaut\u00e9 du Liechtenstein. Plonge dans le monde du\u00a0<a href=\"https:\/\/detektiv-dachs.ch\/fr\/\" target=\"_blank\" rel=\"noopener noreferrer nofollow\">D\u00e9tective Blaireau<\/a>\u00a0et vis des moments inoubliables avec tes amis et ta famille.<\/p>\n<p>Le bon peut \u00e9galement \u00eatre utilis\u00e9 pour d\u2019autres produits passionnants dans la boutique, comme nos populaires romans policiers \u00e0 \u00e9nigmes (en allemand) et les petits\u00a0<a href=\"https:\/\/detektiv-trails.ch\/fr\/categorie-de-produits\/detective-blaireau\/\" target=\"_blank\" rel=\"noopener\">articles de fan<\/a>\u00a0du D\u00e9tective Blaireau. Parfait comme cadeau pour tous les petits et grands d\u00e9tectives.<\/p>\n","protected":false},"excerpt":{"rendered":"<p>Ce bon est ta cl\u00e9 pour des aventures passionnantes et des \u00e9nigmes astucieuses. Utilisable dans\u00a0<a href=\"https:\/\/detektiv-trails.ch\/fr\/\" target=\"_blank\" rel=\"noopener\">la boutique en ligne de D\u00e9tective-Trails<\/a>, il te permet d\u2019acheter un D\u00e9tective-Trails de ton choix en Suisse et dans la Principaut\u00e9 du Liechtenstein. Plonge dans le monde du\u00a0<a href=\"https:\/\/detektiv-dachs.ch\/fr\/\" target=\"_blank\" rel=\"noopener\">D\u00e9tective Blaireau<\/a>\u00a0et vis des moments inoubliables avec tes amis et ta famille.<\/p>\n<p>Le bon peut \u00e9galement \u00eatre utilis\u00e9 pour d\u2019autres produits passionnants dans la boutique, comme nos populaires romans policiers \u00e0 \u00e9nigmes (en allemand) et les petits\u00a0<a href=\"https:\/\/detektiv-trails.ch\/fr\/categorie-de-produits\/detective-blaireau\/\" target=\"_blank\" rel=\"noopener\">articles de fan<\/a>\u00a0du D\u00e9tective Blaireau. Parfait comme cadeau pour tous les petits et grands d\u00e9tectives.<\/p>\n","protected":false},"featured_media":133492,"comment_status":"open","ping_status":"closed","template":"","meta":{"inline_featured_image":false,"site-sidebar-layout":"default","site-content-layout":"default","ast-site-content-layout":"default","site-content-style":"default","site-sidebar-style":"default","ast-global-header-display":"","ast-banner-title-visibility":"","ast-main-header-display":"","ast-hfb-above-header-display":"","ast-hfb-below-header-display":"","ast-hfb-mobile-header-display":"","site-post-title":"","ast-breadcrumbs-content":"","ast-featured-img":"","footer-sml-layout":"","ast-disable-related-posts":"","theme-transparent-header-meta":"default","adv-header-id-meta":"","stick-header-meta":"default","header-above-stick-meta":"","header-main-stick-meta":"","header-below-stick-meta":"","astra-migrate-meta-layouts":"set","ast-page-background-enabled":"default","ast-page-background-meta":{"desktop":{"background-color":"var(--ast-global-color-4)","background-image":"","background-repeat":"repeat","background-position":"center center","background-size":"auto","background-attachment":"scroll","background-type":"","background-media":"","overlay-type":"","overlay-color":"","overlay-opacity":"","overlay-gradient":""},"tablet":{"background-color":"","background-image":"","background-repeat":"repeat","background-position":"center center","background-size":"auto","background-attachment":"scroll","background-type":"","background-media":"","overlay-type":"","overlay-color":"","overlay-opacity":"","overlay-gradient":""},"mobile":{"background-color":"","background-image":"","background-repeat":"repeat","background-position":"center center","background-size":"auto","background-attachment":"scroll","background-type":"","background-media":"","overlay-type":"","overlay-color":"","overlay-opacity":"","overlay-gradient":""}},"ast-content-background-meta":{"desktop":{"background-color":"var(--ast-global-color-5)","background-image":"","background-repeat":"repeat","background-position":"center center","background-size":"auto","background-attachment":"scroll","background-type":"","background-media":"","overlay-type":"","overlay-color":"","overlay-opacity":"","overlay-gradient":""},"tablet":{"background-color":"var(--ast-global-color-5)","background-image":"","background-repeat":"repeat","background-position":"center center","background-size":"auto","background-attachment":"scroll","background-type":"","background-media":"","overlay-type":"","overlay-color":"","overlay-opacity":"","overlay-gradient":""},"mobile":{"background-color":"var(--ast-global-color-5)","background-image":"","background-repeat":"repeat","background-position":"center center","background-size":"auto","background-attachment":"scroll","background-type":"","background-media":"","overlay-type":"","overlay-color":"","overlay-opacity":"","overlay-gradient":""}}},"product_brand":[],"product_cat":[358],"product_tag":[],"class_list":{"0":"post-100321","1":"product","2":"type-product","3":"status-publish","4":"has-post-thumbnail","6":"product_cat-bon-detective-trails","7":"desktop-align-center","8":"tablet-align-left","9":"mobile-align-left","10":"ast-product-gallery-layout-horizontal-slider","11":"ast-product-gallery-with-no-image","12":"ast-magnify-disabled","13":"ast-product-tabs-layout-horizontal","15":"first","16":"instock","17":"purchasable","18":"product-type-wgm_gift_card"},"_links":{"self":[{"href":"https:\/\/detektiv-trails.ch\/fr\/wp-json\/wp\/v2\/product\/100321","targetHints":{"allow":["GET"]}}],"collection":[{"href":"https:\/\/detektiv-trails.ch\/fr\/wp-json\/wp\/v2\/product"}],"about":[{"href":"https:\/\/detektiv-trails.ch\/fr\/wp-json\/wp\/v2\/types\/product"}],"replies":[{"embeddable":true,"href":"https:\/\/detektiv-trails.ch\/fr\/wp-json\/wp\/v2\/comments?post=100321"}],"version-history":[{"count":9,"href":"https:\/\/detektiv-trails.ch\/fr\/wp-json\/wp\/v2\/product\/100321\/revisions"}],"predecessor-version":[{"id":141654,"href":"https:\/\/detektiv-trails.ch\/fr\/wp-json\/wp\/v2\/product\/100321\/revisions\/141654"}],"wp:featuredmedia":[{"embeddable":true,"href":"https:\/\/detektiv-trails.ch\/fr\/wp-json\/wp\/v2\/media\/133492"}],"wp:attachment":[{"href":"https:\/\/detektiv-trails.ch\/fr\/wp-json\/wp\/v2\/media?parent=100321"}],"wp:term":[{"taxonomy":"product_brand","embeddable":true,"href":"https:\/\/detektiv-trails.ch\/fr\/wp-json\/wp\/v2\/product_brand?post=100321"},{"taxonomy":"product_cat","embeddable":true,"href":"https:\/\/detektiv-trails.ch\/fr\/wp-json\/wp\/v2\/product_cat?post=100321"},{"taxonomy":"product_tag","embeddable":true,"href":"https:\/\/detektiv-trails.ch\/fr\/wp-json\/wp\/v2\/product_tag?post=100321"}],"curies":[{"name":"wp","href":"https:\/\/api.w.org\/{rel}","templated":true}]}}