{"id":120474,"date":"2024-02-14T10:49:30","date_gmt":"2024-02-14T09:49:30","guid":{"rendered":"https:\/\/detektiv-trails.ch\/?post_type=product&#038;p=120474"},"modified":"2026-04-08T16:51:12","modified_gmt":"2026-04-08T14:51:12","slug":"detective-trail-lugano","status":"publish","type":"product","link":"https:\/\/detektiv-trails.ch\/fr\/produit\/detective-trail-lugano\/","title":{"rendered":"D\u00e9tective-Trail: Lugano"},"content":{"rendered":"\t\t<div data-elementor-type=\"product-post\" data-elementor-id=\"120474\" class=\"elementor elementor-120474 elementor-114415\" data-elementor-post-type=\"product\">\n\t\t\t\t<div class=\"elementor-element elementor-element-39392b04 e-flex e-con-boxed e-con e-parent\" data-id=\"39392b04\" data-element_type=\"container\" data-settings=\"{&quot;jet_parallax_layout_list&quot;:[]}\">\n\t\t\t\t\t<div class=\"e-con-inner\">\n\t\t\t\t<div class=\"elementor-element elementor-element-50872813 elementor-widget elementor-widget-text-editor\" data-id=\"50872813\" data-element_type=\"widget\" data-widget_type=\"text-editor.default\">\n\t\t\t\t<div class=\"elementor-widget-container\">\n\t\t\t\t\t\t\t<h3>Ce que tu devrais savoir pour ta d\u00e9couverte sur le D\u00e9tective-Trail : les incontournables de Lugano<\/h3><p><strong><span style=\"color: #79ced7\"><br \/><\/span><\/strong><strong>Variante du Trail : <\/strong>Avec coffre au tr\u00e9sor <img loading=\"lazy\" decoding=\"async\" class=\"alignnone wp-image-52991\" src=\"https:\/\/detektiv-trails.ch\/wp-content\/uploads\/sites\/8\/2023\/05\/schatztruhe-300x300-1.jpg\" alt=\"\" width=\"26\" height=\"26\" \/><br \/><strong>Heures d\u2019ouverture Trail : <\/strong>Ouvert tous les jours \u2013 \u00c0 tout moment<br \/><strong>Acces au coffre au tr\u00e9sor : <\/strong>Horaires d\u2019\u00e9t\u00e9 01.04 \u2013 31.10 : lundi \u2013 vendredi 9h00 \u2013 18h00, samedi 9h00 \u2013 17h00, dimanche et jours f\u00e9ri\u00e9s 10h00 \u2013 12h00 \/ 13h00 \u2013 17h00.<br data-start=\"213\" data-end=\"216\" \/>Horaires d\u2019hiver 01.11 \u2013 31.03 : lundi \u2013 vendredi 9h00 \u2013 17h30, samedi 9h00 \u2013 12h00 \/ 13h00 \u2013 17h00, dimanche et jours f\u00e9ri\u00e9s ferm\u00e9.<br \/>Il y a r\u00e9guli\u00e8rement des ajustements les jours sp\u00e9ciaux. Tu trouveras plus d\u2019informations sur le site web de l\u2019<a href=\"https:\/\/www.luganoregion.com\/fr\/voyager\/Info-points\" target=\"_blank\" rel=\"noopener noreferrer nofollow\">Info Point<\/a>.<br \/>Informations sans garantie. Si le coffre au tr\u00e9sor n\u2019est pas accessible, nous t\u2019enverrons le cadeau ult\u00e9rieurement. Tu trouveras les informations concernant l\u2019exp\u00e9dition \u00e0 la fin du D\u00e9tective-Trail.<br \/><strong>Distance :<\/strong> env. 3.5 km<br \/><strong>Dur\u00e9e : <\/strong>2 h (sans pauses)<br \/><strong>D\u00e9part : <\/strong>Info Center Lugano, Via Magatti 6, Lugano<br \/><strong>Lieu d&#8217;arriv\u00e9e : <\/strong>Info Center Lugano, Via Magatti 6, Lugano<br \/><strong>Autres informations : <\/strong>Pr\u00e8s de l&#8217;\u00e9nigme 12, il y a un grand parc, avec entre autres une grande aire de jeux pour les enfants.<br \/><strong>Poussettes : <\/strong>Ce trail n&#8217;est pas adapt\u00e9 aux poussettes. <strong><a href=\"https:\/\/detektiv-trails.ch\/wp-content\/uploads\/sites\/8\/2023\/12\/detektiv-trails_Icon-nicht-kinderwagentauglich.jpg\"><img loading=\"lazy\" decoding=\"async\" class=\" wp-image-111995\" src=\"https:\/\/detektiv-trails.ch\/wp-content\/uploads\/sites\/8\/2023\/12\/detektiv-trails_Icon-nicht-kinderwagentauglich.jpg\" alt=\"\" width=\"25\" height=\"25\" srcset=\"https:\/\/detektiv-trails.ch\/wp-content\/uploads\/sites\/8\/2023\/12\/detektiv-trails_Icon-nicht-kinderwagentauglich.jpg 532w, https:\/\/detektiv-trails.ch\/wp-content\/uploads\/sites\/8\/2023\/12\/detektiv-trails_Icon-nicht-kinderwagentauglich-300x300.jpg 300w, https:\/\/detektiv-trails.ch\/wp-content\/uploads\/sites\/8\/2023\/12\/detektiv-trails_Icon-nicht-kinderwagentauglich-150x150.jpg 150w, https:\/\/detektiv-trails.ch\/wp-content\/uploads\/sites\/8\/2023\/12\/detektiv-trails_Icon-nicht-kinderwagentauglich-100x100.jpg 100w\" sizes=\"auto, (max-width: 25px) 100vw, 25px\" \/><\/a><\/strong><br \/><strong>Points de vente sur place : <\/strong>Info Center Lugano, Via Magatti 6, 6900 Lugano. Contact et horaires d\u2019ouverture de l&#8217;<a href=\"https:\/\/www.luganoregion.com\/fr\/voyager\/info-points\" target=\"_blank\" rel=\"noopener noreferrer nofollow\">Info Center Lugano<\/a>.<br \/><strong>Degr\u00e9 de difficult\u00e9 : <\/strong>moyen<br \/><strong>Date de cr\u00e9ation : <\/strong>2024<\/p>\t\t\t\t\t\t<\/div>\n\t\t\t\t<\/div>\n\t\t\t\t\t<\/div>\n\t\t\t\t<\/div>\n\t\t<div class=\"elementor-element elementor-element-f757cd4 e-flex e-con-boxed e-con e-parent\" data-id=\"f757cd4\" data-element_type=\"container\" data-settings=\"{&quot;jet_parallax_layout_list&quot;:[]}\">\n\t\t\t\t\t<div class=\"e-con-inner\">\n\t\t\t\t<div class=\"elementor-element elementor-element-07374d7 elementor-widget elementor-widget-heading\" data-id=\"07374d7\" data-element_type=\"widget\" data-widget_type=\"heading.default\">\n\t\t\t\t<div class=\"elementor-widget-container\">\n\t\t\t<h2 class=\"elementor-heading-title elementor-size-default\">Carte au tr\u00e9sor Lugano<\/h2>\t\t<\/div>\n\t\t\t\t<\/div>\n\t\t\t\t<div class=\"elementor-element elementor-element-9104bef elementor-widget elementor-widget-text-editor\" data-id=\"9104bef\" data-element_type=\"widget\" data-widget_type=\"text-editor.default\">\n\t\t\t\t<div class=\"elementor-widget-container\">\n\t\t\t\t\t\t\t\t\t<div id=\"maps-marker-pro-046c2bcd\" class=\"maps-marker-pro\" style=\"width: 100%;\">\r\n\t\t\t<div id=\"mmp-map-wrap-046c2bcd\" class=\"mmp-map-wrap\">\r\n\t\t\t\t\t\t\t\t\t<div id=\"mmp-panel-046c2bcd\" class=\"mmp-panel\"><\/div>\r\n\t\t\t\t\t\t\t\t<div id=\"mmp-map-046c2bcd\" class=\"mmp-map\" style=\"height: 600px;\"><\/div>\r\n\t\t\t\t\t\t\t<\/div>\r\n\t\t\t\t\t<\/div>\r\n\t\t\t\t\t\t\t\t<\/div>\n\t\t\t\t<\/div>\n\t\t\t\t<div class=\"elementor-element elementor-element-922253e elementor-widget elementor-widget-text-editor\" data-id=\"922253e\" data-element_type=\"widget\" data-widget_type=\"text-editor.default\">\n\t\t\t\t<div class=\"elementor-widget-container\">\n\t\t\t\t\t\t\t<h3 data-start=\"40\" data-end=\"155\">Ton aventure \u00e0 Lugano avec D\u00e9tective Blaireau : du plaisir d\u2019\u00e9nigmes sous les palmiers dans le Tessin ensoleill\u00e9<\/h3><p data-start=\"157\" data-end=\"738\"><br \/>Pars avec <a href=\"https:\/\/detektiv-dachs.ch\/fr\/\" target=\"_blank\" rel=\"noopener noreferrer nofollow\"><strong>D\u00e9tective Blaireau<\/strong><\/a> pour une fascinante exploration au c\u0153ur m\u00e9diterran\u00e9en du Tessin et vis une aventure qui allie charme du sud et histoire passionnante. <strong>Lugano<\/strong>, la plus grande ville de la <strong>\u00ab salle de s\u00e9jour ensoleill\u00e9e \u00bb<\/strong> de la Suisse, t\u2019accueille avec un m\u00e9lange parfait de chic urbain et de nature pittoresque, directement au bord du scintillant <strong>lac de Lugano<\/strong>. En traversant le <strong>centre historique<\/strong>, tu te prom\u00e8nes sur de magnifiques places comme la vivante <strong>Piazza della Riforma<\/strong> ou l\u2019\u00e9l\u00e9gante <strong>Piazza Dante<\/strong>, et tu t\u2019immerges profond\u00e9ment dans l\u2019art de vivre \u00e0 l\u2019italienne.<br \/>Ton parcours te m\u00e8ne devant des chefs-d\u2019\u0153uvre architecturaux tels que la <strong>cath\u00e9drale San Lorenzo<\/strong>, dont l\u2019impressionnante fa\u00e7ade domine fi\u00e8rement la vieille ville, ainsi que l\u2019\u00e9glise <strong>Santa Maria degli Angioli<\/strong>, c\u00e9l\u00e8bre pour ses fresques de la Renaissance mondialement connues. Un moment fort de la visite est la d\u00e9couverte du <strong>Parco Ciani<\/strong>, le poumon vert de Lugano, o\u00f9 tu cherches des indices parmi des plantes exotiques et des parterres fleuris, tout en profitant d\u2019une vue directe sur le lac et sur les sommets embl\u00e9matiques du <strong>Monte Br\u00e8<\/strong> et du <strong>Monte San Salvatore<\/strong>.<\/p><p data-start=\"1304\" data-end=\"1990\">Au cours de cette captivante chasse aux indices, tu apprends de mani\u00e8re ludique de nombreuses choses int\u00e9ressantes sur la culture et l\u2019histoire de la Suisse italophone, tandis que D\u00e9tective Blaireau te met r\u00e9guli\u00e8rement au d\u00e9fi avec des <strong>\u00e9nigmes astucieuses et des exercices d\u2019observation<\/strong>. Ce <strong>D\u00e9tective-Trail \u00e0 Lugano<\/strong> offre une combinaison id\u00e9ale d\u2019activit\u00e9 physique, de d\u00e9couverte culturelle et de plaisir de r\u00e9flexion en plein air. C\u2019est une <strong>excursion parfaite dans le canton du Tessin<\/strong> pour les familles avec enfants, les classes motiv\u00e9es, les grands-parents avec leurs petits-enfants et tous les explorateurs passionn\u00e9s en qu\u00eate d\u2019histoires surprenantes et de petits secrets.<\/p><p data-start=\"1992\" data-end=\"2264\">Savoure <strong>la dolce vita<\/strong>, respire l\u2019air doux du lac et deviens un ma\u00eetre d\u00e9tective dans l\u2019une des plus belles villes de Suisse. Pr\u00e9pare-toi, assemble habilement les indices et trouve le bon chemin vers le <strong>coffre au tr\u00e9sor<\/strong> cach\u00e9, car ta grande <strong>aventure \u00e0 Lugano<\/strong> t\u2019attend d\u00e9j\u00e0.<\/p>\t\t\t\t\t\t<\/div>\n\t\t\t\t<\/div>\n\t\t\t\t\t<\/div>\n\t\t\t\t<\/div>\n\t\t<div class=\"elementor-element elementor-element-3192d29 e-flex e-con-boxed e-con e-parent\" data-id=\"3192d29\" data-element_type=\"container\" data-settings=\"{&quot;jet_parallax_layout_list&quot;:[]}\">\n\t\t\t\t\t<div class=\"e-con-inner\">\n\t\t\t\t<div class=\"elementor-element elementor-element-09c1ed8 elementor-widget elementor-widget-heading\" data-id=\"09c1ed8\" data-element_type=\"widget\" data-widget_type=\"heading.default\">\n\t\t\t\t<div class=\"elementor-widget-container\">\n\t\t\t<h3 class=\"elementor-heading-title elementor-size-default\">Autres offres de MyCityHighlighten en Tessin<\/h3>\t\t<\/div>\n\t\t\t\t<\/div>\n\t\t<div class=\"elementor-element elementor-element-95f7998 e-con-full e-flex e-con e-child\" data-id=\"95f7998\" data-element_type=\"container\" data-settings=\"{&quot;jet_parallax_layout_list&quot;:[]}\">\n\t\t<div class=\"elementor-element elementor-element-8e0075f e-con-full e-flex e-con e-child\" data-id=\"8e0075f\" data-element_type=\"container\" data-settings=\"{&quot;jet_parallax_layout_list&quot;:[]}\">\n\t\t\t\t<div class=\"elementor-element elementor-element-85169aa elementor-widget__width-initial elementor-widget elementor-widget-image\" data-id=\"85169aa\" data-element_type=\"widget\" data-widget_type=\"image.default\">\n\t\t\t\t<div class=\"elementor-widget-container\">\n\t\t\t\t\t\t\t\t\t\t\t\t\t<img decoding=\"async\" src=\"https:\/\/detektiv-trails.ch\/wp-content\/uploads\/sites\/8\/elementor\/thumbs\/logo-krimi-trail-180-rk9d3zag3scljbkd9fwy8ng54bb8z0tjn82mnc2fvs.png\" title=\"logo-krimi-trail-180\" alt=\"logo-krimi-trail-180\" loading=\"lazy\" \/>\t\t\t\t\t\t\t\t\t\t\t\t\t<\/div>\n\t\t\t\t<\/div>\n\t\t\t\t<\/div>\n\t\t<div class=\"elementor-element elementor-element-2ccfcb2 e-con-full e-flex e-con e-child\" data-id=\"2ccfcb2\" data-element_type=\"container\" data-settings=\"{&quot;jet_parallax_layout_list&quot;:[]}\">\n\t\t\t\t<div class=\"elementor-element elementor-element-a9ef136 elementor-widget elementor-widget-text-editor\" data-id=\"a9ef136\" data-element_type=\"widget\" data-widget_type=\"text-editor.default\">\n\t\t\t\t<div class=\"elementor-widget-container\">\n\t\t\t\t\t\t\t<p>Deviens enqu\u00eateur et r\u00e9sous des affaires criminelles sur les <a href=\"https:\/\/krimi-trails.ch\/fr\/boutique\/\" target=\"_blank\" rel=\"noopener noreferrer nofollow\">Crime-Trail<\/a>. Des exp\u00e9riences de loisirs pleines de suspense pour les fans de polar.<\/p>\t\t\t\t\t\t<\/div>\n\t\t\t\t<\/div>\n\t\t\t\t<\/div>\n\t\t\t\t<\/div>\n\t\t<div class=\"elementor-element elementor-element-f8def52 e-con-full e-flex e-con e-child\" data-id=\"f8def52\" data-element_type=\"container\" data-settings=\"{&quot;jet_parallax_layout_list&quot;:[]}\">\n\t\t<div class=\"elementor-element elementor-element-2aa07aa e-con-full e-flex e-con e-child\" data-id=\"2aa07aa\" data-element_type=\"container\" data-settings=\"{&quot;jet_parallax_layout_list&quot;:[]}\">\n\t\t\t\t<div class=\"elementor-element elementor-element-1e0aae1 elementor-widget elementor-widget-image\" data-id=\"1e0aae1\" data-element_type=\"widget\" data-widget_type=\"image.default\">\n\t\t\t\t<div class=\"elementor-widget-container\">\n\t\t\t\t\t\t\t\t\t\t\t\t\t<img decoding=\"async\" src=\"https:\/\/detektiv-trails.ch\/wp-content\/uploads\/sites\/8\/elementor\/thumbs\/logo-finding-daniel-180-rk9cwpzbbuevvq3xnaynzhdzz737j605zapn8etvoy.png\" title=\"logo-finding-daniel-180\" alt=\"logo-finding-daniel-180\" loading=\"lazy\" \/>\t\t\t\t\t\t\t\t\t\t\t\t\t<\/div>\n\t\t\t\t<\/div>\n\t\t\t\t<\/div>\n\t\t<div class=\"elementor-element elementor-element-625fdb2 e-con-full e-flex e-con e-child\" data-id=\"625fdb2\" data-element_type=\"container\" data-settings=\"{&quot;jet_parallax_layout_list&quot;:[]}\">\n\t\t\t\t<div class=\"elementor-element elementor-element-73e6a7e elementor-widget elementor-widget-text-editor\" data-id=\"73e6a7e\" data-element_type=\"widget\" data-widget_type=\"text-editor.default\">\n\t\t\t\t<div class=\"elementor-widget-container\">\n\t\t\t\t\t\t\t<p><span style=\"font-size: 16px\">Partez pour une passionnante d\u00e9couverte de la ville.<br \/><\/span><span style=\"font-size: 16px\">Cherchez le guide Daniel lors du <\/span><a style=\"font-size: 16px;background-color: #ffffff\" href=\"https:\/\/finding-daniel.ch\/fr\/ou-sont-les-trails\/\" target=\"_blank\" rel=\"noopener noreferrer nofollow\">Finding-Daniel City Trail<\/a><span style=\"font-size: 16px\"> \u2013 la visite touristique avec effet jeu de piste.<\/span><\/p>\t\t\t\t\t\t<\/div>\n\t\t\t\t<\/div>\n\t\t\t\t<\/div>\n\t\t\t\t<\/div>\n\t\t\t\t\t<\/div>\n\t\t\t\t<\/div>\n\t\t\t\t<\/div>\n\t\t","protected":false},"excerpt":{"rendered":"<p data-start=\"387\" data-end=\"661\">Accompagne <strong>D\u00e9tective Blaireau<\/strong> dans une passionnante <strong>chasse au tr\u00e9sor<\/strong> \u00e0 travers Lugano ! Le parcours te m\u00e8ne, sous le soleil tessinois, de la tr\u00e8s anim\u00e9e Piazza della Riforma le long de la promenade m\u00e9diterran\u00e9enne du lac jusqu\u2019aux recoins cach\u00e9s des ruelles pittoresques.<\/p>\n<p data-start=\"663\" data-end=\"981\"><strong>Carte au tr\u00e9sor<\/strong> en main, tu suis les traces du petit d\u00e9tective et r\u00e9sous <strong>des \u00e9nigmes<\/strong> tout au long du chemin. En cherchant des indices entre palmiers et palais historiques, tu d\u00e9couvriras de nombreuses informations fascinantes et surprenantes sur la plus grande ville de la \u00ab salle de s\u00e9jour ensoleill\u00e9e \u00bb de la Suisse.<\/p>\n<p data-start=\"983\" data-end=\"1255\" data-is-last-node=\"\" data-is-only-node=\"\">As-tu correctement combin\u00e9 toutes les \u00e9nigmes ? Alors une petite <strong>surprise t\u2019attend \u00e0 l\u2019arriv\u00e9e, dans un v\u00e9ritable coffre au tr\u00e9sor<\/strong> ! La visite de Lugano devient ainsi une aventure familiale inoubliable, qui associe parfaitement la dolce vita du sud au plaisir des \u00e9nigmes.<\/p>\n","protected":false},"featured_media":145031,"comment_status":"open","ping_status":"closed","template":"","meta":{"inline_featured_image":false,"site-sidebar-layout":"default","site-content-layout":"default","ast-site-content-layout":"default","site-content-style":"default","site-sidebar-style":"default","ast-global-header-display":"","ast-banner-title-visibility":"","ast-main-header-display":"","ast-hfb-above-header-display":"","ast-hfb-below-header-display":"","ast-hfb-mobile-header-display":"","site-post-title":"","ast-breadcrumbs-content":"","ast-featured-img":"","footer-sml-layout":"","ast-disable-related-posts":"","theme-transparent-header-meta":"default","adv-header-id-meta":"","stick-header-meta":"default","header-above-stick-meta":"","header-main-stick-meta":"","header-below-stick-meta":"","astra-migrate-meta-layouts":"set","ast-page-background-enabled":"default","ast-page-background-meta":{"desktop":{"background-color":"var(--ast-global-color-4)","background-image":"","background-repeat":"repeat","background-position":"center center","background-size":"auto","background-attachment":"scroll","background-type":"","background-media":"","overlay-type":"","overlay-color":"","overlay-opacity":"","overlay-gradient":""},"tablet":{"background-color":"","background-image":"","background-repeat":"repeat","background-position":"center center","background-size":"auto","background-attachment":"scroll","background-type":"","background-media":"","overlay-type":"","overlay-color":"","overlay-opacity":"","overlay-gradient":""},"mobile":{"background-color":"","background-image":"","background-repeat":"repeat","background-position":"center center","background-size":"auto","background-attachment":"scroll","background-type":"","background-media":"","overlay-type":"","overlay-color":"","overlay-opacity":"","overlay-gradient":""}},"ast-content-background-meta":{"desktop":{"background-color":"var(--ast-global-color-5)","background-image":"","background-repeat":"repeat","background-position":"center center","background-size":"auto","background-attachment":"scroll","background-type":"","background-media":"","overlay-type":"","overlay-color":"","overlay-opacity":"","overlay-gradient":""},"tablet":{"background-color":"var(--ast-global-color-5)","background-image":"","background-repeat":"repeat","background-position":"center center","background-size":"auto","background-attachment":"scroll","background-type":"","background-media":"","overlay-type":"","overlay-color":"","overlay-opacity":"","overlay-gradient":""},"mobile":{"background-color":"var(--ast-global-color-5)","background-image":"","background-repeat":"repeat","background-position":"center center","background-size":"auto","background-attachment":"scroll","background-type":"","background-media":"","overlay-type":"","overlay-color":"","overlay-opacity":"","overlay-gradient":""}}},"product_brand":[],"product_cat":[484,265,266,267,466,333,268],"product_tag":[409,410,411,412],"class_list":{"0":"post-120474","1":"product","2":"type-product","3":"status-publish","4":"has-post-thumbnail","6":"product_cat-au-bord-de-l-eau","7":"product_cat-detective-trail-avec-coffre-au-tresor","8":"product_cat-detective-trail-avec-livraison-subsequente","9":"product_cat-les-cartes-de-detective-trails-en-suisse","10":"product_cat-tessin-fr","11":"product_cat-freizeit-trails-fr","12":"product_cat-trails-francaises","13":"product_tag-detektiv-dachs-fr","14":"product_tag-detektiv-trail-fr","15":"product_tag-schatzsuche-fr","16":"product_tag-schnitzeljagd-fr","17":"desktop-align-center","18":"tablet-align-left","19":"mobile-align-left","20":"ast-product-gallery-layout-horizontal-slider","21":"ast-magnify-disabled","22":"ast-product-tabs-layout-horizontal","24":"first","25":"instock","26":"featured","27":"virtual","28":"taxable","29":"purchasable","30":"product-type-simple"},"_links":{"self":[{"href":"https:\/\/detektiv-trails.ch\/fr\/wp-json\/wp\/v2\/product\/120474","targetHints":{"allow":["GET"]}}],"collection":[{"href":"https:\/\/detektiv-trails.ch\/fr\/wp-json\/wp\/v2\/product"}],"about":[{"href":"https:\/\/detektiv-trails.ch\/fr\/wp-json\/wp\/v2\/types\/product"}],"replies":[{"embeddable":true,"href":"https:\/\/detektiv-trails.ch\/fr\/wp-json\/wp\/v2\/comments?post=120474"}],"version-history":[{"count":10,"href":"https:\/\/detektiv-trails.ch\/fr\/wp-json\/wp\/v2\/product\/120474\/revisions"}],"predecessor-version":[{"id":167522,"href":"https:\/\/detektiv-trails.ch\/fr\/wp-json\/wp\/v2\/product\/120474\/revisions\/167522"}],"wp:featuredmedia":[{"embeddable":true,"href":"https:\/\/detektiv-trails.ch\/fr\/wp-json\/wp\/v2\/media\/145031"}],"wp:attachment":[{"href":"https:\/\/detektiv-trails.ch\/fr\/wp-json\/wp\/v2\/media?parent=120474"}],"wp:term":[{"taxonomy":"product_brand","embeddable":true,"href":"https:\/\/detektiv-trails.ch\/fr\/wp-json\/wp\/v2\/product_brand?post=120474"},{"taxonomy":"product_cat","embeddable":true,"href":"https:\/\/detektiv-trails.ch\/fr\/wp-json\/wp\/v2\/product_cat?post=120474"},{"taxonomy":"product_tag","embeddable":true,"href":"https:\/\/detektiv-trails.ch\/fr\/wp-json\/wp\/v2\/product_tag?post=120474"}],"curies":[{"name":"wp","href":"https:\/\/api.w.org\/{rel}","templated":true}]}}