{"id":122785,"date":"2024-03-27T10:09:14","date_gmt":"2024-03-27T09:09:14","guid":{"rendered":"https:\/\/detektiv-trails.ch\/?post_type=product&#038;p=122785"},"modified":"2026-03-12T13:12:33","modified_gmt":"2026-03-12T12:12:33","slug":"detective-trail-morges-les-secrets-de-la-ville","status":"publish","type":"product","link":"https:\/\/detektiv-trails.ch\/fr\/produit\/detective-trail-morges-les-secrets-de-la-ville\/","title":{"rendered":"D\u00e9tective-Trail: Morges &#8211; Les secrets de la ville"},"content":{"rendered":"<p><strong><span style=\"color: #79ced7\">Le D\u00e9tective-Trail Morges est ouvert tous les jours<br \/>\n<\/span><\/strong><strong>Variante du Trail : <\/strong>Avec coffre au tr\u00e9sor <img decoding=\"async\" class=\"alignnone wp-image-52991\" src=\"https:\/\/detektiv-trails.ch\/wp-content\/uploads\/sites\/8\/2023\/05\/schatztruhe-300x300-1.jpg\" alt=\"\" width=\"26\" height=\"26\" \/><br \/>\n<strong>Heures d\u2019ouverture Trail : <\/strong>Ouvert tous les jours \u2013 \u00c0 tout moment<br \/>\n<strong>Acces au coffre au tr\u00e9sor :<br \/>\n<\/strong><em>1<sup>er<\/sup> avril &#8211; 31 octobre : <\/em>lundi &#8211; vendredi 9 h 00 \u2013 17 h 30\u00a0;samedi &#8211; dimanche 9 h 30 \u2013 14 h 30.<br \/>\n<em>1<sup>er <\/sup>novembre &#8211; 31 mars : <\/em>lundi 13 h 00 \u2013 17 h 00\u00a0; mardi &#8211; vendredi 9 h 00 \u2013 12 h 30 et 13 h 00 &#8211; 17.00\u00a0; samedi &#8211; dimanche non accessible.<br \/>\n<em>Jours f\u00e9ri\u00e9s : <\/em>Vendredi saint \/ Lundi de P\u00e2ques \/ Ascension \/ Lundi de Pentec\u00f4te \/ 1<sup>er<\/sup> ao\u00fbt : 9 h 30 \u2013 14 h 30.\u00a0Non accessible : Lundi du je\u00fbne \/ 25 et 26 d\u00e9cembre \/ 1<sup>er<\/sup> et 2 janvier.<br \/>\nSi le coffre au tr\u00e9sor de la Maison du Tourisme n&#8217;est pas accessible, le petit cadeau peut \u00e9galement \u00eatre retir\u00e9 dans le coffre au tr\u00e9sor de l&#8217;h\u00f4tel La Couronne :<br \/>\nLundi &#8211; vendredi 7 h 00 \u2013 22 h 00 ; samedi et dimanche 8 h 00 \u2013 16 h 30. Non accessible du 15 d\u00e9cembre au 15 janvier.<br \/>\nInformations sans garantie. Si le coffre au tr\u00e9sor n\u2019est pas accessible, nous t\u2019enverrons le cadeau ult\u00e9rieurement. Tu trouveras les informations concernant l\u2019exp\u00e9dition \u00e0 la fin du D\u00e9tective-Trail.<br \/>\n<strong>Distance : <\/strong>env. 4 km<strong><br \/>\nDur\u00e9e : <\/strong>2h 30 (sans pauses)<\/p>\n<div style=\"background-color: #f4f4f4;padding: 20px\"><strong><strong><strong style=\"color: #79ced7;line-height: 2rem\">Vis les D\u00e9tective-Trails avec D\u00e9tective Blaireau : une aventure pleine d\u2019\u00e9nigmes pour petits et grands.<br \/>\nPars pour une visite passionnante \u00e0 la d\u00e9couverte de Morges, la charmante ville au bord du lac L\u00e9man. Le parcours te conduit \u00e0 travers le paisible Parc de l\u2019Ind\u00e9pendance, o\u00f9 se tient chaque ann\u00e9e la color\u00e9e F\u00eate de la Tulipe, puis dans la pittoresque vieille ville avec ses anciennes auberges comme la Pinte et ses enseignes richement d\u00e9cor\u00e9es. Devant l\u2019H\u00f4tel de Ville, tu apprendras qu\u2019Audrey Hepburn s\u2019y est mari\u00e9e, avant de plonger dans l\u2019ambiance anim\u00e9e du quartier des Halles. En chemin, tu d\u00e9couvriras qui \u00e9tait le Dr. Yersin, une figure importante de l\u2019histoire de Morges. L\u2019itin\u00e9raire te m\u00e8nera \u00e9galement au Temple de Morges, puis le long du quai jusqu\u2019au port, o\u00f9 une magnifique vue sur le lac et les Alpes t\u2019attend.<br \/>\nL\u2019itin\u00e9raire vari\u00e9 allie histoire, plaisir de r\u00e9soudre des \u00e9nigmes et d\u00e9couvertes de mani\u00e8re ludique, et te fait d\u00e9couvrir Morges sous son aspect le plus charmant.<br \/>\nLe D\u00e9tective-Trail Morges offre un savant m\u00e9lange d\u2019\u00e9nigmes, de mouvement et de culture. Parfait pour les familles, les enfants, les classes scolaires, les grands-parents et tous ceux qui aiment \u00eatre dehors.<br \/>\nAmuse-toi bien lors de ton aventure !<br \/>\n<\/strong><\/strong><\/strong><\/div>\n<p><strong><br \/>\nD\u00e9part : <\/strong>Ch\u00e2teau de Morges, Rue du Ch\u00e2teau 1, 1110 Morges<br \/>\n<strong>Lieu d&#8217;arriv\u00e9e : <\/strong>Morges R\u00e9gion Tourisme, Pl. de l&#8217;H\u00f4tel-de-Ville 1, 1110 Morges<br \/>\n<strong>Autres informations : <\/strong>Des toilettes publiques sont disponibles au d\u00e9part et en cours de route. Tu trouveras \u00e9galement des aires de jeux, des possibilit\u00e9s de restauration et des aires de pique-nique.<br \/>\n<strong>Conseils : <\/strong>Tu peux faire beaucoup d&#8217;autres choses passionnantes \u00e0 Morges, comme par exemple le Citygolf ou la promenade musicale.<br \/>\n<strong>Poussettes : <\/strong>Ce trail est adapt\u00e9 aux poussettes. <a href=\"https:\/\/detektiv-trails.ch\/wp-content\/uploads\/sites\/8\/2023\/12\/detektiv-trails-Icon-Kinderwagen.jpg\"><img decoding=\"async\" class=\"alignnone wp-image-112000\" src=\"https:\/\/detektiv-trails.ch\/wp-content\/uploads\/sites\/8\/2023\/12\/detektiv-trails-Icon-Kinderwagen.jpg\" alt=\"\" width=\"26\" height=\"26\" srcset=\"https:\/\/detektiv-trails.ch\/wp-content\/uploads\/sites\/8\/2023\/12\/detektiv-trails-Icon-Kinderwagen.jpg 532w, https:\/\/detektiv-trails.ch\/wp-content\/uploads\/sites\/8\/2023\/12\/detektiv-trails-Icon-Kinderwagen-300x300.jpg 300w, https:\/\/detektiv-trails.ch\/wp-content\/uploads\/sites\/8\/2023\/12\/detektiv-trails-Icon-Kinderwagen-150x150.jpg 150w, https:\/\/detektiv-trails.ch\/wp-content\/uploads\/sites\/8\/2023\/12\/detektiv-trails-Icon-Kinderwagen-100x100.jpg 100w\" sizes=\"(max-width: 26px) 100vw, 26px\" \/><\/a><br \/>\n<strong>Points de vente sur place : <\/strong>Morges R\u00e9gion Tourisme, Rue du Ch\u00e2teau 2, 1110 Morges (Maison du Tourisme). Contact et horaires d&#8217;ouverture de <a href=\"https:\/\/www.morges-tourisme.ch\/fr\/\" target=\"_blank\" rel=\"noopener noreferrer nofollow\">Morges R\u00e9gion Tourisme<\/a>.<br \/>\n<strong>Degr\u00e9 de difficult\u00e9 : <\/strong>moyen<br \/>\n<strong>Date de cr\u00e9ation : <\/strong>2024<\/p>\n<h4><span style=\"color: #79ced7\">Plus d&#8217;offres de MyCityHighlight<br \/>\n<\/span><\/h4>\n<p>Consulte notre site\u00a0<a href=\"https:\/\/mycityhighlight.com\/fr\/\" target=\"_blank\" rel=\"noopener noreferrer nofollow\">MyCityHighlight<\/a> \u2013 d\u2019autres exp\u00e9riences de loisirs t\u2019attendent !<\/p>\n","protected":false},"excerpt":{"rendered":"<table style=\"width: 100%\">\n<tbody>\n<tr>\n<th><a href=\"https:\/\/detektiv-trails.ch\/wp-content\/uploads\/sites\/8\/2025\/03\/Detektiv-Dachs-gehend-standard-Detektiv-Trails-819x1024.png\"><img decoding=\"async\" class=\"alignnone wp-image-140338 size-large\" src=\"https:\/\/detektiv-trails.ch\/wp-content\/uploads\/sites\/8\/2025\/03\/Detektiv-Dachs-gehend-standard-Detektiv-Trails-819x1024.png\" alt=\"Detektiv Dachs gehend standard Detektiv-Trails\" width=\"819\" height=\"1024\" srcset=\"https:\/\/detektiv-trails.ch\/wp-content\/uploads\/sites\/8\/2025\/03\/Detektiv-Dachs-gehend-standard-Detektiv-Trails-819x1024.png 819w, https:\/\/detektiv-trails.ch\/wp-content\/uploads\/sites\/8\/2025\/03\/Detektiv-Dachs-gehend-standard-Detektiv-Trails-240x300.png 240w, https:\/\/detektiv-trails.ch\/wp-content\/uploads\/sites\/8\/2025\/03\/Detektiv-Dachs-gehend-standard-Detektiv-Trails-768x960.png 768w, https:\/\/detektiv-trails.ch\/wp-content\/uploads\/sites\/8\/2025\/03\/Detektiv-Dachs-gehend-standard-Detektiv-Trails-1229x1536.png 1229w, https:\/\/detektiv-trails.ch\/wp-content\/uploads\/sites\/8\/2025\/03\/Detektiv-Dachs-gehend-standard-Detektiv-Trails-600x750.png 600w, https:\/\/detektiv-trails.ch\/wp-content\/uploads\/sites\/8\/2025\/03\/Detektiv-Dachs-gehend-standard-Detektiv-Trails.png 1536w\" sizes=\"(max-width: 819px) 100vw, 819px\" \/><\/a><\/th>\n<td><a href=\"https:\/\/detektiv-dachs.ch\/fr\/\" target=\"_blank\" rel=\"noopener\">D\u00e9tective Blaireau<\/a> vous emm\u00e8ne dans une <strong>chasse au tr\u00e9sor<\/strong> passionnante \u00e0 Morges.<\/td>\n<\/tr>\n<tr>\n<td><a href=\"https:\/\/detektiv-trails.ch\/wp-content\/uploads\/sites\/8\/2025\/03\/Detektiv-Dachs-mit-Karte-Detektiv-Trails-820x1024.png\"><img decoding=\"async\" class=\"alignnone wp-image-140326 size-large\" src=\"https:\/\/detektiv-trails.ch\/wp-content\/uploads\/sites\/8\/2025\/03\/Detektiv-Dachs-mit-Karte-Detektiv-Trails-820x1024.png\" alt=\"Detektiv Dachs mit Karte Detektiv-Trails\" width=\"820\" height=\"1024\" srcset=\"https:\/\/detektiv-trails.ch\/wp-content\/uploads\/sites\/8\/2025\/03\/Detektiv-Dachs-mit-Karte-Detektiv-Trails-820x1024.png 820w, https:\/\/detektiv-trails.ch\/wp-content\/uploads\/sites\/8\/2025\/03\/Detektiv-Dachs-mit-Karte-Detektiv-Trails-240x300.png 240w, https:\/\/detektiv-trails.ch\/wp-content\/uploads\/sites\/8\/2025\/03\/Detektiv-Dachs-mit-Karte-Detektiv-Trails-768x959.png 768w, https:\/\/detektiv-trails.ch\/wp-content\/uploads\/sites\/8\/2025\/03\/Detektiv-Dachs-mit-Karte-Detektiv-Trails-1230x1536.png 1230w, https:\/\/detektiv-trails.ch\/wp-content\/uploads\/sites\/8\/2025\/03\/Detektiv-Dachs-mit-Karte-Detektiv-Trails-600x750.png 600w, https:\/\/detektiv-trails.ch\/wp-content\/uploads\/sites\/8\/2025\/03\/Detektiv-Dachs-mit-Karte-Detektiv-Trails.png 1537w\" sizes=\"(max-width: 820px) 100vw, 820px\" \/><\/a><\/td>\n<td>\u00c9quip\u00e9s de la carte au tr\u00e9sor (imprim\u00e9e ou en ligne), vous explorez Morges et r\u00e9solvez des \u00e9nigmes vari\u00e9es.<br \/>\nComme dans <strong>un jeu de piste<\/strong>, l&#8217;itin\u00e9raire vous m\u00e8ne d&#8217;une \u00e9nigme \u00e0 l&#8217;autre. Vous les r\u00e9solvez avec les \u00e9l\u00e9ments sur place. Les enfants et les adultes d\u00e9couvrent ainsi des <strong>informations int\u00e9ressantes et surprenantes<\/strong>.<\/td>\n<\/tr>\n<tr>\n<td><a href=\"https:\/\/detektiv-trails.ch\/wp-content\/uploads\/sites\/8\/2025\/03\/Detektiv-Dachs-mit-Schatztruhe-Detektiv-Trails-819x1024.png\"><img decoding=\"async\" class=\"alignnone wp-image-140329 size-large\" src=\"https:\/\/detektiv-trails.ch\/wp-content\/uploads\/sites\/8\/2025\/03\/Detektiv-Dachs-mit-Schatztruhe-Detektiv-Trails-819x1024.png\" alt=\"Detektiv Dachs mit Schatztruhe Detektiv-Trails\" width=\"819\" height=\"1024\" srcset=\"https:\/\/detektiv-trails.ch\/wp-content\/uploads\/sites\/8\/2025\/03\/Detektiv-Dachs-mit-Schatztruhe-Detektiv-Trails-819x1024.png 819w, https:\/\/detektiv-trails.ch\/wp-content\/uploads\/sites\/8\/2025\/03\/Detektiv-Dachs-mit-Schatztruhe-Detektiv-Trails-240x300.png 240w, https:\/\/detektiv-trails.ch\/wp-content\/uploads\/sites\/8\/2025\/03\/Detektiv-Dachs-mit-Schatztruhe-Detektiv-Trails-768x960.png 768w, https:\/\/detektiv-trails.ch\/wp-content\/uploads\/sites\/8\/2025\/03\/Detektiv-Dachs-mit-Schatztruhe-Detektiv-Trails-1229x1536.png 1229w, https:\/\/detektiv-trails.ch\/wp-content\/uploads\/sites\/8\/2025\/03\/Detektiv-Dachs-mit-Schatztruhe-Detektiv-Trails-600x750.png 600w, https:\/\/detektiv-trails.ch\/wp-content\/uploads\/sites\/8\/2025\/03\/Detektiv-Dachs-mit-Schatztruhe-Detektiv-Trails.png 1536w\" sizes=\"(max-width: 819px) 100vw, 819px\" \/><\/a><\/td>\n<td>Si vous avez tout r\u00e9solu correctement, vous pouvez ouvrir le cadenas du <strong>coffre au tr\u00e9sor<\/strong> et emporter un <strong>petit prix imm\u00e9diat<\/strong> (max. 1 prix\/personne payante).<\/td>\n<\/tr>\n<\/tbody>\n<\/table>\n","protected":false},"featured_media":160523,"comment_status":"open","ping_status":"closed","template":"","meta":{"inline_featured_image":false,"site-sidebar-layout":"default","site-content-layout":"default","ast-site-content-layout":"default","site-content-style":"default","site-sidebar-style":"default","ast-global-header-display":"","ast-banner-title-visibility":"","ast-main-header-display":"","ast-hfb-above-header-display":"","ast-hfb-below-header-display":"","ast-hfb-mobile-header-display":"","site-post-title":"","ast-breadcrumbs-content":"","ast-featured-img":"","footer-sml-layout":"","ast-disable-related-posts":"","theme-transparent-header-meta":"default","adv-header-id-meta":"","stick-header-meta":"default","header-above-stick-meta":"","header-main-stick-meta":"","header-below-stick-meta":"","astra-migrate-meta-layouts":"set","ast-page-background-enabled":"default","ast-page-background-meta":{"desktop":{"background-color":"var(--ast-global-color-4)","background-image":"","background-repeat":"repeat","background-position":"center center","background-size":"auto","background-attachment":"scroll","background-type":"","background-media":"","overlay-type":"","overlay-color":"","overlay-opacity":"","overlay-gradient":""},"tablet":{"background-color":"","background-image":"","background-repeat":"repeat","background-position":"center center","background-size":"auto","background-attachment":"scroll","background-type":"","background-media":"","overlay-type":"","overlay-color":"","overlay-opacity":"","overlay-gradient":""},"mobile":{"background-color":"","background-image":"","background-repeat":"repeat","background-position":"center center","background-size":"auto","background-attachment":"scroll","background-type":"","background-media":"","overlay-type":"","overlay-color":"","overlay-opacity":"","overlay-gradient":""}},"ast-content-background-meta":{"desktop":{"background-color":"var(--ast-global-color-5)","background-image":"","background-repeat":"repeat","background-position":"center center","background-size":"auto","background-attachment":"scroll","background-type":"","background-media":"","overlay-type":"","overlay-color":"","overlay-opacity":"","overlay-gradient":""},"tablet":{"background-color":"var(--ast-global-color-5)","background-image":"","background-repeat":"repeat","background-position":"center center","background-size":"auto","background-attachment":"scroll","background-type":"","background-media":"","overlay-type":"","overlay-color":"","overlay-opacity":"","overlay-gradient":""},"mobile":{"background-color":"var(--ast-global-color-5)","background-image":"","background-repeat":"repeat","background-position":"center center","background-size":"auto","background-attachment":"scroll","background-type":"","background-media":"","overlay-type":"","overlay-color":"","overlay-opacity":"","overlay-gradient":""}}},"product_brand":[],"product_cat":[484,265,266,267,450,333,268],"product_tag":[409,411,412],"class_list":{"0":"post-122785","1":"product","2":"type-product","3":"status-publish","4":"has-post-thumbnail","6":"product_cat-au-bord-de-l-eau","7":"product_cat-detective-trail-avec-coffre-au-tresor","8":"product_cat-detective-trail-avec-livraison-subsequente","9":"product_cat-les-cartes-de-detective-trails-en-suisse","10":"product_cat-region-lemanique-et-valais","11":"product_cat-freizeit-trails-fr","12":"product_cat-trails-francaises","13":"product_tag-detektiv-dachs-fr","14":"product_tag-schatzsuche-fr","15":"product_tag-schnitzeljagd-fr","16":"desktop-align-center","17":"tablet-align-left","18":"mobile-align-left","19":"ast-product-gallery-layout-horizontal-slider","20":"ast-magnify-disabled","21":"ast-product-tabs-layout-horizontal","23":"first","24":"instock","25":"featured","26":"virtual","27":"taxable","28":"purchasable","29":"product-type-simple"},"_links":{"self":[{"href":"https:\/\/detektiv-trails.ch\/fr\/wp-json\/wp\/v2\/product\/122785","targetHints":{"allow":["GET"]}}],"collection":[{"href":"https:\/\/detektiv-trails.ch\/fr\/wp-json\/wp\/v2\/product"}],"about":[{"href":"https:\/\/detektiv-trails.ch\/fr\/wp-json\/wp\/v2\/types\/product"}],"replies":[{"embeddable":true,"href":"https:\/\/detektiv-trails.ch\/fr\/wp-json\/wp\/v2\/comments?post=122785"}],"version-history":[{"count":0,"href":"https:\/\/detektiv-trails.ch\/fr\/wp-json\/wp\/v2\/product\/122785\/revisions"}],"wp:featuredmedia":[{"embeddable":true,"href":"https:\/\/detektiv-trails.ch\/fr\/wp-json\/wp\/v2\/media\/160523"}],"wp:attachment":[{"href":"https:\/\/detektiv-trails.ch\/fr\/wp-json\/wp\/v2\/media?parent=122785"}],"wp:term":[{"taxonomy":"product_brand","embeddable":true,"href":"https:\/\/detektiv-trails.ch\/fr\/wp-json\/wp\/v2\/product_brand?post=122785"},{"taxonomy":"product_cat","embeddable":true,"href":"https:\/\/detektiv-trails.ch\/fr\/wp-json\/wp\/v2\/product_cat?post=122785"},{"taxonomy":"product_tag","embeddable":true,"href":"https:\/\/detektiv-trails.ch\/fr\/wp-json\/wp\/v2\/product_tag?post=122785"}],"curies":[{"name":"wp","href":"https:\/\/api.w.org\/{rel}","templated":true}]}}