{"id":131754,"date":"2024-10-10T11:22:14","date_gmt":"2024-10-10T09:22:14","guid":{"rendered":"https:\/\/detektiv-trails.ch\/?post_type=product&#038;p=131754"},"modified":"2026-04-21T08:44:58","modified_gmt":"2026-04-21T06:44:58","slug":"detective-trail-berne-detective-blaireau-et-ses-amis-animaux","status":"publish","type":"product","link":"https:\/\/detektiv-trails.ch\/fr\/produit\/detective-trail-berne-detective-blaireau-et-ses-amis-animaux\/","title":{"rendered":"D\u00e9tective-Trail: Berne &#8211; D\u00e9tective Blaireau et ses amis animaux"},"content":{"rendered":"\t\t<div data-elementor-type=\"product-post\" data-elementor-id=\"131754\" class=\"elementor elementor-131754 elementor-131763\" data-elementor-post-type=\"product\">\n\t\t\t\t<div class=\"elementor-element elementor-element-5be0f300 e-flex e-con-boxed e-con e-parent\" data-id=\"5be0f300\" data-element_type=\"container\" data-settings=\"{&quot;jet_parallax_layout_list&quot;:[]}\">\n\t\t\t\t\t<div class=\"e-con-inner\">\n\t\t\t\t<div class=\"elementor-element elementor-element-2b6d28b8 elementor-widget elementor-widget-text-editor\" data-id=\"2b6d28b8\" data-element_type=\"widget\" data-widget_type=\"text-editor.default\">\n\t\t\t\t<div class=\"elementor-widget-container\">\n\t\t\t\t\t\t\t<h3>Pr\u00eats pour la capitale f\u00e9d\u00e9rale : Infos importantes pour votre D\u00e9tective-Trail \u00e0 Berne<\/h3><p><strong><br \/><\/strong><strong>Variante du Trail : <\/strong>Avec coffre au tr\u00e9sor <strong><img decoding=\"async\" class=\"alignnone\" src=\"https:\/\/detektiv-trails.ch\/wp-content\/uploads\/sites\/8\/2023\/05\/schatztruhe-300x300-1.jpg\" alt=\"\" width=\"26\" height=\"26\" \/><\/strong><br \/><b data-path-to-node=\"1\" data-index-in-node=\"45\">Horaires d&#8217;ouverture :<\/b> Ouvert tous les jours \u2013 heure de d\u00e9part au choix<br \/><b data-path-to-node=\"1\" data-index-in-node=\"117\">Acc\u00e8s au coffre au tr\u00e9sor :<br \/><\/b>Lundi\u2013Vendredi : 12h00\u201318h30 Samedi : 09h00\u201317h00<br \/>Ferm\u00e9 les dimanches et les jours f\u00e9ri\u00e9s. Exception : 14 et 21 d\u00e9cembre de 11h00 \u00e0 17h00.<br \/>Horaires adapt\u00e9s la veille des jours f\u00e9ri\u00e9s (horaires du samedi) ; Jours f\u00e9ri\u00e9s : 1er et 2 janvier ; 1er ao\u00fbt ; 25 et 26 d\u00e9cembre. Informations sous r\u00e9serve de modifications.<br \/>Si le coffre n&#8217;est pas accessible, nous t&#8217;enverrons ton cadeau par la poste. Tu trouveras les informations pour l&#8217;envoi postal \u00e0 la fin du D\u00e9tective-Trail.<br \/><b data-path-to-node=\"2\" data-index-in-node=\"0\">Distance :<\/b> env. 4,7 km<br \/><b data-path-to-node=\"2\" data-index-in-node=\"23\">Dur\u00e9e :<\/b> env. 3h (sans les pauses)<br \/><b data-path-to-node=\"2\" data-index-in-node=\"57\">D\u00e9part :<\/b> \u00c9glise du Saint-Esprit (Heiliggeistkirche), Bahnhofplatz, Berne<br \/><b data-path-to-node=\"2\" data-index-in-node=\"130\">Arriv\u00e9e :<\/b> Kornhausplatz, Berne<br \/><b data-path-to-node=\"2\" data-index-in-node=\"161\">Informations compl\u00e9mentaires :<\/b> Tu peux faire des pauses partout dans la vieille ville. Il y a des places de jeux \u00e0 la Petite Schanze (entre les \u00e9nigmes 3 et 4 ou apr\u00e8s le parcours) et sur la plateforme de la Coll\u00e9giale (\u00e9nigme 6).<br \/><b data-path-to-node=\"2\" data-index-in-node=\"392\">Poussette :<\/b> Ce parcours est accessible en poussette <a href=\"https:\/\/detektiv-trails.ch\/wp-content\/uploads\/sites\/8\/2023\/12\/detektiv-trails-Icon-Kinderwagen.jpg\"><img decoding=\"async\" class=\"alignnone wp-image-111998\" src=\"https:\/\/detektiv-trails.ch\/wp-content\/uploads\/sites\/8\/2023\/12\/detektiv-trails-Icon-Kinderwagen.jpg\" alt=\"\" width=\"26\" height=\"26\" srcset=\"https:\/\/detektiv-trails.ch\/wp-content\/uploads\/sites\/8\/2023\/12\/detektiv-trails-Icon-Kinderwagen.jpg 532w, https:\/\/detektiv-trails.ch\/wp-content\/uploads\/sites\/8\/2023\/12\/detektiv-trails-Icon-Kinderwagen-300x300.jpg 300w, https:\/\/detektiv-trails.ch\/wp-content\/uploads\/sites\/8\/2023\/12\/detektiv-trails-Icon-Kinderwagen-150x150.jpg 150w, https:\/\/detektiv-trails.ch\/wp-content\/uploads\/sites\/8\/2023\/12\/detektiv-trails-Icon-Kinderwagen-100x100.jpg 100w\" sizes=\"(max-width: 26px) 100vw, 26px\" \/><\/a><br \/><b data-path-to-node=\"2\" data-index-in-node=\"445\">Niveau de difficult\u00e9 :<\/b> Moyen<br \/><b data-path-to-node=\"2\" data-index-in-node=\"474\">Ann\u00e9e de cr\u00e9ation :<\/b> 2024<\/p>\t\t\t\t\t\t<\/div>\n\t\t\t\t<\/div>\n\t\t\t\t\t<\/div>\n\t\t\t\t<\/div>\n\t\t<div class=\"elementor-element elementor-element-b99c690 e-flex e-con-boxed e-con e-parent\" data-id=\"b99c690\" data-element_type=\"container\" data-settings=\"{&quot;jet_parallax_layout_list&quot;:[]}\">\n\t\t\t\t\t<div class=\"e-con-inner\">\n\t\t\t\t<div class=\"elementor-element elementor-element-2062efb elementor-widget elementor-widget-heading\" data-id=\"2062efb\" data-element_type=\"widget\" data-widget_type=\"heading.default\">\n\t\t\t\t<div class=\"elementor-widget-container\">\n\t\t\t<h2 class=\"elementor-heading-title elementor-size-default\">Carte au tr\u00e9sor Berne<\/h2>\t\t<\/div>\n\t\t\t\t<\/div>\n\t\t\t\t<div class=\"elementor-element elementor-element-5177a5a elementor-widget elementor-widget-text-editor\" data-id=\"5177a5a\" data-element_type=\"widget\" data-widget_type=\"text-editor.default\">\n\t\t\t\t<div class=\"elementor-widget-container\">\n\t\t\t\t\t\t\t\t\t<div id=\"maps-marker-pro-b99f35d1\" class=\"maps-marker-pro\" style=\"width: 100%;\">\r\n\t\t\t<div id=\"mmp-map-wrap-b99f35d1\" class=\"mmp-map-wrap\">\r\n\t\t\t\t\t\t\t\t\t<div id=\"mmp-panel-b99f35d1\" class=\"mmp-panel\"><\/div>\r\n\t\t\t\t\t\t\t\t<div id=\"mmp-map-b99f35d1\" class=\"mmp-map\" style=\"height: 600px;\"><\/div>\r\n\t\t\t\t\t\t\t<\/div>\r\n\t\t\t\t\t<\/div>\r\n\t\t\t\t\t\t\t\t<\/div>\n\t\t\t\t<\/div>\n\t\t\t\t<div class=\"elementor-element elementor-element-fbd38a2 elementor-widget elementor-widget-text-editor\" data-id=\"fbd38a2\" data-element_type=\"widget\" data-widget_type=\"text-editor.default\">\n\t\t\t\t<div class=\"elementor-widget-container\">\n\t\t\t\t\t\t\t<h2 data-path-to-node=\"1\"><b data-path-to-node=\"1\" data-index-in-node=\"0\">Mission animali\u00e8re dans la capitale : Ton aventure de d\u00e9tective au c\u0153ur de Berne<\/b><\/h2><p data-path-to-node=\"2\">Vis avec <b data-path-to-node=\"2\" data-index-in-node=\"12\">D\u00e9tective Blaireau<\/b> une <b data-path-to-node=\"2\" data-index-in-node=\"35\">exp\u00e9rience d&#8217;\u00e9nigmes inoubliable pour petits et grands<\/b> dans la charmante <b data-path-to-node=\"2\" data-index-in-node=\"108\">vieille ville class\u00e9e au patrimoine mondial de l&#8217;UNESCO<\/b>. Ton aventure commence \u00e0 la gare et te m\u00e8ne jusqu&#8217;au <b data-path-to-node=\"2\" data-index-in-node=\"217\">Parc aux ours (B\u00e4rengraben)<\/b>, o\u00f9 tu feras la connaissance de tes compagnons \u00e0 quatre pattes. La <b data-path-to-node=\"2\" data-index-in-node=\"312\">chasse au tr\u00e9sor<\/b> te guide ensuite vers le centre historique de <b data-path-to-node=\"2\" data-index-in-node=\"375\">Berne<\/b>.<\/p><p data-path-to-node=\"3\">Au fil de ton <b data-path-to-node=\"3\" data-index-in-node=\"14\">jeu de piste<\/b> ludique, tu d\u00e9couvriras de magnifiques fontaines, fl\u00e2neras sous les kilom\u00e8tres d&#8217;<b data-path-to-node=\"3\" data-index-in-node=\"108\">arcades<\/b> et passeras devant l&#8217;imposante <b data-path-to-node=\"3\" data-index-in-node=\"147\">Zytglogge (Tour de l&#8217;Horloge)<\/b>. Reste \u00e0 l&#8217;aff\u00fbt des traces d&#8217;animaux sculpt\u00e9es dans la pierre ou cach\u00e9es sur les fa\u00e7ades partout en ville. Le parcours te conduit devant la <b data-path-to-node=\"3\" data-index-in-node=\"318\">Coll\u00e9giale de Berne (M\u00fcnster)<\/b> et le <b data-path-to-node=\"3\" data-index-in-node=\"354\">Palais f\u00e9d\u00e9ral<\/b>, tandis que tu d\u00e9chiffres en \u00e9quipe des indices complexes. Tu apprendras ainsi l&#8217;<b data-path-to-node=\"3\" data-index-in-node=\"450\">histoire de la capitale f\u00e9d\u00e9rale<\/b> d&#8217;une mani\u00e8re totalement nouvelle et passionnante.<\/p><p data-path-to-node=\"4\">Cet itin\u00e9raire vari\u00e9 allie <b data-path-to-node=\"4\" data-index-in-node=\"27\">culture, histoire urbaine et plaisir des \u00e9nigmes<\/b> pour cr\u00e9er une exp\u00e9rience unique. Le <b data-path-to-node=\"4\" data-index-in-node=\"113\">D\u00e9tective-Trail Berne<\/b> est l&#8217;<b data-path-to-node=\"4\" data-index-in-node=\"141\">exp\u00e9rience en plein air id\u00e9ale pour les familles, les classes d&#8217;\u00e9cole et les grands-parents<\/b> souhaitant explorer la ville de mani\u00e8re d\u00e9tendue mais dynamique. Une fois toutes les \u00e9nigmes r\u00e9solues, un <b data-path-to-node=\"4\" data-index-in-node=\"339\">v\u00e9ritable coffre au tr\u00e9sor<\/b> t&#8217;attend \u00e0 l&#8217;arriv\u00e9e. Es-tu pr\u00eat pour cette mission animali\u00e8re \u00e0 <b data-path-to-node=\"4\" data-index-in-node=\"431\">Berne<\/b> ? Bonne chance pour ton aventure !<\/p>\t\t\t\t\t\t<\/div>\n\t\t\t\t<\/div>\n\t\t\t\t\t<\/div>\n\t\t\t\t<\/div>\n\t\t<div class=\"elementor-element elementor-element-f4339dd e-flex e-con-boxed e-con e-parent\" data-id=\"f4339dd\" data-element_type=\"container\" data-settings=\"{&quot;jet_parallax_layout_list&quot;:[]}\">\n\t\t\t\t\t<div class=\"e-con-inner\">\n\t\t\t\t<div class=\"elementor-element elementor-element-7af109b elementor-widget elementor-widget-heading\" data-id=\"7af109b\" data-element_type=\"widget\" data-widget_type=\"heading.default\">\n\t\t\t\t<div class=\"elementor-widget-container\">\n\t\t\t<h3 class=\"elementor-heading-title elementor-size-default\">Autres offres de MyCityHighlight \u00e0 Berne<\/h3>\t\t<\/div>\n\t\t\t\t<\/div>\n\t\t<div class=\"elementor-element elementor-element-b3b1e1d e-con-full e-flex e-con e-child\" data-id=\"b3b1e1d\" data-element_type=\"container\" data-settings=\"{&quot;jet_parallax_layout_list&quot;:[]}\">\n\t\t<div class=\"elementor-element elementor-element-fed8c48 e-con-full e-flex e-con e-child\" data-id=\"fed8c48\" data-element_type=\"container\" data-settings=\"{&quot;jet_parallax_layout_list&quot;:[]}\">\n\t\t\t\t<div class=\"elementor-element elementor-element-65f3c23 elementor-widget__width-initial elementor-widget elementor-widget-image\" data-id=\"65f3c23\" data-element_type=\"widget\" data-widget_type=\"image.default\">\n\t\t\t\t<div class=\"elementor-widget-container\">\n\t\t\t\t\t\t\t\t\t\t\t\t\t<img decoding=\"async\" src=\"https:\/\/detektiv-trails.ch\/wp-content\/uploads\/sites\/8\/elementor\/thumbs\/logo-krimi-trail-180-rk9d3zag3scljbkd9fwy8ng54bb8z0tjn82mnc2fvs.png\" title=\"logo-krimi-trail-180\" alt=\"logo-krimi-trail-180\" loading=\"lazy\" \/>\t\t\t\t\t\t\t\t\t\t\t\t\t<\/div>\n\t\t\t\t<\/div>\n\t\t\t\t<\/div>\n\t\t<div class=\"elementor-element elementor-element-c019c04 e-con-full e-flex e-con e-child\" data-id=\"c019c04\" data-element_type=\"container\" data-settings=\"{&quot;jet_parallax_layout_list&quot;:[]}\">\n\t\t\t\t<div class=\"elementor-element elementor-element-dc0010f elementor-widget elementor-widget-text-editor\" data-id=\"dc0010f\" data-element_type=\"widget\" data-widget_type=\"text-editor.default\">\n\t\t\t\t<div class=\"elementor-widget-container\">\n\t\t\t\t\t\t\t<p>Deviens enqu\u00eateur et r\u00e9sous des affaires criminelles sur le <a href=\"https:\/\/krimi-trails.ch\/fr\/produit\/crime-trail-berne-meurtre-dans-la-galerie-von-werdt-a-berne\/\" target=\"_blank\" rel=\"noopener noreferrer nofollow\">Crime-Trail<\/a>.<br \/>Des exp\u00e9riences de loisirs pleines de suspense pour les fans de polar.<\/p>\t\t\t\t\t\t<\/div>\n\t\t\t\t<\/div>\n\t\t\t\t<\/div>\n\t\t\t\t<\/div>\n\t\t<div class=\"elementor-element elementor-element-8881ad3 e-con-full e-flex e-con e-child\" data-id=\"8881ad3\" data-element_type=\"container\" data-settings=\"{&quot;jet_parallax_layout_list&quot;:[]}\">\n\t\t<div class=\"elementor-element elementor-element-0f2a08d e-con-full e-flex e-con e-child\" data-id=\"0f2a08d\" data-element_type=\"container\" data-settings=\"{&quot;jet_parallax_layout_list&quot;:[]}\">\n\t\t\t\t<div class=\"elementor-element elementor-element-0bc54f3 elementor-widget elementor-widget-image\" data-id=\"0bc54f3\" data-element_type=\"widget\" data-widget_type=\"image.default\">\n\t\t\t\t<div class=\"elementor-widget-container\">\n\t\t\t\t\t\t\t\t\t\t\t\t\t<img decoding=\"async\" src=\"https:\/\/detektiv-trails.ch\/wp-content\/uploads\/sites\/8\/elementor\/thumbs\/logo-finding-daniel-180-rk9cwpzbbuevvq3xnaynzhdzz737j605zapn8etvoy.png\" title=\"logo-finding-daniel-180\" alt=\"logo-finding-daniel-180\" loading=\"lazy\" \/>\t\t\t\t\t\t\t\t\t\t\t\t\t<\/div>\n\t\t\t\t<\/div>\n\t\t\t\t<\/div>\n\t\t<div class=\"elementor-element elementor-element-dd0301b e-con-full e-flex e-con e-child\" data-id=\"dd0301b\" data-element_type=\"container\" data-settings=\"{&quot;jet_parallax_layout_list&quot;:[]}\">\n\t\t\t\t<div class=\"elementor-element elementor-element-0d639d7 elementor-widget elementor-widget-text-editor\" data-id=\"0d639d7\" data-element_type=\"widget\" data-widget_type=\"text-editor.default\">\n\t\t\t\t<div class=\"elementor-widget-container\">\n\t\t\t\t\t\t\t<p>Partez pour une passionnante d\u00e9couverte de la ville.<br \/>Cherchez le guide Daniel lors du\u00a0<a href=\"https:\/\/finding-daniel.ch\/fr\/produit\/berne-highlights\/\" target=\"_blank\" rel=\"noopener noreferrer nofollow\">Finding-Daniel City Trail<\/a>\u00a0\u2013 la visite touristique avec effet jeu de piste.<\/p>\t\t\t\t\t\t<\/div>\n\t\t\t\t<\/div>\n\t\t\t\t<\/div>\n\t\t\t\t<\/div>\n\t\t\t\t\t<\/div>\n\t\t\t\t<\/div>\n\t\t\t\t<\/div>\n\t\t","protected":false},"excerpt":{"rendered":"<p data-path-to-node=\"1\">\u00c0 Berne, les pav\u00e9s de <strong>la vieille ville class\u00e9e par l&#8217;UNESCO<\/strong> deviennent un parcours pour les jeunes fins limiers. Accompagne <a href=\"https:\/\/detektiv-dachs.ch\/fr\/\" target=\"_blank\" rel=\"noopener\"><b data-path-to-node=\"1\" data-index-in-node=\"122\">D\u00e9tective Blaireau<\/b><\/a> et ses amis les animaux pour une visite <strong>d\u00e9couverte passionnante<\/strong> entre les figures historiques des fontaines et les c\u00e9l\u00e8bres arcades.<br \/>\nD\u00e9couvre le <b data-path-to-node=\"2\" data-index-in-node=\"12\">D\u00e9tective-Trail de Berne<\/b>, un jeu de piste ludique qui t&#8217;emm\u00e8ne sur les traces des secrets animaliers de la ville. Muni de ta <b data-path-to-node=\"2\" data-index-in-node=\"137\">carte au tr\u00e9sor<\/b>, progresse du <b data-path-to-node=\"2\" data-index-in-node=\"167\">Parc aux ours<\/b> \u00e0 travers les ruelles sinueuses jusqu&#8217;aux monuments les plus embl\u00e9matiques. En chemin, r\u00e9sous des <b data-path-to-node=\"2\" data-index-in-node=\"279\">\u00e9nigmes<\/b> cors\u00e9es et apprends des anecdotes surprenantes sur l&#8217;histoire de la cit\u00e9 des Zaehringen. Si tu d\u00e9chiffres toutes les <b data-path-to-node=\"2\" data-index-in-node=\"404\">\u00e9nigmes<\/b>, une r\u00e9compense t&#8217;attend dans un <b data-path-to-node=\"2\" data-index-in-node=\"445\">coffre au tr\u00e9sor<\/b> \u00e0 l&#8217;arriv\u00e9e.<\/p>\n<p data-path-to-node=\"3\">Cette <b data-path-to-node=\"3\" data-index-in-node=\"6\">excursion \u00e0 Berne<\/b> est l&#8217;exp\u00e9rience de plein air parfaite pour les familles et les explorateurs \u2013 une aventure qui stimule l&#8217;esprit d&#8217;\u00e9quipe et montre la capitale suisse sous son jour le plus sauvage !<\/p>\n","protected":false},"featured_media":152757,"comment_status":"open","ping_status":"closed","template":"","meta":{"inline_featured_image":false,"site-sidebar-layout":"default","site-content-layout":"default","ast-site-content-layout":"default","site-content-style":"default","site-sidebar-style":"default","ast-global-header-display":"","ast-banner-title-visibility":"","ast-main-header-display":"","ast-hfb-above-header-display":"","ast-hfb-below-header-display":"","ast-hfb-mobile-header-display":"","site-post-title":"","ast-breadcrumbs-content":"","ast-featured-img":"","footer-sml-layout":"","ast-disable-related-posts":"","theme-transparent-header-meta":"default","adv-header-id-meta":"","stick-header-meta":"default","header-above-stick-meta":"","header-main-stick-meta":"","header-below-stick-meta":"","astra-migrate-meta-layouts":"set","ast-page-background-enabled":"default","ast-page-background-meta":{"desktop":{"background-color":"var(--ast-global-color-4)","background-image":"","background-repeat":"repeat","background-position":"center center","background-size":"auto","background-attachment":"scroll","background-type":"","background-media":"","overlay-type":"","overlay-color":"","overlay-opacity":"","overlay-gradient":""},"tablet":{"background-color":"","background-image":"","background-repeat":"repeat","background-position":"center center","background-size":"auto","background-attachment":"scroll","background-type":"","background-media":"","overlay-type":"","overlay-color":"","overlay-opacity":"","overlay-gradient":""},"mobile":{"background-color":"","background-image":"","background-repeat":"repeat","background-position":"center center","background-size":"auto","background-attachment":"scroll","background-type":"","background-media":"","overlay-type":"","overlay-color":"","overlay-opacity":"","overlay-gradient":""}},"ast-content-background-meta":{"desktop":{"background-color":"var(--ast-global-color-5)","background-image":"","background-repeat":"repeat","background-position":"center center","background-size":"auto","background-attachment":"scroll","background-type":"","background-media":"","overlay-type":"","overlay-color":"","overlay-opacity":"","overlay-gradient":""},"tablet":{"background-color":"var(--ast-global-color-5)","background-image":"","background-repeat":"repeat","background-position":"center center","background-size":"auto","background-attachment":"scroll","background-type":"","background-media":"","overlay-type":"","overlay-color":"","overlay-opacity":"","overlay-gradient":""},"mobile":{"background-color":"var(--ast-global-color-5)","background-image":"","background-repeat":"repeat","background-position":"center center","background-size":"auto","background-attachment":"scroll","background-type":"","background-media":"","overlay-type":"","overlay-color":"","overlay-opacity":"","overlay-gradient":""}}},"product_brand":[],"product_cat":[265,469,267,447,333,268],"product_tag":[409,411,412],"class_list":{"0":"post-131754","1":"product","2":"type-product","3":"status-publish","4":"has-post-thumbnail","6":"product_cat-detective-trail-avec-coffre-au-tresor","7":"product_cat-detective-trails-a-berne","8":"product_cat-les-cartes-de-detective-trails-en-suisse","9":"product_cat-espace-mittelland","10":"product_cat-freizeit-trails-fr","11":"product_cat-trails-francaises","12":"product_tag-detektiv-dachs-fr","13":"product_tag-schatzsuche-fr","14":"product_tag-schnitzeljagd-fr","15":"desktop-align-center","16":"tablet-align-left","17":"mobile-align-left","18":"ast-product-gallery-layout-horizontal-slider","19":"ast-magnify-disabled","20":"ast-product-tabs-layout-horizontal","22":"first","23":"instock","24":"featured","25":"virtual","26":"taxable","27":"purchasable","28":"product-type-simple"},"_links":{"self":[{"href":"https:\/\/detektiv-trails.ch\/fr\/wp-json\/wp\/v2\/product\/131754","targetHints":{"allow":["GET"]}}],"collection":[{"href":"https:\/\/detektiv-trails.ch\/fr\/wp-json\/wp\/v2\/product"}],"about":[{"href":"https:\/\/detektiv-trails.ch\/fr\/wp-json\/wp\/v2\/types\/product"}],"replies":[{"embeddable":true,"href":"https:\/\/detektiv-trails.ch\/fr\/wp-json\/wp\/v2\/comments?post=131754"}],"version-history":[{"count":0,"href":"https:\/\/detektiv-trails.ch\/fr\/wp-json\/wp\/v2\/product\/131754\/revisions"}],"wp:featuredmedia":[{"embeddable":true,"href":"https:\/\/detektiv-trails.ch\/fr\/wp-json\/wp\/v2\/media\/152757"}],"wp:attachment":[{"href":"https:\/\/detektiv-trails.ch\/fr\/wp-json\/wp\/v2\/media?parent=131754"}],"wp:term":[{"taxonomy":"product_brand","embeddable":true,"href":"https:\/\/detektiv-trails.ch\/fr\/wp-json\/wp\/v2\/product_brand?post=131754"},{"taxonomy":"product_cat","embeddable":true,"href":"https:\/\/detektiv-trails.ch\/fr\/wp-json\/wp\/v2\/product_cat?post=131754"},{"taxonomy":"product_tag","embeddable":true,"href":"https:\/\/detektiv-trails.ch\/fr\/wp-json\/wp\/v2\/product_tag?post=131754"}],"curies":[{"name":"wp","href":"https:\/\/api.w.org\/{rel}","templated":true}]}}