{"id":134123,"date":"2024-11-04T13:27:37","date_gmt":"2024-11-04T12:27:37","guid":{"rendered":"https:\/\/detektiv-trails.ch\/?post_type=product&#038;p=134123"},"modified":"2026-02-27T10:07:05","modified_gmt":"2026-02-27T09:07:05","slug":"detective-trail-vevey-la-perle-de-la-riviera-suisse","status":"publish","type":"product","link":"https:\/\/detektiv-trails.ch\/fr\/produit\/detective-trail-vevey-la-perle-de-la-riviera-suisse\/","title":{"rendered":"D\u00e9tective-Trail: Vevey &#8211; La perle de la Riviera suisse"},"content":{"rendered":"<p><strong><span style=\"color: #79ced7\">Le D\u00e9tective-Trail Vevey est ouvert tous les jours<br \/>\n<\/span><\/strong><strong>Variante du Trail : <\/strong>Avec coffre au tr\u00e9sor <img loading=\"lazy\" decoding=\"async\" class=\"alignnone wp-image-52991\" src=\"https:\/\/detektiv-trails.ch\/wp-content\/uploads\/sites\/8\/2023\/05\/schatztruhe-300x300-1.jpg\" alt=\"\" width=\"26\" height=\"26\" \/><br \/>\n<strong style=\"font-size: 16px\"><strong>Heures d\u2019ouverture Trail : <\/strong><\/strong>Ouvert tous les jours &#8211; \u00c0 tout moment<br \/>\n<strong>Acces au coffre au tr\u00e9sor :<br \/>\n<\/strong><em>Du 1er octobre au 30 avril :<\/em> du lundi au vendredi de 09h00 \u00e0 17h30 ; Samedi 10h00 &#8211; 14h00.\u00a0Ferm\u00e9 le 25 d\u00e9cembre et le 1er et 2 janvier.<span style=\"font-size: 16px\"><br \/>\n<\/span><em>Du 1er mai au 30 septembre\u00a0:<\/em> du lundi au vendredi de 09h00 \u00e0 18h00 ; le samedi et dimanche de 9h00 \u00e0 12h45 et 13h00 \u00e0 17h00.<br \/>\nInformations sans garantie. Si le coffre au tr\u00e9sor n\u2019est pas accessible, nous t\u2019enverrons le cadeau ult\u00e9rieurement. Tu trouveras les informations concernant l\u2019exp\u00e9dition \u00e0 la fin du D\u00e9tective-Trail.<br \/>\n<strong>Distance : <\/strong>env. 4.2 km<strong><br \/>\nDur\u00e9e : <\/strong>2 h 30 (sans pauses)<\/p>\n<div style=\"background-color: #f4f4f4;padding: 20px\"><strong><strong><strong style=\"color: #79ced7;line-height: 2rem\">D\u00e9couvre les D\u00e9tective-Trails avec D\u00e9tective Blaireau : une aventure d\u2019\u00e9nigmes passionnante pour petits et grands.<br \/>\nPars pour une exploration de Vevey, la perle de la Riviera suisse, au c\u0153ur du c\u00e9l\u00e8bre vignoble du Lavaux. Le trail te conduit le long de la magnifique promenade du lac L\u00e9man, avec une vue splendide sur l\u2019eau et les montagnes. En chemin, tu d\u00e9couvriras l\u2019histoire captivante de Nestl\u00e9, dont le si\u00e8ge se trouve \u00e0 Vevey, ainsi que celle des inventeurs du c\u00e9l\u00e8bre chocolat Gala-Peter. Tu passeras devant des mus\u00e9es int\u00e9ressants et apercevras une fourchette g\u00e9ante plant\u00e9e dans le lac \u2013 l\u2019un des symboles les plus embl\u00e9matiques de la ville.<br \/>\nL\u2019itin\u00e9raire vari\u00e9 allie plaisir, d\u00e9couvertes et r\u00e9solution d\u2019\u00e9nigmes de mani\u00e8re ludique et te permet de d\u00e9couvrir Vevey sous son aspect le plus charmant.<br \/>\nLe D\u00e9tective-Trail Vevey offre un m\u00e9lange harmonieux d\u2019\u00e9nigmes, de mouvement et de culture \u2013 parfaitement int\u00e9gr\u00e9 dans le d\u00e9cor enchanteur de la Riviera suisse. Id\u00e9al pour les familles, les enfants, les classes scolaires, les grands-parents et tous ceux qui aiment \u00eatre en plein air.<br \/>\nAmuse-toi bien lors de ton aventure d\u2019enqu\u00eate !<br \/>\n<\/strong><\/strong><\/strong><\/div>\n<p><strong><br \/>\nD\u00e9part : <\/strong>Point &#8220;i&#8221; de Vevey \u2013 Grenette, Grande-Place 29, 1800 Vevey<br \/>\n<strong>Lieu d&#8217;arriv\u00e9e : <\/strong>Point &#8220;i&#8221; de Vevey \u2013 Grenette, Grande-Place 29, 1800 Vevey<br \/>\n<strong>Autres informations :\u00a0<\/strong>Il y a toujours des aires de jeux le long du chemin et entre les \u00e9nigmes 3 et 4, il y a un parc o\u00f9 tu pouvez \u00e9galement faire un barbecue. Vers la fin du D\u00e9tective-Trail, tu passerez par le Deck de Vevey. L\u00e0, tu pourrez profiter du soleil et nager dans le lac. L&#8217;acc\u00e8s aux Deck est gratuit. Pr\u00e9voyez suffisamment de temps si tu souhaitez visiter le Mus\u00e9e des Jeux ou l&#8217;Alimentarium, par exemple.<br \/>\n<strong>Poussettes : <\/strong>Ce trail est adapt\u00e9 aux poussettes <a href=\"https:\/\/detektiv-trails.ch\/wp-content\/uploads\/sites\/8\/2023\/12\/detektiv-trails-Icon-Kinderwagen.jpg\"><img loading=\"lazy\" decoding=\"async\" class=\"alignnone wp-image-112000\" src=\"https:\/\/detektiv-trails.ch\/wp-content\/uploads\/sites\/8\/2023\/12\/detektiv-trails-Icon-Kinderwagen.jpg\" alt=\"\" width=\"26\" height=\"26\" srcset=\"https:\/\/detektiv-trails.ch\/wp-content\/uploads\/sites\/8\/2023\/12\/detektiv-trails-Icon-Kinderwagen.jpg 532w, https:\/\/detektiv-trails.ch\/wp-content\/uploads\/sites\/8\/2023\/12\/detektiv-trails-Icon-Kinderwagen-300x300.jpg 300w, https:\/\/detektiv-trails.ch\/wp-content\/uploads\/sites\/8\/2023\/12\/detektiv-trails-Icon-Kinderwagen-150x150.jpg 150w, https:\/\/detektiv-trails.ch\/wp-content\/uploads\/sites\/8\/2023\/12\/detektiv-trails-Icon-Kinderwagen-100x100.jpg 100w\" sizes=\"auto, (max-width: 26px) 100vw, 26px\" \/><\/a><br \/>\n<strong>Points de vente sur place : <\/strong>Point &#8220;i&#8221; de Vevey \u2013 Grenette, Grande-Place 29, 1800 Vevey. <a href=\"https:\/\/www.montreuxriviera.com\/de\/P4865\/tourist-information-vevey-grenette\" target=\"_blank\" rel=\"noopener noreferrer nofollow\">Heures d&#8217;ouverture et contact<\/a>.<br \/>\n<strong>Degr\u00e9 de difficult\u00e9 : <\/strong>moyen<br \/>\n<strong>Date de cr\u00e9ation : <\/strong>2025<\/p>\n<h4><span style=\"color: #79ced7\">Plus d&#8217;offres de MyCityHighlight<br \/>\n<\/span><\/h4>\n<ul>\n<li>Deviens enqu\u00eateur et r\u00e9sous le <a href=\"https:\/\/krimi-trails.ch\/fr\/produit\/crime-trail-vevey-light-promenade-criminelle-vol-a-letalage\/\" target=\"_blank\" rel=\"noopener noreferrer nofollow\">Crime-Trail Vevey light (promenade criminelle): vol \u00e0 l&#8217;\u00e9talage<\/a> \u2013 une activit\u00e9 de loisirs passionante pour les fans de crime.<\/li>\n<li>Partez \u00e0 la chasse du myst\u00e9rieux guide sur le sentier interactif\u00a0<a href=\"https:\/\/finding-daniel.ch\/fr\/spiel\/finding-daniel-jeu-de-piste-montreux\/\" target=\"_blank\" rel=\"noopener noreferrer nofollow\">Finding-Daniel \u00e0 Montreux<\/a>\u00a0et apprenez des histoires suprenantes sur la ville en suivant ses traces.<\/li>\n<\/ul>\n","protected":false},"excerpt":{"rendered":"<table style=\"width: 100%\">\n<tbody>\n<tr>\n<th><a href=\"https:\/\/detektiv-trails.ch\/wp-content\/uploads\/sites\/8\/2025\/03\/Detektiv-Dachs-gehend-standard-Detektiv-Trails-819x1024.png\"><img loading=\"lazy\" decoding=\"async\" class=\"alignnone wp-image-140338 size-large\" src=\"https:\/\/detektiv-trails.ch\/wp-content\/uploads\/sites\/8\/2025\/03\/Detektiv-Dachs-gehend-standard-Detektiv-Trails-819x1024.png\" alt=\"Detektiv Dachs gehend standard Detektiv-Trails\" width=\"819\" height=\"1024\" srcset=\"https:\/\/detektiv-trails.ch\/wp-content\/uploads\/sites\/8\/2025\/03\/Detektiv-Dachs-gehend-standard-Detektiv-Trails-819x1024.png 819w, https:\/\/detektiv-trails.ch\/wp-content\/uploads\/sites\/8\/2025\/03\/Detektiv-Dachs-gehend-standard-Detektiv-Trails-240x300.png 240w, https:\/\/detektiv-trails.ch\/wp-content\/uploads\/sites\/8\/2025\/03\/Detektiv-Dachs-gehend-standard-Detektiv-Trails-768x960.png 768w, https:\/\/detektiv-trails.ch\/wp-content\/uploads\/sites\/8\/2025\/03\/Detektiv-Dachs-gehend-standard-Detektiv-Trails-1229x1536.png 1229w, https:\/\/detektiv-trails.ch\/wp-content\/uploads\/sites\/8\/2025\/03\/Detektiv-Dachs-gehend-standard-Detektiv-Trails-600x750.png 600w, https:\/\/detektiv-trails.ch\/wp-content\/uploads\/sites\/8\/2025\/03\/Detektiv-Dachs-gehend-standard-Detektiv-Trails.png 1536w\" sizes=\"auto, (max-width: 819px) 100vw, 819px\" \/><\/a><\/th>\n<td><a href=\"https:\/\/detektiv-dachs.ch\/fr\/\" target=\"_blank\" rel=\"noopener\">D\u00e9tective Blaireau<\/a> vous emm\u00e8ne dans une <strong>chasse au tr\u00e9sor<\/strong> passionnante \u00e0 Vevey.<\/td>\n<\/tr>\n<tr>\n<td><a href=\"https:\/\/detektiv-trails.ch\/wp-content\/uploads\/sites\/8\/2025\/03\/Detektiv-Dachs-mit-Karte-Detektiv-Trails-820x1024.png\"><img loading=\"lazy\" decoding=\"async\" class=\"alignnone wp-image-140326 size-large\" src=\"https:\/\/detektiv-trails.ch\/wp-content\/uploads\/sites\/8\/2025\/03\/Detektiv-Dachs-mit-Karte-Detektiv-Trails-820x1024.png\" alt=\"Detektiv Dachs mit Karte Detektiv-Trails\" width=\"820\" height=\"1024\" srcset=\"https:\/\/detektiv-trails.ch\/wp-content\/uploads\/sites\/8\/2025\/03\/Detektiv-Dachs-mit-Karte-Detektiv-Trails-820x1024.png 820w, https:\/\/detektiv-trails.ch\/wp-content\/uploads\/sites\/8\/2025\/03\/Detektiv-Dachs-mit-Karte-Detektiv-Trails-240x300.png 240w, https:\/\/detektiv-trails.ch\/wp-content\/uploads\/sites\/8\/2025\/03\/Detektiv-Dachs-mit-Karte-Detektiv-Trails-768x959.png 768w, https:\/\/detektiv-trails.ch\/wp-content\/uploads\/sites\/8\/2025\/03\/Detektiv-Dachs-mit-Karte-Detektiv-Trails-1230x1536.png 1230w, https:\/\/detektiv-trails.ch\/wp-content\/uploads\/sites\/8\/2025\/03\/Detektiv-Dachs-mit-Karte-Detektiv-Trails-600x750.png 600w, https:\/\/detektiv-trails.ch\/wp-content\/uploads\/sites\/8\/2025\/03\/Detektiv-Dachs-mit-Karte-Detektiv-Trails.png 1537w\" sizes=\"auto, (max-width: 820px) 100vw, 820px\" \/><\/a><\/td>\n<td>\u00c9quip\u00e9s de la carte au tr\u00e9sor (imprim\u00e9e ou en ligne), vous explorez Vevey et r\u00e9solvez des \u00e9nigmes vari\u00e9es.<br \/>\nComme dans <strong>un jeu de piste<\/strong>, l&#8217;itin\u00e9raire vous m\u00e8ne d&#8217;une \u00e9nigme \u00e0 l&#8217;autre. Vous les r\u00e9solvez avec les \u00e9l\u00e9ments sur place. Les enfants et les adultes d\u00e9couvrent ainsi des <strong>informations int\u00e9ressantes et surprenantes<\/strong>.<\/td>\n<\/tr>\n<tr>\n<td><a href=\"https:\/\/detektiv-trails.ch\/wp-content\/uploads\/sites\/8\/2025\/03\/Detektiv-Dachs-mit-Schatztruhe-Detektiv-Trails-819x1024.png\"><img loading=\"lazy\" decoding=\"async\" class=\"alignnone wp-image-140329 size-large\" src=\"https:\/\/detektiv-trails.ch\/wp-content\/uploads\/sites\/8\/2025\/03\/Detektiv-Dachs-mit-Schatztruhe-Detektiv-Trails-819x1024.png\" alt=\"Detektiv Dachs mit Schatztruhe Detektiv-Trails\" width=\"819\" height=\"1024\" srcset=\"https:\/\/detektiv-trails.ch\/wp-content\/uploads\/sites\/8\/2025\/03\/Detektiv-Dachs-mit-Schatztruhe-Detektiv-Trails-819x1024.png 819w, https:\/\/detektiv-trails.ch\/wp-content\/uploads\/sites\/8\/2025\/03\/Detektiv-Dachs-mit-Schatztruhe-Detektiv-Trails-240x300.png 240w, https:\/\/detektiv-trails.ch\/wp-content\/uploads\/sites\/8\/2025\/03\/Detektiv-Dachs-mit-Schatztruhe-Detektiv-Trails-768x960.png 768w, https:\/\/detektiv-trails.ch\/wp-content\/uploads\/sites\/8\/2025\/03\/Detektiv-Dachs-mit-Schatztruhe-Detektiv-Trails-1229x1536.png 1229w, https:\/\/detektiv-trails.ch\/wp-content\/uploads\/sites\/8\/2025\/03\/Detektiv-Dachs-mit-Schatztruhe-Detektiv-Trails-600x750.png 600w, https:\/\/detektiv-trails.ch\/wp-content\/uploads\/sites\/8\/2025\/03\/Detektiv-Dachs-mit-Schatztruhe-Detektiv-Trails.png 1536w\" sizes=\"auto, (max-width: 819px) 100vw, 819px\" \/><\/a><\/td>\n<td>Si vous avez tout r\u00e9solu correctement, vous pouvez ouvrir le cadenas du <strong>coffre au tr\u00e9sor<\/strong> et emporter un <strong>petit prix imm\u00e9diat<\/strong> (max. 1 prix\/personne payante).<\/td>\n<\/tr>\n<\/tbody>\n<\/table>\n","protected":false},"featured_media":160498,"comment_status":"open","ping_status":"closed","template":"","meta":{"inline_featured_image":false,"site-sidebar-layout":"default","site-content-layout":"default","ast-site-content-layout":"default","site-content-style":"default","site-sidebar-style":"default","ast-global-header-display":"","ast-banner-title-visibility":"","ast-main-header-display":"","ast-hfb-above-header-display":"","ast-hfb-below-header-display":"","ast-hfb-mobile-header-display":"","site-post-title":"","ast-breadcrumbs-content":"","ast-featured-img":"","footer-sml-layout":"","ast-disable-related-posts":"","theme-transparent-header-meta":"default","adv-header-id-meta":"","stick-header-meta":"default","header-above-stick-meta":"","header-main-stick-meta":"","header-below-stick-meta":"","astra-migrate-meta-layouts":"set","ast-page-background-enabled":"default","ast-page-background-meta":{"desktop":{"background-color":"var(--ast-global-color-4)","background-image":"","background-repeat":"repeat","background-position":"center center","background-size":"auto","background-attachment":"scroll","background-type":"","background-media":"","overlay-type":"","overlay-color":"","overlay-opacity":"","overlay-gradient":""},"tablet":{"background-color":"","background-image":"","background-repeat":"repeat","background-position":"center center","background-size":"auto","background-attachment":"scroll","background-type":"","background-media":"","overlay-type":"","overlay-color":"","overlay-opacity":"","overlay-gradient":""},"mobile":{"background-color":"","background-image":"","background-repeat":"repeat","background-position":"center center","background-size":"auto","background-attachment":"scroll","background-type":"","background-media":"","overlay-type":"","overlay-color":"","overlay-opacity":"","overlay-gradient":""}},"ast-content-background-meta":{"desktop":{"background-color":"var(--ast-global-color-5)","background-image":"","background-repeat":"repeat","background-position":"center center","background-size":"auto","background-attachment":"scroll","background-type":"","background-media":"","overlay-type":"","overlay-color":"","overlay-opacity":"","overlay-gradient":""},"tablet":{"background-color":"var(--ast-global-color-5)","background-image":"","background-repeat":"repeat","background-position":"center center","background-size":"auto","background-attachment":"scroll","background-type":"","background-media":"","overlay-type":"","overlay-color":"","overlay-opacity":"","overlay-gradient":""},"mobile":{"background-color":"var(--ast-global-color-5)","background-image":"","background-repeat":"repeat","background-position":"center center","background-size":"auto","background-attachment":"scroll","background-type":"","background-media":"","overlay-type":"","overlay-color":"","overlay-opacity":"","overlay-gradient":""}}},"product_brand":[],"product_cat":[484,266,267,450,333,268],"product_tag":[409,411,412],"class_list":{"0":"post-134123","1":"product","2":"type-product","3":"status-publish","4":"has-post-thumbnail","6":"product_cat-au-bord-de-l-eau","7":"product_cat-detective-trail-avec-livraison-subsequente","8":"product_cat-les-cartes-de-detective-trails-en-suisse","9":"product_cat-region-lemanique-et-valais","10":"product_cat-freizeit-trails-fr","11":"product_cat-trails-francaises","12":"product_tag-detektiv-dachs-fr","13":"product_tag-schatzsuche-fr","14":"product_tag-schnitzeljagd-fr","15":"desktop-align-center","16":"tablet-align-left","17":"mobile-align-left","18":"ast-product-gallery-layout-horizontal-slider","19":"ast-magnify-disabled","20":"ast-product-tabs-layout-horizontal","22":"first","23":"instock","24":"featured","25":"virtual","26":"taxable","27":"purchasable","28":"product-type-simple"},"_links":{"self":[{"href":"https:\/\/detektiv-trails.ch\/fr\/wp-json\/wp\/v2\/product\/134123","targetHints":{"allow":["GET"]}}],"collection":[{"href":"https:\/\/detektiv-trails.ch\/fr\/wp-json\/wp\/v2\/product"}],"about":[{"href":"https:\/\/detektiv-trails.ch\/fr\/wp-json\/wp\/v2\/types\/product"}],"replies":[{"embeddable":true,"href":"https:\/\/detektiv-trails.ch\/fr\/wp-json\/wp\/v2\/comments?post=134123"}],"version-history":[{"count":10,"href":"https:\/\/detektiv-trails.ch\/fr\/wp-json\/wp\/v2\/product\/134123\/revisions"}],"predecessor-version":[{"id":161311,"href":"https:\/\/detektiv-trails.ch\/fr\/wp-json\/wp\/v2\/product\/134123\/revisions\/161311"}],"wp:featuredmedia":[{"embeddable":true,"href":"https:\/\/detektiv-trails.ch\/fr\/wp-json\/wp\/v2\/media\/160498"}],"wp:attachment":[{"href":"https:\/\/detektiv-trails.ch\/fr\/wp-json\/wp\/v2\/media?parent=134123"}],"wp:term":[{"taxonomy":"product_brand","embeddable":true,"href":"https:\/\/detektiv-trails.ch\/fr\/wp-json\/wp\/v2\/product_brand?post=134123"},{"taxonomy":"product_cat","embeddable":true,"href":"https:\/\/detektiv-trails.ch\/fr\/wp-json\/wp\/v2\/product_cat?post=134123"},{"taxonomy":"product_tag","embeddable":true,"href":"https:\/\/detektiv-trails.ch\/fr\/wp-json\/wp\/v2\/product_tag?post=134123"}],"curies":[{"name":"wp","href":"https:\/\/api.w.org\/{rel}","templated":true}]}}