{"id":150443,"date":"2025-07-21T15:24:26","date_gmt":"2025-07-21T13:24:26","guid":{"rendered":"https:\/\/detektiv-trails.ch\/?post_type=product&#038;p=150443"},"modified":"2026-04-07T08:43:49","modified_gmt":"2026-04-07T06:43:49","slug":"detective-trail-lucerne-la-ville-des-fontaines","status":"publish","type":"product","link":"https:\/\/detektiv-trails.ch\/fr\/produit\/detective-trail-lucerne-la-ville-des-fontaines\/","title":{"rendered":"D\u00e9tective-Trail: Lucerne la ville des fontaines"},"content":{"rendered":"<p><strong><span style=\"color: #79ced7\">Le D\u00e9tective-Trail Lucerne la ville des fontaines est ouvert tous les jours<br \/>\n<\/span><\/strong><strong>Variante du Trail : <\/strong>Avec coffre au tr\u00e9sor <img loading=\"lazy\" decoding=\"async\" class=\"alignnone wp-image-52991\" src=\"https:\/\/detektiv-trails.ch\/wp-content\/uploads\/sites\/8\/2023\/05\/schatztruhe-300x300-1.jpg\" alt=\"\" width=\"26\" height=\"26\" \/><br \/>\nHeures d\u2019ouverture Trail : Ouvert tous les jours &#8211; \u00c0 tout moment<br \/>\nInforme-toi \u00e0 l\u2019avance sur les \u00e9ventuels grands \u00e9v\u00e9nements sur le lieu du jeu \u2013 ils peuvent parfois entra\u00eener des restrictions.<strong><br \/>\n<\/strong><strong>Acces au coffre au tr\u00e9sor : <\/strong><em>Mai \u2013 Octobre :<\/em> Lundi \u2013 Vendredi 8h30 \u2013 18h00, Samedis &amp; jours f\u00e9ri\u00e9s 9h00 \u2013 17h00, Dimanche 9h00 \u2013 14h00.<br \/>\n<em>Novembre \u2013 Avril :<\/em> Lundi \u2013 Vendredi 8h30 \u2013 17h00, Samedi 9h00 \u2013 16h00, Dimanches et jours f\u00e9ri\u00e9s 9h00 \u2013 13h00.<br \/>\nInformations sans garantie. Si le coffre au tr\u00e9sor n\u2019est pas accessible, nous t\u2019enverrons le cadeau ult\u00e9rieurement. Tu trouveras les informations concernant l\u2019exp\u00e9dition \u00e0 la fin du D\u00e9tective-Trail.<\/p>\n<div style=\"background-color: #f4f4f4;padding: 20px\"><strong><strong style=\"color: #79ced7;line-height: 2rem\">Pars \u00e0 l\u2019aventure avec d\u00e9tective Blaireau sur les D\u00e9tective-Trails :<br \/>\nUne exp\u00e9rience d\u2019\u00e9nigmes passionnante pour petits et grands. D\u00e9couvre la ville des fontaines de Lucerne, avec son histoire unique, son eau de source fra\u00eeche et ses d\u00e9tails cach\u00e9s. En chemin, D\u00e9tective Blaireau t\u2019accompagne vers quelques-unes des plus de 200 fontaines de la ville \u2013 du lac des Quatre-Cantons \u00e0 la fontaine de Wey, du pavillon de musique \u00e0 la l\u00e9gendaire fontaine de Fritschi.<br \/>\nTu apprendras des faits fascinants sur l\u2019approvisionnement en eau de Lucerne, les traditions du carnaval et des histoires m\u00e9connues. Et bien s\u00fbr, tu r\u00e9soudras des \u00e9nigmes astucieuses directement sur place.<br \/>\nLe Detective-Trail de Lucerne offre du plaisir, de l\u2019activit\u00e9 physique et des d\u00e9fis captivants \u2013 une exp\u00e9rience inoubliable pour les parents, les enfants, les \u00e9l\u00e8ves, les grands-parents et tous les autres.<br \/>\nBonne aventure !<br \/>\n<\/strong><\/strong><\/div>\n<p><strong><br \/>\nDistance :<\/strong> env. 4 km<br \/>\n<strong>Dur\u00e9e : <\/strong>2 h 30 (sans pauses)<br \/>\n<strong>D\u00e9part : <\/strong>Quai de la gare de Lucerne \u2013 Station de bateaux \u2013 Quai 2<br \/>\n<strong>Lieu d&#8217;arriv\u00e9e :<\/strong> Lucerne Tourisme, Zentralstrasse 5, 6002 Lucerne<br \/>\n<strong>Poussettes : <\/strong>Ce trail n&#8217;est pas adapt\u00e9 aux poussettes. <strong><a href=\"https:\/\/detektiv-trails.ch\/wp-content\/uploads\/sites\/8\/2023\/12\/detektiv-trails_Icon-nicht-kinderwagentauglich.jpg\"><img loading=\"lazy\" decoding=\"async\" class=\" wp-image-111995\" src=\"https:\/\/detektiv-trails.ch\/wp-content\/uploads\/sites\/8\/2023\/12\/detektiv-trails_Icon-nicht-kinderwagentauglich.jpg\" alt=\"\" width=\"25\" height=\"25\" srcset=\"https:\/\/detektiv-trails.ch\/wp-content\/uploads\/sites\/8\/2023\/12\/detektiv-trails_Icon-nicht-kinderwagentauglich.jpg 532w, https:\/\/detektiv-trails.ch\/wp-content\/uploads\/sites\/8\/2023\/12\/detektiv-trails_Icon-nicht-kinderwagentauglich-300x300.jpg 300w, https:\/\/detektiv-trails.ch\/wp-content\/uploads\/sites\/8\/2023\/12\/detektiv-trails_Icon-nicht-kinderwagentauglich-150x150.jpg 150w, https:\/\/detektiv-trails.ch\/wp-content\/uploads\/sites\/8\/2023\/12\/detektiv-trails_Icon-nicht-kinderwagentauglich-100x100.jpg 100w\" sizes=\"auto, (max-width: 25px) 100vw, 25px\" \/><\/a><\/strong><br \/>\n<strong>Points de vente sur place : <\/strong><span style=\"font-size: 16px\">Lucerne Tourisme AG, Tourist Information, Zentralstrasse 5, 6002 Luzern. Horaires d&#8217;ouverture et contact de <a href=\"https:\/\/www.luzern.com\/de\/informieren\/vor-ort\/tourist-information\" target=\"_blank\" rel=\"noopener noreferrer nofollow\">Lucerne Tourisme<\/a>.<\/span><br \/>\n<strong>Degr\u00e9 de difficult\u00e9 : <\/strong>moyen &#8211; difficile<br \/>\n<strong>Date de cr\u00e9ation : <\/strong>2025<\/p>\n","protected":false},"excerpt":{"rendered":"<table style=\"width: 100%\">\n<tbody>\n<tr>\n<th><a href=\"https:\/\/detektiv-trails.ch\/wp-content\/uploads\/sites\/8\/2025\/03\/Detektiv-Dachs-gehend-standard-Detektiv-Trails-819x1024.png\"><img loading=\"lazy\" decoding=\"async\" class=\"alignnone wp-image-140338 size-large\" src=\"https:\/\/detektiv-trails.ch\/wp-content\/uploads\/sites\/8\/2025\/03\/Detektiv-Dachs-gehend-standard-Detektiv-Trails-819x1024.png\" alt=\"Detektiv Dachs gehend standard Detektiv-Trails\" width=\"819\" height=\"1024\" srcset=\"https:\/\/detektiv-trails.ch\/wp-content\/uploads\/sites\/8\/2025\/03\/Detektiv-Dachs-gehend-standard-Detektiv-Trails-819x1024.png 819w, https:\/\/detektiv-trails.ch\/wp-content\/uploads\/sites\/8\/2025\/03\/Detektiv-Dachs-gehend-standard-Detektiv-Trails-240x300.png 240w, https:\/\/detektiv-trails.ch\/wp-content\/uploads\/sites\/8\/2025\/03\/Detektiv-Dachs-gehend-standard-Detektiv-Trails-768x960.png 768w, https:\/\/detektiv-trails.ch\/wp-content\/uploads\/sites\/8\/2025\/03\/Detektiv-Dachs-gehend-standard-Detektiv-Trails-1229x1536.png 1229w, https:\/\/detektiv-trails.ch\/wp-content\/uploads\/sites\/8\/2025\/03\/Detektiv-Dachs-gehend-standard-Detektiv-Trails-600x750.png 600w, https:\/\/detektiv-trails.ch\/wp-content\/uploads\/sites\/8\/2025\/03\/Detektiv-Dachs-gehend-standard-Detektiv-Trails.png 1536w\" sizes=\"auto, (max-width: 819px) 100vw, 819px\" \/><\/a><\/th>\n<td><a href=\"https:\/\/detektiv-dachs.ch\/fr\/\" target=\"_blank\" rel=\"noopener\">D\u00e9tective Blaireau<\/a> vous emm\u00e8ne dans une <strong>chasse au tr\u00e9sor<\/strong> passionnante \u00e0 Lucerne.<\/td>\n<\/tr>\n<tr>\n<td><a href=\"https:\/\/detektiv-trails.ch\/wp-content\/uploads\/sites\/8\/2025\/03\/Detektiv-Dachs-mit-Karte-Detektiv-Trails-820x1024.png\"><img loading=\"lazy\" decoding=\"async\" class=\"alignnone wp-image-140326 size-large\" src=\"https:\/\/detektiv-trails.ch\/wp-content\/uploads\/sites\/8\/2025\/03\/Detektiv-Dachs-mit-Karte-Detektiv-Trails-820x1024.png\" alt=\"Detektiv Dachs mit Karte Detektiv-Trails\" width=\"820\" height=\"1024\" srcset=\"https:\/\/detektiv-trails.ch\/wp-content\/uploads\/sites\/8\/2025\/03\/Detektiv-Dachs-mit-Karte-Detektiv-Trails-820x1024.png 820w, https:\/\/detektiv-trails.ch\/wp-content\/uploads\/sites\/8\/2025\/03\/Detektiv-Dachs-mit-Karte-Detektiv-Trails-240x300.png 240w, https:\/\/detektiv-trails.ch\/wp-content\/uploads\/sites\/8\/2025\/03\/Detektiv-Dachs-mit-Karte-Detektiv-Trails-768x959.png 768w, https:\/\/detektiv-trails.ch\/wp-content\/uploads\/sites\/8\/2025\/03\/Detektiv-Dachs-mit-Karte-Detektiv-Trails-1230x1536.png 1230w, https:\/\/detektiv-trails.ch\/wp-content\/uploads\/sites\/8\/2025\/03\/Detektiv-Dachs-mit-Karte-Detektiv-Trails-600x750.png 600w, https:\/\/detektiv-trails.ch\/wp-content\/uploads\/sites\/8\/2025\/03\/Detektiv-Dachs-mit-Karte-Detektiv-Trails.png 1537w\" sizes=\"auto, (max-width: 820px) 100vw, 820px\" \/><\/a><\/td>\n<td>\u00c9quip\u00e9s de la carte au tr\u00e9sor (imprim\u00e9e ou en ligne), vous explorez Lugano et r\u00e9solvez des \u00e9nigmes vari\u00e9es.<br \/>\nComme dans <strong>un jeu de piste<\/strong>, l&#8217;itin\u00e9raire vous m\u00e8ne d&#8217;une \u00e9nigme \u00e0 l&#8217;autre. Vous les r\u00e9solvez avec les \u00e9l\u00e9ments sur place. Les enfants et les adultes d\u00e9couvrent ainsi des <strong>informations int\u00e9ressantes et surprenantes<\/strong>.<\/td>\n<\/tr>\n<tr>\n<td><a href=\"https:\/\/detektiv-trails.ch\/wp-content\/uploads\/sites\/8\/2025\/03\/Detektiv-Dachs-mit-Schatztruhe-Detektiv-Trails-819x1024.png\"><img loading=\"lazy\" decoding=\"async\" class=\"alignnone wp-image-140329 size-large\" src=\"https:\/\/detektiv-trails.ch\/wp-content\/uploads\/sites\/8\/2025\/03\/Detektiv-Dachs-mit-Schatztruhe-Detektiv-Trails-819x1024.png\" alt=\"Detektiv Dachs mit Schatztruhe Detektiv-Trails\" width=\"819\" height=\"1024\" srcset=\"https:\/\/detektiv-trails.ch\/wp-content\/uploads\/sites\/8\/2025\/03\/Detektiv-Dachs-mit-Schatztruhe-Detektiv-Trails-819x1024.png 819w, https:\/\/detektiv-trails.ch\/wp-content\/uploads\/sites\/8\/2025\/03\/Detektiv-Dachs-mit-Schatztruhe-Detektiv-Trails-240x300.png 240w, https:\/\/detektiv-trails.ch\/wp-content\/uploads\/sites\/8\/2025\/03\/Detektiv-Dachs-mit-Schatztruhe-Detektiv-Trails-768x960.png 768w, https:\/\/detektiv-trails.ch\/wp-content\/uploads\/sites\/8\/2025\/03\/Detektiv-Dachs-mit-Schatztruhe-Detektiv-Trails-1229x1536.png 1229w, https:\/\/detektiv-trails.ch\/wp-content\/uploads\/sites\/8\/2025\/03\/Detektiv-Dachs-mit-Schatztruhe-Detektiv-Trails-600x750.png 600w, https:\/\/detektiv-trails.ch\/wp-content\/uploads\/sites\/8\/2025\/03\/Detektiv-Dachs-mit-Schatztruhe-Detektiv-Trails.png 1536w\" sizes=\"auto, (max-width: 819px) 100vw, 819px\" \/><\/a><\/td>\n<td>Si vous avez tout r\u00e9solu correctement, vous pouvez ouvrir le cadenas du <strong>coffre au tr\u00e9sor<\/strong> et emporter un <strong>petit prix imm\u00e9diat<\/strong> (max. 1 prix\/personne payante).<\/td>\n<\/tr>\n<\/tbody>\n<\/table>\n","protected":false},"featured_media":148698,"comment_status":"open","ping_status":"closed","template":"","meta":{"inline_featured_image":false,"site-sidebar-layout":"default","site-content-layout":"default","ast-site-content-layout":"default","site-content-style":"default","site-sidebar-style":"default","ast-global-header-display":"","ast-banner-title-visibility":"","ast-main-header-display":"","ast-hfb-above-header-display":"","ast-hfb-below-header-display":"","ast-hfb-mobile-header-display":"","site-post-title":"","ast-breadcrumbs-content":"","ast-featured-img":"","footer-sml-layout":"","ast-disable-related-posts":"","theme-transparent-header-meta":"default","adv-header-id-meta":"","stick-header-meta":"default","header-above-stick-meta":"","header-main-stick-meta":"","header-below-stick-meta":"","astra-migrate-meta-layouts":"set","ast-page-background-enabled":"default","ast-page-background-meta":{"desktop":{"background-color":"var(--ast-global-color-4)","background-image":"","background-repeat":"repeat","background-position":"center center","background-size":"auto","background-attachment":"scroll","background-type":"","background-media":"","overlay-type":"","overlay-color":"","overlay-opacity":"","overlay-gradient":""},"tablet":{"background-color":"","background-image":"","background-repeat":"repeat","background-position":"center center","background-size":"auto","background-attachment":"scroll","background-type":"","background-media":"","overlay-type":"","overlay-color":"","overlay-opacity":"","overlay-gradient":""},"mobile":{"background-color":"","background-image":"","background-repeat":"repeat","background-position":"center center","background-size":"auto","background-attachment":"scroll","background-type":"","background-media":"","overlay-type":"","overlay-color":"","overlay-opacity":"","overlay-gradient":""}},"ast-content-background-meta":{"desktop":{"background-color":"var(--ast-global-color-5)","background-image":"","background-repeat":"repeat","background-position":"center center","background-size":"auto","background-attachment":"scroll","background-type":"","background-media":"","overlay-type":"","overlay-color":"","overlay-opacity":"","overlay-gradient":""},"tablet":{"background-color":"var(--ast-global-color-5)","background-image":"","background-repeat":"repeat","background-position":"center center","background-size":"auto","background-attachment":"scroll","background-type":"","background-media":"","overlay-type":"","overlay-color":"","overlay-opacity":"","overlay-gradient":""},"mobile":{"background-color":"var(--ast-global-color-5)","background-image":"","background-repeat":"repeat","background-position":"center center","background-size":"auto","background-attachment":"scroll","background-type":"","background-media":"","overlay-type":"","overlay-color":"","overlay-opacity":"","overlay-gradient":""}}},"product_brand":[],"product_cat":[484,265,266,471,267,463,333,268],"product_tag":[409,410,411,412],"class_list":{"0":"post-150443","1":"product","2":"type-product","3":"status-publish","4":"has-post-thumbnail","6":"product_cat-au-bord-de-l-eau","7":"product_cat-detective-trail-avec-coffre-au-tresor","8":"product_cat-detective-trail-avec-livraison-subsequente","9":"product_cat-detective-trails-a-lucerne","10":"product_cat-les-cartes-de-detective-trails-en-suisse","11":"product_cat-suisse-centrale","12":"product_cat-freizeit-trails-fr","13":"product_cat-trails-francaises","14":"product_tag-detektiv-dachs-fr","15":"product_tag-detektiv-trail-fr","16":"product_tag-schatzsuche-fr","17":"product_tag-schnitzeljagd-fr","18":"desktop-align-center","19":"tablet-align-left","20":"mobile-align-left","21":"ast-product-gallery-layout-horizontal-slider","22":"ast-magnify-disabled","23":"ast-product-tabs-layout-horizontal","25":"first","26":"instock","27":"featured","28":"virtual","29":"taxable","30":"purchasable","31":"product-type-simple"},"_links":{"self":[{"href":"https:\/\/detektiv-trails.ch\/fr\/wp-json\/wp\/v2\/product\/150443","targetHints":{"allow":["GET"]}}],"collection":[{"href":"https:\/\/detektiv-trails.ch\/fr\/wp-json\/wp\/v2\/product"}],"about":[{"href":"https:\/\/detektiv-trails.ch\/fr\/wp-json\/wp\/v2\/types\/product"}],"replies":[{"embeddable":true,"href":"https:\/\/detektiv-trails.ch\/fr\/wp-json\/wp\/v2\/comments?post=150443"}],"version-history":[{"count":8,"href":"https:\/\/detektiv-trails.ch\/fr\/wp-json\/wp\/v2\/product\/150443\/revisions"}],"predecessor-version":[{"id":166334,"href":"https:\/\/detektiv-trails.ch\/fr\/wp-json\/wp\/v2\/product\/150443\/revisions\/166334"}],"wp:featuredmedia":[{"embeddable":true,"href":"https:\/\/detektiv-trails.ch\/fr\/wp-json\/wp\/v2\/media\/148698"}],"wp:attachment":[{"href":"https:\/\/detektiv-trails.ch\/fr\/wp-json\/wp\/v2\/media?parent=150443"}],"wp:term":[{"taxonomy":"product_brand","embeddable":true,"href":"https:\/\/detektiv-trails.ch\/fr\/wp-json\/wp\/v2\/product_brand?post=150443"},{"taxonomy":"product_cat","embeddable":true,"href":"https:\/\/detektiv-trails.ch\/fr\/wp-json\/wp\/v2\/product_cat?post=150443"},{"taxonomy":"product_tag","embeddable":true,"href":"https:\/\/detektiv-trails.ch\/fr\/wp-json\/wp\/v2\/product_tag?post=150443"}],"curies":[{"name":"wp","href":"https:\/\/api.w.org\/{rel}","templated":true}]}}