{"id":151438,"date":"2020-09-28T14:11:35","date_gmt":"2020-09-28T12:11:35","guid":{"rendered":"https:\/\/detektiv-trails.ch\/produkt\/detective-trail-berne-detective-blaireau-et-ses-amis-animaux-2\/"},"modified":"2026-02-18T17:09:10","modified_gmt":"2026-02-18T16:09:10","slug":"detective-trail-berne-detective-blaireau-amis-animaux","status":"publish","type":"product","link":"https:\/\/detektiv-trails.ch\/fr\/produit\/detective-trail-berne-detective-blaireau-amis-animaux\/","title":{"rendered":"D\u00e9tective-Trail: Berne &#8211; D\u00e9tective Blaireau et ses amis animaux"},"content":{"rendered":"<p data-start=\"56\" data-end=\"261\"><strong><span style=\"color: #79ced7\">D\u00e9tective-Trail Berne: D\u00e9tective Blaireau et ses amis animaux est ouvert tous les jours\u00a0<\/span><\/strong><br data-start=\"126\" data-end=\"129\" \/><strong data-start=\"129\" data-end=\"187\">Variante du trail : <\/strong>Avec cadeau \u00e0 t\u00e9l\u00e9charger en ligne <strong data-start=\"129\" data-end=\"187\"><a href=\"https:\/\/detektiv-trails.ch\/wp-content\/uploads\/sites\/8\/2024\/09\/Icon_online_download_Geschenk.png\"><img loading=\"lazy\" decoding=\"async\" class=\"alignnone wp-image-130704\" src=\"https:\/\/detektiv-trails.ch\/wp-content\/uploads\/sites\/8\/2024\/09\/Icon_online_download_Geschenk.png\" alt=\"Icon Online Download Geschenk\" width=\"26\" height=\"26\" srcset=\"https:\/\/detektiv-trails.ch\/wp-content\/uploads\/sites\/8\/2024\/09\/Icon_online_download_Geschenk.png 462w, https:\/\/detektiv-trails.ch\/wp-content\/uploads\/sites\/8\/2024\/09\/Icon_online_download_Geschenk-300x300.png 300w, https:\/\/detektiv-trails.ch\/wp-content\/uploads\/sites\/8\/2024\/09\/Icon_online_download_Geschenk-150x150.png 150w, https:\/\/detektiv-trails.ch\/wp-content\/uploads\/sites\/8\/2024\/09\/Icon_online_download_Geschenk-100x100.png 100w\" sizes=\"auto, (max-width: 26px) 100vw, 26px\" \/><\/a><\/strong><br data-start=\"187\" data-end=\"190\" \/><strong data-start=\"190\" data-end=\"261\">Heures d\u2019ouverture du trail : Ouvert tous les jours \u2013 \u00c0 tout moment<\/strong><br \/>\n<strong data-start=\"263\" data-end=\"331\">Nouvelle variante du trail avec cadeau en ligne \u00e0 t\u00e9l\u00e9charger : <\/strong>Ce D\u00e9tective-Trail ne contient pas de coffre au tr\u00e9sor. \u00c0 la fin, tu recevras un cadeau num\u00e9rique sous forme du <a href=\"https:\/\/detektiv-trails.ch\/fr\/produit\/devinez-crime-le-polar-scientifique-a-imprimer-soi-meme\/\" target=\"_blank\" rel=\"noopener\">Devinez-Crime <em data-start=\"462\" data-end=\"487\">\u00ab Polar scientifique \u00bb<\/em><\/a> \u00e0 t\u00e9l\u00e9charger.<br data-start=\"502\" data-end=\"505\" \/>Les informations pour le t\u00e9l\u00e9chargement se trouvent \u00e0 la fin du D\u00e9tective-Trail.<\/p>\n<p data-start=\"56\" data-end=\"261\">Tu peux aussi opter pour <strong><a href=\"https:\/\/detektiv-trails.ch\/fr\/produit\/detective-trail-berne-detective-blaireau-et-ses-amis-animaux\/\" target=\"_blank\" rel=\"noopener\"><em>la version classique du D\u00e9tective-Trail avec coffre au tr\u00e9sor<\/em><\/a>.<\/strong><\/p>\n<p><strong>Distance :<\/strong> 4.7 km<br \/>\n<strong>Dur\u00e9e :<\/strong> 3h (sans pauses)<\/p>\n<div style=\"background-color: #f4f4f4;padding: 20px\"><strong><strong style=\"color: #79ced7;line-height: 2rem\">Pars \u00e0 l\u2019aventure avec les D\u00e9tective-Trails et D\u00e9tective Blaireau :<br \/>\nUne chasse au tr\u00e9sor passionnante pour petits et grands. D\u00e9couvre Berne avec ses c\u00e9l\u00e8bres monuments, ses animaux fascinants et ses histoires captivantes. En chemin, tu accompagnes D\u00e9tective Blaireau du Parc aux ours en passant par la Cathedrale de Berne jusqu\u2019\u00e0 la c\u00e9l\u00e8bre Zytglogge et \u00e0 la biblioth\u00e8que municipale pr\u00e8s de la Kornhausplatz.<br \/>\nTout au long du parcours, les animaux sont \u00e0 l\u2019honneur : tu rencontres ses amis \u00e0 poils et \u00e0 plumes, apprends plein de choses sur leurs habitats \u2013 en pleine ville \u2013 et r\u00e9sous des \u00e9nigmes passionnantes sur place.<br \/>\nLe D\u00e9tective-Trail Berne allie plaisir, mouvement et d\u00e9fis ludiques \u2013 une exp\u00e9rience inoubliable pour les enfants, les parents, les \u00e9l\u00e8ves, les grands-parents et bien d\u2019autres.<br \/>\nBonne chance dans ton enqu\u00eate\u202f!<br \/>\n<\/strong><\/strong><\/div>\n<p><strong><br \/>\nD\u00e9part : <\/strong>Eglise Heiliggeist, Place de la Gare de Berne<br \/>\n<strong>Lieu d&#8217;arriv\u00e9 : <\/strong>Kornhausplatz, Berne<br \/>\n<strong data-start=\"48\" data-end=\"73\">Autres informations :<\/strong> Tu peux faire des pauses \u00e0 tout moment dans la vieille ville. Il y a des places de jeux \u00e0 la Kleine Schanze (entre les \u00e9nigmes 3 et 4 ou \u00e0 visiter apr\u00e8s le trail) et sur la plate-forme de la Coll\u00e9giale (\u00e9nigme 6).<br \/>\n<strong>&gt; Version imprim\u00e9e :<\/strong> Veuillez apporter un smartphone afin de pouvoir v\u00e9rifier le code de solution \u00e0 la fin du trail \u00e0 l\u2019aide d\u2019un QR code. Vous recevrez ensuite le lien vers le cadeau digital \u00e0 la fin du jeu, apr\u00e8s la v\u00e9rification du code de solution.<br \/>\n<strong>&gt; Version en ligne :<\/strong> Le lien pour le cadeau digital s&#8217;affichera \u00e0 la fin du jeu (apr\u00e8s avoir r\u00e9esolu la derni\u00e8re \u00e9nigme) sur la page de solution.<span style=\"font-size: 17.6px\"><br \/>\n<\/span><strong>Poussettes : <\/strong>Le trail est accessible aux poussettes <a href=\"https:\/\/detektiv-trails.ch\/wp-content\/uploads\/sites\/8\/2023\/12\/detektiv-trails-Icon-Kinderwagen.jpg\"><img loading=\"lazy\" decoding=\"async\" class=\"alignnone wp-image-112000\" src=\"https:\/\/detektiv-trails.ch\/wp-content\/uploads\/sites\/8\/2023\/12\/detektiv-trails-Icon-Kinderwagen.jpg\" alt=\"\" width=\"28\" height=\"28\" srcset=\"https:\/\/detektiv-trails.ch\/wp-content\/uploads\/sites\/8\/2023\/12\/detektiv-trails-Icon-Kinderwagen.jpg 532w, https:\/\/detektiv-trails.ch\/wp-content\/uploads\/sites\/8\/2023\/12\/detektiv-trails-Icon-Kinderwagen-300x300.jpg 300w, https:\/\/detektiv-trails.ch\/wp-content\/uploads\/sites\/8\/2023\/12\/detektiv-trails-Icon-Kinderwagen-150x150.jpg 150w, https:\/\/detektiv-trails.ch\/wp-content\/uploads\/sites\/8\/2023\/12\/detektiv-trails-Icon-Kinderwagen-100x100.jpg 100w\" sizes=\"auto, (max-width: 28px) 100vw, 28px\" \/><\/a><br \/>\n<strong>Degr\u00e9 de difficult\u00e9 :\u00a0<\/strong>moyen<br \/>\n<strong>Date de cr\u00e9ation : <\/strong>2024<\/p>\n<h4><span style=\"color: #79ced7\">Plus d&#8217;offres de MyCityHighlight<br \/>\n<\/span><\/h4>\n<ul>\n<li>D\u00e9couvre de nombreux faits int\u00e9ressants et passionnants sur les autres <a href=\"https:\/\/detektiv-trails.ch\/fr\/categorie-de-produits\/espace-mittelland\/detective-trails-a-berne\/\">D\u00e9tective-Trail \u00e0 Berne<\/a> \u2013 l\u2019aventure des \u00e9nigmes pour tout-le-monde.<\/li>\n<li>Deviens enqu\u00eateur et r\u00e9sous <a href=\"https:\/\/www.krimi-trails.ch\/fr\/produit\/crime-trail-berne-meurtre-dans-la-galerie-von-werdt-a-berne\/\" target=\"_blank\" rel=\"noopener noreferrer nofollow\">le Crime-Trail \u00e0 Berne<\/a> &#8211; une activit\u00e9 de loisirs passionante pour les fans de crime.<\/li>\n<li>Partez \u00e0 la chasse du myst\u00e9rieux guide sur le sentier interactif <a href=\"https:\/\/finding-daniel.ch\/fr\/produit\/berne-highlights\/\" target=\"_blank\" rel=\"noopener noreferrer nofollow\">Finding-Daniel \u00e0 Berne<\/a> et apprenez des histoires suprenantes sur la ville en suivant ses traces.<\/li>\n<\/ul>\n","protected":false},"excerpt":{"rendered":"<table style=\"width: 100%\">\n<tbody>\n<tr>\n<th><a href=\"https:\/\/detektiv-trails.ch\/wp-content\/uploads\/sites\/8\/2025\/03\/Detektiv-Dachs-gehend-standard-Detektiv-Trails-819x1024.png\"><img loading=\"lazy\" decoding=\"async\" class=\"alignnone wp-image-140338 size-large\" src=\"https:\/\/detektiv-trails.ch\/wp-content\/uploads\/sites\/8\/2025\/03\/Detektiv-Dachs-gehend-standard-Detektiv-Trails-819x1024.png\" alt=\"Detektiv Dachs gehend standard Detektiv-Trails\" width=\"819\" height=\"1024\" srcset=\"https:\/\/detektiv-trails.ch\/wp-content\/uploads\/sites\/8\/2025\/03\/Detektiv-Dachs-gehend-standard-Detektiv-Trails-819x1024.png 819w, https:\/\/detektiv-trails.ch\/wp-content\/uploads\/sites\/8\/2025\/03\/Detektiv-Dachs-gehend-standard-Detektiv-Trails-240x300.png 240w, https:\/\/detektiv-trails.ch\/wp-content\/uploads\/sites\/8\/2025\/03\/Detektiv-Dachs-gehend-standard-Detektiv-Trails-768x960.png 768w, https:\/\/detektiv-trails.ch\/wp-content\/uploads\/sites\/8\/2025\/03\/Detektiv-Dachs-gehend-standard-Detektiv-Trails-1229x1536.png 1229w, https:\/\/detektiv-trails.ch\/wp-content\/uploads\/sites\/8\/2025\/03\/Detektiv-Dachs-gehend-standard-Detektiv-Trails-600x750.png 600w, https:\/\/detektiv-trails.ch\/wp-content\/uploads\/sites\/8\/2025\/03\/Detektiv-Dachs-gehend-standard-Detektiv-Trails.png 1536w\" sizes=\"auto, (max-width: 819px) 100vw, 819px\" \/><\/a><\/th>\n<td><a href=\"https:\/\/detektiv-dachs.ch\/fr\/\" target=\"_blank\" rel=\"noopener\">D\u00e9tective Blaireau<\/a> vous emm\u00e8ne dans une <strong>chasse au tr\u00e9sor<\/strong> passionnante \u00e0 Berne.<\/td>\n<\/tr>\n<tr>\n<td><a href=\"https:\/\/detektiv-trails.ch\/wp-content\/uploads\/sites\/8\/2025\/03\/Detektiv-Dachs-mit-Karte-Detektiv-Trails-820x1024.png\"><img loading=\"lazy\" decoding=\"async\" class=\"alignnone wp-image-140326 size-large\" src=\"https:\/\/detektiv-trails.ch\/wp-content\/uploads\/sites\/8\/2025\/03\/Detektiv-Dachs-mit-Karte-Detektiv-Trails-820x1024.png\" alt=\"Detektiv Dachs mit Karte Detektiv-Trails\" width=\"820\" height=\"1024\" srcset=\"https:\/\/detektiv-trails.ch\/wp-content\/uploads\/sites\/8\/2025\/03\/Detektiv-Dachs-mit-Karte-Detektiv-Trails-820x1024.png 820w, https:\/\/detektiv-trails.ch\/wp-content\/uploads\/sites\/8\/2025\/03\/Detektiv-Dachs-mit-Karte-Detektiv-Trails-240x300.png 240w, https:\/\/detektiv-trails.ch\/wp-content\/uploads\/sites\/8\/2025\/03\/Detektiv-Dachs-mit-Karte-Detektiv-Trails-768x959.png 768w, https:\/\/detektiv-trails.ch\/wp-content\/uploads\/sites\/8\/2025\/03\/Detektiv-Dachs-mit-Karte-Detektiv-Trails-1230x1536.png 1230w, https:\/\/detektiv-trails.ch\/wp-content\/uploads\/sites\/8\/2025\/03\/Detektiv-Dachs-mit-Karte-Detektiv-Trails-600x750.png 600w, https:\/\/detektiv-trails.ch\/wp-content\/uploads\/sites\/8\/2025\/03\/Detektiv-Dachs-mit-Karte-Detektiv-Trails.png 1537w\" sizes=\"auto, (max-width: 820px) 100vw, 820px\" \/><\/a><\/td>\n<td>\u00c9quip\u00e9s de la carte au tr\u00e9sor (imprim\u00e9e ou en ligne), vous explorez Berne et r\u00e9solvez des \u00e9nigmes vari\u00e9es.<br \/>\nComme dans <strong>un jeu de piste<\/strong>, l&#8217;itin\u00e9raire vous m\u00e8ne d&#8217;une \u00e9nigme \u00e0 l&#8217;autre. Vous les r\u00e9solvez avec les \u00e9l\u00e9ments sur place. Les enfants et les adultes d\u00e9couvrent ainsi des <strong>informations int\u00e9ressantes et surprenantes<\/strong>.<\/td>\n<\/tr>\n<tr>\n<td><a href=\"https:\/\/detektiv-trails.ch\/wp-content\/uploads\/sites\/8\/2025\/03\/Detektiv-Dachs_Detektiv-Trails_mit-Geschenk.jpg\"><img loading=\"lazy\" decoding=\"async\" class=\"alignnone size-full wp-image-140617\" src=\"https:\/\/detektiv-trails.ch\/wp-content\/uploads\/sites\/8\/2025\/03\/Detektiv-Dachs_Detektiv-Trails_mit-Geschenk.jpg\" alt=\"\" width=\"768\" height=\"1086\" srcset=\"https:\/\/detektiv-trails.ch\/wp-content\/uploads\/sites\/8\/2025\/03\/Detektiv-Dachs_Detektiv-Trails_mit-Geschenk.jpg 768w, https:\/\/detektiv-trails.ch\/wp-content\/uploads\/sites\/8\/2025\/03\/Detektiv-Dachs_Detektiv-Trails_mit-Geschenk-212x300.jpg 212w, https:\/\/detektiv-trails.ch\/wp-content\/uploads\/sites\/8\/2025\/03\/Detektiv-Dachs_Detektiv-Trails_mit-Geschenk-724x1024.jpg 724w, https:\/\/detektiv-trails.ch\/wp-content\/uploads\/sites\/8\/2025\/03\/Detektiv-Dachs_Detektiv-Trails_mit-Geschenk-600x848.jpg 600w\" sizes=\"auto, (max-width: 768px) 100vw, 768px\" \/><\/a><\/td>\n<td>Si tu as bien r\u00e9solu toutes les \u00e9nigmes, tu recevras le <strong>Devinez-Crime <em data-start=\"119\" data-end=\"144\">\u00ab Polar scientifique \u00bb<\/em><\/strong> en t\u00e9l\u00e9chargement. Les informations pour le t\u00e9l\u00e9chargement se trouvent \u00e0 la fin du D\u00e9tective-Trail.<\/td>\n<\/tr>\n<\/tbody>\n<\/table>\n","protected":false},"featured_media":130703,"comment_status":"open","ping_status":"closed","template":"","meta":{"inline_featured_image":false,"site-sidebar-layout":"default","site-content-layout":"default","ast-site-content-layout":"default","site-content-style":"default","site-sidebar-style":"default","ast-global-header-display":"","ast-banner-title-visibility":"","ast-main-header-display":"","ast-hfb-above-header-display":"","ast-hfb-below-header-display":"","ast-hfb-mobile-header-display":"","site-post-title":"","ast-breadcrumbs-content":"","ast-featured-img":"","footer-sml-layout":"","ast-disable-related-posts":"","theme-transparent-header-meta":"default","adv-header-id-meta":"","stick-header-meta":"default","header-above-stick-meta":"","header-main-stick-meta":"","header-below-stick-meta":"","astra-migrate-meta-layouts":"set","ast-page-background-enabled":"default","ast-page-background-meta":{"desktop":{"background-color":"var(--ast-global-color-4)","background-image":"","background-repeat":"repeat","background-position":"center center","background-size":"auto","background-attachment":"scroll","background-type":"","background-media":"","overlay-type":"","overlay-color":"","overlay-opacity":"","overlay-gradient":""},"tablet":{"background-color":"","background-image":"","background-repeat":"repeat","background-position":"center center","background-size":"auto","background-attachment":"scroll","background-type":"","background-media":"","overlay-type":"","overlay-color":"","overlay-opacity":"","overlay-gradient":""},"mobile":{"background-color":"","background-image":"","background-repeat":"repeat","background-position":"center center","background-size":"auto","background-attachment":"scroll","background-type":"","background-media":"","overlay-type":"","overlay-color":"","overlay-opacity":"","overlay-gradient":""}},"ast-content-background-meta":{"desktop":{"background-color":"var(--ast-global-color-5)","background-image":"","background-repeat":"repeat","background-position":"center center","background-size":"auto","background-attachment":"scroll","background-type":"","background-media":"","overlay-type":"","overlay-color":"","overlay-opacity":"","overlay-gradient":""},"tablet":{"background-color":"var(--ast-global-color-5)","background-image":"","background-repeat":"repeat","background-position":"center center","background-size":"auto","background-attachment":"scroll","background-type":"","background-media":"","overlay-type":"","overlay-color":"","overlay-opacity":"","overlay-gradient":""},"mobile":{"background-color":"var(--ast-global-color-5)","background-image":"","background-repeat":"repeat","background-position":"center center","background-size":"auto","background-attachment":"scroll","background-type":"","background-media":"","overlay-type":"","overlay-color":"","overlay-opacity":"","overlay-gradient":""}}},"product_brand":[],"product_cat":[421,469,267,447,333,268],"product_tag":[279,409,411,412],"class_list":{"0":"post-151438","1":"product","2":"type-product","3":"status-publish","4":"has-post-thumbnail","6":"product_cat-detective-trail-avec-cadeau-digital","7":"product_cat-detective-trails-a-berne","8":"product_cat-les-cartes-de-detective-trails-en-suisse","9":"product_cat-espace-mittelland","10":"product_cat-freizeit-trails-fr","11":"product_cat-trails-francaises","12":"product_tag-bern","13":"product_tag-detektiv-dachs-fr","14":"product_tag-schatzsuche-fr","15":"product_tag-schnitzeljagd-fr","16":"desktop-align-center","17":"tablet-align-left","18":"mobile-align-left","19":"ast-product-gallery-layout-horizontal-slider","20":"ast-magnify-disabled","21":"ast-product-tabs-layout-horizontal","23":"first","24":"instock","25":"featured","26":"virtual","27":"taxable","28":"purchasable","29":"product-type-simple"},"_links":{"self":[{"href":"https:\/\/detektiv-trails.ch\/fr\/wp-json\/wp\/v2\/product\/151438","targetHints":{"allow":["GET"]}}],"collection":[{"href":"https:\/\/detektiv-trails.ch\/fr\/wp-json\/wp\/v2\/product"}],"about":[{"href":"https:\/\/detektiv-trails.ch\/fr\/wp-json\/wp\/v2\/types\/product"}],"replies":[{"embeddable":true,"href":"https:\/\/detektiv-trails.ch\/fr\/wp-json\/wp\/v2\/comments?post=151438"}],"version-history":[{"count":10,"href":"https:\/\/detektiv-trails.ch\/fr\/wp-json\/wp\/v2\/product\/151438\/revisions"}],"predecessor-version":[{"id":164224,"href":"https:\/\/detektiv-trails.ch\/fr\/wp-json\/wp\/v2\/product\/151438\/revisions\/164224"}],"wp:featuredmedia":[{"embeddable":true,"href":"https:\/\/detektiv-trails.ch\/fr\/wp-json\/wp\/v2\/media\/130703"}],"wp:attachment":[{"href":"https:\/\/detektiv-trails.ch\/fr\/wp-json\/wp\/v2\/media?parent=151438"}],"wp:term":[{"taxonomy":"product_brand","embeddable":true,"href":"https:\/\/detektiv-trails.ch\/fr\/wp-json\/wp\/v2\/product_brand?post=151438"},{"taxonomy":"product_cat","embeddable":true,"href":"https:\/\/detektiv-trails.ch\/fr\/wp-json\/wp\/v2\/product_cat?post=151438"},{"taxonomy":"product_tag","embeddable":true,"href":"https:\/\/detektiv-trails.ch\/fr\/wp-json\/wp\/v2\/product_tag?post=151438"}],"curies":[{"name":"wp","href":"https:\/\/api.w.org\/{rel}","templated":true}]}}