{"id":153191,"date":"2024-05-02T14:23:35","date_gmt":"2024-05-02T12:23:35","guid":{"rendered":"https:\/\/detektiv-trails.ch\/produkt\/153191\/"},"modified":"2025-09-19T11:44:44","modified_gmt":"2025-09-19T09:44:44","slug":"kit-danniversaire","status":"publish","type":"product","link":"https:\/\/detektiv-trails.ch\/fr\/produit\/kit-danniversaire\/","title":{"rendered":"Kit d&#8217;anniversaire"},"content":{"rendered":"<h4><span style=\"color: #79ced7;\">Le kit d\u2019anniversaire\u00a0pour une f\u00eate d\u2019enfants vraiment sp\u00e9ciale<\/span><\/h4>\n<p data-start=\"171\" data-end=\"604\">Sp\u00e9cialement con\u00e7u pour les f\u00eates d\u2019anniversaire d\u2019enfants, nous avons cr\u00e9\u00e9 notre kit d\u2019anniversaire.<br data-start=\"272\" data-end=\"275\" \/>Tu souhaites donner \u00e0 la f\u00eate d\u2019anniversaire une touche particuli\u00e8re et une ambiance d\u00e9tective unique ? Alors, le kit d\u2019anniversaire est exactement ce qu\u2019il te faut !<br data-start=\"441\" data-end=\"444\" \/>R\u00e9serve le kit d\u2019anniversaire comme package avec le D\u00e9tective-Trail de ton choix.<\/p>\n<p><strong>Contenu par kit d\u2019anniversaire command\u00e9<\/strong><\/p>\n<ul>\n<li><span style=\"font-size: 16px;\">Un cordon avec un badge d\u00e9tective personnalisable<\/span><\/li>\n<li data-start=\"721\" data-end=\"841\">Un dipl\u00f4me de d\u00e9tective personnalisable, qui peut \u00eatre remis aux enfants comme certificat apr\u00e8s avoir termin\u00e9 le Trail<\/li>\n<li data-start=\"721\" data-end=\"841\">Un crayon avec une gomme de D\u00e9tective Blaireau, pour prendre des notes et comme souvenir de l\u2019aventure d\u00e9tective partag\u00e9e<\/li>\n<\/ul>\n<p data-start=\"975\" data-end=\"1227\">Le kit d\u2019anniversaire est r\u00e9serv\u00e9 par enfant\/personne et est envoy\u00e9 dans un d\u00e9lai de 3 \u00e0 5 jours ouvrables (exp\u00e9dition uniquement en Suisse et dans la Principaut\u00e9 du Liechtenstein).<br data-start=\"1156\" data-end=\"1159\" \/>Le kit d\u2019anniversaire ne comprend <strong>PAS<\/strong> de D\u00e9tective-Trail.<\/p>\n<p data-start=\"1229\" data-end=\"1361\">Tu souhaites r\u00e9server le package complet incluant le Trail de ton choix ? D\u00e9couvre la page d\u00e9di\u00e9e au package d\u2019anniversaire :<\/p>\n<ul data-start=\"1363\" data-end=\"1672\">\n<li data-start=\"1516\" data-end=\"1672\">\n<p data-start=\"1518\" data-end=\"1672\">R\u00e9server ensemble le kit d\u2019anniversaire et le D\u00e9tective-Trail : Package d\u2019anniversaire incl. D\u00e9tective-Trail dans la ville de ton choix<\/p>\n<\/li>\n<\/ul>\n","protected":false},"excerpt":{"rendered":"<h4><span style=\"color: #79ced7;\">Le kit d\u2019anniversaire\u00a0pour une f\u00eate d\u2019enfants vraiment sp\u00e9ciale<\/span><\/h4>\n<p data-start=\"171\" data-end=\"604\">Sp\u00e9cialement con\u00e7u pour les f\u00eates d\u2019anniversaire d\u2019enfants, nous avons cr\u00e9\u00e9 notre kit d\u2019anniversaire.<br data-start=\"272\" data-end=\"275\" \/>Tu souhaites donner \u00e0 la f\u00eate d\u2019anniversaire une touche particuli\u00e8re et une ambiance d\u00e9tective unique ? Alors, le kit d\u2019anniversaire est exactement ce qu\u2019il te faut !<br data-start=\"441\" data-end=\"444\" \/>R\u00e9serve le kit d\u2019anniversaire comme package avec le D\u00e9tective-Trail de ton choix.<\/p>\n<p><strong>Contenu par kit d\u2019anniversaire command\u00e9<\/strong><\/p>\n<ul>\n<li><span style=\"font-size: 16px;\">Un cordon avec un badge d\u00e9tective personnalisable<\/span><\/li>\n<li data-start=\"721\" data-end=\"841\">Un dipl\u00f4me de d\u00e9tective personnalisable, qui peut \u00eatre remis aux enfants comme certificat apr\u00e8s avoir termin\u00e9 le Trail<\/li>\n<li data-start=\"721\" data-end=\"841\">Un crayon avec une gomme de D\u00e9tective Blaireau, pour prendre des notes et comme souvenir de l\u2019aventure d\u00e9tective partag\u00e9e<\/li>\n<\/ul>\n<p data-start=\"975\" data-end=\"1227\">Le kit d\u2019anniversaire est r\u00e9serv\u00e9 par enfant\/personne et est envoy\u00e9 dans un d\u00e9lai de 3 \u00e0 5 jours ouvrables (exp\u00e9dition uniquement en Suisse et dans la Principaut\u00e9 du Liechtenstein).<br data-start=\"1156\" data-end=\"1159\" \/>Le kit d\u2019anniversaire ne comprend <strong>PAS<\/strong> de D\u00e9tective-Trail.<\/p>\n<p>Nombre d\u2019enfants \u00e0 la f\u00eate d\u2019anniversaire <strong><em>(r\u00e9servable \u00e0 partir de 5 personnes)<\/em><\/strong> :<\/p>\n","protected":false},"featured_media":156018,"comment_status":"open","ping_status":"closed","template":"","meta":{"inline_featured_image":false,"site-sidebar-layout":"default","site-content-layout":"default","ast-site-content-layout":"default","site-content-style":"default","site-sidebar-style":"default","ast-global-header-display":"","ast-banner-title-visibility":"","ast-main-header-display":"","ast-hfb-above-header-display":"","ast-hfb-below-header-display":"","ast-hfb-mobile-header-display":"","site-post-title":"","ast-breadcrumbs-content":"","ast-featured-img":"","footer-sml-layout":"","ast-disable-related-posts":"","theme-transparent-header-meta":"default","adv-header-id-meta":"","stick-header-meta":"default","header-above-stick-meta":"","header-main-stick-meta":"","header-below-stick-meta":"","astra-migrate-meta-layouts":"set","ast-page-background-enabled":"default","ast-page-background-meta":{"desktop":{"background-color":"var(--ast-global-color-4)","background-image":"","background-repeat":"repeat","background-position":"center center","background-size":"auto","background-attachment":"scroll","background-type":"","background-media":"","overlay-type":"","overlay-color":"","overlay-opacity":"","overlay-gradient":""},"tablet":{"background-color":"","background-image":"","background-repeat":"repeat","background-position":"center center","background-size":"auto","background-attachment":"scroll","background-type":"","background-media":"","overlay-type":"","overlay-color":"","overlay-opacity":"","overlay-gradient":""},"mobile":{"background-color":"","background-image":"","background-repeat":"repeat","background-position":"center center","background-size":"auto","background-attachment":"scroll","background-type":"","background-media":"","overlay-type":"","overlay-color":"","overlay-opacity":"","overlay-gradient":""}},"ast-content-background-meta":{"desktop":{"background-color":"var(--ast-global-color-5)","background-image":"","background-repeat":"repeat","background-position":"center center","background-size":"auto","background-attachment":"scroll","background-type":"","background-media":"","overlay-type":"","overlay-color":"","overlay-opacity":"","overlay-gradient":""},"tablet":{"background-color":"var(--ast-global-color-5)","background-image":"","background-repeat":"repeat","background-position":"center center","background-size":"auto","background-attachment":"scroll","background-type":"","background-media":"","overlay-type":"","overlay-color":"","overlay-opacity":"","overlay-gradient":""},"mobile":{"background-color":"var(--ast-global-color-5)","background-image":"","background-repeat":"repeat","background-position":"center center","background-size":"auto","background-attachment":"scroll","background-type":"","background-media":"","overlay-type":"","overlay-color":"","overlay-opacity":"","overlay-gradient":""}}},"product_brand":[],"product_cat":[260,312],"product_tag":[486,410,487],"class_list":{"0":"post-153191","1":"product","2":"type-product","3":"status-publish","4":"has-post-thumbnail","6":"product_cat-detective-blaireau","7":"product_cat-team-kit-fr","8":"product_tag-anniversaire-denfants","9":"product_tag-detektiv-trail-fr","10":"product_tag-kit-danniversaire","11":"product_shipping_class-verpackungs-und-versandkosten","12":"desktop-align-center","13":"tablet-align-left","14":"mobile-align-left","15":"ast-product-gallery-layout-horizontal-slider","16":"ast-magnify-disabled","17":"ast-product-tabs-layout-horizontal","19":"first","20":"instock","21":"taxable","22":"shipping-taxable","23":"purchasable","24":"product-type-simple"},"_links":{"self":[{"href":"https:\/\/detektiv-trails.ch\/fr\/wp-json\/wp\/v2\/product\/153191","targetHints":{"allow":["GET"]}}],"collection":[{"href":"https:\/\/detektiv-trails.ch\/fr\/wp-json\/wp\/v2\/product"}],"about":[{"href":"https:\/\/detektiv-trails.ch\/fr\/wp-json\/wp\/v2\/types\/product"}],"replies":[{"embeddable":true,"href":"https:\/\/detektiv-trails.ch\/fr\/wp-json\/wp\/v2\/comments?post=153191"}],"version-history":[{"count":10,"href":"https:\/\/detektiv-trails.ch\/fr\/wp-json\/wp\/v2\/product\/153191\/revisions"}],"predecessor-version":[{"id":156017,"href":"https:\/\/detektiv-trails.ch\/fr\/wp-json\/wp\/v2\/product\/153191\/revisions\/156017"}],"wp:featuredmedia":[{"embeddable":true,"href":"https:\/\/detektiv-trails.ch\/fr\/wp-json\/wp\/v2\/media\/156018"}],"wp:attachment":[{"href":"https:\/\/detektiv-trails.ch\/fr\/wp-json\/wp\/v2\/media?parent=153191"}],"wp:term":[{"taxonomy":"product_brand","embeddable":true,"href":"https:\/\/detektiv-trails.ch\/fr\/wp-json\/wp\/v2\/product_brand?post=153191"},{"taxonomy":"product_cat","embeddable":true,"href":"https:\/\/detektiv-trails.ch\/fr\/wp-json\/wp\/v2\/product_cat?post=153191"},{"taxonomy":"product_tag","embeddable":true,"href":"https:\/\/detektiv-trails.ch\/fr\/wp-json\/wp\/v2\/product_tag?post=153191"}],"curies":[{"name":"wp","href":"https:\/\/api.w.org\/{rel}","templated":true}]}}