{"id":155740,"date":"2025-08-20T11:07:36","date_gmt":"2025-08-20T09:07:36","guid":{"rendered":"https:\/\/detektiv-trails.ch\/produkt\/package-danniversaire-avec-detective-trail\/"},"modified":"2026-03-31T08:05:56","modified_gmt":"2026-03-31T06:05:56","slug":"package-danniversaire-avec-detective-trail","status":"publish","type":"product","link":"https:\/\/detektiv-trails.ch\/fr\/produit\/package-danniversaire-avec-detective-trail\/","title":{"rendered":"Package d\u2019anniversaire avec D\u00e9tective-Trail"},"content":{"rendered":"\t\t<div data-elementor-type=\"product-post\" data-elementor-id=\"155740\" class=\"elementor elementor-155740 elementor-153755\" data-elementor-post-type=\"product\">\n\t\t\t\t<div class=\"elementor-element elementor-element-5b43835 e-flex e-con-boxed e-con e-parent\" data-id=\"5b43835\" data-element_type=\"container\" data-settings=\"{&quot;jet_parallax_layout_list&quot;:[]}\">\n\t\t\t\t\t<div class=\"e-con-inner\">\n\t\t\t\t<div class=\"elementor-element elementor-element-09eea6b elementor-widget elementor-widget-heading\" data-id=\"09eea6b\" data-element_type=\"widget\" data-widget_type=\"heading.default\">\n\t\t\t\t<div class=\"elementor-widget-container\">\n\t\t\t<h4 class=\"elementor-heading-title elementor-size-default\">Pourquoi le package d\u2019anniversaire avec D\u00e9tective-Trail est-il id\u00e9al pour ta f\u00eate d\u2019anniversaire d\u2019enfants ?<\/h4>\t\t<\/div>\n\t\t\t\t<\/div>\n\t\t\t\t<div class=\"elementor-element elementor-element-7798ddf elementor-icon-list--layout-traditional elementor-list-item-link-full_width elementor-widget elementor-widget-icon-list\" data-id=\"7798ddf\" data-element_type=\"widget\" data-widget_type=\"icon-list.default\">\n\t\t\t\t<div class=\"elementor-widget-container\">\n\t\t\t\t\t<ul class=\"elementor-icon-list-items\">\n\t\t\t\t\t\t\t<li class=\"elementor-icon-list-item\">\n\t\t\t\t\t\t\t\t\t\t\t<span class=\"elementor-icon-list-icon\">\n\t\t\t\t\t\t\t<i aria-hidden=\"true\" class=\"fas fa-fingerprint\"><\/i>\t\t\t\t\t\t<\/span>\n\t\t\t\t\t\t\t\t\t\t<span class=\"elementor-icon-list-text\">Convient aux enfants \u00e0 partir de 6 ans<\/span>\n\t\t\t\t\t\t\t\t\t<\/li>\n\t\t\t\t\t\t\t\t<li class=\"elementor-icon-list-item\">\n\t\t\t\t\t\t\t\t\t\t\t<span class=\"elementor-icon-list-icon\">\n\t\t\t\t\t\t\t<i aria-hidden=\"true\" class=\"fas fa-fingerprint\"><\/i>\t\t\t\t\t\t<\/span>\n\t\t\t\t\t\t\t\t\t\t<span class=\"elementor-icon-list-text\">Pr\u00e9paration rapide \u2013 dipl\u00f4mes et badges \u00e0 remplir, et c\u2019est parti !<\/span>\n\t\t\t\t\t\t\t\t\t<\/li>\n\t\t\t\t\t\t\t\t<li class=\"elementor-icon-list-item\">\n\t\t\t\t\t\t\t\t\t\t\t<span class=\"elementor-icon-list-icon\">\n\t\t\t\t\t\t\t<i aria-hidden=\"true\" class=\"fas fa-fingerprint\"><\/i>\t\t\t\t\t\t<\/span>\n\t\t\t\t\t\t\t\t\t\t<span class=\"elementor-icon-list-text\">R\u00e9servable pour tous les D\u00e9tective-Trails en Suisse et dans la Principaut\u00e9 du Liechtenstein<\/span>\n\t\t\t\t\t\t\t\t\t<\/li>\n\t\t\t\t\t\t<\/ul>\n\t\t\t\t<\/div>\n\t\t\t\t<\/div>\n\t\t\t\t<div class=\"elementor-element elementor-element-143acb2 elementor-widget elementor-widget-text-editor\" data-id=\"143acb2\" data-element_type=\"widget\" data-widget_type=\"text-editor.default\">\n\t\t\t\t<div class=\"elementor-widget-container\">\n\t\t\t\t\t\t\t<p data-start=\"87\" data-end=\"469\"><strong>Le D\u00e9tective-Trail est une aventure passionnante pour les petits enqu\u00eateurs<\/strong><br data-start=\"162\" data-end=\"165\">Un D\u00e9tective-Trail est une version moderne et adapt\u00e9e aux enfants de la traditionnelle chasse au tr\u00e9sor. Les enfants partent ensemble pour une exploration passionnante, r\u00e9solvent des \u00e9nigmes complexes et d\u00e9couvrent de nouveaux lieux de mani\u00e8re ludique. Pas \u00e0 pas, ils avancent ensemble vers l\u2019objectif.<\/p>\n<p data-start=\"471\" data-end=\"997\"><strong>Le coffre au tr\u00e9sor comme point culminant du D\u00e9tective-Trail<\/strong><br data-start=\"531\" data-end=\"534\">Pendant la chasse au tr\u00e9sor, les enfants collectent des indices pour d\u00e9chiffrer un code secret \u00e0 4 chiffres. Une fois qu\u2019ils l\u2019ont trouv\u00e9, une superbe surprise les attend dans un coffre au tr\u00e9sor \u00e0 la fin !<br data-start=\"740\" data-end=\"743\">Veuillez noter les horaires d\u2019ouverture des coffres au tr\u00e9sor pour chaque Trail, qui peuvent varier selon le parcours. <em><strong>Pour les D\u00e9tective-Trails avec envoi ult\u00e9rieur<\/strong><\/em>, nous pouvons \u00e9galement exp\u00e9dier le cadeau directement avec le package d\u2019anniversaire.<\/p>\n<p data-start=\"999\" data-end=\"1177\"><strong>Le meilleur :<\/strong> toute la chasse au tr\u00e9sor est d\u00e9j\u00e0 pr\u00eate et vous n\u2019avez \u00e0 vous occuper de rien, vous pouvez vous concentrer enti\u00e8rement sur le plaisir avec les petits enqu\u00eateurs.<\/p>\n<p data-start=\"1179\" data-end=\"1302\"><strong>Une exp\u00e9rience commune pleine de suspense, d\u2019esprit d\u2019\u00e9quipe et de joie.<\/strong><br data-start=\"1251\" data-end=\"1254\"><strong>Un anniversaire d\u2019enfant dont on se souvient !<\/strong><\/p>\n\t\t\t\t\t\t<\/div>\n\t\t\t\t<\/div>\n\t\t\t\t\t<\/div>\n\t\t\t\t<\/div>\n\t\t<div class=\"elementor-element elementor-element-da24c54 e-flex e-con-boxed e-con e-parent\" data-id=\"da24c54\" data-element_type=\"container\" data-settings=\"{&quot;jet_parallax_layout_list&quot;:[]}\">\n\t\t\t\t\t<div class=\"e-con-inner\">\n\t\t\t\t<div class=\"elementor-element elementor-element-815ec33 elementor-widget elementor-widget-heading\" data-id=\"815ec33\" data-element_type=\"widget\" data-widget_type=\"heading.default\">\n\t\t\t\t<div class=\"elementor-widget-container\">\n\t\t\t<h2 class=\"elementor-heading-title elementor-size-default\">O\u00f9 se trouvent des D\u00e9tective-Trails pour ta f\u00eate d\u2019anniversaire ?<\/h2>\t\t<\/div>\n\t\t\t\t<\/div>\n\t\t\t\t\t<\/div>\n\t\t\t\t<\/div>\n\t\t<div class=\"elementor-element elementor-element-63d9131 e-con-full e-flex e-con e-parent\" data-id=\"63d9131\" data-element_type=\"container\" data-settings=\"{&quot;jet_parallax_layout_list&quot;:[]}\">\n\t\t\t\t<div class=\"elementor-element elementor-element-2fa0c27 elementor-widget elementor-widget-shortcode\" data-id=\"2fa0c27\" data-element_type=\"widget\" data-widget_type=\"shortcode.default\">\n\t\t\t\t<div class=\"elementor-widget-container\">\n\t\t\t\t\t<div class=\"elementor-shortcode\">\t\t<div id=\"maps-marker-pro-e6eadde5\" class=\"maps-marker-pro\" style=\"width: 100%;\">\r\n\t\t\t<div id=\"mmp-map-wrap-e6eadde5\" class=\"mmp-map-wrap\">\r\n\t\t\t\t\t\t\t\t\t<div id=\"mmp-panel-e6eadde5\" class=\"mmp-panel\"><\/div>\r\n\t\t\t\t\t\t\t\t<div id=\"mmp-map-e6eadde5\" class=\"mmp-map\" style=\"height: 600px;\"><\/div>\r\n\t\t\t\t\t\t\t<\/div>\r\n\t\t\t\t\t<\/div>\r\n\t\t<\/div>\n\t\t\t\t<\/div>\n\t\t\t\t<\/div>\n\t\t\t\t<\/div>\n\t\t<div class=\"elementor-element elementor-element-889c89a e-flex e-con-boxed e-con e-parent\" data-id=\"889c89a\" data-element_type=\"container\" data-settings=\"{&quot;jet_parallax_layout_list&quot;:[]}\">\n\t\t\t\t\t<div class=\"e-con-inner\">\n\t\t\t\t<div class=\"elementor-element elementor-element-ef6cf84 elementor-widget elementor-widget-heading\" data-id=\"ef6cf84\" data-element_type=\"widget\" data-widget_type=\"heading.default\">\n\t\t\t\t<div class=\"elementor-widget-container\">\n\t\t\t<h2 class=\"elementor-heading-title elementor-size-default\">Pour que la joie dure encore longtemps :<p>\nDes articles de fans de D\u00e9tective Blaireau comme cadeau pour chaque enfant.<\/h2>\t\t<\/div>\n\t\t\t\t<\/div>\n\t\t\t\t<div class=\"elementor-element elementor-element-7679271 uael-woo--align-left uael-sale-flash-custom elementor-widget elementor-widget-uael-woo-products\" data-id=\"7679271\" data-element_type=\"widget\" data-settings=\"{&quot;slides_to_show&quot;:4,&quot;slides_to_show_tablet&quot;:3,&quot;slides_to_show_mobile&quot;:1}\" data-widget_type=\"uael-woo-products.grid-franko\">\n\t\t\t\t<div class=\"elementor-widget-container\">\n\t\t\t<div data-woo_slider=\"{&quot;slidesToShow&quot;:4,&quot;slidesToScroll&quot;:1,&quot;autoplaySpeed&quot;:5000,&quot;autoplay&quot;:false,&quot;infinite&quot;:true,&quot;pauseOnHover&quot;:true,&quot;speed&quot;:500,&quot;arrows&quot;:false,&quot;dots&quot;:true,&quot;rtl&quot;:false,&quot;prevArrow&quot;:&quot;&lt;button type=\\&quot;button\\&quot; data-role=\\&quot;none\\&quot; class=\\&quot;slick-prev slick-arrow fa fa-angle-left\\&quot; aria-label=\\&quot;Previous\\&quot; role=\\&quot;button\\&quot;&gt;&lt;\\\/button&gt;&quot;,&quot;nextArrow&quot;:&quot;&lt;button type=\\&quot;button\\&quot; data-role=\\&quot;none\\&quot; class=\\&quot;slick-next slick-arrow fa fa-angle-right\\&quot; aria-label=\\&quot;Next\\&quot; role=\\&quot;button\\&quot;&gt;&lt;\\\/button&gt;&quot;,&quot;responsive&quot;:[{&quot;breakpoint&quot;:1024,&quot;settings&quot;:{&quot;slidesToShow&quot;:3,&quot;slidesToScroll&quot;:3}},{&quot;breakpoint&quot;:767,&quot;settings&quot;:{&quot;slidesToShow&quot;:1,&quot;slidesToScroll&quot;:1}}]}\" class=\"uael-woocommerce uael-woo-products-slider uael-woo-skin-grid-franko uael-woo-query-manual\" data-page=\"155740\" data-skin=\"grid_franko\"><div class=\"uael-slick-dotted uael-woo-products-inner uael-woo-product__column-4 uael-woo-product__column-tablet-3 uael-woo-product__column-mobile-1\"><ul class=\"products columns-4\">\n\n<li class=\" d\u00e9tective blaireau articles de fan post-70964 product first instock taxable shipping-taxable purchasable product-type-simple\">\n\t<div class=\"uael-woo-product-wrapper\">\n\t\t<div class=\"uael-woo-products-thumbnail-wrap\"><div class=\"uael-flash-container \"><\/div><a href=\"https:\/\/detektiv-trails.ch\/fr\/produit\/emporte-piece-detective-blaireau\/\" class=\"woocommerce-LoopProduct-link woocommerce-loop-product__link\"><img loading=\"lazy\" decoding=\"async\" width=\"300\" height=\"300\" src=\"https:\/\/detektiv-trails.ch\/wp-content\/uploads\/sites\/8\/2023\/05\/Ausstechform-Detektiv-Dachs-1-300x300.jpg\" class=\"attachment-woocommerce_thumbnail size-woocommerce_thumbnail\" alt=\"Emporte-pi\u00e8ce D\u00e9tective Blaireau\" \/><\/a><div class=\"uael-product-actions\"><a href=\/fr\/wp-json\/wp\/v2\/product\/155740?add-to-cart=70964 class=\"uael-action-item-wrap uael-cart-section uael-add-to-cart-btn product_type_simple\" data-product_id=\"70964\"><span class=\"uael-action-item uael-ajax-add-cart-icon fa fa-shopping-cart\"><\/span><span class=\"uael-action-tooltip\">Ajouter au panier<\/span><\/a><\/div><\/div><div class=\"uael-woo-products-summary-wrap\"><a href=\"https:\/\/detektiv-trails.ch\/fr\/produit\/emporte-piece-detective-blaireau\/\" class=\"uael-loop-product__link\"><h2 class=\"woocommerce-loop-product__title\">Emporte-pi\u00e8ce D\u00e9tective Blaireau<\/h2><\/a><\/div>\t<\/div>\n<\/li>\n\n<li class=\" d\u00e9tective blaireau articles de fan post-70918 product  instock taxable shipping-taxable purchasable product-type-simple\">\n\t<div class=\"uael-woo-product-wrapper\">\n\t\t<div class=\"uael-woo-products-thumbnail-wrap\"><div class=\"uael-flash-container \"><\/div><a href=\"https:\/\/detektiv-trails.ch\/fr\/produit\/detective-blaireau-yoyo\/\" class=\"woocommerce-LoopProduct-link woocommerce-loop-product__link\"><img loading=\"lazy\" decoding=\"async\" width=\"300\" height=\"300\" src=\"https:\/\/detektiv-trails.ch\/wp-content\/uploads\/sites\/8\/2023\/05\/Produktbild-Jojo-scaled-2-300x300.jpg\" class=\"attachment-woocommerce_thumbnail size-woocommerce_thumbnail\" alt=\"Jojo avec D\u00e9tective Blaireau\" \/><\/a><div class=\"uael-product-actions\"><a href=\/fr\/wp-json\/wp\/v2\/product\/155740?add-to-cart=70918 class=\"uael-action-item-wrap uael-cart-section uael-add-to-cart-btn product_type_simple\" data-product_id=\"70918\"><span class=\"uael-action-item uael-ajax-add-cart-icon fa fa-shopping-cart\"><\/span><span class=\"uael-action-tooltip\">Ajouter au panier<\/span><\/a><\/div><\/div><div class=\"uael-woo-products-summary-wrap\"><a href=\"https:\/\/detektiv-trails.ch\/fr\/produit\/detective-blaireau-yoyo\/\" class=\"uael-loop-product__link\"><h2 class=\"woocommerce-loop-product__title\">D\u00e9tective Blaireau Yoyo<\/h2><\/a><\/div>\t<\/div>\n<\/li>\n\n<li class=\" d\u00e9tective blaireau articles de fan post-70901 product  instock taxable shipping-taxable purchasable product-type-simple\">\n\t<div class=\"uael-woo-product-wrapper\">\n\t\t<div class=\"uael-woo-products-thumbnail-wrap\"><div class=\"uael-flash-container \"><\/div><a href=\"https:\/\/detektiv-trails.ch\/fr\/produit\/detective-blaireau-jeu-de-glisse\/\" class=\"woocommerce-LoopProduct-link woocommerce-loop-product__link\"><img loading=\"lazy\" decoding=\"async\" width=\"300\" height=\"300\" src=\"https:\/\/detektiv-trails.ch\/wp-content\/uploads\/sites\/8\/2023\/05\/MCH-Webbild-Schiebespiel-1-300x300.jpg\" class=\"attachment-woocommerce_thumbnail size-woocommerce_thumbnail\" alt=\"Schiebespiel\" \/><\/a><div class=\"uael-product-actions\"><a href=\/fr\/wp-json\/wp\/v2\/product\/155740?add-to-cart=70901 class=\"uael-action-item-wrap uael-cart-section uael-add-to-cart-btn product_type_simple\" data-product_id=\"70901\"><span class=\"uael-action-item uael-ajax-add-cart-icon fa fa-shopping-cart\"><\/span><span class=\"uael-action-tooltip\">Ajouter au panier<\/span><\/a><\/div><\/div><div class=\"uael-woo-products-summary-wrap\"><a href=\"https:\/\/detektiv-trails.ch\/fr\/produit\/detective-blaireau-jeu-de-glisse\/\" class=\"uael-loop-product__link\"><h2 class=\"woocommerce-loop-product__title\">D\u00e9tective Blaireau Jeu de glisse<\/h2><\/a><\/div>\t<\/div>\n<\/li>\n\n<li class=\" d\u00e9tective blaireau articles de fan post-70854 product last instock taxable shipping-taxable purchasable product-type-simple\">\n\t<div class=\"uael-woo-product-wrapper\">\n\t\t<div class=\"uael-woo-products-thumbnail-wrap\"><div class=\"uael-flash-container \"><\/div><a href=\"https:\/\/detektiv-trails.ch\/fr\/produit\/peluche-detective-blaireau\/\" class=\"woocommerce-LoopProduct-link woocommerce-loop-product__link\"><img loading=\"lazy\" decoding=\"async\" width=\"300\" height=\"300\" src=\"https:\/\/detektiv-trails.ch\/wp-content\/uploads\/sites\/8\/2025\/05\/detektiv-dachs-plueschtier-geschenkidee.jpg-300x300.jpg\" class=\"attachment-woocommerce_thumbnail size-woocommerce_thumbnail\" alt=\"Peluche D\u00e9tective Blaireau\" \/><\/a><div class=\"uael-product-actions\"><a href=\/fr\/wp-json\/wp\/v2\/product\/155740?add-to-cart=70854 class=\"uael-action-item-wrap uael-cart-section uael-add-to-cart-btn product_type_simple\" data-product_id=\"70854\"><span class=\"uael-action-item uael-ajax-add-cart-icon fa fa-shopping-cart\"><\/span><span class=\"uael-action-tooltip\">Ajouter au panier<\/span><\/a><\/div><\/div><div class=\"uael-woo-products-summary-wrap\"><a href=\"https:\/\/detektiv-trails.ch\/fr\/produit\/peluche-detective-blaireau\/\" class=\"uael-loop-product__link\"><h2 class=\"woocommerce-loop-product__title\">Peluche D\u00e9tective Blaireau<\/h2><\/a><\/div>\t<\/div>\n<\/li>\n<\/ul>\n<\/div><\/div>\t\t<\/div>\n\t\t\t\t<\/div>\n\t\t\t\t<div class=\"elementor-element elementor-element-d428fa5 elementor-align-center elementor-widget elementor-widget-button\" data-id=\"d428fa5\" data-element_type=\"widget\" data-widget_type=\"button.default\">\n\t\t\t\t<div class=\"elementor-widget-container\">\n\t\t\t\t\t<div class=\"elementor-button-wrapper\">\n\t\t\t<a class=\"elementor-button elementor-button-link elementor-size-lg\" href=\"https:\/\/detektiv-trails.ch\/fr\/categorie-de-produits\/detective-blaireau\/\">\n\t\t\t\t\t\t<span class=\"elementor-button-content-wrapper\">\n\t\t\t\t\t\t\t\t\t<span class=\"elementor-button-text\">Tous les Articles de fan<\/span>\n\t\t\t\t\t<\/span>\n\t\t\t\t\t<\/a>\n\t\t<\/div>\n\t\t\t\t<\/div>\n\t\t\t\t<\/div>\n\t\t\t\t\t<\/div>\n\t\t\t\t<\/div>\n\t\t\t\t<\/div>\n\t\t","protected":false},"excerpt":{"rendered":"<h4><span style=\"color: #79ced7\">Le package d\u2019anniversaire avec D\u00e9tective-Trail pour une exp\u00e9rience vraiment sp\u00e9ciale<\/span><\/h4>\n<p>Sp\u00e9cialement con\u00e7u pour les anniversaires d\u2019enfants, nous avons cr\u00e9\u00e9 notre <a href=\"https:\/\/detektiv-trails.ch\/fr\/produit\/kit-danniversaire\/\" target=\"_blank\" rel=\"noopener\">kit d\u2019anniversaire<\/a>.<br \/>\nTu souhaites donner \u00e0 la f\u00eate d\u2019anniversaire une touche particuli\u00e8re et un style d\u00e9tective unique ?<br \/>\nAlors, le <strong>package d\u2019anniversaire<\/strong> est exactement ce qu\u2019il te faut !<\/p>\n<p>Avec notre package d\u2019anniversaire, l\u2019anniversaire de ton enfant devient un jour vraiment sp\u00e9cial. Le package d\u2019anniversaire (kit d\u2019anniversaire \/ par personne et D\u00e9tective-Trail dans la ville de ton choix) comprend :<\/p>\n<p>Un exemplaire imprim\u00e9 du D\u00e9tective-Trail par r\u00e9servation pour 5 personnes :<\/p>\n<ul>\n<li><span style=\"font-size: 16px\">Un <a href=\"https:\/\/detektiv-trails.ch\/produkt-kategorie\/freizeit-trails\/\" target=\"_blank\" rel=\"noopener\">D\u00e9tective-Trail<\/a> dans la ville de ton choix. Le document imprim\u00e9 du D\u00e9tective-Trail est envoy\u00e9 avec le kit d\u2019anniversaire. Pour une commande de 5 personnes, 1 exemplaire est envoy\u00e9 ; pour 6 \u00e0 10 personnes, 2 exemplaires, etc. D\u2019autres exemplaires peuvent \u00eatre imprim\u00e9s par toi-m\u00eame dans ton compte sous &#8220;Jeux &amp; Trails&#8221;.<\/span><\/li>\n<\/ul>\n<p>Un exemplaire par nombre de personnes command\u00e9es:<\/p>\n<ul>\n<li>Un cordon avec un badge d\u00e9tective personnalisable<\/li>\n<li>Un dipl\u00f4me de d\u00e9tective personnalisable, qui peut \u00eatre remis aux enfants comme certificat apr\u00e8s avoir termin\u00e9 le Trail<\/li>\n<li>Un crayon avec une gomme D\u00e9tective Blaireau pour prendre des notes et comme souvenir de l\u2019aventure d\u00e9tective partag\u00e9e<\/li>\n<\/ul>\n<p>Le package d\u2019anniversaire avec D\u00e9tective-Trail est exp\u00e9di\u00e9 sous 3 \u00e0 5 jours ouvrables. Livraison uniquement en Suisse et dans la Principaut\u00e9 de Liechtenstein.<\/p>\n<h4 class=\"elementor-heading-title elementor-size-default elementor-inline-editing pen\" data-elementor-setting-key=\"title\" data-pen-placeholder=\"Eingabe hier...\">Prix du package : CHF 20.- \/ enfant<\/h4>\n<p>Nombre de participants \u00e0 l\u2019anniversaire\u00a0<em><strong>(commandable \u00e0 partir de 5 personnes)<\/strong><\/em> :<\/p>\n","protected":false},"featured_media":156018,"comment_status":"open","ping_status":"closed","template":"","meta":{"inline_featured_image":false,"site-sidebar-layout":"default","site-content-layout":"","ast-site-content-layout":"default","site-content-style":"default","site-sidebar-style":"default","ast-global-header-display":"","ast-banner-title-visibility":"","ast-main-header-display":"","ast-hfb-above-header-display":"","ast-hfb-below-header-display":"","ast-hfb-mobile-header-display":"","site-post-title":"","ast-breadcrumbs-content":"","ast-featured-img":"","footer-sml-layout":"","ast-disable-related-posts":"","theme-transparent-header-meta":"default","adv-header-id-meta":"","stick-header-meta":"default","header-above-stick-meta":"","header-main-stick-meta":"","header-below-stick-meta":"","astra-migrate-meta-layouts":"set","ast-page-background-enabled":"default","ast-page-background-meta":{"desktop":{"background-color":"var(--ast-global-color-4)","background-image":"","background-repeat":"repeat","background-position":"center center","background-size":"auto","background-attachment":"scroll","background-type":"","background-media":"","overlay-type":"","overlay-color":"","overlay-opacity":"","overlay-gradient":""},"tablet":{"background-color":"","background-image":"","background-repeat":"repeat","background-position":"center center","background-size":"auto","background-attachment":"scroll","background-type":"","background-media":"","overlay-type":"","overlay-color":"","overlay-opacity":"","overlay-gradient":""},"mobile":{"background-color":"","background-image":"","background-repeat":"repeat","background-position":"center center","background-size":"auto","background-attachment":"scroll","background-type":"","background-media":"","overlay-type":"","overlay-color":"","overlay-opacity":"","overlay-gradient":""}},"ast-content-background-meta":{"desktop":{"background-color":"var(--ast-global-color-5)","background-image":"","background-repeat":"repeat","background-position":"center center","background-size":"auto","background-attachment":"scroll","background-type":"","background-media":"","overlay-type":"","overlay-color":"","overlay-opacity":"","overlay-gradient":""},"tablet":{"background-color":"var(--ast-global-color-5)","background-image":"","background-repeat":"repeat","background-position":"center center","background-size":"auto","background-attachment":"scroll","background-type":"","background-media":"","overlay-type":"","overlay-color":"","overlay-opacity":"","overlay-gradient":""},"mobile":{"background-color":"var(--ast-global-color-5)","background-image":"","background-repeat":"repeat","background-position":"center center","background-size":"auto","background-attachment":"scroll","background-type":"","background-media":"","overlay-type":"","overlay-color":"","overlay-opacity":"","overlay-gradient":""}}},"product_brand":[],"product_cat":[260,312],"product_tag":[],"class_list":{"0":"post-155740","1":"product","2":"type-product","3":"status-publish","4":"has-post-thumbnail","6":"product_cat-detective-blaireau","7":"product_cat-team-kit-fr","8":"product_shipping_class-verpackungs-und-versandkosten","9":"desktop-align-center","10":"tablet-align-left","11":"mobile-align-left","12":"ast-product-gallery-layout-horizontal-slider","13":"ast-magnify-disabled","14":"ast-product-tabs-layout-horizontal","16":"first","17":"instock","18":"taxable","19":"shipping-taxable","20":"purchasable","21":"product-type-variable"},"_links":{"self":[{"href":"https:\/\/detektiv-trails.ch\/fr\/wp-json\/wp\/v2\/product\/155740","targetHints":{"allow":["GET"]}}],"collection":[{"href":"https:\/\/detektiv-trails.ch\/fr\/wp-json\/wp\/v2\/product"}],"about":[{"href":"https:\/\/detektiv-trails.ch\/fr\/wp-json\/wp\/v2\/types\/product"}],"replies":[{"embeddable":true,"href":"https:\/\/detektiv-trails.ch\/fr\/wp-json\/wp\/v2\/comments?post=155740"}],"version-history":[{"count":0,"href":"https:\/\/detektiv-trails.ch\/fr\/wp-json\/wp\/v2\/product\/155740\/revisions"}],"wp:featuredmedia":[{"embeddable":true,"href":"https:\/\/detektiv-trails.ch\/fr\/wp-json\/wp\/v2\/media\/156018"}],"wp:attachment":[{"href":"https:\/\/detektiv-trails.ch\/fr\/wp-json\/wp\/v2\/media?parent=155740"}],"wp:term":[{"taxonomy":"product_brand","embeddable":true,"href":"https:\/\/detektiv-trails.ch\/fr\/wp-json\/wp\/v2\/product_brand?post=155740"},{"taxonomy":"product_cat","embeddable":true,"href":"https:\/\/detektiv-trails.ch\/fr\/wp-json\/wp\/v2\/product_cat?post=155740"},{"taxonomy":"product_tag","embeddable":true,"href":"https:\/\/detektiv-trails.ch\/fr\/wp-json\/wp\/v2\/product_tag?post=155740"}],"curies":[{"name":"wp","href":"https:\/\/api.w.org\/{rel}","templated":true}]}}