{"id":156154,"date":"2025-09-22T13:37:43","date_gmt":"2025-09-22T11:37:43","guid":{"rendered":"https:\/\/detektiv-trails.ch\/?post_type=product&#038;p=156154"},"modified":"2026-03-10T11:38:08","modified_gmt":"2026-03-10T10:38:08","slug":"detective-blaireau-livret-denigmes-dossier-vert-clair","status":"publish","type":"product","link":"https:\/\/detektiv-trails.ch\/fr\/produit\/detective-blaireau-livret-denigmes-dossier-vert-clair\/","title":{"rendered":"D\u00e9tective Blaireau Livret d\u2019\u00e9nigmes Dossier vert clair"},"content":{"rendered":"<h3 data-start=\"291\" data-end=\"355\"><strong data-start=\"291\" data-end=\"340\">\u00c9nigmes passionnantes pour enfants et adultes<\/strong><\/h3>\n<p data-start=\"291\" data-end=\"355\">\u00c2ge : 7+<\/p>\n<p data-start=\"357\" data-end=\"821\">D\u00e9couvre le livret d\u2019\u00e9nigmes du D\u00e9tective Blaireau Dossier vert clair, le livret d\u2019\u00e9nigmes parfait pour enfants et adultes ! Avec ses 16 pages divertissantes pleines de d\u00e9fis cr\u00e9atifs, ce livret d\u2019\u00e9nigmes est id\u00e9al pour passer des moments captivants \u00e0 la maison ou en voyage. Que ce soit comme petit cadeau pour un anniversaire d\u2019enfant ou comme r\u00e9compense lors d\u2019un jeu de piste \u00e0 la maison, le livret d\u2019\u00e9nigmes garantit amusement et divertissement !<\/p>\n<p data-start=\"823\" data-end=\"937\">Le livret d\u2019\u00e9nigmes du D\u00e9tective Blaireau Dossiert vert claire contient une collection vari\u00e9e d\u2019\u00e9nigmes, parmi lesquelles :<\/p>\n<ul>\n<li data-start=\"726\" data-end=\"803\"><strong data-start=\"726\" data-end=\"740\">Mots m\u00eal\u00e9s<\/strong> : trouve les mots cach\u00e9s dans un champ de lettres m\u00e9lang\u00e9es.<\/li>\n<li data-start=\"726\" data-end=\"803\"><strong style=\"font-size: 16px\" data-start=\"806\" data-end=\"816\">Sudoku<\/strong><span style=\"font-size: 16px\"> : le classique pour exercer ton cerveau et ta concentration.<\/span><\/li>\n<li data-start=\"726\" data-end=\"803\"><strong style=\"font-size: 16px\" data-start=\"882\" data-end=\"896\">Labyrinthe<\/strong><span style=\"font-size: 16px\"> : rel\u00e8ve le d\u00e9fi en te frayant un chemin \u00e0 travers des labyrinthes passionnants.<\/span><\/li>\n<li data-start=\"726\" data-end=\"803\"><strong style=\"font-size: 16px\" data-start=\"982\" data-end=\"998\">Mots crois\u00e9s<\/strong><span style=\"font-size: 16px\"> : retrouve les mots manquants.<\/span><\/li>\n<li data-start=\"726\" data-end=\"803\"><strong data-start=\"1034\" data-end=\"1054\">Image \u00e0 colorier<\/strong> : donne vie \u00e0 l\u2019illustration avec tes plus belles couleurs.<\/li>\n<li data-start=\"726\" data-end=\"803\"><strong data-start=\"1119\" data-end=\"1142\">\u00c9nigme de d\u00e9tective<\/strong> : laisse-toi surprendre !<\/li>\n<\/ul>\n<p data-start=\"2125\" data-end=\"2581\">Ce livret d\u2019\u00e9nigmes n\u2019est pas seulement un excellent choix pour un anniversaire d&#8217;entfant il est aussi parfait comme petit cadeau dans le calendrier de l\u2019Avent, comme cadeau de No\u00ebl, ou simplement pour s\u2019amuser en r\u00e9solvant des \u00e9nigmes, \u00e0 la maison ou en d\u00e9placement.<\/p>\n<p><strong data-start=\"1519\" data-end=\"1531\">Astuce :<\/strong><\/p>\n<ul>\n<li data-start=\"58\" data-end=\"376\">Tu trouveras des id\u00e9es pour <strong>l\u2019anniversaire des enfants<\/strong> sur la page <a href=\"https:\/\/detektiv-trails.ch\/fr\/anniversaire-denfant\/\" target=\"_blank\" rel=\"noopener\"><em>anniversaire d&#8217;entfant de D\u00e9tective Blaireau<\/em>.<\/a><\/li>\n<li data-start=\"58\" data-end=\"376\">Pour un anniversaire r\u00e9ussi \u00e0 l\u2019int\u00e9rieur ou \u00e0 l\u2019ext\u00e9rieur, en \u00e9t\u00e9 comme en hiver, r\u00e9serve notre <strong>package anniversaire<\/strong> avec un <em><a href=\"https:\/\/detektiv-trails.ch\/fr\/produit\/package-danniversaire-avec-detective-trail\/\" target=\"_blank\" rel=\"noopener\">D\u00e9tective-Trail dans la ville de ton choix<\/a>.<\/em><\/li>\n<li data-start=\"58\" data-end=\"376\">D\u00e9couvre d\u2019autres produits passionnants autour du <em><a href=\"https:\/\/detektiv-dachs.ch\/fr\/\" target=\"_blank\" rel=\"noopener noreferrer nofollow\">D\u00e9tective Blaireau<\/a><\/em>. Plonge dans le monde des \u00e9nigmes et des aventures\u202f!<\/li>\n<\/ul>\n<p>Format : A5 (L 148 mm x L 210 mm)<br \/>\nAuteurs : SB Switzerland AG \/ K\u00fcng Verlags AG<br \/>\nIllustration : Rahel Messerli \/ K\u00fcng Verlags AG<\/p>\n","protected":false},"excerpt":{"rendered":"<p data-start=\"92\" data-end=\"528\">Le livret d\u2019\u00e9nigmes du D\u00e9tective Blaireau n\u00b0 1 pour enfants et adultes. Ce livret est une collection d\u2019\u00e9nigmes amusantes \u00e0 r\u00e9soudre, que ce soit \u00e0 la maison ou en d\u00e9placement. Ce livret d\u2019\u00e9nigmes est non seulement un excellent choix pour un anniversaire d\u2019enfant, mais il convient aussi parfaitement comme petit cadeau pour le calendrier de l\u2019Avent ou comme cadeau de No\u00ebl.<br \/>\nLe livret contient les \u00e9nigmes suivantes : \u00a0mots m\u00eal\u00e9s, sudoku, labyrinthe, mots crois\u00e9s, image \u00e0 colorier et \u00e9nigme de d\u00e9tective.<\/p>\n<p>Id\u00e9es pour l\u2019anniversaire des enfants, tu les trouveras sur la page <a href=\"https:\/\/detektiv-trails.ch\/fr\/anniversaire-denfant\/\" target=\"_blank\" rel=\"noopener\"><em>anniversaire d&#8217;entfant du D\u00e9tective Blaireau<\/em><\/a>.<\/p>\n<p>&nbsp;<\/p>\n","protected":false},"featured_media":165644,"comment_status":"open","ping_status":"closed","template":"","meta":{"inline_featured_image":false,"site-sidebar-layout":"default","site-content-layout":"default","ast-site-content-layout":"default","site-content-style":"default","site-sidebar-style":"default","ast-global-header-display":"","ast-banner-title-visibility":"","ast-main-header-display":"","ast-hfb-above-header-display":"","ast-hfb-below-header-display":"","ast-hfb-mobile-header-display":"","site-post-title":"","ast-breadcrumbs-content":"","ast-featured-img":"","footer-sml-layout":"","ast-disable-related-posts":"","theme-transparent-header-meta":"default","adv-header-id-meta":"","stick-header-meta":"default","header-above-stick-meta":"","header-main-stick-meta":"","header-below-stick-meta":"","astra-migrate-meta-layouts":"set","ast-page-background-enabled":"default","ast-page-background-meta":{"desktop":{"background-color":"var(--ast-global-color-4)","background-image":"","background-repeat":"repeat","background-position":"center center","background-size":"auto","background-attachment":"scroll","background-type":"","background-media":"","overlay-type":"","overlay-color":"","overlay-opacity":"","overlay-gradient":""},"tablet":{"background-color":"","background-image":"","background-repeat":"repeat","background-position":"center center","background-size":"auto","background-attachment":"scroll","background-type":"","background-media":"","overlay-type":"","overlay-color":"","overlay-opacity":"","overlay-gradient":""},"mobile":{"background-color":"","background-image":"","background-repeat":"repeat","background-position":"center center","background-size":"auto","background-attachment":"scroll","background-type":"","background-media":"","overlay-type":"","overlay-color":"","overlay-opacity":"","overlay-gradient":""}},"ast-content-background-meta":{"desktop":{"background-color":"var(--ast-global-color-5)","background-image":"","background-repeat":"repeat","background-position":"center center","background-size":"auto","background-attachment":"scroll","background-type":"","background-media":"","overlay-type":"","overlay-color":"","overlay-opacity":"","overlay-gradient":""},"tablet":{"background-color":"var(--ast-global-color-5)","background-image":"","background-repeat":"repeat","background-position":"center center","background-size":"auto","background-attachment":"scroll","background-type":"","background-media":"","overlay-type":"","overlay-color":"","overlay-opacity":"","overlay-gradient":""},"mobile":{"background-color":"var(--ast-global-color-5)","background-image":"","background-repeat":"repeat","background-position":"center center","background-size":"auto","background-attachment":"scroll","background-type":"","background-media":"","overlay-type":"","overlay-color":"","overlay-opacity":"","overlay-gradient":""}}},"product_brand":[],"product_cat":[260],"product_tag":[409,476,474,475,479,478,477],"class_list":{"0":"post-156154","1":"product","2":"type-product","3":"status-publish","4":"has-post-thumbnail","6":"product_cat-detective-blaireau","7":"product_tag-detektiv-dachs-fr","8":"product_tag-familie-fr","9":"product_tag-geburtstag-fr","10":"product_tag-kinder-fr","11":"product_tag-knobeln-fr","12":"product_tag-raetselheft-fr","13":"product_tag-spass-fr","14":"product_shipping_class-verpackungs-und-versandkosten","15":"desktop-align-center","16":"tablet-align-left","17":"mobile-align-left","18":"ast-product-gallery-layout-horizontal-slider","19":"ast-magnify-disabled","20":"ast-product-tabs-layout-horizontal","22":"first","23":"instock","24":"taxable","25":"shipping-taxable","26":"purchasable","27":"product-type-simple"},"_links":{"self":[{"href":"https:\/\/detektiv-trails.ch\/fr\/wp-json\/wp\/v2\/product\/156154","targetHints":{"allow":["GET"]}}],"collection":[{"href":"https:\/\/detektiv-trails.ch\/fr\/wp-json\/wp\/v2\/product"}],"about":[{"href":"https:\/\/detektiv-trails.ch\/fr\/wp-json\/wp\/v2\/types\/product"}],"replies":[{"embeddable":true,"href":"https:\/\/detektiv-trails.ch\/fr\/wp-json\/wp\/v2\/comments?post=156154"}],"version-history":[{"count":8,"href":"https:\/\/detektiv-trails.ch\/fr\/wp-json\/wp\/v2\/product\/156154\/revisions"}],"predecessor-version":[{"id":159752,"href":"https:\/\/detektiv-trails.ch\/fr\/wp-json\/wp\/v2\/product\/156154\/revisions\/159752"}],"wp:featuredmedia":[{"embeddable":true,"href":"https:\/\/detektiv-trails.ch\/fr\/wp-json\/wp\/v2\/media\/165644"}],"wp:attachment":[{"href":"https:\/\/detektiv-trails.ch\/fr\/wp-json\/wp\/v2\/media?parent=156154"}],"wp:term":[{"taxonomy":"product_brand","embeddable":true,"href":"https:\/\/detektiv-trails.ch\/fr\/wp-json\/wp\/v2\/product_brand?post=156154"},{"taxonomy":"product_cat","embeddable":true,"href":"https:\/\/detektiv-trails.ch\/fr\/wp-json\/wp\/v2\/product_cat?post=156154"},{"taxonomy":"product_tag","embeddable":true,"href":"https:\/\/detektiv-trails.ch\/fr\/wp-json\/wp\/v2\/product_tag?post=156154"}],"curies":[{"name":"wp","href":"https:\/\/api.w.org\/{rel}","templated":true}]}}