{"id":70854,"date":"2015-10-29T19:19:52","date_gmt":"2015-10-29T18:19:52","guid":{"rendered":"https:\/\/newsystem-detektiv-trails.ch\/shop\/peluche-detective-blaireau\/"},"modified":"2025-10-13T15:55:43","modified_gmt":"2025-10-13T13:55:43","slug":"peluche-detective-blaireau","status":"publish","type":"product","link":"https:\/\/detektiv-trails.ch\/fr\/produit\/peluche-detective-blaireau\/","title":{"rendered":"Peluche D\u00e9tective Blaireau"},"content":{"rendered":"<h4 data-start=\"103\" data-end=\"183\"><strong data-start=\"103\" data-end=\"181\">Peluche D\u00e9tective Blaireau \u2013 Ton compagnon c\u00e2lin pour toutes les aventures<\/strong><\/h4>\n<p data-start=\"185\" data-end=\"622\">Que tu sois en train de r\u00e9ussir l\u2019un de nos <strong data-start=\"229\" data-end=\"249\">D\u00e9tective-Trails<\/strong>, de r\u00e9soudre des \u00e9nigmes \u00e0 la maison, de te blottir lors de la p\u00e9riode hivernale de l\u2019Avent ou de profiter de No\u00ebl tout en d\u00e9gustant des biscuits, <strong data-start=\"401\" data-end=\"423\">D\u00e9tective Blaireau<\/strong> est toujours \u00e0 tes c\u00f4t\u00e9s. Avec son regard curieux, son pelage ultra-doux et son chapeau de d\u00e9tective reconnaissable, il apporte \u00e0 la fois l\u2019esprit d\u2019aventure et un sentiment de r\u00e9confort chez toi.<\/p>\n<p data-start=\"624\" data-end=\"682\"><strong data-start=\"624\" data-end=\"680\">D\u00e9tails soign\u00e9s dans le style classique de d\u00e9tective<\/strong><\/p>\n<ul>\n<li data-start=\"686\" data-end=\"789\"><strong data-start=\"686\" data-end=\"708\">Mat\u00e9riau tout doux:<\/strong> parfait pour c\u00e2liner et jouer.<\/li>\n<li data-start=\"686\" data-end=\"789\"><strong style=\"font-size: 16px\" data-start=\"792\" data-end=\"809\">Haute qualit\u00e9: <\/strong><span style=\"font-size: 16px\">robuste, durable et s\u00fbr pour les enfants.<\/span><\/li>\n<li data-start=\"686\" data-end=\"789\"><strong data-start=\"857\" data-end=\"874\">Environ 28 cm: <\/strong>pratique aussi pour les d\u00e9placements.<\/li>\n<li data-start=\"686\" data-end=\"789\"><strong data-start=\"919\" data-end=\"955\">Lavable \u00e0 30\u202f\u00b0C en cycle d\u00e9licat<\/strong> (dans un filet de lavage).<\/li>\n<\/ul>\n<p data-start=\"986\" data-end=\"1243\">Que ce soit comme souvenir d\u2019une chasse au tr\u00e9sor passionnante, comme cadeau d\u2019anniversaire, pour la p\u00e9riode de l\u2019Avent, \u00e0 No\u00ebl ou simplement comme compagnon fid\u00e8le au quotidien avec <strong data-start=\"1179\" data-end=\"1201\">D\u00e9tective Blaireau<\/strong>, chaque coin cache une petite aventure.<\/p>\n<p data-start=\"1245\" data-end=\"1393\">Visite notre site et d\u00e9couvre d\u2019autres produits passionnants autour de <a href=\"https:\/\/detektiv-dachs.ch\/fr\/\" target=\"_blank\" rel=\"noopener noreferrer nofollow\"><strong data-start=\"1316\" data-end=\"1338\">D\u00e9tective Blaireau<\/strong><\/a>. Plonge dans le monde des \u00e9nigmes et des aventures !<\/p>\n<p data-start=\"1395\" data-end=\"1734\"><strong data-start=\"1395\" data-end=\"1407\">Astuce :<\/strong><\/p>\n<ul>\n<li data-start=\"1395\" data-end=\"1734\">Tu trouveras des id\u00e9es pour <strong>l\u2019anniversaire des enfants<\/strong> sur la page <em data-start=\"1477\" data-end=\"1510\">Anniversaire D\u00e9tective Blaireau<\/em>.<\/li>\n<li data-start=\"1395\" data-end=\"1734\">Pour un anniversaire r\u00e9ussi \u00e0 l\u2019int\u00e9rieur ou \u00e0 l\u2019ext\u00e9rieur, \u00e9t\u00e9 comme hiver r\u00e9serve notre <strong data-start=\"1608\" data-end=\"1632\">package anniversaire<\/strong> avec un <a href=\"https:\/\/detektiv-trails.ch\/fr\/categorie-de-produits\/team-kit-fr\/\" target=\"_blank\" rel=\"noopener\">D\u00e9tective-Trail dans la ville de ton choix<\/a> ou un Home D\u00e9tective-Trail de ton choix (seulement en allemand).<\/li>\n<\/ul>\n","protected":false},"excerpt":{"rendered":"<p data-start=\"185\" data-end=\"622\">Que tu sois en train de r\u00e9ussir l\u2019un de nos <strong data-start=\"229\" data-end=\"249\">D\u00e9tective-Trails<\/strong>, de r\u00e9soudre des \u00e9nigmes \u00e0 la maison, de te blottir lors de la p\u00e9riode hivernale de l\u2019Avent ou de profiter de No\u00ebl tout en d\u00e9gustant des biscuits, <strong data-start=\"401\" data-end=\"423\">D\u00e9tective Blaireau<\/strong> est toujours \u00e0 tes c\u00f4t\u00e9s. Avec son regard curieux, son pelage ultra-doux et son chapeau de d\u00e9tective reconnaissable, il apporte \u00e0 la fois l\u2019esprit d\u2019aventure et un sentiment de r\u00e9confort chez toi.<\/p>\n<p data-start=\"624\" data-end=\"682\"><strong data-start=\"624\" data-end=\"680\">D\u00e9tails soign\u00e9s dans le style classique de d\u00e9tective<\/strong><\/p>\n<ul data-start=\"684\" data-end=\"984\">\n<li data-start=\"684\" data-end=\"789\">\n<ul>\n<li data-start=\"686\" data-end=\"789\"><strong data-start=\"686\" data-end=\"708\">Mat\u00e9riau tout doux:<\/strong> parfait pour c\u00e2liner et jouer.<\/li>\n<li data-start=\"686\" data-end=\"789\"><strong style=\"font-size: 16px\" data-start=\"792\" data-end=\"809\">Haute qualit\u00e9: <\/strong><span style=\"font-size: 16px\">robuste, durable et s\u00fbr pour les enfants.<\/span><\/li>\n<li data-start=\"686\" data-end=\"789\"><strong data-start=\"857\" data-end=\"874\">Environ 28 cm: <\/strong>pratique aussi pour les d\u00e9placements.<\/li>\n<li data-start=\"686\" data-end=\"789\"><strong data-start=\"919\" data-end=\"955\">Lavable \u00e0 30\u202f\u00b0C en cycle d\u00e9licat<\/strong> (dans un filet de lavage).<\/li>\n<\/ul>\n<\/li>\n<\/ul>\n","protected":false},"featured_media":145563,"comment_status":"open","ping_status":"closed","template":"","meta":{"inline_featured_image":false,"site-sidebar-layout":"default","site-content-layout":"default","ast-site-content-layout":"default","site-content-style":"default","site-sidebar-style":"default","ast-global-header-display":"","ast-banner-title-visibility":"","ast-main-header-display":"","ast-hfb-above-header-display":"","ast-hfb-below-header-display":"","ast-hfb-mobile-header-display":"","site-post-title":"","ast-breadcrumbs-content":"","ast-featured-img":"","footer-sml-layout":"","ast-disable-related-posts":"","theme-transparent-header-meta":"default","adv-header-id-meta":"","stick-header-meta":"default","header-above-stick-meta":"","header-main-stick-meta":"","header-below-stick-meta":"","astra-migrate-meta-layouts":"set","ast-page-background-enabled":"default","ast-page-background-meta":{"desktop":{"background-color":"var(--ast-global-color-4)","background-image":"","background-repeat":"repeat","background-position":"center center","background-size":"auto","background-attachment":"scroll","background-type":"","background-media":"","overlay-type":"","overlay-color":"","overlay-opacity":"","overlay-gradient":""},"tablet":{"background-color":"","background-image":"","background-repeat":"repeat","background-position":"center center","background-size":"auto","background-attachment":"scroll","background-type":"","background-media":"","overlay-type":"","overlay-color":"","overlay-opacity":"","overlay-gradient":""},"mobile":{"background-color":"","background-image":"","background-repeat":"repeat","background-position":"center center","background-size":"auto","background-attachment":"scroll","background-type":"","background-media":"","overlay-type":"","overlay-color":"","overlay-opacity":"","overlay-gradient":""}},"ast-content-background-meta":{"desktop":{"background-color":"var(--ast-global-color-5)","background-image":"","background-repeat":"repeat","background-position":"center center","background-size":"auto","background-attachment":"scroll","background-type":"","background-media":"","overlay-type":"","overlay-color":"","overlay-opacity":"","overlay-gradient":""},"tablet":{"background-color":"var(--ast-global-color-5)","background-image":"","background-repeat":"repeat","background-position":"center center","background-size":"auto","background-attachment":"scroll","background-type":"","background-media":"","overlay-type":"","overlay-color":"","overlay-opacity":"","overlay-gradient":""},"mobile":{"background-color":"var(--ast-global-color-5)","background-image":"","background-repeat":"repeat","background-position":"center center","background-size":"auto","background-attachment":"scroll","background-type":"","background-media":"","overlay-type":"","overlay-color":"","overlay-opacity":"","overlay-gradient":""}}},"product_brand":[],"product_cat":[260],"product_tag":[409,474],"class_list":{"0":"post-70854","1":"product","2":"type-product","3":"status-publish","4":"has-post-thumbnail","6":"product_cat-detective-blaireau","7":"product_tag-detektiv-dachs-fr","8":"product_tag-geburtstag-fr","9":"product_shipping_class-verpackungs-und-versandkosten","10":"desktop-align-center","11":"tablet-align-left","12":"mobile-align-left","13":"ast-product-gallery-layout-horizontal-slider","14":"ast-magnify-disabled","15":"ast-product-tabs-layout-horizontal","17":"first","18":"instock","19":"taxable","20":"shipping-taxable","21":"purchasable","22":"product-type-simple"},"_links":{"self":[{"href":"https:\/\/detektiv-trails.ch\/fr\/wp-json\/wp\/v2\/product\/70854","targetHints":{"allow":["GET"]}}],"collection":[{"href":"https:\/\/detektiv-trails.ch\/fr\/wp-json\/wp\/v2\/product"}],"about":[{"href":"https:\/\/detektiv-trails.ch\/fr\/wp-json\/wp\/v2\/types\/product"}],"replies":[{"embeddable":true,"href":"https:\/\/detektiv-trails.ch\/fr\/wp-json\/wp\/v2\/comments?post=70854"}],"version-history":[{"count":10,"href":"https:\/\/detektiv-trails.ch\/fr\/wp-json\/wp\/v2\/product\/70854\/revisions"}],"predecessor-version":[{"id":158186,"href":"https:\/\/detektiv-trails.ch\/fr\/wp-json\/wp\/v2\/product\/70854\/revisions\/158186"}],"wp:featuredmedia":[{"embeddable":true,"href":"https:\/\/detektiv-trails.ch\/fr\/wp-json\/wp\/v2\/media\/145563"}],"wp:attachment":[{"href":"https:\/\/detektiv-trails.ch\/fr\/wp-json\/wp\/v2\/media?parent=70854"}],"wp:term":[{"taxonomy":"product_brand","embeddable":true,"href":"https:\/\/detektiv-trails.ch\/fr\/wp-json\/wp\/v2\/product_brand?post=70854"},{"taxonomy":"product_cat","embeddable":true,"href":"https:\/\/detektiv-trails.ch\/fr\/wp-json\/wp\/v2\/product_cat?post=70854"},{"taxonomy":"product_tag","embeddable":true,"href":"https:\/\/detektiv-trails.ch\/fr\/wp-json\/wp\/v2\/product_tag?post=70854"}],"curies":[{"name":"wp","href":"https:\/\/api.w.org\/{rel}","templated":true}]}}