{"id":70862,"date":"2019-04-25T11:56:13","date_gmt":"2019-04-25T09:56:13","guid":{"rendered":"https:\/\/newsystem-detektiv-trails.ch\/shop\/detective-trail-soleure-vieille-ville\/"},"modified":"2026-03-23T16:40:25","modified_gmt":"2026-03-23T15:40:25","slug":"detective-trail-soleure-vieille-ville","status":"publish","type":"product","link":"https:\/\/detektiv-trails.ch\/fr\/produit\/detective-trail-soleure-vieille-ville\/","title":{"rendered":"D\u00e9tective-Trail: Soleure vieille ville"},"content":{"rendered":"<p><strong><span style=\"color: #79ced7\">Le D\u00e9tective-Trail Soleure vieille ville est ouvert du 1er mai au 31 octobre 2026.<br \/>\nVers le <a href=\"https:\/\/detektiv-trails.ch\/fr\/produit\/detective-trail-soleure-vieille-ville-hiver\/\" target=\"_blank\" rel=\"noopener\">D\u00e9tective-Trail d&#8217;hiver de Soleure<\/a> (1er novembre au 30 avril)<br \/>\n<\/span><\/strong><strong>Variante du Trail : <\/strong>Avec coffre au tr\u00e9sor <img loading=\"lazy\" decoding=\"async\" class=\"alignnone wp-image-52991\" src=\"https:\/\/detektiv-trails.ch\/wp-content\/uploads\/sites\/8\/2023\/05\/schatztruhe-300x300-1.jpg\" alt=\"\" width=\"26\" height=\"26\" \/> Le code de la version d\u2019\u00e9t\u00e9 est diff\u00e9rent de celui de la version d\u2019hiver; la version d&#8217;\u00e9t\u00e9 peut donc \u00eatre utilis\u00e9e du 1er mai au 31 octobre inclus.<br \/>\n<strong>Heures d\u2019ouverture du Trail : <\/strong>Ouvert tous les jours \u2013 \u00c0 tout moment<strong><br \/>\nAcc\u00e8s au coffre au tr\u00e9sor : <\/strong>Lundi au vendredi de 7h00 \u00e0 18h30, le samedi de 7h00 \u00e0 17h00, le dimanche et les jours f\u00e9ri\u00e9s de 9h00 \u00e0 17h00<br \/>\nInformations sans garantie. Si le coffre au tr\u00e9sor n\u2019est pas accessible, nous t\u2019enverrons le cadeau ult\u00e9rieurement. Tu trouveras les informations concernant l\u2019exp\u00e9dition \u00e0 la fin du D\u00e9tective-Trail.<br \/>\n<strong>Dur\u00e9e : <\/strong>Environ 2 h 30 (sans pauses)<br \/>\n<strong>Distance : <\/strong>Env. 4 km<\/p>\n<div style=\"background-color: #f4f4f4;padding: 20px\"><strong><strong style=\"color: #79ced7;line-height: 2rem\">D\u00e9couvrez les D\u00e9tective-Trails avec D\u00e9tective Blaireau : Une exp\u00e9rience d&#8217;\u00e9nigme passionnante pour les jeunes et les moins jeunes. Plongez dans le monde fascinant des D\u00e9tective-Trails et accompagnez D\u00e9tective Blaireau dans une aventure palpitante \u00e0 travers la pittoresque vieille ville de Soleure.<br \/>\nDepuis la gare commencez votre aventure et explorez les ruelles historiques et les sites impressionnants de cette charmante ville. En chemin, vous d\u00e9couvrirez la majestueuse cath\u00e9drale Saint-Ours, la tour Krumm, les portes de B\u00e2le et Bienne, ainsi que la pierre au nom amusant, la pierre F\u00fcdli.<br \/>\nLe D\u00e9tective-Trail de Soleure offre du plaisir, de l&#8217;exercice et des \u00e9nigmes stimulantes \u2013 une exp\u00e9rience inoubliable pour les parents, les enfants, les \u00e9l\u00e8ves, les grands-parents et tous les autres. Amusez-vous bien lors de votre aventure !<\/strong><\/strong><\/div>\n<p><strong><br \/>\nD\u00e9part : <\/strong>Gare de Soleure (place de la gare)<br \/>\n<strong>Lieu d\u2019arriv\u00e9e : <\/strong>Suteria, Hauptgasse 65, Soleure<br \/>\n<strong>Autres informations : <\/strong>Profite de l\u2019occasion pour prendre un ap\u00e9ritif ou un caf\u00e9 \u00e0 la Suteria (lieu d\u2019arriv\u00e9e). R\u00e9servation au 032\u00a0621\u00a080\u00a040.<br \/>\n<strong>Poussettes : <\/strong>Le D\u00e9tective-Trail est adapt\u00e9 aux poussettes. <a href=\"https:\/\/detektiv-trails.ch\/wp-content\/uploads\/sites\/8\/2023\/12\/detektiv-trails-Icon-Kinderwagen.jpg\"><img loading=\"lazy\" decoding=\"async\" class=\"alignnone wp-image-112000\" src=\"https:\/\/detektiv-trails.ch\/wp-content\/uploads\/sites\/8\/2023\/12\/detektiv-trails-Icon-Kinderwagen.jpg\" alt=\"\" width=\"26\" height=\"26\" srcset=\"https:\/\/detektiv-trails.ch\/wp-content\/uploads\/sites\/8\/2023\/12\/detektiv-trails-Icon-Kinderwagen.jpg 532w, https:\/\/detektiv-trails.ch\/wp-content\/uploads\/sites\/8\/2023\/12\/detektiv-trails-Icon-Kinderwagen-300x300.jpg 300w, https:\/\/detektiv-trails.ch\/wp-content\/uploads\/sites\/8\/2023\/12\/detektiv-trails-Icon-Kinderwagen-150x150.jpg 150w, https:\/\/detektiv-trails.ch\/wp-content\/uploads\/sites\/8\/2023\/12\/detektiv-trails-Icon-Kinderwagen-100x100.jpg 100w\" sizes=\"auto, (max-width: 26px) 100vw, 26px\" \/><\/a> Seules quelques marches sont \u00e0 franchir pour acc\u00e9der \u00e0 l&#8217;\u00e9nigme 2, o\u00f9 il faudrait laisser la poussette un moment. Mais la solution de l&#8217;\u00e9nigme est d\u00e9j\u00e0 r\u00e9alisable depuis les escaliers.<strong><br \/>\nPoint de vente sur place :<\/strong> Soleure Tourisme, Hauptgasse 69, 4500 Soleure. Contact et heures d\u2019ouverture de <a href=\"https:\/\/www.solothurn-city.ch\/fr\" target=\"_blank\" rel=\"noopener noreferrer nofollow\">Soleure Tourisme<\/a>.<br \/>\n<strong>Degr\u00e9 de difficult\u00e9 : <\/strong>facile \u00e0 moyen<strong><br \/>\nAnn\u00e9e de cr\u00e9ation : <\/strong>2017<\/p>\n<h4><span style=\"color: #79ced7\">Plus d&#8217;offres de MyCityHighlight<br \/>\n<\/span><\/h4>\n<div>\n<ul>\n<li>D\u00e9couvre de nombreux faits int\u00e9ressants et passionnants sur les autres <a href=\"https:\/\/detektiv-trails.ch\/fr\/categorie-de-produits\/espace-mittelland\/detective-trails-a-soleure\/\">D\u00e9tective-Trail \u00e0\u00a0Soleure<\/a>\u2013 l\u2019aventure des \u00e9nigmes pour tout-le-monde.<\/li>\n<li>Deviens enqu\u00eateur et r\u00e9sous\u00a0<a href=\"https:\/\/www.krimi-trails.ch\/fr\/produit\/crime-trail-soleure-vol-des-statues-en-or-du-tresor-du-dome-2\/\" target=\"_blank\" rel=\"noopener noreferrer nofollow\">le Crime-Trail \u00e0 Soleure<\/a>\u00a0\u2013 une activit\u00e9 de loisirs passionante pour les fans de crime.<\/li>\n<li>Partez \u00e0 la chasse du myst\u00e9rieux guide sur le sentier interactif\u00a0<a href=\"https:\/\/www.finding-daniel.ch\/fr\/produit\/visiter-soleure-le-chiffre-sacre-11\/\" target=\"_blank\" rel=\"noopener noreferrer nofollow\">Finding-Daniel \u00e0 Soleure<\/a>\u00a0et apprenez des histoires suprenantes sur la ville en suivant ses traces.<\/li>\n<\/ul>\n<\/div>\n","protected":false},"excerpt":{"rendered":"<table style=\"width: 100%\">\n<tbody>\n<tr>\n<th><a href=\"https:\/\/detektiv-trails.ch\/wp-content\/uploads\/sites\/8\/2025\/03\/Detektiv-Dachs-gehend-standard-Detektiv-Trails-819x1024.png\"><img loading=\"lazy\" decoding=\"async\" class=\"alignnone wp-image-140338 size-large\" src=\"https:\/\/detektiv-trails.ch\/wp-content\/uploads\/sites\/8\/2025\/03\/Detektiv-Dachs-gehend-standard-Detektiv-Trails-819x1024.png\" alt=\"Detektiv Dachs gehend standard Detektiv-Trails\" width=\"819\" height=\"1024\" srcset=\"https:\/\/detektiv-trails.ch\/wp-content\/uploads\/sites\/8\/2025\/03\/Detektiv-Dachs-gehend-standard-Detektiv-Trails-819x1024.png 819w, https:\/\/detektiv-trails.ch\/wp-content\/uploads\/sites\/8\/2025\/03\/Detektiv-Dachs-gehend-standard-Detektiv-Trails-240x300.png 240w, https:\/\/detektiv-trails.ch\/wp-content\/uploads\/sites\/8\/2025\/03\/Detektiv-Dachs-gehend-standard-Detektiv-Trails-768x960.png 768w, https:\/\/detektiv-trails.ch\/wp-content\/uploads\/sites\/8\/2025\/03\/Detektiv-Dachs-gehend-standard-Detektiv-Trails-1229x1536.png 1229w, https:\/\/detektiv-trails.ch\/wp-content\/uploads\/sites\/8\/2025\/03\/Detektiv-Dachs-gehend-standard-Detektiv-Trails-600x750.png 600w, https:\/\/detektiv-trails.ch\/wp-content\/uploads\/sites\/8\/2025\/03\/Detektiv-Dachs-gehend-standard-Detektiv-Trails.png 1536w\" sizes=\"auto, (max-width: 819px) 100vw, 819px\" \/><\/a><\/th>\n<td><a href=\"https:\/\/detektiv-dachs.ch\/fr\/\" target=\"_blank\" rel=\"noopener\">D\u00e9tective Blaireau<\/a> vous emm\u00e8ne dans une <strong>chasse au tr\u00e9sor<\/strong> passionnante \u00e0 Soleure.<\/td>\n<\/tr>\n<tr>\n<td><a href=\"https:\/\/detektiv-trails.ch\/wp-content\/uploads\/sites\/8\/2025\/03\/Detektiv-Dachs-mit-Karte-Detektiv-Trails-820x1024.png\"><img loading=\"lazy\" decoding=\"async\" class=\"alignnone wp-image-140326 size-large\" src=\"https:\/\/detektiv-trails.ch\/wp-content\/uploads\/sites\/8\/2025\/03\/Detektiv-Dachs-mit-Karte-Detektiv-Trails-820x1024.png\" alt=\"Detektiv Dachs mit Karte Detektiv-Trails\" width=\"820\" height=\"1024\" srcset=\"https:\/\/detektiv-trails.ch\/wp-content\/uploads\/sites\/8\/2025\/03\/Detektiv-Dachs-mit-Karte-Detektiv-Trails-820x1024.png 820w, https:\/\/detektiv-trails.ch\/wp-content\/uploads\/sites\/8\/2025\/03\/Detektiv-Dachs-mit-Karte-Detektiv-Trails-240x300.png 240w, https:\/\/detektiv-trails.ch\/wp-content\/uploads\/sites\/8\/2025\/03\/Detektiv-Dachs-mit-Karte-Detektiv-Trails-768x959.png 768w, https:\/\/detektiv-trails.ch\/wp-content\/uploads\/sites\/8\/2025\/03\/Detektiv-Dachs-mit-Karte-Detektiv-Trails-1230x1536.png 1230w, https:\/\/detektiv-trails.ch\/wp-content\/uploads\/sites\/8\/2025\/03\/Detektiv-Dachs-mit-Karte-Detektiv-Trails-600x750.png 600w, https:\/\/detektiv-trails.ch\/wp-content\/uploads\/sites\/8\/2025\/03\/Detektiv-Dachs-mit-Karte-Detektiv-Trails.png 1537w\" sizes=\"auto, (max-width: 820px) 100vw, 820px\" \/><\/a><\/td>\n<td>\u00c9quip\u00e9s de la carte au tr\u00e9sor (imprim\u00e9e ou en ligne), vous explorez Soleure et r\u00e9solvez des \u00e9nigmes vari\u00e9es.<br \/>\nComme dans <strong>un jeu de piste<\/strong>, l&#8217;itin\u00e9raire vous m\u00e8ne d&#8217;une \u00e9nigme \u00e0 l&#8217;autre. Vous les r\u00e9solvez avec les \u00e9l\u00e9ments sur place. Les enfants et les adultes d\u00e9couvrent ainsi des <strong>informations int\u00e9ressantes et surprenantes<\/strong>.<\/td>\n<\/tr>\n<tr>\n<td><a href=\"https:\/\/detektiv-trails.ch\/wp-content\/uploads\/sites\/8\/2025\/03\/Detektiv-Dachs-mit-Schatztruhe-Detektiv-Trails-819x1024.png\"><img loading=\"lazy\" decoding=\"async\" class=\"alignnone wp-image-140329 size-large\" src=\"https:\/\/detektiv-trails.ch\/wp-content\/uploads\/sites\/8\/2025\/03\/Detektiv-Dachs-mit-Schatztruhe-Detektiv-Trails-819x1024.png\" alt=\"Detektiv Dachs mit Schatztruhe Detektiv-Trails\" width=\"819\" height=\"1024\" srcset=\"https:\/\/detektiv-trails.ch\/wp-content\/uploads\/sites\/8\/2025\/03\/Detektiv-Dachs-mit-Schatztruhe-Detektiv-Trails-819x1024.png 819w, https:\/\/detektiv-trails.ch\/wp-content\/uploads\/sites\/8\/2025\/03\/Detektiv-Dachs-mit-Schatztruhe-Detektiv-Trails-240x300.png 240w, https:\/\/detektiv-trails.ch\/wp-content\/uploads\/sites\/8\/2025\/03\/Detektiv-Dachs-mit-Schatztruhe-Detektiv-Trails-768x960.png 768w, https:\/\/detektiv-trails.ch\/wp-content\/uploads\/sites\/8\/2025\/03\/Detektiv-Dachs-mit-Schatztruhe-Detektiv-Trails-1229x1536.png 1229w, https:\/\/detektiv-trails.ch\/wp-content\/uploads\/sites\/8\/2025\/03\/Detektiv-Dachs-mit-Schatztruhe-Detektiv-Trails-600x750.png 600w, https:\/\/detektiv-trails.ch\/wp-content\/uploads\/sites\/8\/2025\/03\/Detektiv-Dachs-mit-Schatztruhe-Detektiv-Trails.png 1536w\" sizes=\"auto, (max-width: 819px) 100vw, 819px\" \/><\/a><\/td>\n<td>Si vous avez tout r\u00e9solu correctement, vous pouvez ouvrir le cadenas du <strong>coffre au tr\u00e9sor<\/strong> et emporter un <strong>petit prix imm\u00e9diat<\/strong> (max. 1 prix\/personne payante).<\/td>\n<\/tr>\n<\/tbody>\n<\/table>\n","protected":false},"featured_media":143377,"comment_status":"open","ping_status":"closed","template":"","meta":{"inline_featured_image":false,"site-sidebar-layout":"default","site-content-layout":"default","ast-site-content-layout":"default","site-content-style":"default","site-sidebar-style":"default","ast-global-header-display":"","ast-banner-title-visibility":"","ast-main-header-display":"","ast-hfb-above-header-display":"","ast-hfb-below-header-display":"","ast-hfb-mobile-header-display":"","site-post-title":"","ast-breadcrumbs-content":"","ast-featured-img":"","footer-sml-layout":"","ast-disable-related-posts":"","theme-transparent-header-meta":"default","adv-header-id-meta":"","stick-header-meta":"default","header-above-stick-meta":"","header-main-stick-meta":"","header-below-stick-meta":"","astra-migrate-meta-layouts":"set","ast-page-background-enabled":"default","ast-page-background-meta":{"desktop":{"background-color":"var(--ast-global-color-4)","background-image":"","background-repeat":"repeat","background-position":"center center","background-size":"auto","background-attachment":"scroll","background-type":"","background-media":"","overlay-type":"","overlay-color":"","overlay-opacity":"","overlay-gradient":""},"tablet":{"background-color":"","background-image":"","background-repeat":"repeat","background-position":"center center","background-size":"auto","background-attachment":"scroll","background-type":"","background-media":"","overlay-type":"","overlay-color":"","overlay-opacity":"","overlay-gradient":""},"mobile":{"background-color":"","background-image":"","background-repeat":"repeat","background-position":"center center","background-size":"auto","background-attachment":"scroll","background-type":"","background-media":"","overlay-type":"","overlay-color":"","overlay-opacity":"","overlay-gradient":""}},"ast-content-background-meta":{"desktop":{"background-color":"var(--ast-global-color-5)","background-image":"","background-repeat":"repeat","background-position":"center center","background-size":"auto","background-attachment":"scroll","background-type":"","background-media":"","overlay-type":"","overlay-color":"","overlay-opacity":"","overlay-gradient":""},"tablet":{"background-color":"var(--ast-global-color-5)","background-image":"","background-repeat":"repeat","background-position":"center center","background-size":"auto","background-attachment":"scroll","background-type":"","background-media":"","overlay-type":"","overlay-color":"","overlay-opacity":"","overlay-gradient":""},"mobile":{"background-color":"var(--ast-global-color-5)","background-image":"","background-repeat":"repeat","background-position":"center center","background-size":"auto","background-attachment":"scroll","background-type":"","background-media":"","overlay-type":"","overlay-color":"","overlay-opacity":"","overlay-gradient":""}}},"product_brand":[],"product_cat":[265,266,473,267,447,333,268],"product_tag":[409,410,411,412],"class_list":{"0":"post-70862","1":"product","2":"type-product","3":"status-publish","4":"has-post-thumbnail","6":"product_cat-detective-trail-avec-coffre-au-tresor","7":"product_cat-detective-trail-avec-livraison-subsequente","8":"product_cat-detective-trails-a-soleure","9":"product_cat-les-cartes-de-detective-trails-en-suisse","10":"product_cat-espace-mittelland","11":"product_cat-freizeit-trails-fr","12":"product_cat-trails-francaises","13":"product_tag-detektiv-dachs-fr","14":"product_tag-detektiv-trail-fr","15":"product_tag-schatzsuche-fr","16":"product_tag-schnitzeljagd-fr","17":"desktop-align-center","18":"tablet-align-left","19":"mobile-align-left","20":"ast-product-gallery-layout-horizontal-slider","21":"ast-magnify-disabled","22":"ast-product-tabs-layout-horizontal","24":"first","25":"outofstock","26":"featured","27":"virtual","28":"taxable","29":"purchasable","30":"product-type-simple"},"_links":{"self":[{"href":"https:\/\/detektiv-trails.ch\/fr\/wp-json\/wp\/v2\/product\/70862","targetHints":{"allow":["GET"]}}],"collection":[{"href":"https:\/\/detektiv-trails.ch\/fr\/wp-json\/wp\/v2\/product"}],"about":[{"href":"https:\/\/detektiv-trails.ch\/fr\/wp-json\/wp\/v2\/types\/product"}],"replies":[{"embeddable":true,"href":"https:\/\/detektiv-trails.ch\/fr\/wp-json\/wp\/v2\/comments?post=70862"}],"version-history":[{"count":11,"href":"https:\/\/detektiv-trails.ch\/fr\/wp-json\/wp\/v2\/product\/70862\/revisions"}],"predecessor-version":[{"id":166526,"href":"https:\/\/detektiv-trails.ch\/fr\/wp-json\/wp\/v2\/product\/70862\/revisions\/166526"}],"wp:featuredmedia":[{"embeddable":true,"href":"https:\/\/detektiv-trails.ch\/fr\/wp-json\/wp\/v2\/media\/143377"}],"wp:attachment":[{"href":"https:\/\/detektiv-trails.ch\/fr\/wp-json\/wp\/v2\/media?parent=70862"}],"wp:term":[{"taxonomy":"product_brand","embeddable":true,"href":"https:\/\/detektiv-trails.ch\/fr\/wp-json\/wp\/v2\/product_brand?post=70862"},{"taxonomy":"product_cat","embeddable":true,"href":"https:\/\/detektiv-trails.ch\/fr\/wp-json\/wp\/v2\/product_cat?post=70862"},{"taxonomy":"product_tag","embeddable":true,"href":"https:\/\/detektiv-trails.ch\/fr\/wp-json\/wp\/v2\/product_tag?post=70862"}],"curies":[{"name":"wp","href":"https:\/\/api.w.org\/{rel}","templated":true}]}}