{"id":70881,"date":"2019-06-13T14:02:24","date_gmt":"2019-06-13T12:02:24","guid":{"rendered":"https:\/\/newsystem-detektiv-trails.ch\/shop\/detective-trail-soerenberg-aventure-entlebuch\/"},"modified":"2025-10-31T10:59:51","modified_gmt":"2025-10-31T09:59:51","slug":"detective-trail-soerenberg-aventure-entlebuch","status":"publish","type":"product","link":"https:\/\/detektiv-trails.ch\/fr\/produit\/detective-trail-soerenberg-aventure-entlebuch\/","title":{"rendered":"D\u00e9tective-Trail: S\u00f6renberg \u2013 Aventure Entlebuch"},"content":{"rendered":"<p><strong><span style=\"color: #79ced7\">Le D\u00e9tective-Trail S\u00f6renberg \u2013 Aventure Entlebuch est ouvert tous les jours<br \/>\n<\/span><\/strong><strong>Variante du Trail : <\/strong>Avec coffre au tr\u00e9sor <strong><img loading=\"lazy\" decoding=\"async\" class=\"alignnone wp-image-52991\" src=\"https:\/\/detektiv-trails.ch\/wp-content\/uploads\/sites\/8\/2023\/05\/schatztruhe-300x300-1.jpg\" alt=\"\" width=\"26\" height=\"26\" \/><br \/>\n<\/strong><strong>Heures d&#8217;ouverture du trail : <\/strong>Ouvert tous les jours \u2013 \u00e0 tout moment<br \/>\n<strong>Acc\u00e8s au coffre au tr\u00e9sor : <\/strong>Le coffre au tr\u00e9sor est accessible \u00e0 tout moment chez S\u00f6renberg Fl\u00fchli Tourismus.<strong><br \/>\n<\/strong>Informations sans garantie. Si le coffre au tr\u00e9sor n\u2019est pas accessible, nous vous enverrons le cadeau ult\u00e9rieurement. Tu trouveras les informations concernant l\u2019exp\u00e9dition \u00e0 la fin du D\u00e9tective-Trail.<br \/>\n<strong>Distance : <\/strong>env. 4.5 km<strong><br \/>\nDur\u00e9e : <\/strong>env. 2 h 30 (sans pauses)<\/p>\n<div style=\"background-color: #f4f4f4;padding: 20px\"><strong><strong><strong style=\"color: #79ced7;line-height: 2rem\">D\u00e9couvre les D\u00e9tective-Trails avec D\u00e9tective Blaireau : une aventure d\u2019\u00e9nigmes passionnante pour petits et grands.<br \/>\nPars pour une exploration de S\u00f6renberg, au c\u0153ur du site du patrimoine mondial de l\u2019UNESCO de la Biosph\u00e8re d\u2019Entlebuch. Le trail te conduit \u00e0 travers un fascinant paysage de tourbi\u00e8res, au pied de l\u2019imposant Brienzer Rothorn et de la majestueuse Schrattenfluh. En chemin, tu d\u00e9couvriras la nature unique de cette r\u00e9gion, r\u00e9soudras des \u00e9nigmes captivantes et profiteras de l\u2019air pur des montagnes dans un d\u00e9cor alpin impressionnant.<br \/>\nL\u2019itin\u00e9raire vari\u00e9 allie nature, mouvement et plaisir de r\u00e9soudre des \u00e9nigmes de mani\u00e8re ludique et te permet de d\u00e9couvrir l\u2019Entlebuch sous son aspect le plus authentique et le plus magnifique.<br \/>\nLe D\u00e9tective-Trail S\u00f6renberg offre un m\u00e9lange harmonieux d\u2019\u00e9nigmes, de mouvement et de nature. Id\u00e9al pour les familles, les enfants, les classes scolaires, les grands-parents et tous ceux qui aiment \u00eatre en plein air.<br \/>\nAmuse-toi bien lors de ton aventure d\u2019enqu\u00eate !<br \/>\n<\/strong><\/strong><\/strong><\/div>\n<p><strong><br \/>\nD\u00e9part : <\/strong>Village de vacances Reka \u00e0 S\u00f6renberg &#8211; Rothornstrasse 59, CH-6174 S\u00f6renberg, arr\u00eat de bus S\u00f6renberg Platz, places de parking \u00e0 proximit\u00e9 imm\u00e9diate<br \/>\n<strong>Lieu d\u2019arriv\u00e9e : <\/strong>S\u00f6renberg Fl\u00fchli Tourismus, Rothornstrasse 21, 6174 S\u00f6renberg<br \/>\n<strong>Autres informations : <\/strong>Apporte de bonnes chaussures d&#8217;hiver. Sur la route, apr\u00e8s le poste 4, resp. \u00e0 30 minutes env.- il y a un espace barbecue. Il y a partout sur la route de beaux endroits (bancs) pour pique-niquer.<br \/>\n<strong>Poussettes :<\/strong> Le Trail convient aux poussettes (tout du moins pendant les mois d\u2019\u00e9t\u00e9). <a href=\"https:\/\/detektiv-trails.ch\/wp-content\/uploads\/sites\/8\/2023\/12\/detektiv-trails-Icon-Kinderwagen.jpg\"><img loading=\"lazy\" decoding=\"async\" class=\"alignnone wp-image-112000\" src=\"https:\/\/detektiv-trails.ch\/wp-content\/uploads\/sites\/8\/2023\/12\/detektiv-trails-Icon-Kinderwagen.jpg\" alt=\"\" width=\"26\" height=\"26\" srcset=\"https:\/\/detektiv-trails.ch\/wp-content\/uploads\/sites\/8\/2023\/12\/detektiv-trails-Icon-Kinderwagen.jpg 532w, https:\/\/detektiv-trails.ch\/wp-content\/uploads\/sites\/8\/2023\/12\/detektiv-trails-Icon-Kinderwagen-300x300.jpg 300w, https:\/\/detektiv-trails.ch\/wp-content\/uploads\/sites\/8\/2023\/12\/detektiv-trails-Icon-Kinderwagen-150x150.jpg 150w, https:\/\/detektiv-trails.ch\/wp-content\/uploads\/sites\/8\/2023\/12\/detektiv-trails-Icon-Kinderwagen-100x100.jpg 100w\" sizes=\"auto, (max-width: 26px) 100vw, 26px\" \/><\/a> Cependant, une grande partie de ce trajet emprunte des sentiers naturels escarp\u00e9s et n\u2019est donc r\u00e9serv\u00e9e qu\u2019aux personnes exp\u00e9riment\u00e9es et entra\u00een\u00e9es dans la conduite des poussettes.<br \/>\n<strong>Point de vente sur place : <\/strong>S\u00f6renberg Fl\u00fchli Tourismus, Rothornstrasse 21, 6174 S\u00f6renberg. Contact et horaires d&#8217;ouverture de <a href=\"https:\/\/www.soerenberg.ch\/de\/footernavigation\/tourismusbuero\/kontakt-oeffnungszeiten\/\" target=\"_blank\" rel=\"noopener noreferrer nofollow\">S\u00f6renberg Fl\u00fchli Tourismus<\/a>.<br \/>\n<strong>Niveau de difficult\u00e9 : <\/strong>moyen<br \/>\n<strong>Ann\u00e9e de cr\u00e9ation : <\/strong>2019<\/p>\n<h4><span style=\"color: #79ced7\">Plus d&#8217;offres de MyCityHighlight<\/span><\/h4>\n<div>\n<p>Consulte notre site <a href=\"https:\/\/mycityhighlight.com\/fr\/\" target=\"_blank\" rel=\"noopener noreferrer nofollow\">MyCityHighlight<\/a> &#8211; d&#8217;autres exp\u00e9riences de loisirs t&#8217;attendent !<\/p>\n<\/div>\n","protected":false},"excerpt":{"rendered":"<table style=\"width: 100%\">\n<tbody>\n<tr>\n<th><a href=\"https:\/\/detektiv-trails.ch\/wp-content\/uploads\/sites\/8\/2025\/03\/Detektiv-Dachs-gehend-standard-Detektiv-Trails-819x1024.png\"><img loading=\"lazy\" decoding=\"async\" class=\"alignnone wp-image-140338 size-large\" src=\"https:\/\/detektiv-trails.ch\/wp-content\/uploads\/sites\/8\/2025\/03\/Detektiv-Dachs-gehend-standard-Detektiv-Trails-819x1024.png\" alt=\"Detektiv Dachs gehend standard Detektiv-Trails\" width=\"819\" height=\"1024\" srcset=\"https:\/\/detektiv-trails.ch\/wp-content\/uploads\/sites\/8\/2025\/03\/Detektiv-Dachs-gehend-standard-Detektiv-Trails-819x1024.png 819w, https:\/\/detektiv-trails.ch\/wp-content\/uploads\/sites\/8\/2025\/03\/Detektiv-Dachs-gehend-standard-Detektiv-Trails-240x300.png 240w, https:\/\/detektiv-trails.ch\/wp-content\/uploads\/sites\/8\/2025\/03\/Detektiv-Dachs-gehend-standard-Detektiv-Trails-768x960.png 768w, https:\/\/detektiv-trails.ch\/wp-content\/uploads\/sites\/8\/2025\/03\/Detektiv-Dachs-gehend-standard-Detektiv-Trails-1229x1536.png 1229w, https:\/\/detektiv-trails.ch\/wp-content\/uploads\/sites\/8\/2025\/03\/Detektiv-Dachs-gehend-standard-Detektiv-Trails-600x750.png 600w, https:\/\/detektiv-trails.ch\/wp-content\/uploads\/sites\/8\/2025\/03\/Detektiv-Dachs-gehend-standard-Detektiv-Trails.png 1536w\" sizes=\"auto, (max-width: 819px) 100vw, 819px\" \/><\/a><\/th>\n<td><a href=\"https:\/\/detektiv-dachs.ch\/fr\/\" target=\"_blank\" rel=\"noopener\">D\u00e9tective Blaireau<\/a> vous emm\u00e8ne dans une <strong>chasse au tr\u00e9sor<\/strong> passionnante \u00e0 S\u00f6renberg.<\/td>\n<\/tr>\n<tr>\n<td><a href=\"https:\/\/detektiv-trails.ch\/wp-content\/uploads\/sites\/8\/2025\/03\/Detektiv-Dachs-mit-Karte-Detektiv-Trails-820x1024.png\"><img loading=\"lazy\" decoding=\"async\" class=\"alignnone wp-image-140326 size-large\" src=\"https:\/\/detektiv-trails.ch\/wp-content\/uploads\/sites\/8\/2025\/03\/Detektiv-Dachs-mit-Karte-Detektiv-Trails-820x1024.png\" alt=\"Detektiv Dachs mit Karte Detektiv-Trails\" width=\"820\" height=\"1024\" srcset=\"https:\/\/detektiv-trails.ch\/wp-content\/uploads\/sites\/8\/2025\/03\/Detektiv-Dachs-mit-Karte-Detektiv-Trails-820x1024.png 820w, https:\/\/detektiv-trails.ch\/wp-content\/uploads\/sites\/8\/2025\/03\/Detektiv-Dachs-mit-Karte-Detektiv-Trails-240x300.png 240w, https:\/\/detektiv-trails.ch\/wp-content\/uploads\/sites\/8\/2025\/03\/Detektiv-Dachs-mit-Karte-Detektiv-Trails-768x959.png 768w, https:\/\/detektiv-trails.ch\/wp-content\/uploads\/sites\/8\/2025\/03\/Detektiv-Dachs-mit-Karte-Detektiv-Trails-1230x1536.png 1230w, https:\/\/detektiv-trails.ch\/wp-content\/uploads\/sites\/8\/2025\/03\/Detektiv-Dachs-mit-Karte-Detektiv-Trails-600x750.png 600w, https:\/\/detektiv-trails.ch\/wp-content\/uploads\/sites\/8\/2025\/03\/Detektiv-Dachs-mit-Karte-Detektiv-Trails.png 1537w\" sizes=\"auto, (max-width: 820px) 100vw, 820px\" \/><\/a><\/td>\n<td>\u00c9quip\u00e9s de la carte au tr\u00e9sor (imprim\u00e9e ou en ligne), vous explorez S\u00f6renberg et r\u00e9solvez des \u00e9nigmes vari\u00e9es.<br \/>\nComme dans <strong>un jeu de piste<\/strong>, l&#8217;itin\u00e9raire vous m\u00e8ne d&#8217;une \u00e9nigme \u00e0 l&#8217;autre. Vous les r\u00e9solvez avec les \u00e9l\u00e9ments sur place. Les enfants et les adultes d\u00e9couvrent ainsi des <strong>informations int\u00e9ressantes et surprenantes<\/strong>.<\/td>\n<\/tr>\n<tr>\n<td><a href=\"https:\/\/detektiv-trails.ch\/wp-content\/uploads\/sites\/8\/2025\/03\/Detektiv-Dachs-mit-Schatztruhe-Detektiv-Trails-819x1024.png\"><img loading=\"lazy\" decoding=\"async\" class=\"alignnone wp-image-140329 size-large\" src=\"https:\/\/detektiv-trails.ch\/wp-content\/uploads\/sites\/8\/2025\/03\/Detektiv-Dachs-mit-Schatztruhe-Detektiv-Trails-819x1024.png\" alt=\"Detektiv Dachs mit Schatztruhe Detektiv-Trails\" width=\"819\" height=\"1024\" srcset=\"https:\/\/detektiv-trails.ch\/wp-content\/uploads\/sites\/8\/2025\/03\/Detektiv-Dachs-mit-Schatztruhe-Detektiv-Trails-819x1024.png 819w, https:\/\/detektiv-trails.ch\/wp-content\/uploads\/sites\/8\/2025\/03\/Detektiv-Dachs-mit-Schatztruhe-Detektiv-Trails-240x300.png 240w, https:\/\/detektiv-trails.ch\/wp-content\/uploads\/sites\/8\/2025\/03\/Detektiv-Dachs-mit-Schatztruhe-Detektiv-Trails-768x960.png 768w, https:\/\/detektiv-trails.ch\/wp-content\/uploads\/sites\/8\/2025\/03\/Detektiv-Dachs-mit-Schatztruhe-Detektiv-Trails-1229x1536.png 1229w, https:\/\/detektiv-trails.ch\/wp-content\/uploads\/sites\/8\/2025\/03\/Detektiv-Dachs-mit-Schatztruhe-Detektiv-Trails-600x750.png 600w, https:\/\/detektiv-trails.ch\/wp-content\/uploads\/sites\/8\/2025\/03\/Detektiv-Dachs-mit-Schatztruhe-Detektiv-Trails.png 1536w\" sizes=\"auto, (max-width: 819px) 100vw, 819px\" \/><\/a><\/td>\n<td>Si vous avez tout r\u00e9solu correctement, vous pouvez ouvrir le cadenas du <strong>coffre au tr\u00e9sor<\/strong> et emporter un <strong>petit prix imm\u00e9diat<\/strong> (max. 1 prix\/personne payante).<\/td>\n<\/tr>\n<\/tbody>\n<\/table>\n","protected":false},"featured_media":162712,"comment_status":"open","ping_status":"closed","template":"","meta":{"inline_featured_image":false,"site-sidebar-layout":"default","site-content-layout":"default","ast-site-content-layout":"default","site-content-style":"default","site-sidebar-style":"default","ast-global-header-display":"","ast-banner-title-visibility":"","ast-main-header-display":"","ast-hfb-above-header-display":"","ast-hfb-below-header-display":"","ast-hfb-mobile-header-display":"","site-post-title":"","ast-breadcrumbs-content":"","ast-featured-img":"","footer-sml-layout":"","ast-disable-related-posts":"","theme-transparent-header-meta":"default","adv-header-id-meta":"","stick-header-meta":"default","header-above-stick-meta":"","header-main-stick-meta":"","header-below-stick-meta":"","astra-migrate-meta-layouts":"set","ast-page-background-enabled":"default","ast-page-background-meta":{"desktop":{"background-color":"var(--ast-global-color-4)","background-image":"","background-repeat":"repeat","background-position":"center center","background-size":"auto","background-attachment":"scroll","background-type":"","background-media":"","overlay-type":"","overlay-color":"","overlay-opacity":"","overlay-gradient":""},"tablet":{"background-color":"","background-image":"","background-repeat":"repeat","background-position":"center center","background-size":"auto","background-attachment":"scroll","background-type":"","background-media":"","overlay-type":"","overlay-color":"","overlay-opacity":"","overlay-gradient":""},"mobile":{"background-color":"","background-image":"","background-repeat":"repeat","background-position":"center center","background-size":"auto","background-attachment":"scroll","background-type":"","background-media":"","overlay-type":"","overlay-color":"","overlay-opacity":"","overlay-gradient":""}},"ast-content-background-meta":{"desktop":{"background-color":"var(--ast-global-color-5)","background-image":"","background-repeat":"repeat","background-position":"center center","background-size":"auto","background-attachment":"scroll","background-type":"","background-media":"","overlay-type":"","overlay-color":"","overlay-opacity":"","overlay-gradient":""},"tablet":{"background-color":"var(--ast-global-color-5)","background-image":"","background-repeat":"repeat","background-position":"center center","background-size":"auto","background-attachment":"scroll","background-type":"","background-media":"","overlay-type":"","overlay-color":"","overlay-opacity":"","overlay-gradient":""},"mobile":{"background-color":"var(--ast-global-color-5)","background-image":"","background-repeat":"repeat","background-position":"center center","background-size":"auto","background-attachment":"scroll","background-type":"","background-media":"","overlay-type":"","overlay-color":"","overlay-opacity":"","overlay-gradient":""}}},"product_brand":[],"product_cat":[265,266,267,463,333,268],"product_tag":[410,475,411,412],"class_list":{"0":"post-70881","1":"product","2":"type-product","3":"status-publish","4":"has-post-thumbnail","6":"product_cat-detective-trail-avec-coffre-au-tresor","7":"product_cat-detective-trail-avec-livraison-subsequente","8":"product_cat-les-cartes-de-detective-trails-en-suisse","9":"product_cat-suisse-centrale","10":"product_cat-freizeit-trails-fr","11":"product_cat-trails-francaises","12":"product_tag-detektiv-trail-fr","13":"product_tag-kinder-fr","14":"product_tag-schatzsuche-fr","15":"product_tag-schnitzeljagd-fr","16":"desktop-align-center","17":"tablet-align-left","18":"mobile-align-left","19":"ast-product-gallery-layout-horizontal-slider","20":"ast-magnify-disabled","21":"ast-product-tabs-layout-horizontal","23":"first","24":"instock","25":"featured","26":"virtual","27":"taxable","28":"purchasable","29":"product-type-simple"},"_links":{"self":[{"href":"https:\/\/detektiv-trails.ch\/fr\/wp-json\/wp\/v2\/product\/70881","targetHints":{"allow":["GET"]}}],"collection":[{"href":"https:\/\/detektiv-trails.ch\/fr\/wp-json\/wp\/v2\/product"}],"about":[{"href":"https:\/\/detektiv-trails.ch\/fr\/wp-json\/wp\/v2\/types\/product"}],"replies":[{"embeddable":true,"href":"https:\/\/detektiv-trails.ch\/fr\/wp-json\/wp\/v2\/comments?post=70881"}],"version-history":[{"count":11,"href":"https:\/\/detektiv-trails.ch\/fr\/wp-json\/wp\/v2\/product\/70881\/revisions"}],"predecessor-version":[{"id":159497,"href":"https:\/\/detektiv-trails.ch\/fr\/wp-json\/wp\/v2\/product\/70881\/revisions\/159497"}],"wp:featuredmedia":[{"embeddable":true,"href":"https:\/\/detektiv-trails.ch\/fr\/wp-json\/wp\/v2\/media\/162712"}],"wp:attachment":[{"href":"https:\/\/detektiv-trails.ch\/fr\/wp-json\/wp\/v2\/media?parent=70881"}],"wp:term":[{"taxonomy":"product_brand","embeddable":true,"href":"https:\/\/detektiv-trails.ch\/fr\/wp-json\/wp\/v2\/product_brand?post=70881"},{"taxonomy":"product_cat","embeddable":true,"href":"https:\/\/detektiv-trails.ch\/fr\/wp-json\/wp\/v2\/product_cat?post=70881"},{"taxonomy":"product_tag","embeddable":true,"href":"https:\/\/detektiv-trails.ch\/fr\/wp-json\/wp\/v2\/product_tag?post=70881"}],"curies":[{"name":"wp","href":"https:\/\/api.w.org\/{rel}","templated":true}]}}