{"id":70899,"date":"2024-08-22T14:28:09","date_gmt":"2020-01-23T08:32:11","guid":{"rendered":"https:\/\/newsystem-detektiv-trails.ch\/shop\/labyrinth-jeu-de-patience\/"},"modified":"2025-09-08T13:04:29","modified_gmt":"2025-09-08T11:04:29","slug":"labyrinth-jeu-de-patience","status":"publish","type":"product","link":"https:\/\/detektiv-trails.ch\/fr\/produit\/labyrinth-jeu-de-patience\/","title":{"rendered":"Labyrinth jeu de patience"},"content":{"rendered":"<p>D\u00e9couvrez le jeu de labyrinthe passionnant, parfait pour les petits et grands d\u00e9tectives qui aiment les d\u00e9fis ! Ce jeu favorise l&#8217;adresse et les comp\u00e9tences en r\u00e9solution de probl\u00e8mes, et est id\u00e9al \u00e0 la maison ou en d\u00e9placement. Le labyrinthe apporte le plaisir et les aventures de <a href=\"https:\/\/detektiv-dachs.ch\/fr\/\" target=\"_blank\" rel=\"noopener noreferrer nofollow\">D\u00e9tective Blaireau<\/a> directement chez vous. Pourquoi choisir le jeu de labyrinthe de D\u00e9tective Blaireau ?<\/p>\n<p>Avec une taille de 11,5 cm x 11,5 cm, ce labyrinthe est id\u00e9al comme petit prix lors d&#8217;un anniversaire d&#8217;enfant ou comme r\u00e9compense lors du D\u00e9tective-Trail. Visitez notre site web et d\u00e9couvrez d&#8217;autres produits passionnants autour de D\u00e9tective Blaireau. Plongez dans le monde des \u00e9nigmes et des aventures !<\/p>\n","protected":false},"excerpt":{"rendered":"<p>D\u00e9couvrez le jeu de labyrinthe passionnant, parfait pour les petits et grands d\u00e9tectives qui aiment les d\u00e9fis ! Ce jeu favorise l&#8217;adresse et les comp\u00e9tences en r\u00e9solution de probl\u00e8mes, et est id\u00e9al \u00e0 la maison ou en d\u00e9placement. Le labyrinthe apporte le plaisir et les aventures de <a href=\"https:\/\/detektiv-dachs.ch\/fr\/\" target=\"_blank\" rel=\"noopener\">D\u00e9tective Blaireau<\/a> directement chez vous. Pourquoi choisir le jeu de labyrinthe de D\u00e9tective Blaireau ?<\/p>\n<p>Avec une taille de 11,5 cm x 11,5 cm, ce labyrinthe est id\u00e9al comme petit prix lors d&#8217;un anniversaire d&#8217;enfant ou comme r\u00e9compense lors du D\u00e9tective-Trail. Visitez notre site web et d\u00e9couvrez d&#8217;autres produits passionnants autour de D\u00e9tective Blaireau. Plongez dans le monde des \u00e9nigmes et des aventures !<\/p>\n","protected":false},"featured_media":128001,"comment_status":"open","ping_status":"closed","template":"","meta":{"inline_featured_image":false,"site-sidebar-layout":"default","site-content-layout":"default","ast-site-content-layout":"default","site-content-style":"default","site-sidebar-style":"default","ast-global-header-display":"","ast-banner-title-visibility":"","ast-main-header-display":"","ast-hfb-above-header-display":"","ast-hfb-below-header-display":"","ast-hfb-mobile-header-display":"","site-post-title":"","ast-breadcrumbs-content":"","ast-featured-img":"","footer-sml-layout":"","ast-disable-related-posts":"","theme-transparent-header-meta":"default","adv-header-id-meta":"","stick-header-meta":"default","header-above-stick-meta":"","header-main-stick-meta":"","header-below-stick-meta":"","astra-migrate-meta-layouts":"set","ast-page-background-enabled":"default","ast-page-background-meta":{"desktop":{"background-color":"var(--ast-global-color-4)","background-image":"","background-repeat":"repeat","background-position":"center center","background-size":"auto","background-attachment":"scroll","background-type":"","background-media":"","overlay-type":"","overlay-color":"","overlay-opacity":"","overlay-gradient":""},"tablet":{"background-color":"","background-image":"","background-repeat":"repeat","background-position":"center center","background-size":"auto","background-attachment":"scroll","background-type":"","background-media":"","overlay-type":"","overlay-color":"","overlay-opacity":"","overlay-gradient":""},"mobile":{"background-color":"","background-image":"","background-repeat":"repeat","background-position":"center center","background-size":"auto","background-attachment":"scroll","background-type":"","background-media":"","overlay-type":"","overlay-color":"","overlay-opacity":"","overlay-gradient":""}},"ast-content-background-meta":{"desktop":{"background-color":"var(--ast-global-color-5)","background-image":"","background-repeat":"repeat","background-position":"center center","background-size":"auto","background-attachment":"scroll","background-type":"","background-media":"","overlay-type":"","overlay-color":"","overlay-opacity":"","overlay-gradient":""},"tablet":{"background-color":"var(--ast-global-color-5)","background-image":"","background-repeat":"repeat","background-position":"center center","background-size":"auto","background-attachment":"scroll","background-type":"","background-media":"","overlay-type":"","overlay-color":"","overlay-opacity":"","overlay-gradient":""},"mobile":{"background-color":"var(--ast-global-color-5)","background-image":"","background-repeat":"repeat","background-position":"center center","background-size":"auto","background-attachment":"scroll","background-type":"","background-media":"","overlay-type":"","overlay-color":"","overlay-opacity":"","overlay-gradient":""}}},"product_brand":[],"product_cat":[260],"product_tag":[409],"class_list":{"0":"post-70899","1":"product","2":"type-product","3":"status-publish","4":"has-post-thumbnail","6":"product_cat-detective-blaireau","7":"product_tag-detektiv-dachs-fr","8":"product_shipping_class-verpackungs-und-versandkosten","9":"desktop-align-center","10":"tablet-align-left","11":"mobile-align-left","12":"ast-product-gallery-layout-horizontal-slider","13":"ast-product-gallery-with-no-image","14":"ast-magnify-disabled","15":"ast-product-tabs-layout-horizontal","17":"first","18":"instock","19":"taxable","20":"shipping-taxable","21":"purchasable","22":"product-type-simple"},"_links":{"self":[{"href":"https:\/\/detektiv-trails.ch\/fr\/wp-json\/wp\/v2\/product\/70899","targetHints":{"allow":["GET"]}}],"collection":[{"href":"https:\/\/detektiv-trails.ch\/fr\/wp-json\/wp\/v2\/product"}],"about":[{"href":"https:\/\/detektiv-trails.ch\/fr\/wp-json\/wp\/v2\/types\/product"}],"replies":[{"embeddable":true,"href":"https:\/\/detektiv-trails.ch\/fr\/wp-json\/wp\/v2\/comments?post=70899"}],"version-history":[{"count":0,"href":"https:\/\/detektiv-trails.ch\/fr\/wp-json\/wp\/v2\/product\/70899\/revisions"}],"wp:featuredmedia":[{"embeddable":true,"href":"https:\/\/detektiv-trails.ch\/fr\/wp-json\/wp\/v2\/media\/128001"}],"wp:attachment":[{"href":"https:\/\/detektiv-trails.ch\/fr\/wp-json\/wp\/v2\/media?parent=70899"}],"wp:term":[{"taxonomy":"product_brand","embeddable":true,"href":"https:\/\/detektiv-trails.ch\/fr\/wp-json\/wp\/v2\/product_brand?post=70899"},{"taxonomy":"product_cat","embeddable":true,"href":"https:\/\/detektiv-trails.ch\/fr\/wp-json\/wp\/v2\/product_cat?post=70899"},{"taxonomy":"product_tag","embeddable":true,"href":"https:\/\/detektiv-trails.ch\/fr\/wp-json\/wp\/v2\/product_tag?post=70899"}],"curies":[{"name":"wp","href":"https:\/\/api.w.org\/{rel}","templated":true}]}}