{"id":70910,"date":"2020-12-03T12:22:04","date_gmt":"2020-12-03T11:46:44","guid":{"rendered":"https:\/\/newsystem-detektiv-trails.ch\/shop\/jeu-de-patience-metal\/"},"modified":"2025-03-29T16:06:33","modified_gmt":"2025-03-29T15:06:33","slug":"jeu-de-patience-metal","status":"publish","type":"product","link":"https:\/\/detektiv-trails.ch\/fr\/produit\/jeu-de-patience-metal\/","title":{"rendered":"Jeu de patience &#8211; m\u00e9tal"},"content":{"rendered":"<p><strong>Jeu de patience en m\u00e9tal &#8211; Divertissement pour petits et grands d\u00e9tectives<\/strong><\/p>\n<p>D\u00e9couvrez le jeu de patience en m\u00e9tal, un jeu de r\u00e9flexion passionnant qui mettra \u00e0 l&#8217;\u00e9preuve votre patience et votre dext\u00e9rit\u00e9.<br \/>\nAvec une taille d&#8217;environ 6 x 4,5 x 1,5 cm, ce jeu est id\u00e9al comme petit prix lors d&#8217;un anniversaire d&#8217;enfant ou comme r\u00e9compense lors du D\u00e9tective-Trail. Trouvez la bonne variante pour s\u00e9parer et assembler les deux pi\u00e8ces. Parfait pour tous ceux qui aiment les d\u00e9fis et souhaitent am\u00e9liorer leurs comp\u00e9tences en r\u00e9solution de probl\u00e8mes. Visitez notre site web et d\u00e9couvrez d&#8217;autres produits passionnants autour du <a href=\"https:\/\/detektiv-dachs.ch\/fr\/\" target=\"_blank\" rel=\"noopener noreferrer nofollow\">D\u00e9tective Blaireau<\/a>.<\/p>\n","protected":false},"excerpt":{"rendered":"<p><strong>Jeu de patience en m\u00e9tal &#8211; Divertissement pour petits et grands d\u00e9tectives<\/strong><\/p>\n<p>D\u00e9couvrez le jeu de patience en m\u00e9tal, un jeu de r\u00e9flexion passionnant qui mettra \u00e0 l&#8217;\u00e9preuve votre patience et votre dext\u00e9rit\u00e9.<br \/>\nAvec une taille d&#8217;environ 6 x 4,5 x 1,5 cm, ce jeu est id\u00e9al comme petit prix lors d&#8217;un anniversaire d&#8217;enfant ou comme r\u00e9compense lors du D\u00e9tective-Trail. Trouvez la bonne variante pour s\u00e9parer et assembler les deux pi\u00e8ces. Parfait pour tous ceux qui aiment les d\u00e9fis et souhaitent am\u00e9liorer leurs comp\u00e9tences en r\u00e9solution de probl\u00e8mes. Visitez notre site web et d\u00e9couvrez d&#8217;autres produits passionnants autour du <a href=\"https:\/\/detektiv-dachs.ch\/fr\/\" target=\"_blank\" rel=\"noopener\">D\u00e9tective Blaireau<\/a>.<\/p>\n","protected":false},"featured_media":70182,"comment_status":"open","ping_status":"closed","template":"","meta":{"inline_featured_image":false,"site-sidebar-layout":"default","site-content-layout":"default","ast-site-content-layout":"default","site-content-style":"default","site-sidebar-style":"default","ast-global-header-display":"","ast-banner-title-visibility":"","ast-main-header-display":"","ast-hfb-above-header-display":"","ast-hfb-below-header-display":"","ast-hfb-mobile-header-display":"","site-post-title":"","ast-breadcrumbs-content":"","ast-featured-img":"","footer-sml-layout":"","ast-disable-related-posts":"","theme-transparent-header-meta":"default","adv-header-id-meta":"","stick-header-meta":"default","header-above-stick-meta":"","header-main-stick-meta":"","header-below-stick-meta":"","astra-migrate-meta-layouts":"set","ast-page-background-enabled":"default","ast-page-background-meta":{"desktop":{"background-color":"var(--ast-global-color-4)","background-image":"","background-repeat":"repeat","background-position":"center center","background-size":"auto","background-attachment":"scroll","background-type":"","background-media":"","overlay-type":"","overlay-color":"","overlay-opacity":"","overlay-gradient":""},"tablet":{"background-color":"","background-image":"","background-repeat":"repeat","background-position":"center center","background-size":"auto","background-attachment":"scroll","background-type":"","background-media":"","overlay-type":"","overlay-color":"","overlay-opacity":"","overlay-gradient":""},"mobile":{"background-color":"","background-image":"","background-repeat":"repeat","background-position":"center center","background-size":"auto","background-attachment":"scroll","background-type":"","background-media":"","overlay-type":"","overlay-color":"","overlay-opacity":"","overlay-gradient":""}},"ast-content-background-meta":{"desktop":{"background-color":"var(--ast-global-color-5)","background-image":"","background-repeat":"repeat","background-position":"center center","background-size":"auto","background-attachment":"scroll","background-type":"","background-media":"","overlay-type":"","overlay-color":"","overlay-opacity":"","overlay-gradient":""},"tablet":{"background-color":"var(--ast-global-color-5)","background-image":"","background-repeat":"repeat","background-position":"center center","background-size":"auto","background-attachment":"scroll","background-type":"","background-media":"","overlay-type":"","overlay-color":"","overlay-opacity":"","overlay-gradient":""},"mobile":{"background-color":"var(--ast-global-color-5)","background-image":"","background-repeat":"repeat","background-position":"center center","background-size":"auto","background-attachment":"scroll","background-type":"","background-media":"","overlay-type":"","overlay-color":"","overlay-opacity":"","overlay-gradient":""}}},"product_brand":[],"product_cat":[260],"product_tag":[409],"class_list":{"0":"post-70910","1":"product","2":"type-product","3":"status-publish","4":"has-post-thumbnail","6":"product_cat-detective-blaireau","7":"product_tag-detektiv-dachs-fr","8":"product_shipping_class-verpackungs-und-versandkosten","9":"desktop-align-center","10":"tablet-align-left","11":"mobile-align-left","12":"ast-product-gallery-layout-horizontal-slider","13":"ast-magnify-disabled","14":"ast-product-tabs-layout-horizontal","16":"first","17":"instock","18":"taxable","19":"shipping-taxable","20":"purchasable","21":"product-type-simple"},"_links":{"self":[{"href":"https:\/\/detektiv-trails.ch\/fr\/wp-json\/wp\/v2\/product\/70910","targetHints":{"allow":["GET"]}}],"collection":[{"href":"https:\/\/detektiv-trails.ch\/fr\/wp-json\/wp\/v2\/product"}],"about":[{"href":"https:\/\/detektiv-trails.ch\/fr\/wp-json\/wp\/v2\/types\/product"}],"replies":[{"embeddable":true,"href":"https:\/\/detektiv-trails.ch\/fr\/wp-json\/wp\/v2\/comments?post=70910"}],"version-history":[{"count":2,"href":"https:\/\/detektiv-trails.ch\/fr\/wp-json\/wp\/v2\/product\/70910\/revisions"}],"predecessor-version":[{"id":141674,"href":"https:\/\/detektiv-trails.ch\/fr\/wp-json\/wp\/v2\/product\/70910\/revisions\/141674"}],"wp:featuredmedia":[{"embeddable":true,"href":"https:\/\/detektiv-trails.ch\/fr\/wp-json\/wp\/v2\/media\/70182"}],"wp:attachment":[{"href":"https:\/\/detektiv-trails.ch\/fr\/wp-json\/wp\/v2\/media?parent=70910"}],"wp:term":[{"taxonomy":"product_brand","embeddable":true,"href":"https:\/\/detektiv-trails.ch\/fr\/wp-json\/wp\/v2\/product_brand?post=70910"},{"taxonomy":"product_cat","embeddable":true,"href":"https:\/\/detektiv-trails.ch\/fr\/wp-json\/wp\/v2\/product_cat?post=70910"},{"taxonomy":"product_tag","embeddable":true,"href":"https:\/\/detektiv-trails.ch\/fr\/wp-json\/wp\/v2\/product_tag?post=70910"}],"curies":[{"name":"wp","href":"https:\/\/api.w.org\/{rel}","templated":true}]}}