{"id":70912,"date":"2021-01-14T13:10:19","date_gmt":"2021-01-14T12:10:19","guid":{"rendered":"https:\/\/newsystem-detektiv-trails.ch\/shop\/detective-trail-morat-highlights\/"},"modified":"2026-04-13T15:19:11","modified_gmt":"2026-04-13T13:19:11","slug":"detective-trail-morat-highlights","status":"publish","type":"product","link":"https:\/\/detektiv-trails.ch\/fr\/produit\/detective-trail-morat-highlights\/","title":{"rendered":"D\u00e9tective-Trail: Morat Highlights"},"content":{"rendered":"<p><strong><span style=\"color: #79ced7\">D\u00e9tective-Trail Morat Highlights est ouvert tous les jours<\/span><br \/>\n<\/strong><strong>Variante du Trail : <\/strong>Avec coffre au tr\u00e9sor <img loading=\"lazy\" decoding=\"async\" class=\"alignnone wp-image-52991\" src=\"https:\/\/detektiv-trails.ch\/wp-content\/uploads\/sites\/8\/2023\/05\/schatztruhe-300x300-1.jpg\" alt=\"\" width=\"26\" height=\"26\" \/><br \/>\n<strong>Heures d&#8217;ouverture du trail :<\/strong> Ouvert tous les jours \u2013 \u00c0 tout moment<br \/>\n<strong>Acces au coffre au tr\u00e9sor :<br \/>\n<\/strong><em>1er avril \u2013 30 juin:<\/em> lundi \u00e0 vendredi 9.00 \u2013 12.00 h \/ 13.00 \u2013 17.00 h, week-ends et jours f\u00e9ri\u00e9s 10.00 \u2013 12.00 h \/ 13.00 \u2013 17.00 h<br \/>\n<em>1er juillet \u2013 31 ao\u00fbt:<\/em> lundi \u00e0 vendredi 9.00 \u2013 12.00 h \/ 13.00 \u2013 17.30 h, week-ends et jours f\u00e9ri\u00e9s 10.00 \u2013 12.00 h \/ 13.00 \u2013 17.00 h<br \/>\n<em>1er septembre \u2013 30 septembre:<\/em> lundi \u00e0 vendredi 9.00 \u2013 12.00 h \/ 13.00 \u2013 17.00 h, week-ends et jours f\u00e9ri\u00e9s 10.00 \u2013 12.00 h \/ 13.00 \u2013 17.00 h<br \/>\n<em>1 octobre \u2013 31 mars:<\/em> lundi \u00e0 vendredi 9.00 \u2013 12.00 h \/ 14.00 \u2013 17.00 h, week-ends et jours f\u00e9ri\u00e9s pas accessible<\/p>\n<p>Informations sans garantie. Si le coffre au tr\u00e9sor n\u2019est pas accessible, nous t\u2019enverrons le cadeau ult\u00e9rieurement. Tu trouveras les informations concernant l\u2019exp\u00e9dition \u00e0 la fin du D\u00e9tective-Trail.<\/p>\n<p><strong>Distance: <\/strong>env. 4 km<br \/>\n<strong>Dur\u00e9e: <\/strong>env. 2 h 30 (sans pauses)<\/p>\n<div style=\"background-color: #f4f4f4;padding: 20px\"><strong><strong><strong style=\"color: #79ced7;line-height: 2rem\">D\u00e9couvre les D\u00e9tective-Trails avec D\u00e9tective Blaireau : une aventure d\u2019\u00e9nigmes passionnante pour petits et grands.<br \/>\nPars pour une exploration de Morat, la charmante ville au bord du lac \u00e9ponyme. Le trail te conduit le long de l\u2019historique mur d\u2019enceinte, passe par l\u2019imposante porte de Berne et longe la promenade du lac jusqu\u2019\u00e0 la Pantschau, offrant une vue splendide sur le Mont-Vully. En chemin, tu d\u00e9couvriras le ch\u00e2teau de Morat, apprendras des anecdotes fascinantes sur la F\u00eate Solennit\u00e9 et pourras m\u00eame d\u00e9guster \u00e0 la fin le c\u00e9l\u00e8bre g\u00e2teau \u00e0 la cr\u00e8me (Nidelkuchen).<br \/>\nL\u2019itin\u00e9raire vari\u00e9 allie histoire, plaisir des \u00e9nigmes et gourmandise de mani\u00e8re ludique et te permet de d\u00e9couvrir Morat sous son plus beau jour.<br \/>\nLe D\u00e9tective-Trail Morat offre un m\u00e9lange harmonieux d\u2019\u00e9nigmes, de mouvement et de culture \u2013 id\u00e9al pour les familles, les enfants, les classes scolaires, les grands-parents et tous ceux qui aiment \u00eatre en plein air.<br \/>\nAmuse-toi bien lors de ton aventure d\u2019enqu\u00eate !<br \/>\n<\/strong><\/strong><\/strong><\/div>\n<p><strong><br \/>\nD\u00e9part : <\/strong>Gare de Morat<br \/>\n<strong>Lieu d&#8217;arriv\u00e9e: <\/strong>Morat Tourisme, Hauptgasse 27, 3280 Morat<br \/>\n<strong>Autres informations :\u00a0 <\/strong>Nous recommandons d&#8217;arriver par les transports publics. Si tu arrives en voiture, tu trouveras des informations sur les possibilit\u00e9s de stationnement sur <a href=\"https:\/\/www.murten-morat.ch\/mobil\/41657\" target=\"_blank\" rel=\"noopener noreferrer nofollow\">le site web de Morat.<\/a><br \/>\nSi tu as d\u2019autres questions, va voir sous la rubrique <a href=\"https:\/\/www.detektiv-trails.ch\/fr\/comment-ca-marche\/\" target=\"_blank\" rel=\"noopener noreferrer nofollow\">comment \u00e7a marche?<\/a><br \/>\n<strong>Poussettes :\u00a0<\/strong>Ce trail n\u2019est pas adapt\u00e9 aux poussettes <strong><a href=\"https:\/\/detektiv-trails.ch\/wp-content\/uploads\/sites\/8\/2023\/12\/detektiv-trails_Icon-nicht-kinderwagentauglich.jpg\"><img loading=\"lazy\" decoding=\"async\" class=\" wp-image-111995\" src=\"https:\/\/detektiv-trails.ch\/wp-content\/uploads\/sites\/8\/2023\/12\/detektiv-trails_Icon-nicht-kinderwagentauglich.jpg\" alt=\"\" width=\"25\" height=\"25\" srcset=\"https:\/\/detektiv-trails.ch\/wp-content\/uploads\/sites\/8\/2023\/12\/detektiv-trails_Icon-nicht-kinderwagentauglich.jpg 532w, https:\/\/detektiv-trails.ch\/wp-content\/uploads\/sites\/8\/2023\/12\/detektiv-trails_Icon-nicht-kinderwagentauglich-300x300.jpg 300w, https:\/\/detektiv-trails.ch\/wp-content\/uploads\/sites\/8\/2023\/12\/detektiv-trails_Icon-nicht-kinderwagentauglich-150x150.jpg 150w, https:\/\/detektiv-trails.ch\/wp-content\/uploads\/sites\/8\/2023\/12\/detektiv-trails_Icon-nicht-kinderwagentauglich-100x100.jpg 100w\" sizes=\"auto, (max-width: 25px) 100vw, 25px\" \/><\/a><\/strong><br \/>\n<strong>Degr\u00e9 de difficult\u00e9 : <\/strong>moyen<br \/>\n<strong>Date de cr\u00e9ation : <\/strong>2021<\/p>\n<h4><span style=\"color: #79ced7\">Plus d&#8217;offres de MyCityHighlight<\/span><\/h4>\n<div>\n<ul>\n<li>Deviens enqu\u00eateur et r\u00e9sous\u00a0<a href=\"https:\/\/www.krimi-trails.ch\/fr\/produit\/crime-trail-morat-braquage-de-banque-a-morat\/\" target=\"_blank\" rel=\"noopener noreferrer nofollow\">le Crime-Trail \u00e0 Morat<\/a>\u2013 une activit\u00e9 de loisirs passionante pour les fans de crime.<\/li>\n<li>Partez \u00e0 la chasse du myst\u00e9rieux guide sur le trail interactif <a href=\"https:\/\/www.finding-daniel.ch\/fr\/produit\/murten-tour-culture\/\" target=\"_blank\" rel=\"noopener noreferrer nofollow\">Finding-Daniel \u00e0 Morat<\/a> et apprenez des histoires surprenantes sur la ville en suivant ses traces.<\/li>\n<\/ul>\n<\/div>\n","protected":false},"excerpt":{"rendered":"<table style=\"width: 100%\">\n<tbody>\n<tr>\n<th><a href=\"https:\/\/detektiv-trails.ch\/wp-content\/uploads\/sites\/8\/2025\/03\/Detektiv-Dachs-gehend-standard-Detektiv-Trails-819x1024.png\"><img loading=\"lazy\" decoding=\"async\" class=\"alignnone wp-image-140338 size-large\" src=\"https:\/\/detektiv-trails.ch\/wp-content\/uploads\/sites\/8\/2025\/03\/Detektiv-Dachs-gehend-standard-Detektiv-Trails-819x1024.png\" alt=\"Detektiv Dachs gehend standard Detektiv-Trails\" width=\"819\" height=\"1024\" srcset=\"https:\/\/detektiv-trails.ch\/wp-content\/uploads\/sites\/8\/2025\/03\/Detektiv-Dachs-gehend-standard-Detektiv-Trails-819x1024.png 819w, https:\/\/detektiv-trails.ch\/wp-content\/uploads\/sites\/8\/2025\/03\/Detektiv-Dachs-gehend-standard-Detektiv-Trails-240x300.png 240w, https:\/\/detektiv-trails.ch\/wp-content\/uploads\/sites\/8\/2025\/03\/Detektiv-Dachs-gehend-standard-Detektiv-Trails-768x960.png 768w, https:\/\/detektiv-trails.ch\/wp-content\/uploads\/sites\/8\/2025\/03\/Detektiv-Dachs-gehend-standard-Detektiv-Trails-1229x1536.png 1229w, https:\/\/detektiv-trails.ch\/wp-content\/uploads\/sites\/8\/2025\/03\/Detektiv-Dachs-gehend-standard-Detektiv-Trails-600x750.png 600w, https:\/\/detektiv-trails.ch\/wp-content\/uploads\/sites\/8\/2025\/03\/Detektiv-Dachs-gehend-standard-Detektiv-Trails.png 1536w\" sizes=\"auto, (max-width: 819px) 100vw, 819px\" \/><\/a><\/th>\n<td><a href=\"https:\/\/detektiv-dachs.ch\/fr\/\" target=\"_blank\" rel=\"noopener\">D\u00e9tective Blaireau<\/a> vous emm\u00e8ne dans une <strong>chasse au tr\u00e9sor<\/strong> passionnante \u00e0 Morat.<\/td>\n<\/tr>\n<tr>\n<td><a href=\"https:\/\/detektiv-trails.ch\/wp-content\/uploads\/sites\/8\/2025\/03\/Detektiv-Dachs-mit-Karte-Detektiv-Trails-820x1024.png\"><img loading=\"lazy\" decoding=\"async\" class=\"alignnone wp-image-140326 size-large\" src=\"https:\/\/detektiv-trails.ch\/wp-content\/uploads\/sites\/8\/2025\/03\/Detektiv-Dachs-mit-Karte-Detektiv-Trails-820x1024.png\" alt=\"Detektiv Dachs mit Karte Detektiv-Trails\" width=\"820\" height=\"1024\" srcset=\"https:\/\/detektiv-trails.ch\/wp-content\/uploads\/sites\/8\/2025\/03\/Detektiv-Dachs-mit-Karte-Detektiv-Trails-820x1024.png 820w, https:\/\/detektiv-trails.ch\/wp-content\/uploads\/sites\/8\/2025\/03\/Detektiv-Dachs-mit-Karte-Detektiv-Trails-240x300.png 240w, https:\/\/detektiv-trails.ch\/wp-content\/uploads\/sites\/8\/2025\/03\/Detektiv-Dachs-mit-Karte-Detektiv-Trails-768x959.png 768w, https:\/\/detektiv-trails.ch\/wp-content\/uploads\/sites\/8\/2025\/03\/Detektiv-Dachs-mit-Karte-Detektiv-Trails-1230x1536.png 1230w, https:\/\/detektiv-trails.ch\/wp-content\/uploads\/sites\/8\/2025\/03\/Detektiv-Dachs-mit-Karte-Detektiv-Trails-600x750.png 600w, https:\/\/detektiv-trails.ch\/wp-content\/uploads\/sites\/8\/2025\/03\/Detektiv-Dachs-mit-Karte-Detektiv-Trails.png 1537w\" sizes=\"auto, (max-width: 820px) 100vw, 820px\" \/><\/a><\/td>\n<td>\u00c9quip\u00e9s de la carte au tr\u00e9sor (imprim\u00e9e ou en ligne), vous explorez Morat et r\u00e9solvez des \u00e9nigmes vari\u00e9es.<br \/>\nComme dans <strong>un jeu de piste<\/strong>, l&#8217;itin\u00e9raire vous m\u00e8ne d&#8217;une \u00e9nigme \u00e0 l&#8217;autre. Vous les r\u00e9solvez avec les \u00e9l\u00e9ments sur place. Les enfants et les adultes d\u00e9couvrent ainsi des <strong>informations int\u00e9ressantes et surprenantes<\/strong>.<\/td>\n<\/tr>\n<tr>\n<td><a href=\"https:\/\/detektiv-trails.ch\/wp-content\/uploads\/sites\/8\/2025\/03\/Detektiv-Dachs-mit-Schatztruhe-Detektiv-Trails-819x1024.png\"><img loading=\"lazy\" decoding=\"async\" class=\"alignnone wp-image-140329 size-large\" src=\"https:\/\/detektiv-trails.ch\/wp-content\/uploads\/sites\/8\/2025\/03\/Detektiv-Dachs-mit-Schatztruhe-Detektiv-Trails-819x1024.png\" alt=\"Detektiv Dachs mit Schatztruhe Detektiv-Trails\" width=\"819\" height=\"1024\" srcset=\"https:\/\/detektiv-trails.ch\/wp-content\/uploads\/sites\/8\/2025\/03\/Detektiv-Dachs-mit-Schatztruhe-Detektiv-Trails-819x1024.png 819w, https:\/\/detektiv-trails.ch\/wp-content\/uploads\/sites\/8\/2025\/03\/Detektiv-Dachs-mit-Schatztruhe-Detektiv-Trails-240x300.png 240w, https:\/\/detektiv-trails.ch\/wp-content\/uploads\/sites\/8\/2025\/03\/Detektiv-Dachs-mit-Schatztruhe-Detektiv-Trails-768x960.png 768w, https:\/\/detektiv-trails.ch\/wp-content\/uploads\/sites\/8\/2025\/03\/Detektiv-Dachs-mit-Schatztruhe-Detektiv-Trails-1229x1536.png 1229w, https:\/\/detektiv-trails.ch\/wp-content\/uploads\/sites\/8\/2025\/03\/Detektiv-Dachs-mit-Schatztruhe-Detektiv-Trails-600x750.png 600w, https:\/\/detektiv-trails.ch\/wp-content\/uploads\/sites\/8\/2025\/03\/Detektiv-Dachs-mit-Schatztruhe-Detektiv-Trails.png 1536w\" sizes=\"auto, (max-width: 819px) 100vw, 819px\" \/><\/a><\/td>\n<td>Si vous avez tout r\u00e9solu correctement, vous pouvez ouvrir le cadenas du <strong>coffre au tr\u00e9sor<\/strong> et emporter un <strong>petit prix imm\u00e9diat<\/strong> (max. 1 prix\/personne payante).<\/td>\n<\/tr>\n<\/tbody>\n<\/table>\n","protected":false},"featured_media":160476,"comment_status":"open","ping_status":"closed","template":"","meta":{"inline_featured_image":false,"site-sidebar-layout":"default","site-content-layout":"default","ast-site-content-layout":"default","site-content-style":"default","site-sidebar-style":"default","ast-global-header-display":"","ast-banner-title-visibility":"","ast-main-header-display":"","ast-hfb-above-header-display":"","ast-hfb-below-header-display":"","ast-hfb-mobile-header-display":"","site-post-title":"","ast-breadcrumbs-content":"","ast-featured-img":"","footer-sml-layout":"","ast-disable-related-posts":"","theme-transparent-header-meta":"default","adv-header-id-meta":"","stick-header-meta":"default","header-above-stick-meta":"","header-main-stick-meta":"","header-below-stick-meta":"","astra-migrate-meta-layouts":"set","ast-page-background-enabled":"default","ast-page-background-meta":{"desktop":{"background-color":"var(--ast-global-color-4)","background-image":"","background-repeat":"repeat","background-position":"center center","background-size":"auto","background-attachment":"scroll","background-type":"","background-media":"","overlay-type":"","overlay-color":"","overlay-opacity":"","overlay-gradient":""},"tablet":{"background-color":"","background-image":"","background-repeat":"repeat","background-position":"center center","background-size":"auto","background-attachment":"scroll","background-type":"","background-media":"","overlay-type":"","overlay-color":"","overlay-opacity":"","overlay-gradient":""},"mobile":{"background-color":"","background-image":"","background-repeat":"repeat","background-position":"center center","background-size":"auto","background-attachment":"scroll","background-type":"","background-media":"","overlay-type":"","overlay-color":"","overlay-opacity":"","overlay-gradient":""}},"ast-content-background-meta":{"desktop":{"background-color":"var(--ast-global-color-5)","background-image":"","background-repeat":"repeat","background-position":"center center","background-size":"auto","background-attachment":"scroll","background-type":"","background-media":"","overlay-type":"","overlay-color":"","overlay-opacity":"","overlay-gradient":""},"tablet":{"background-color":"var(--ast-global-color-5)","background-image":"","background-repeat":"repeat","background-position":"center center","background-size":"auto","background-attachment":"scroll","background-type":"","background-media":"","overlay-type":"","overlay-color":"","overlay-opacity":"","overlay-gradient":""},"mobile":{"background-color":"var(--ast-global-color-5)","background-image":"","background-repeat":"repeat","background-position":"center center","background-size":"auto","background-attachment":"scroll","background-type":"","background-media":"","overlay-type":"","overlay-color":"","overlay-opacity":"","overlay-gradient":""}}},"product_brand":[],"product_cat":[484,265,266,267,447,333,268],"product_tag":[409,410,476,475,411,412],"class_list":{"0":"post-70912","1":"product","2":"type-product","3":"status-publish","4":"has-post-thumbnail","6":"product_cat-au-bord-de-l-eau","7":"product_cat-detective-trail-avec-coffre-au-tresor","8":"product_cat-detective-trail-avec-livraison-subsequente","9":"product_cat-les-cartes-de-detective-trails-en-suisse","10":"product_cat-espace-mittelland","11":"product_cat-freizeit-trails-fr","12":"product_cat-trails-francaises","13":"product_tag-detektiv-dachs-fr","14":"product_tag-detektiv-trail-fr","15":"product_tag-familie-fr","16":"product_tag-kinder-fr","17":"product_tag-schatzsuche-fr","18":"product_tag-schnitzeljagd-fr","19":"desktop-align-center","20":"tablet-align-left","21":"mobile-align-left","22":"ast-product-gallery-layout-horizontal-slider","23":"ast-magnify-disabled","24":"ast-product-tabs-layout-horizontal","26":"first","27":"instock","28":"featured","29":"virtual","30":"taxable","31":"purchasable","32":"product-type-simple"},"_links":{"self":[{"href":"https:\/\/detektiv-trails.ch\/fr\/wp-json\/wp\/v2\/product\/70912","targetHints":{"allow":["GET"]}}],"collection":[{"href":"https:\/\/detektiv-trails.ch\/fr\/wp-json\/wp\/v2\/product"}],"about":[{"href":"https:\/\/detektiv-trails.ch\/fr\/wp-json\/wp\/v2\/types\/product"}],"replies":[{"embeddable":true,"href":"https:\/\/detektiv-trails.ch\/fr\/wp-json\/wp\/v2\/comments?post=70912"}],"version-history":[{"count":11,"href":"https:\/\/detektiv-trails.ch\/fr\/wp-json\/wp\/v2\/product\/70912\/revisions"}],"predecessor-version":[{"id":161291,"href":"https:\/\/detektiv-trails.ch\/fr\/wp-json\/wp\/v2\/product\/70912\/revisions\/161291"}],"wp:featuredmedia":[{"embeddable":true,"href":"https:\/\/detektiv-trails.ch\/fr\/wp-json\/wp\/v2\/media\/160476"}],"wp:attachment":[{"href":"https:\/\/detektiv-trails.ch\/fr\/wp-json\/wp\/v2\/media?parent=70912"}],"wp:term":[{"taxonomy":"product_brand","embeddable":true,"href":"https:\/\/detektiv-trails.ch\/fr\/wp-json\/wp\/v2\/product_brand?post=70912"},{"taxonomy":"product_cat","embeddable":true,"href":"https:\/\/detektiv-trails.ch\/fr\/wp-json\/wp\/v2\/product_cat?post=70912"},{"taxonomy":"product_tag","embeddable":true,"href":"https:\/\/detektiv-trails.ch\/fr\/wp-json\/wp\/v2\/product_tag?post=70912"}],"curies":[{"name":"wp","href":"https:\/\/api.w.org\/{rel}","templated":true}]}}