{"id":70915,"date":"2017-05-24T10:33:27","date_gmt":"2017-05-24T08:33:27","guid":{"rendered":"https:\/\/newsystem-detektiv-trails.ch\/shop\/detective-trail-bienne-lac-de-bienne\/"},"modified":"2026-04-13T09:12:54","modified_gmt":"2026-04-13T07:12:54","slug":"detective-trail-bienne-lac-de-bienne","status":"publish","type":"product","link":"https:\/\/detektiv-trails.ch\/fr\/produit\/detective-trail-bienne-lac-de-bienne\/","title":{"rendered":"D\u00e9tective-Trail: Bienne\/Lac de Bienne"},"content":{"rendered":"\t\t<div data-elementor-type=\"product-post\" data-elementor-id=\"70915\" class=\"elementor elementor-70915 elementor-69401\" data-elementor-post-type=\"product\">\n\t\t\t\t<div class=\"elementor-element elementor-element-2edf2ba5 e-flex e-con-boxed e-con e-parent\" data-id=\"2edf2ba5\" data-element_type=\"container\" data-settings=\"{&quot;jet_parallax_layout_list&quot;:[]}\">\n\t\t\t\t\t<div class=\"e-con-inner\">\n\t\t\t\t<div class=\"elementor-element elementor-element-255369a9 elementor-widget elementor-widget-text-editor\" data-id=\"255369a9\" data-element_type=\"widget\" data-widget_type=\"text-editor.default\">\n\t\t\t\t<div class=\"elementor-widget-container\">\n\t\t\t\t\t\t\t<h3 data-start=\"0\" data-end=\"146\">Voici ce que tu dois savoir pour ton exp\u00e9rience d\u2019\u00e9nigmes sur le D\u00e9tective-Trail : Bienne \/ lac de Bienne \u2013 ouvert du 3 avril au 25 octobre 2026<\/h3><p data-start=\"148\" data-end=\"664\"><strong data-start=\"148\" data-end=\"171\"><br \/>Variante du trail :<\/strong> avec coffre au tr\u00e9sor\u00a0<img decoding=\"async\" class=\"alignnone wp-image-52289\" src=\"https:\/\/detektiv-trails.ch\/wp-content\/uploads\/sites\/8\/2023\/03\/schatztruhe.svg\" alt=\"Icon mit Schatztruhe\" width=\"25\" \/><br data-start=\"193\" data-end=\"196\" \/><strong data-start=\"196\" data-end=\"219\">Horaires du trail :<\/strong> du 3 avril au 25 octobre 2026. Ouvert tous les jours \u2013 tu choisis librement ton heure de d\u00e9part \u2013 merci toutefois de tenir compte des horaires des bateaux.<br data-start=\"375\" data-end=\"378\" \/><strong data-start=\"378\" data-end=\"409\">Acc\u00e8s au coffre au tr\u00e9sor :<\/strong> d\u00e8s le Vendredi saint, tous les jours de 8h00 \u00e0 22h00.<br data-start=\"464\" data-end=\"467\" \/>Informations sans garantie. Si le coffre au tr\u00e9sor n\u2019est pas accessible, nous t\u2019enverrons le cadeau ult\u00e9rieurement. Tu trouveras les informations concernant cet envoi \u00e0 la fin du D\u00e9tective-Trail.<br \/><strong data-start=\"666\" data-end=\"680\">Distance :<\/strong> 3,5 km \u00e0 pied + trajet en bateau<br data-start=\"713\" data-end=\"716\" \/><strong data-start=\"716\" data-end=\"727\">Dur\u00e9e :<\/strong> env. 3 h au total avec les trajets en bateau (sans pauses). Parcours d\u2019\u00e9nigmes de Twann \u00e0 Engelberg-Wingreis env. 1 h 45 (sans pauses). Dur\u00e9e des deux trajets en bateau env. 1 h 10.<br \/><strong data-start=\"913\" data-end=\"925\">D\u00e9part :<\/strong> embarcad\u00e8re de Bienne ; tu trouveras les horaires de d\u00e9part de Bienne \u00e0 Twann (35 min de navigation) sur le site de la Bielersee-Schifffahrts-Gesellschaft (BSG). Tu r\u00e9sous les deux premi\u00e8res \u00e9nigmes \u00e0 bord du bateau.<br \/><strong data-start=\"1146\" data-end=\"1159\">Arriv\u00e9e :<\/strong> restaurant Joran, embarcad\u00e8re, Bienne<br \/><strong data-start=\"1201\" data-end=\"1213\">Retour :<\/strong> en bateau d\u2019Engelberg-Wingreis \u00e0 Bienne (25 min de navigation). Tu trouveras les horaires des bateaux sur le site de la BSG.<br \/><strong data-start=\"1342\" data-end=\"1367\">Autres informations :<\/strong><br data-start=\"1367\" data-end=\"1370\" \/>Pour effectuer le trail, tu as besoin d\u2019un billet de bateau (trajet 1 : Bienne \u2013 Twann, trajet 2 : Engelberg-Wingreis \u2013 Bienne). Prix avec demi-tarif CHF 20.30, sans demi-tarif CHF 40.60. Les enfants paient CHF 15.\u2013 avec la carte journali\u00e8re enfants de la BSG ; le samedi, les enfants jusqu\u2019\u00e0 16 ans voyagent gratuitement. L\u2019abonnement g\u00e9n\u00e9ral, la carte Junior et la carte Enfant accompagn\u00e9 des CFF sont valables. Tu peux \u00e9galement calculer les tarifs exacts sur le site de la BSG.<br data-start=\"1851\" data-end=\"1854\" \/>Fais bien attention aux horaires des bateaux afin de ne pas manquer le retour. Pense \u00e9ventuellement \u00e0 emporter de quoi pique-niquer, te baigner ainsi qu\u2019une protection solaire. Dans les vignes, il peut faire chaud.<br \/>Profite d\u2019un rafra\u00eechissement directement au port au restaurant Joran (lieu d\u2019arriv\u00e9e avec coffre au tr\u00e9sor). R\u00e9servation au 032 329 88 29.<br \/><strong data-start=\"2215\" data-end=\"2231\">Poussettes :<\/strong> ce trail n\u2019est pas accessible en poussette<br data-start=\"2274\" data-end=\"2277\" \/><strong data-start=\"2277\" data-end=\"2307\">Point de vente sur place :<\/strong> embarcad\u00e8re de Bienne, Badhausstrasse 1A, 2503 Bienne. Horaires de la caisse de l\u2019embarcad\u00e8re.<br data-start=\"2402\" data-end=\"2405\" \/><strong data-start=\"2405\" data-end=\"2431\">Niveau de difficult\u00e9 :<\/strong> facile \u00e0 moyen<br data-start=\"2446\" data-end=\"2449\" \/><strong data-start=\"2449\" data-end=\"2472\">Ann\u00e9e de cr\u00e9ation :<\/strong> 2019<\/p>\t\t\t\t\t\t<\/div>\n\t\t\t\t<\/div>\n\t\t\t\t\t<\/div>\n\t\t\t\t<\/div>\n\t\t<div class=\"elementor-element elementor-element-44be87a e-flex e-con-boxed e-con e-parent\" data-id=\"44be87a\" data-element_type=\"container\" data-settings=\"{&quot;jet_parallax_layout_list&quot;:[]}\">\n\t\t\t\t\t<div class=\"e-con-inner\">\n\t\t\t\t<div class=\"elementor-element elementor-element-72e3f6f elementor-widget elementor-widget-heading\" data-id=\"72e3f6f\" data-element_type=\"widget\" data-widget_type=\"heading.default\">\n\t\t\t\t<div class=\"elementor-widget-container\">\n\t\t\t<h2 class=\"elementor-heading-title elementor-size-default\">Carte au tr\u00e9sor Bienne \/ lac de Bienne<\/h2>\t\t<\/div>\n\t\t\t\t<\/div>\n\t\t\t\t<div class=\"elementor-element elementor-element-d531cf2 elementor-widget elementor-widget-text-editor\" data-id=\"d531cf2\" data-element_type=\"widget\" data-widget_type=\"text-editor.default\">\n\t\t\t\t<div class=\"elementor-widget-container\">\n\t\t\t\t\t\t\t\t\t<div id=\"maps-marker-pro-e0cfab96\" class=\"maps-marker-pro\" style=\"width: 100%;\">\r\n\t\t\t<div id=\"mmp-map-wrap-e0cfab96\" class=\"mmp-map-wrap\">\r\n\t\t\t\t\t\t\t\t\t<div id=\"mmp-panel-e0cfab96\" class=\"mmp-panel\"><\/div>\r\n\t\t\t\t\t\t\t\t<div id=\"mmp-map-e0cfab96\" class=\"mmp-map\" style=\"height: 600px;\"><\/div>\r\n\t\t\t\t\t\t\t<\/div>\r\n\t\t\t\t\t<\/div>\r\n\t\t\t\t\t\t\t\t<\/div>\n\t\t\t\t<\/div>\n\t\t\t\t<div class=\"elementor-element elementor-element-06a9aea elementor-widget elementor-widget-text-editor\" data-id=\"06a9aea\" data-element_type=\"widget\" data-widget_type=\"text-editor.default\">\n\t\t\t\t<div class=\"elementor-widget-container\">\n\t\t\t\t\t\t\t<h3><strong data-start=\"0\" data-end=\"57\">Ton aventure au lac de Bienne avec D\u00e9tective Blaireau<\/strong><\/h3><p><br \/>Pr\u00e9pare-toi pour une exp\u00e9rience d\u2019\u00e9nigmes maritime au c\u0153ur <strong>du Pays des Trois-Lacs<\/strong> ! Ton aventure commence directement \u00e0 l\u2019embarcad\u00e8re <strong>de la ville bilingue de Biel\/Bienne<\/strong>. Commence ton voyage par une travers\u00e9e en bateau : vous r\u00e9solvez ensemble les premi\u00e8res \u00e9nigmes <strong>du jeu de piste<\/strong> \u00e0 bord. Pendant que vous r\u00e9fl\u00e9chissez \u00e0 tribord et b\u00e2bord ou que tu d\u00e9couvres ce qui s\u2019est pass\u00e9 lors du naufrage du \u00ab Neptun \u00bb, tu glisses doucement sur le lac de Bienne en direction de Twann.<\/p><p data-start=\"524\" data-end=\"973\">Apr\u00e8s la travers\u00e9e, le <strong>D\u00e9tective-Trail<\/strong> t\u2019emm\u00e8ne dans une passionnante <strong>chasse au tr\u00e9sor<\/strong> \u00e0 travers les vignobles ensoleill\u00e9s. Tu d\u00e9couvres le delta de la Twannbach, des maisons vigneronnes historiques avec de myst\u00e9rieuses collections de palafittes et tu apprends pourquoi la v\u00e9ritable saucisse au marc (Treberwurst) est ici particuli\u00e8rement savoureuse. Tu parcours une partie du sentier viticole qui offre de magnifiques vues sur l\u2019\u00eele Saint-Pierre.<\/p><p data-start=\"975\" data-end=\"1157\">Le trail est le m\u00e9lange parfait d\u2019air du lac, d\u2019histoire et de nature. Une excursion id\u00e9ale <strong>en famille<\/strong> ou une journ\u00e9e inoubliable pour <strong>les grands-parents avec leurs petits-enfants<\/strong>.<\/p><p data-start=\"1159\" data-end=\"1444\" data-is-last-node=\"\" data-is-only-node=\"\">Une fois toutes les \u00e9nigmes r\u00e9solues, un v\u00e9ritable coffre au tr\u00e9sor t\u2019attend \u00e0 l\u2019arriv\u00e9e, pour tous les d\u00e9tectives qui auront r\u00e9ussi leur mission. La chasse aux indices entre lac et vignobles peut commencer \u2013 es-tu pr\u00eat(e) pour cette mission avec notre exp\u00e9riment\u00e9 <strong>D\u00e9tective Blaireau<\/strong> ?<\/p>\t\t\t\t\t\t<\/div>\n\t\t\t\t<\/div>\n\t\t\t\t\t<\/div>\n\t\t\t\t<\/div>\n\t\t<div class=\"elementor-element elementor-element-4e0c622 e-flex e-con-boxed e-con e-parent\" data-id=\"4e0c622\" data-element_type=\"container\" data-settings=\"{&quot;jet_parallax_layout_list&quot;:[]}\">\n\t\t\t\t\t<div class=\"e-con-inner\">\n\t\t\t\t<div class=\"elementor-element elementor-element-a55d2c7 elementor-widget elementor-widget-heading\" data-id=\"a55d2c7\" data-element_type=\"widget\" data-widget_type=\"heading.default\">\n\t\t\t\t<div class=\"elementor-widget-container\">\n\t\t\t<h3 class=\"elementor-heading-title elementor-size-default\">Autres offres de MyCityHighlight dans la r\u00e9gion de Bienne<\/h3>\t\t<\/div>\n\t\t\t\t<\/div>\n\t\t<div class=\"elementor-element elementor-element-1a8c0b9 e-con-full e-flex e-con e-child\" data-id=\"1a8c0b9\" data-element_type=\"container\" data-settings=\"{&quot;jet_parallax_layout_list&quot;:[]}\">\n\t\t<div class=\"elementor-element elementor-element-fcbd50d e-con-full e-flex e-con e-child\" data-id=\"fcbd50d\" data-element_type=\"container\" data-settings=\"{&quot;jet_parallax_layout_list&quot;:[]}\">\n\t\t\t\t<div class=\"elementor-element elementor-element-805664c elementor-widget__width-initial elementor-widget elementor-widget-image\" data-id=\"805664c\" data-element_type=\"widget\" data-widget_type=\"image.default\">\n\t\t\t\t<div class=\"elementor-widget-container\">\n\t\t\t\t\t\t\t\t\t\t\t\t\t<img decoding=\"async\" src=\"https:\/\/detektiv-trails.ch\/wp-content\/uploads\/sites\/8\/elementor\/thumbs\/logo-krimi-trail-180-rk9d3zag3scljbkd9fwy8ng54bb8z0tjn82mnc2fvs.png\" title=\"logo-krimi-trail-180\" alt=\"logo-krimi-trail-180\" loading=\"lazy\" \/>\t\t\t\t\t\t\t\t\t\t\t\t\t<\/div>\n\t\t\t\t<\/div>\n\t\t\t\t<\/div>\n\t\t<div class=\"elementor-element elementor-element-a4f82bb e-con-full e-flex e-con e-child\" data-id=\"a4f82bb\" data-element_type=\"container\" data-settings=\"{&quot;jet_parallax_layout_list&quot;:[]}\">\n\t\t\t\t<div class=\"elementor-element elementor-element-d077989 elementor-widget elementor-widget-text-editor\" data-id=\"d077989\" data-element_type=\"widget\" data-widget_type=\"text-editor.default\">\n\t\t\t\t<div class=\"elementor-widget-container\">\n\t\t\t\t\t\t\t<p>Deviens enqu\u00eateur et r\u00e9sous des affaires criminelles sur le <a href=\"https:\/\/krimi-trails.ch\/fr\/produit\/crime-trail-bienne-montre-en-diamants-volee-a-bienne\/\" target=\"_blank\" rel=\"noopener noreferrer nofollow\">Crime-Trail \u00e0 Bienne<\/a>, le <a href=\"https:\/\/krimi-trails.ch\/fr\/produit\/crime-trail-gleresse-la-morte-du-lac-de-bienne\/\" target=\"_blank\" rel=\"noopener noreferrer nofollow\">Crime-Trail \u00e0 Gl\u00e9resse<\/a> ou sur le <a href=\"https:\/\/krimi-trails.ch\/fr\/produit\/crime-trail-kids-bienne-montre-en-diamants-volee-a-bienne\/\" target=\"_blank\" rel=\"noopener noreferrer nofollow\">Crime-Trail Kids \u00e0 Bienne<\/a>. Des exp\u00e9riences de loisirs pleines de suspense pour les fans de polar.<\/p>\t\t\t\t\t\t<\/div>\n\t\t\t\t<\/div>\n\t\t\t\t<\/div>\n\t\t\t\t<\/div>\n\t\t<div class=\"elementor-element elementor-element-a2f249d e-con-full e-flex e-con e-child\" data-id=\"a2f249d\" data-element_type=\"container\" data-settings=\"{&quot;jet_parallax_layout_list&quot;:[]}\">\n\t\t<div class=\"elementor-element elementor-element-96e19a4 e-con-full e-flex e-con e-child\" data-id=\"96e19a4\" data-element_type=\"container\" data-settings=\"{&quot;jet_parallax_layout_list&quot;:[]}\">\n\t\t\t\t<div class=\"elementor-element elementor-element-927a6f3 elementor-widget elementor-widget-image\" data-id=\"927a6f3\" data-element_type=\"widget\" data-widget_type=\"image.default\">\n\t\t\t\t<div class=\"elementor-widget-container\">\n\t\t\t\t\t\t\t\t\t\t\t\t\t<img decoding=\"async\" src=\"https:\/\/detektiv-trails.ch\/wp-content\/uploads\/sites\/8\/elementor\/thumbs\/logo-finding-daniel-180-rk9cwpzbbuevvq3xnaynzhdzz737j605zapn8etvoy.png\" title=\"logo-finding-daniel-180\" alt=\"logo-finding-daniel-180\" loading=\"lazy\" \/>\t\t\t\t\t\t\t\t\t\t\t\t\t<\/div>\n\t\t\t\t<\/div>\n\t\t\t\t<\/div>\n\t\t<div class=\"elementor-element elementor-element-5c049bb e-con-full e-flex e-con e-child\" data-id=\"5c049bb\" data-element_type=\"container\" data-settings=\"{&quot;jet_parallax_layout_list&quot;:[]}\">\n\t\t\t\t<div class=\"elementor-element elementor-element-b29aff9 elementor-widget elementor-widget-text-editor\" data-id=\"b29aff9\" data-element_type=\"widget\" data-widget_type=\"text-editor.default\">\n\t\t\t\t<div class=\"elementor-widget-container\">\n\t\t\t\t\t\t\t<p><span style=\"font-size: 16px\">Partez pour une passionnante d\u00e9couverte de la ville.<br \/><\/span><span style=\"font-size: 16px\">Cherchez le guide Daniel lors du <\/span><a style=\"font-size: 16px;background-color: #ffffff\" href=\"https:\/\/finding-daniel.ch\/fr\/produit\/finding-daniel-jeu-de-piste-aux-lieus-touristiques-de-bienne\/\" target=\"_blank\" rel=\"noopener noreferrer nofollow\">Finding-Daniel City Trail<\/a><span style=\"font-size: 16px\"> \u2013 la visite touristique avec effet jeu de piste.<\/span><\/p>\t\t\t\t\t\t<\/div>\n\t\t\t\t<\/div>\n\t\t\t\t<\/div>\n\t\t\t\t<\/div>\n\t\t\t\t\t<\/div>\n\t\t\t\t<\/div>\n\t\t\t\t<\/div>\n\t\t","protected":false},"excerpt":{"rendered":"<p data-start=\"0\" data-end=\"277\">Pas envie de promenades dominicales ennuyeuses ? Au bord du lac de Bienne, la nature devient un v\u00e9ritable terrain d\u2019aventure ! Avec D\u00e9tective Blaireau, votre sortie en famille se transforme en une passionnante <strong>chasse au tr\u00e9sor<\/strong> entre eau bleu profond et vignobles ensoleill\u00e9s.<\/p>\n<p data-start=\"279\" data-end=\"727\">Partez sur un <strong>D\u00e9tective-Trail \u00e0 Bienne<\/strong> et vivez <strong>un jeu de piste<\/strong> unique. L\u2019aventure commence directement \u00e0 l\u2019embarcad\u00e8re de Bienne, o\u00f9 vous r\u00e9solvez d\u00e9j\u00e0 les premi\u00e8res \u00e9nigmes \u00e0 bord du bateau. Carte au tr\u00e9sor en main, suivez les traces de <strong>D\u00e9tective Blaireau<\/strong> \u00e0 travers le pittoresque Pays des Trois-Lacs au pied du Jura. Le parcours vous m\u00e8ne du chemin du rivage jusqu\u2019aux vignobles entre Twann et Engelberg-Wingreis, puis de retour \u00e0 Bienne.<\/p>\n<p data-start=\"729\" data-end=\"848\">Une fois toutes les \u00e9nigmes r\u00e9solues, une petite surprise vous attend \u00e0 l\u2019arriv\u00e9e dans un v\u00e9ritable coffre au tr\u00e9sor.<\/p>\n<p data-start=\"850\" data-end=\"1110\" data-is-last-node=\"\" data-is-only-node=\"\">Cette excursion \u00e0 Bienne est l\u2019exp\u00e9rience outdoor id\u00e9ale pour les parents, les enfants ainsi que les grands-parents avec leurs petits-enfants. <strong>Une aventure d\u2019\u00e9nigmes<\/strong> vari\u00e9e qui favorise l\u2019esprit d\u2019\u00e9quipe de mani\u00e8re ludique et aiguise le sens de l\u2019observation !<\/p>\n","protected":false},"featured_media":153424,"comment_status":"open","ping_status":"closed","template":"","meta":{"inline_featured_image":false,"site-sidebar-layout":"default","site-content-layout":"default","ast-site-content-layout":"default","site-content-style":"default","site-sidebar-style":"default","ast-global-header-display":"","ast-banner-title-visibility":"","ast-main-header-display":"","ast-hfb-above-header-display":"","ast-hfb-below-header-display":"","ast-hfb-mobile-header-display":"","site-post-title":"disabled","ast-breadcrumbs-content":"","ast-featured-img":"","footer-sml-layout":"","ast-disable-related-posts":"","theme-transparent-header-meta":"default","adv-header-id-meta":"","stick-header-meta":"default","header-above-stick-meta":"","header-main-stick-meta":"","header-below-stick-meta":"","astra-migrate-meta-layouts":"set","ast-page-background-enabled":"default","ast-page-background-meta":{"desktop":{"background-color":"var(--ast-global-color-4)","background-image":"","background-repeat":"repeat","background-position":"center center","background-size":"auto","background-attachment":"scroll","background-type":"","background-media":"","overlay-type":"","overlay-color":"","overlay-opacity":"","overlay-gradient":""},"tablet":{"background-color":"","background-image":"","background-repeat":"repeat","background-position":"center center","background-size":"auto","background-attachment":"scroll","background-type":"","background-media":"","overlay-type":"","overlay-color":"","overlay-opacity":"","overlay-gradient":""},"mobile":{"background-color":"","background-image":"","background-repeat":"repeat","background-position":"center center","background-size":"auto","background-attachment":"scroll","background-type":"","background-media":"","overlay-type":"","overlay-color":"","overlay-opacity":"","overlay-gradient":""}},"ast-content-background-meta":{"desktop":{"background-color":"var(--ast-global-color-5)","background-image":"","background-repeat":"repeat","background-position":"center center","background-size":"auto","background-attachment":"scroll","background-type":"","background-media":"","overlay-type":"","overlay-color":"","overlay-opacity":"","overlay-gradient":""},"tablet":{"background-color":"var(--ast-global-color-5)","background-image":"","background-repeat":"repeat","background-position":"center center","background-size":"auto","background-attachment":"scroll","background-type":"","background-media":"","overlay-type":"","overlay-color":"","overlay-opacity":"","overlay-gradient":""},"mobile":{"background-color":"var(--ast-global-color-5)","background-image":"","background-repeat":"repeat","background-position":"center center","background-size":"auto","background-attachment":"scroll","background-type":"","background-media":"","overlay-type":"","overlay-color":"","overlay-opacity":"","overlay-gradient":""}}},"product_brand":[],"product_cat":[484,265,266,267,447,333,268],"product_tag":[409,410,475,411,412],"class_list":{"0":"post-70915","1":"product","2":"type-product","3":"status-publish","4":"has-post-thumbnail","6":"product_cat-au-bord-de-l-eau","7":"product_cat-detective-trail-avec-coffre-au-tresor","8":"product_cat-detective-trail-avec-livraison-subsequente","9":"product_cat-les-cartes-de-detective-trails-en-suisse","10":"product_cat-espace-mittelland","11":"product_cat-freizeit-trails-fr","12":"product_cat-trails-francaises","13":"product_tag-detektiv-dachs-fr","14":"product_tag-detektiv-trail-fr","15":"product_tag-kinder-fr","16":"product_tag-schatzsuche-fr","17":"product_tag-schnitzeljagd-fr","18":"desktop-align-center","19":"tablet-align-left","20":"mobile-align-left","21":"ast-product-gallery-layout-horizontal-slider","22":"ast-magnify-disabled","23":"ast-product-tabs-layout-horizontal","25":"first","26":"instock","27":"featured","28":"virtual","29":"taxable","30":"purchasable","31":"product-type-simple"},"_links":{"self":[{"href":"https:\/\/detektiv-trails.ch\/fr\/wp-json\/wp\/v2\/product\/70915","targetHints":{"allow":["GET"]}}],"collection":[{"href":"https:\/\/detektiv-trails.ch\/fr\/wp-json\/wp\/v2\/product"}],"about":[{"href":"https:\/\/detektiv-trails.ch\/fr\/wp-json\/wp\/v2\/types\/product"}],"replies":[{"embeddable":true,"href":"https:\/\/detektiv-trails.ch\/fr\/wp-json\/wp\/v2\/comments?post=70915"}],"version-history":[{"count":11,"href":"https:\/\/detektiv-trails.ch\/fr\/wp-json\/wp\/v2\/product\/70915\/revisions"}],"predecessor-version":[{"id":167509,"href":"https:\/\/detektiv-trails.ch\/fr\/wp-json\/wp\/v2\/product\/70915\/revisions\/167509"}],"wp:featuredmedia":[{"embeddable":true,"href":"https:\/\/detektiv-trails.ch\/fr\/wp-json\/wp\/v2\/media\/153424"}],"wp:attachment":[{"href":"https:\/\/detektiv-trails.ch\/fr\/wp-json\/wp\/v2\/media?parent=70915"}],"wp:term":[{"taxonomy":"product_brand","embeddable":true,"href":"https:\/\/detektiv-trails.ch\/fr\/wp-json\/wp\/v2\/product_brand?post=70915"},{"taxonomy":"product_cat","embeddable":true,"href":"https:\/\/detektiv-trails.ch\/fr\/wp-json\/wp\/v2\/product_cat?post=70915"},{"taxonomy":"product_tag","embeddable":true,"href":"https:\/\/detektiv-trails.ch\/fr\/wp-json\/wp\/v2\/product_tag?post=70915"}],"curies":[{"name":"wp","href":"https:\/\/api.w.org\/{rel}","templated":true}]}}