{"id":70918,"date":"2021-05-19T12:32:30","date_gmt":"2021-05-19T10:32:32","guid":{"rendered":"https:\/\/newsystem-detektiv-trails.ch\/shop\/detective-blaireau-yoyo\/"},"modified":"2025-09-08T12:56:40","modified_gmt":"2025-09-08T10:56:40","slug":"detective-blaireau-yoyo","status":"publish","type":"product","link":"https:\/\/detektiv-trails.ch\/fr\/produit\/detective-blaireau-yoyo\/","title":{"rendered":"D\u00e9tective Blaireau Yoyo"},"content":{"rendered":"<p><strong>D\u00e9tective Blaireau Yoyo \u2013 Jouet classique en bois pour petits d\u00e9tectives<\/strong><\/p>\n<p>D\u00e9couvrez le Yoyo D\u00e9tective Blaireau, un jouet classique en bois, parfait pour les petits d\u00e9tectives.<\/p>\n<p>Avec une taille de 4,8 cm x 2,7 cm, ce Yoyo est id\u00e9al comme petit prix lors d&#8217;un anniversaire d&#8217;enfant ou comme r\u00e9compense lors du D\u00e9tective-Trail \u00e0 la maison. Le design en bois et le motif D\u00e9tective Blaireau en font un cadeau sp\u00e9cial pour les enfants. Visitez notre site web et d\u00e9couvrez d&#8217;autres produits passionnants autour du D\u00e9tective Blaireau.<\/p>\n<p>Le Yoyo classique en bois avec D\u00e9tective Blaireau<br \/>\nTaille : 4,8 cm x 2,7 cm<\/p>\n","protected":false},"excerpt":{"rendered":"<p><strong>D\u00e9tective Blaireau Yoyo \u2013 Jouet classique en bois pour petits d\u00e9tectives<\/strong><\/p>\n<p>D\u00e9couvrez le Yoyo D\u00e9tective Blaireau, un jouet classique en bois, parfait pour les petits d\u00e9tectives.<\/p>\n<p>Avec une taille de 4,8 cm x 2,7 cm, ce Yoyo est id\u00e9al comme petit prix lors d&#8217;un anniversaire d&#8217;enfant ou comme r\u00e9compense lors du D\u00e9tective-Trail \u00e0 la maison. Le design en bois et le motif D\u00e9tective Blaireau en font un cadeau sp\u00e9cial pour les enfants. Visitez notre site web et d\u00e9couvrez d&#8217;autres produits passionnants autour du D\u00e9tective Blaireau.<\/p>\n<p>Le Yoyo classique en bois avec D\u00e9tective Blaireau<br \/>\nTaille : 4,8 cm x 2,7 cm<\/p>\n","protected":false},"featured_media":70264,"comment_status":"open","ping_status":"closed","template":"","meta":{"inline_featured_image":false,"site-sidebar-layout":"default","site-content-layout":"default","ast-site-content-layout":"default","site-content-style":"default","site-sidebar-style":"default","ast-global-header-display":"","ast-banner-title-visibility":"","ast-main-header-display":"","ast-hfb-above-header-display":"","ast-hfb-below-header-display":"","ast-hfb-mobile-header-display":"","site-post-title":"","ast-breadcrumbs-content":"","ast-featured-img":"","footer-sml-layout":"","ast-disable-related-posts":"","theme-transparent-header-meta":"default","adv-header-id-meta":"","stick-header-meta":"default","header-above-stick-meta":"","header-main-stick-meta":"","header-below-stick-meta":"","astra-migrate-meta-layouts":"set","ast-page-background-enabled":"default","ast-page-background-meta":{"desktop":{"background-color":"var(--ast-global-color-4)","background-image":"","background-repeat":"repeat","background-position":"center center","background-size":"auto","background-attachment":"scroll","background-type":"","background-media":"","overlay-type":"","overlay-color":"","overlay-opacity":"","overlay-gradient":""},"tablet":{"background-color":"","background-image":"","background-repeat":"repeat","background-position":"center center","background-size":"auto","background-attachment":"scroll","background-type":"","background-media":"","overlay-type":"","overlay-color":"","overlay-opacity":"","overlay-gradient":""},"mobile":{"background-color":"","background-image":"","background-repeat":"repeat","background-position":"center center","background-size":"auto","background-attachment":"scroll","background-type":"","background-media":"","overlay-type":"","overlay-color":"","overlay-opacity":"","overlay-gradient":""}},"ast-content-background-meta":{"desktop":{"background-color":"var(--ast-global-color-5)","background-image":"","background-repeat":"repeat","background-position":"center center","background-size":"auto","background-attachment":"scroll","background-type":"","background-media":"","overlay-type":"","overlay-color":"","overlay-opacity":"","overlay-gradient":""},"tablet":{"background-color":"var(--ast-global-color-5)","background-image":"","background-repeat":"repeat","background-position":"center center","background-size":"auto","background-attachment":"scroll","background-type":"","background-media":"","overlay-type":"","overlay-color":"","overlay-opacity":"","overlay-gradient":""},"mobile":{"background-color":"var(--ast-global-color-5)","background-image":"","background-repeat":"repeat","background-position":"center center","background-size":"auto","background-attachment":"scroll","background-type":"","background-media":"","overlay-type":"","overlay-color":"","overlay-opacity":"","overlay-gradient":""}}},"product_brand":[],"product_cat":[260],"product_tag":[409],"class_list":{"0":"post-70918","1":"product","2":"type-product","3":"status-publish","4":"has-post-thumbnail","6":"product_cat-detective-blaireau","7":"product_tag-detektiv-dachs-fr","8":"product_shipping_class-verpackungs-und-versandkosten","9":"desktop-align-center","10":"tablet-align-left","11":"mobile-align-left","12":"ast-product-gallery-layout-horizontal-slider","13":"ast-product-gallery-with-no-image","14":"ast-magnify-disabled","15":"ast-product-tabs-layout-horizontal","17":"first","18":"instock","19":"taxable","20":"shipping-taxable","21":"purchasable","22":"product-type-simple"},"_links":{"self":[{"href":"https:\/\/detektiv-trails.ch\/fr\/wp-json\/wp\/v2\/product\/70918","targetHints":{"allow":["GET"]}}],"collection":[{"href":"https:\/\/detektiv-trails.ch\/fr\/wp-json\/wp\/v2\/product"}],"about":[{"href":"https:\/\/detektiv-trails.ch\/fr\/wp-json\/wp\/v2\/types\/product"}],"replies":[{"embeddable":true,"href":"https:\/\/detektiv-trails.ch\/fr\/wp-json\/wp\/v2\/comments?post=70918"}],"version-history":[{"count":0,"href":"https:\/\/detektiv-trails.ch\/fr\/wp-json\/wp\/v2\/product\/70918\/revisions"}],"wp:featuredmedia":[{"embeddable":true,"href":"https:\/\/detektiv-trails.ch\/fr\/wp-json\/wp\/v2\/media\/70264"}],"wp:attachment":[{"href":"https:\/\/detektiv-trails.ch\/fr\/wp-json\/wp\/v2\/media?parent=70918"}],"wp:term":[{"taxonomy":"product_brand","embeddable":true,"href":"https:\/\/detektiv-trails.ch\/fr\/wp-json\/wp\/v2\/product_brand?post=70918"},{"taxonomy":"product_cat","embeddable":true,"href":"https:\/\/detektiv-trails.ch\/fr\/wp-json\/wp\/v2\/product_cat?post=70918"},{"taxonomy":"product_tag","embeddable":true,"href":"https:\/\/detektiv-trails.ch\/fr\/wp-json\/wp\/v2\/product_tag?post=70918"}],"curies":[{"name":"wp","href":"https:\/\/api.w.org\/{rel}","templated":true}]}}