{"id":70920,"date":"2020-05-28T07:23:49","date_gmt":"2020-05-28T05:23:49","guid":{"rendered":"https:\/\/newsystem-detektiv-trails.ch\/shop\/detective-blaireau-livret-denigmes-1\/"},"modified":"2025-10-28T11:41:35","modified_gmt":"2025-10-28T10:41:35","slug":"detective-blaireau-livret-denigmes-1","status":"publish","type":"product","link":"https:\/\/detektiv-trails.ch\/fr\/produit\/detective-blaireau-livret-denigmes-1\/","title":{"rendered":"D\u00e9tective Blaireau Livret d&#8217;\u00e9nigmes 1"},"content":{"rendered":"<h3 data-start=\"291\" data-end=\"355\"><strong data-start=\"291\" data-end=\"340\">\u00c9nigmes passionnantes pour enfants et adultes<\/strong><\/h3>\n<p data-start=\"291\" data-end=\"355\">\u00c2ge : 7+<\/p>\n<p data-start=\"357\" data-end=\"821\">D\u00e9couvre le livret d\u2019\u00e9nigmes du D\u00e9tective Blaireau n\u00b01, le livret d\u2019\u00e9nigmes parfait pour enfants et adultes ! Avec ses 16 pages divertissantes pleines de d\u00e9fis cr\u00e9atifs, ce livret d\u2019\u00e9nigmes est id\u00e9al pour passer des moments captivants \u00e0 la maison ou en voyage. Que ce soit comme petit cadeau pour un anniversaire d\u2019enfant ou comme r\u00e9compense lors d\u2019un jeu de piste \u00e0 la maison, le livret d\u2019\u00e9nigmes garantit amusement et divertissement !<\/p>\n<p data-start=\"823\" data-end=\"937\">Le livret d\u2019\u00e9nigmes du D\u00e9tective Blaireau n\u00b01 contient une collection vari\u00e9e d\u2019\u00e9nigmes, parmi lesquelles :<\/p>\n<ul>\n<li data-start=\"941\" data-end=\"1024\"><strong data-start=\"941\" data-end=\"952\">Logical<\/strong>\u00a0: Mets tes capacit\u00e9s de raisonnement logique \u00e0 l\u2019\u00e9preuve.<\/li>\n<li data-start=\"941\" data-end=\"1024\"><strong data-start=\"1027\" data-end=\"1037\">Bimaru<\/strong> : Un jeu de logique astucieux qui te fera r\u00e9fl\u00e9chir.<\/li>\n<li data-start=\"941\" data-end=\"1024\"><strong data-start=\"1123\" data-end=\"1134\">Binoxxo<\/strong> : Des casse-t\u00eates passionnants pour tous les amateurs de jeux de r\u00e9flexion.<\/li>\n<li data-start=\"941\" data-end=\"1024\"><strong data-start=\"1235\" data-end=\"1245\">Sudoku<\/strong> : Le classique pour entra\u00eener la concentration et l\u2019esprit.<\/li>\n<li data-start=\"941\" data-end=\"1024\"><strong>Mots m\u00e9lang\u00e9s\u00a0<\/strong>: Trouve les mots cach\u00e9s dans un champ de lettres m\u00e9lang\u00e9es.<\/li>\n<li data-start=\"941\" data-end=\"1024\"><strong data-start=\"1431\" data-end=\"1447\">Mots cach\u00e9es dans une grille <\/strong>:\u00a0Un jeu amusant qui mettra ta capacit\u00e9 de combinaison \u00e0 l\u2019\u00e9preuve.<\/li>\n<li data-start=\"941\" data-end=\"1024\"><strong data-start=\"1552\" data-end=\"1565\">Labyrinthe<\/strong> : R\u00e9sous des \u00e9nigmes captivantes en naviguant \u00e0 travers des labyrinthes complexes.<\/li>\n<li data-start=\"941\" data-end=\"1024\"><strong data-start=\"1668\" data-end=\"1678\">Cha\u00eenes<\/strong>\u00a0: Relie les points et r\u00e9sous des \u00e9nigmes en forme de cha\u00eenes.<\/li>\n<li data-start=\"941\" data-end=\"1024\"><strong data-start=\"1768\" data-end=\"1786\">Point \u00e0 point<\/strong>\u00a0: Cr\u00e9e des images en reliant les bons points.<\/li>\n<li data-start=\"941\" data-end=\"1024\"><strong data-start=\"1859\" data-end=\"1869\">Paroli<\/strong>\u00a0: Un jeu de mots stimulant pour les esprits malins.<\/li>\n<li data-start=\"941\" data-end=\"1024\"><strong data-start=\"1949\" data-end=\"1967\">Mots fl\u00e9ch\u00e9es su\u00e9dois<\/strong>\u00a0: Un mot crois\u00e9 cors\u00e9 pour les amateurs d\u2019\u00e9nigmes.<\/li>\n<li data-start=\"1947\" data-end=\"2045\">\n<p data-start=\"1949\" data-end=\"2045\"><strong data-start=\"2048\" data-end=\"2060\">Anagramme<\/strong>\u00a0: D\u00e9m\u00eale les lettres pour trouver les bons mots.<\/p>\n<\/li>\n<\/ul>\n<p data-start=\"2125\" data-end=\"2581\">Ce livret d\u2019\u00e9nigmes n\u2019est pas seulement un excellent choix pour un anniversaire d&#8217;entfant il est aussi parfait comme petit cadeau dans le calendrier de l\u2019Avent, comme cadeau de No\u00ebl, ou simplement pour s\u2019amuser en r\u00e9solvant des \u00e9nigmes, \u00e0 la maison ou en d\u00e9placement.<\/p>\n<p><strong data-start=\"1519\" data-end=\"1531\">Astuce :<\/strong><\/p>\n<ul>\n<li data-start=\"58\" data-end=\"376\">Tu trouveras des id\u00e9es pour <strong>l\u2019anniversaire des enfants<\/strong> sur la page <a href=\"https:\/\/detektiv-trails.ch\/fr\/anniversaire-denfant\/\" target=\"_blank\" rel=\"noopener\"><em>anniversaire d&#8217;entfant de D\u00e9tective Blaireau<\/em>.<\/a><\/li>\n<li data-start=\"58\" data-end=\"376\">Pour un anniversaire r\u00e9ussi \u00e0 l\u2019int\u00e9rieur ou \u00e0 l\u2019ext\u00e9rieur, en \u00e9t\u00e9 comme en hiver, r\u00e9serve notre <strong>package anniversaire<\/strong> avec un <em><a href=\"https:\/\/detektiv-trails.ch\/fr\/produit\/package-danniversaire-avec-detective-trail\/\" target=\"_blank\" rel=\"noopener\">D\u00e9tective-Trail dans la ville de ton choix<\/a>.<\/em><\/li>\n<li data-start=\"58\" data-end=\"376\">D\u00e9couvre d\u2019autres produits passionnants autour du <em><a href=\"https:\/\/detektiv-dachs.ch\/fr\/\" target=\"_blank\" rel=\"noopener noreferrer nofollow\">D\u00e9tective Blaireau<\/a><\/em>. Plonge dans le monde des \u00e9nigmes et des aventures\u202f!<\/li>\n<\/ul>\n<p data-start=\"2792\" data-end=\"2935\">Format : A5 (L 148 mm x H 210 mm)<br data-start=\"2829\" data-end=\"2832\" \/>Auteurs : SB Switzerland AG \/ K\u00fcng Verlags AG<br data-start=\"2881\" data-end=\"2884\" \/>Illustration : Rahel Messerli \/ K\u00fcng Verlags AG<\/p>\n","protected":false},"excerpt":{"rendered":"<p data-start=\"92\" data-end=\"528\">Le livret d\u2019\u00e9nigmes du D\u00e9tective Blaireau n\u00b0 1 pour enfants et adultes. Ce livret est une collection d\u2019\u00e9nigmes amusantes \u00e0 r\u00e9soudre, que ce soit \u00e0 la maison ou en d\u00e9placement. Ce livret d\u2019\u00e9nigmes est non seulement un excellent choix pour un anniversaire d\u2019enfant, mais il convient aussi parfaitement comme petit cadeau pour le calendrier de l\u2019Avent ou comme cadeau de No\u00ebl.<br \/>\nLe livret contient les \u00e9nigmes suivantes : Logical, Bimaru, Binoxxo, Sudoku, mots m\u00eal\u00e9s, mots cach\u00e9s, labyrinthe, cha\u00eenes logiques, relier les points, Paroli, mots fl\u00e9ch\u00e9s su\u00e9dois, anagrammes.<\/p>\n<p data-start=\"92\" data-end=\"528\">Id\u00e9es pour l\u2019anniversaire des enfants, tu les trouveras sur la page <a href=\"https:\/\/detektiv-trails.ch\/fr\/anniversaire-denfant\/\" target=\"_blank\" rel=\"noopener\"><em>anniversaire d&#8217;entfant du D\u00e9tective Blaireau<\/em><\/a>.<\/p>\n","protected":false},"featured_media":70922,"comment_status":"open","ping_status":"closed","template":"","meta":{"inline_featured_image":false,"site-sidebar-layout":"default","site-content-layout":"default","ast-site-content-layout":"default","site-content-style":"default","site-sidebar-style":"default","ast-global-header-display":"","ast-banner-title-visibility":"","ast-main-header-display":"","ast-hfb-above-header-display":"","ast-hfb-below-header-display":"","ast-hfb-mobile-header-display":"","site-post-title":"","ast-breadcrumbs-content":"","ast-featured-img":"","footer-sml-layout":"","ast-disable-related-posts":"","theme-transparent-header-meta":"default","adv-header-id-meta":"","stick-header-meta":"default","header-above-stick-meta":"","header-main-stick-meta":"","header-below-stick-meta":"","astra-migrate-meta-layouts":"set","ast-page-background-enabled":"default","ast-page-background-meta":{"desktop":{"background-color":"var(--ast-global-color-4)","background-image":"","background-repeat":"repeat","background-position":"center center","background-size":"auto","background-attachment":"scroll","background-type":"","background-media":"","overlay-type":"","overlay-color":"","overlay-opacity":"","overlay-gradient":""},"tablet":{"background-color":"","background-image":"","background-repeat":"repeat","background-position":"center center","background-size":"auto","background-attachment":"scroll","background-type":"","background-media":"","overlay-type":"","overlay-color":"","overlay-opacity":"","overlay-gradient":""},"mobile":{"background-color":"","background-image":"","background-repeat":"repeat","background-position":"center center","background-size":"auto","background-attachment":"scroll","background-type":"","background-media":"","overlay-type":"","overlay-color":"","overlay-opacity":"","overlay-gradient":""}},"ast-content-background-meta":{"desktop":{"background-color":"var(--ast-global-color-5)","background-image":"","background-repeat":"repeat","background-position":"center center","background-size":"auto","background-attachment":"scroll","background-type":"","background-media":"","overlay-type":"","overlay-color":"","overlay-opacity":"","overlay-gradient":""},"tablet":{"background-color":"var(--ast-global-color-5)","background-image":"","background-repeat":"repeat","background-position":"center center","background-size":"auto","background-attachment":"scroll","background-type":"","background-media":"","overlay-type":"","overlay-color":"","overlay-opacity":"","overlay-gradient":""},"mobile":{"background-color":"var(--ast-global-color-5)","background-image":"","background-repeat":"repeat","background-position":"center center","background-size":"auto","background-attachment":"scroll","background-type":"","background-media":"","overlay-type":"","overlay-color":"","overlay-opacity":"","overlay-gradient":""}}},"product_brand":[],"product_cat":[260],"product_tag":[409,476,474,475,479,478,477],"class_list":{"0":"post-70920","1":"product","2":"type-product","3":"status-publish","4":"has-post-thumbnail","6":"product_cat-detective-blaireau","7":"product_tag-detektiv-dachs-fr","8":"product_tag-familie-fr","9":"product_tag-geburtstag-fr","10":"product_tag-kinder-fr","11":"product_tag-knobeln-fr","12":"product_tag-raetselheft-fr","13":"product_tag-spass-fr","14":"product_shipping_class-verpackungs-und-versandkosten","15":"desktop-align-center","16":"tablet-align-left","17":"mobile-align-left","18":"ast-product-gallery-layout-horizontal-slider","19":"ast-magnify-disabled","20":"ast-product-tabs-layout-horizontal","22":"first","23":"instock","24":"taxable","25":"shipping-taxable","26":"purchasable","27":"product-type-simple"},"_links":{"self":[{"href":"https:\/\/detektiv-trails.ch\/fr\/wp-json\/wp\/v2\/product\/70920","targetHints":{"allow":["GET"]}}],"collection":[{"href":"https:\/\/detektiv-trails.ch\/fr\/wp-json\/wp\/v2\/product"}],"about":[{"href":"https:\/\/detektiv-trails.ch\/fr\/wp-json\/wp\/v2\/types\/product"}],"replies":[{"embeddable":true,"href":"https:\/\/detektiv-trails.ch\/fr\/wp-json\/wp\/v2\/comments?post=70920"}],"version-history":[{"count":0,"href":"https:\/\/detektiv-trails.ch\/fr\/wp-json\/wp\/v2\/product\/70920\/revisions"}],"wp:featuredmedia":[{"embeddable":true,"href":"https:\/\/detektiv-trails.ch\/fr\/wp-json\/wp\/v2\/media\/70922"}],"wp:attachment":[{"href":"https:\/\/detektiv-trails.ch\/fr\/wp-json\/wp\/v2\/media?parent=70920"}],"wp:term":[{"taxonomy":"product_brand","embeddable":true,"href":"https:\/\/detektiv-trails.ch\/fr\/wp-json\/wp\/v2\/product_brand?post=70920"},{"taxonomy":"product_cat","embeddable":true,"href":"https:\/\/detektiv-trails.ch\/fr\/wp-json\/wp\/v2\/product_cat?post=70920"},{"taxonomy":"product_tag","embeddable":true,"href":"https:\/\/detektiv-trails.ch\/fr\/wp-json\/wp\/v2\/product_tag?post=70920"}],"curies":[{"name":"wp","href":"https:\/\/api.w.org\/{rel}","templated":true}]}}