{"id":70952,"date":"2021-12-23T12:45:33","date_gmt":"2021-12-23T11:45:33","guid":{"rendered":"https:\/\/newsystem-detektiv-trails.ch\/shop\/detective-trail-lausanne-les-tresors-caches\/"},"modified":"2025-11-13T11:23:27","modified_gmt":"2025-11-13T10:23:27","slug":"detective-trail-lausanne-les-tresors-caches","status":"publish","type":"product","link":"https:\/\/detektiv-trails.ch\/fr\/produit\/detective-trail-lausanne-les-tresors-caches\/","title":{"rendered":"D\u00e9tective-Trail: Lausanne Les tr\u00e9sors cach\u00e9s"},"content":{"rendered":"<p><strong><span style=\"color: #79ced7\">Le D\u00e9tective-Trail Lausanne &#8211; Les tr\u00e9sors cach\u00e9s est ouvert tous les jours<br \/>\n<\/span><\/strong><strong>Variante du Trail : <\/strong>Avec coffre au tr\u00e9sor <img loading=\"lazy\" decoding=\"async\" class=\"alignnone wp-image-52991\" src=\"https:\/\/detektiv-trails.ch\/wp-content\/uploads\/sites\/8\/2023\/05\/schatztruhe-300x300-1.jpg\" alt=\"\" width=\"26\" height=\"26\" \/><br \/>\n<strong>Heures d\u2019ouverture Trail : <\/strong>Ouvert tous les jours \u2013 \u00c0 tout moment<br \/>\n<strong>Acces au coffre au tr\u00e9sor : <\/strong>Lundi &#8211; dimanche : 9h00 &#8211; 18h00. Non accessible le 25 d\u00e9cembre et le 1er janvier.<br \/>\nInformations sans garantie. Si le coffre au tr\u00e9sor n\u2019est pas accessible, nous t\u2019enverrons le cadeau ult\u00e9rieurement. Tu trouveras les informations concernant l\u2019exp\u00e9dition \u00e0 la fin du D\u00e9tective-Trail.<br \/>\n<strong>Distance :<\/strong> env. 4 km \u00e0 pied, le m\u00e9tro est utilis\u00e9 2 fois<br \/>\n<strong>Dur\u00e9e : <\/strong>2 h 30 (sans pauses)<\/p>\n<div style=\"background-color: #f4f4f4;padding: 20px\"><strong><strong><strong style=\"color: #79ced7;line-height: 2rem\">Vis les D\u00e9tective-Trails avec D\u00e9tective Blaireau : une aventure pleine d\u2019\u00e9nigmes pour petits et grands.<br \/>\nPars pour une visite passionnante \u00e0 la d\u00e9couverte de Lausanne, la ville anim\u00e9e au bord du lac L\u00e9man, situ\u00e9e au c\u0153ur du c\u00e9l\u00e8bre vignoble du Lavaux. Le parcours te m\u00e8ne de la majestueuse cath\u00e9drale jusqu\u2019\u00e0 la charmante Place de Palud avec son h\u00f4tel de ville et sa c\u00e9l\u00e8bre horloge, avant de descendre vers le quartier moderne du Flon. Tu continueras ensuite en passant par l\u2019impressionnant pont Grand-Pont, qui offre une vue magnifique sur la ville, jusqu\u2019\u00e0 la remarquable Tour Bel-Air, l\u2019un des premiers gratte-ciel de Suisse. Bien s\u00fbr, un trajet en m\u00e9tro \u2013 le seul du pays \u2013 fait aussi partie de l\u2019aventure ! En fin de parcours, le Mus\u00e9e Olympique t\u2019attend, o\u00f9 tu plonges dans le monde du sport et des Jeux.<br \/>\nL\u2019itin\u00e9raire vari\u00e9 allie histoire, plaisir de r\u00e9soudre des \u00e9nigmes et d\u00e9couvertes gourmandes de mani\u00e8re ludique et te fait d\u00e9couvrir Lausanne sous son aspect le plus captivant.<br \/>\nLe D\u00e9tective-Trail Lausanne offre un savant m\u00e9lange d\u2019\u00e9nigmes, de mouvement et de culture. Parfait pour les familles, les enfants, les classes scolaires, les grands-parents et tous ceux qui aiment \u00eatre dehors.<br \/>\nAmuse-toi bien lors de ton aventure !<br \/>\n<\/strong><\/strong><\/strong><\/div>\n<p><strong><br \/>\n<\/strong><strong>D\u00e9part : <\/strong>Cath\u00e9drale de Lausanne, Place de la Cath\u00e9drale (Cit\u00e9)<br \/>\nM\u00e9tro M2 direction \u00ab Croisettes \u00bb ; Bus 6 et 7 &#8211; Arr\u00eat avec le m\u00e9tro et le bus \u00ab Bessi\u00e8res \u00bb.<br \/>\n<strong>Lieu d&#8217;arriv\u00e9e : <\/strong>Visitor Centre Lausanne Tourisme, Avenue Louis-Ruchonnet 1, 1003 Lausanne<br \/>\n<strong>Autres informations : <\/strong>Pour les \u00e9nigmes 7 et 8, tu te trouves au Flon, qui poss\u00e8de un grand nombre de boutiques et restaurants. Pour l\u2019\u00e9nigme 12, tu es au Mus\u00e9e Olympique. Tu peux y pique-niquer. Les expositions temporaires du Mus\u00e9e Olympique sont gratuites. L\u2019entr\u00e9e pour les autres expositions est gratuite pour les moins de 16 ans et payante pour les adultes. Si tu souhaites visiter la cath\u00e9drale et le mus\u00e9e olympique, pr\u00e9vois suffisamment de temps suppl\u00e9mentaire.<br \/>\n<strong>Utilisation du m\u00e9tro :<\/strong> sur le D\u00e9tective-Trail, tu feras deux trajets en m\u00e9tro. Si tu n&#8217;utilises le m\u00e9tro que pour ces deux trajets, tu peux acheter des billets individuels, sinon nous te recommandons la carte journali\u00e8re pour 2 zones (11, 12). Co\u00fbt : CHF 9.80 plein tarif ; CHF 6.90 avec demi-tarif. Les personnes qui passent la nuit \u00e0 Lausanne re\u00e7oivent une Lausanne Transport Card et n&#8217;ont pas besoin de billets individuels\/carte journali\u00e8re.<br \/>\n<strong>Poussettes : <\/strong>Ce trail n&#8217;est pas adapt\u00e9 aux poussettes <strong><a href=\"https:\/\/detektiv-trails.ch\/wp-content\/uploads\/sites\/8\/2023\/12\/detektiv-trails_Icon-nicht-kinderwagentauglich.jpg\"><img loading=\"lazy\" decoding=\"async\" class=\" wp-image-111995\" src=\"https:\/\/detektiv-trails.ch\/wp-content\/uploads\/sites\/8\/2023\/12\/detektiv-trails_Icon-nicht-kinderwagentauglich.jpg\" alt=\"\" width=\"25\" height=\"25\" srcset=\"https:\/\/detektiv-trails.ch\/wp-content\/uploads\/sites\/8\/2023\/12\/detektiv-trails_Icon-nicht-kinderwagentauglich.jpg 532w, https:\/\/detektiv-trails.ch\/wp-content\/uploads\/sites\/8\/2023\/12\/detektiv-trails_Icon-nicht-kinderwagentauglich-300x300.jpg 300w, https:\/\/detektiv-trails.ch\/wp-content\/uploads\/sites\/8\/2023\/12\/detektiv-trails_Icon-nicht-kinderwagentauglich-150x150.jpg 150w, https:\/\/detektiv-trails.ch\/wp-content\/uploads\/sites\/8\/2023\/12\/detektiv-trails_Icon-nicht-kinderwagentauglich-100x100.jpg 100w\" sizes=\"auto, (max-width: 25px) 100vw, 25px\" \/><\/a><\/strong><br \/>\n<strong>Points de vente sur place : <\/strong>Visitor Centre Lausanne Tourisme, Avenue Louis-Ruchonnet 1, 1003 Lausanne. Contact et horaires d&#8217;ouverture du <a href=\"https:\/\/www.lausanne-tourisme.ch\/de\/tourismusbuero\/\" target=\"_blank\" rel=\"noopener noreferrer nofollow\">Visitor Center Lausanne Tourisme<\/a>.<br \/>\n<strong>Degr\u00e9 de difficult\u00e9 : <\/strong>moyen<br \/>\n<strong>Date de cr\u00e9ation : <\/strong>2022<\/p>\n<h4><span style=\"color: #79ced7\">Plus d&#8217;offres de MyCityHighlight<br \/>\n<\/span><\/h4>\n<ul>\n<li>Deviens enqu\u00eateur et r\u00e9sous <a href=\"https:\/\/www.krimi-trails.ch\/fr\/produit\/crime-trail-lausanne-mort-dun-ambulancier-a-lausanne\/\" target=\"_blank\" rel=\"noopener noreferrer nofollow\">le Crime-Trail \u00e0 Lausanne<\/a> &#8211; une activit\u00e9 de loisirs passionante pour les fans de crime.<\/li>\n<li>Partez \u00e0 la chasse du myst\u00e9rieux guide sur le sentier interactif\u00a0<a href=\"https:\/\/www.finding-daniel.ch\/fr\/produit\/jeu-de-piste-aux-attractions-de-lausanne\/\" target=\"_blank\" rel=\"noopener noreferrer nofollow\">Finding-Daniel \u00e0 Lausanne<\/a>\u00a0et apprenez des histoires suprenantes sur la ville en suivant ses traces.<\/li>\n<\/ul>\n","protected":false},"excerpt":{"rendered":"<table style=\"width: 100%\">\n<tbody>\n<tr>\n<th><a href=\"https:\/\/detektiv-trails.ch\/wp-content\/uploads\/sites\/8\/2025\/03\/Detektiv-Dachs-gehend-standard-Detektiv-Trails-819x1024.png\"><img loading=\"lazy\" decoding=\"async\" class=\"alignnone wp-image-140338 size-large\" src=\"https:\/\/detektiv-trails.ch\/wp-content\/uploads\/sites\/8\/2025\/03\/Detektiv-Dachs-gehend-standard-Detektiv-Trails-819x1024.png\" alt=\"Detektiv Dachs gehend standard Detektiv-Trails\" width=\"819\" height=\"1024\" srcset=\"https:\/\/detektiv-trails.ch\/wp-content\/uploads\/sites\/8\/2025\/03\/Detektiv-Dachs-gehend-standard-Detektiv-Trails-819x1024.png 819w, https:\/\/detektiv-trails.ch\/wp-content\/uploads\/sites\/8\/2025\/03\/Detektiv-Dachs-gehend-standard-Detektiv-Trails-240x300.png 240w, https:\/\/detektiv-trails.ch\/wp-content\/uploads\/sites\/8\/2025\/03\/Detektiv-Dachs-gehend-standard-Detektiv-Trails-768x960.png 768w, https:\/\/detektiv-trails.ch\/wp-content\/uploads\/sites\/8\/2025\/03\/Detektiv-Dachs-gehend-standard-Detektiv-Trails-1229x1536.png 1229w, https:\/\/detektiv-trails.ch\/wp-content\/uploads\/sites\/8\/2025\/03\/Detektiv-Dachs-gehend-standard-Detektiv-Trails-600x750.png 600w, https:\/\/detektiv-trails.ch\/wp-content\/uploads\/sites\/8\/2025\/03\/Detektiv-Dachs-gehend-standard-Detektiv-Trails.png 1536w\" sizes=\"auto, (max-width: 819px) 100vw, 819px\" \/><\/a><\/th>\n<td><a href=\"https:\/\/detektiv-dachs.ch\/fr\/\" target=\"_blank\" rel=\"noopener\">D\u00e9tective Blaireau<\/a> vous emm\u00e8ne dans une <strong>chasse au tr\u00e9sor<\/strong> passionnante \u00e0 Lausanne.<\/td>\n<\/tr>\n<tr>\n<td><a href=\"https:\/\/detektiv-trails.ch\/wp-content\/uploads\/sites\/8\/2025\/03\/Detektiv-Dachs-mit-Karte-Detektiv-Trails-820x1024.png\"><img loading=\"lazy\" decoding=\"async\" class=\"alignnone wp-image-140326 size-large\" src=\"https:\/\/detektiv-trails.ch\/wp-content\/uploads\/sites\/8\/2025\/03\/Detektiv-Dachs-mit-Karte-Detektiv-Trails-820x1024.png\" alt=\"Detektiv Dachs mit Karte Detektiv-Trails\" width=\"820\" height=\"1024\" srcset=\"https:\/\/detektiv-trails.ch\/wp-content\/uploads\/sites\/8\/2025\/03\/Detektiv-Dachs-mit-Karte-Detektiv-Trails-820x1024.png 820w, https:\/\/detektiv-trails.ch\/wp-content\/uploads\/sites\/8\/2025\/03\/Detektiv-Dachs-mit-Karte-Detektiv-Trails-240x300.png 240w, https:\/\/detektiv-trails.ch\/wp-content\/uploads\/sites\/8\/2025\/03\/Detektiv-Dachs-mit-Karte-Detektiv-Trails-768x959.png 768w, https:\/\/detektiv-trails.ch\/wp-content\/uploads\/sites\/8\/2025\/03\/Detektiv-Dachs-mit-Karte-Detektiv-Trails-1230x1536.png 1230w, https:\/\/detektiv-trails.ch\/wp-content\/uploads\/sites\/8\/2025\/03\/Detektiv-Dachs-mit-Karte-Detektiv-Trails-600x750.png 600w, https:\/\/detektiv-trails.ch\/wp-content\/uploads\/sites\/8\/2025\/03\/Detektiv-Dachs-mit-Karte-Detektiv-Trails.png 1537w\" sizes=\"auto, (max-width: 820px) 100vw, 820px\" \/><\/a><\/td>\n<td>\u00c9quip\u00e9s de la carte au tr\u00e9sor (imprim\u00e9e ou en ligne), vous explorez Lausanne et r\u00e9solvez des \u00e9nigmes vari\u00e9es.<br \/>\nComme dans <strong>un jeu de piste<\/strong>, l&#8217;itin\u00e9raire vous m\u00e8ne d&#8217;une \u00e9nigme \u00e0 l&#8217;autre. Vous les r\u00e9solvez avec les \u00e9l\u00e9ments sur place. Les enfants et les adultes d\u00e9couvrent ainsi des <strong>informations int\u00e9ressantes et surprenantes<\/strong>.<\/td>\n<\/tr>\n<tr>\n<td><a href=\"https:\/\/detektiv-trails.ch\/wp-content\/uploads\/sites\/8\/2025\/03\/Detektiv-Dachs-mit-Schatztruhe-Detektiv-Trails-819x1024.png\"><img loading=\"lazy\" decoding=\"async\" class=\"alignnone wp-image-140329 size-large\" src=\"https:\/\/detektiv-trails.ch\/wp-content\/uploads\/sites\/8\/2025\/03\/Detektiv-Dachs-mit-Schatztruhe-Detektiv-Trails-819x1024.png\" alt=\"Detektiv Dachs mit Schatztruhe Detektiv-Trails\" width=\"819\" height=\"1024\" srcset=\"https:\/\/detektiv-trails.ch\/wp-content\/uploads\/sites\/8\/2025\/03\/Detektiv-Dachs-mit-Schatztruhe-Detektiv-Trails-819x1024.png 819w, https:\/\/detektiv-trails.ch\/wp-content\/uploads\/sites\/8\/2025\/03\/Detektiv-Dachs-mit-Schatztruhe-Detektiv-Trails-240x300.png 240w, https:\/\/detektiv-trails.ch\/wp-content\/uploads\/sites\/8\/2025\/03\/Detektiv-Dachs-mit-Schatztruhe-Detektiv-Trails-768x960.png 768w, https:\/\/detektiv-trails.ch\/wp-content\/uploads\/sites\/8\/2025\/03\/Detektiv-Dachs-mit-Schatztruhe-Detektiv-Trails-1229x1536.png 1229w, https:\/\/detektiv-trails.ch\/wp-content\/uploads\/sites\/8\/2025\/03\/Detektiv-Dachs-mit-Schatztruhe-Detektiv-Trails-600x750.png 600w, https:\/\/detektiv-trails.ch\/wp-content\/uploads\/sites\/8\/2025\/03\/Detektiv-Dachs-mit-Schatztruhe-Detektiv-Trails.png 1536w\" sizes=\"auto, (max-width: 819px) 100vw, 819px\" \/><\/a><\/td>\n<td>Si vous avez tout r\u00e9solu correctement, vous pouvez ouvrir le cadenas du <strong>coffre au tr\u00e9sor<\/strong> et emporter un <strong>petit prix imm\u00e9diat<\/strong> (max. 1 prix\/personne payante).<\/td>\n<\/tr>\n<\/tbody>\n<\/table>\n","protected":false},"featured_media":160515,"comment_status":"open","ping_status":"closed","template":"","meta":{"inline_featured_image":false,"site-sidebar-layout":"default","site-content-layout":"default","ast-site-content-layout":"default","site-content-style":"default","site-sidebar-style":"default","ast-global-header-display":"","ast-banner-title-visibility":"","ast-main-header-display":"","ast-hfb-above-header-display":"","ast-hfb-below-header-display":"","ast-hfb-mobile-header-display":"","site-post-title":"","ast-breadcrumbs-content":"","ast-featured-img":"","footer-sml-layout":"","ast-disable-related-posts":"","theme-transparent-header-meta":"default","adv-header-id-meta":"","stick-header-meta":"default","header-above-stick-meta":"","header-main-stick-meta":"","header-below-stick-meta":"","astra-migrate-meta-layouts":"set","ast-page-background-enabled":"default","ast-page-background-meta":{"desktop":{"background-color":"var(--ast-global-color-4)","background-image":"","background-repeat":"repeat","background-position":"center center","background-size":"auto","background-attachment":"scroll","background-type":"","background-media":"","overlay-type":"","overlay-color":"","overlay-opacity":"","overlay-gradient":""},"tablet":{"background-color":"","background-image":"","background-repeat":"repeat","background-position":"center center","background-size":"auto","background-attachment":"scroll","background-type":"","background-media":"","overlay-type":"","overlay-color":"","overlay-opacity":"","overlay-gradient":""},"mobile":{"background-color":"","background-image":"","background-repeat":"repeat","background-position":"center center","background-size":"auto","background-attachment":"scroll","background-type":"","background-media":"","overlay-type":"","overlay-color":"","overlay-opacity":"","overlay-gradient":""}},"ast-content-background-meta":{"desktop":{"background-color":"var(--ast-global-color-5)","background-image":"","background-repeat":"repeat","background-position":"center center","background-size":"auto","background-attachment":"scroll","background-type":"","background-media":"","overlay-type":"","overlay-color":"","overlay-opacity":"","overlay-gradient":""},"tablet":{"background-color":"var(--ast-global-color-5)","background-image":"","background-repeat":"repeat","background-position":"center center","background-size":"auto","background-attachment":"scroll","background-type":"","background-media":"","overlay-type":"","overlay-color":"","overlay-opacity":"","overlay-gradient":""},"mobile":{"background-color":"var(--ast-global-color-5)","background-image":"","background-repeat":"repeat","background-position":"center center","background-size":"auto","background-attachment":"scroll","background-type":"","background-media":"","overlay-type":"","overlay-color":"","overlay-opacity":"","overlay-gradient":""}}},"product_brand":[],"product_cat":[484,265,266,267,450,333,268],"product_tag":[409,411,412],"class_list":{"0":"post-70952","1":"product","2":"type-product","3":"status-publish","4":"has-post-thumbnail","6":"product_cat-au-bord-de-l-eau","7":"product_cat-detective-trail-avec-coffre-au-tresor","8":"product_cat-detective-trail-avec-livraison-subsequente","9":"product_cat-les-cartes-de-detective-trails-en-suisse","10":"product_cat-region-lemanique-et-valais","11":"product_cat-freizeit-trails-fr","12":"product_cat-trails-francaises","13":"product_tag-detektiv-dachs-fr","14":"product_tag-schatzsuche-fr","15":"product_tag-schnitzeljagd-fr","16":"desktop-align-center","17":"tablet-align-left","18":"mobile-align-left","19":"ast-product-gallery-layout-horizontal-slider","20":"ast-magnify-disabled","21":"ast-product-tabs-layout-horizontal","23":"first","24":"instock","25":"featured","26":"virtual","27":"taxable","28":"purchasable","29":"product-type-simple"},"_links":{"self":[{"href":"https:\/\/detektiv-trails.ch\/fr\/wp-json\/wp\/v2\/product\/70952","targetHints":{"allow":["GET"]}}],"collection":[{"href":"https:\/\/detektiv-trails.ch\/fr\/wp-json\/wp\/v2\/product"}],"about":[{"href":"https:\/\/detektiv-trails.ch\/fr\/wp-json\/wp\/v2\/types\/product"}],"replies":[{"embeddable":true,"href":"https:\/\/detektiv-trails.ch\/fr\/wp-json\/wp\/v2\/comments?post=70952"}],"version-history":[{"count":11,"href":"https:\/\/detektiv-trails.ch\/fr\/wp-json\/wp\/v2\/product\/70952\/revisions"}],"predecessor-version":[{"id":160503,"href":"https:\/\/detektiv-trails.ch\/fr\/wp-json\/wp\/v2\/product\/70952\/revisions\/160503"}],"wp:featuredmedia":[{"embeddable":true,"href":"https:\/\/detektiv-trails.ch\/fr\/wp-json\/wp\/v2\/media\/160515"}],"wp:attachment":[{"href":"https:\/\/detektiv-trails.ch\/fr\/wp-json\/wp\/v2\/media?parent=70952"}],"wp:term":[{"taxonomy":"product_brand","embeddable":true,"href":"https:\/\/detektiv-trails.ch\/fr\/wp-json\/wp\/v2\/product_brand?post=70952"},{"taxonomy":"product_cat","embeddable":true,"href":"https:\/\/detektiv-trails.ch\/fr\/wp-json\/wp\/v2\/product_cat?post=70952"},{"taxonomy":"product_tag","embeddable":true,"href":"https:\/\/detektiv-trails.ch\/fr\/wp-json\/wp\/v2\/product_tag?post=70952"}],"curies":[{"name":"wp","href":"https:\/\/api.w.org\/{rel}","templated":true}]}}