{"id":70964,"date":"2022-08-30T12:04:06","date_gmt":"2022-08-30T10:04:06","guid":{"rendered":"https:\/\/newsystem-detektiv-trails.ch\/shop\/emporte-piece-detective-blaireau\/"},"modified":"2025-10-28T11:20:28","modified_gmt":"2025-10-28T10:20:28","slug":"emporte-piece-detective-blaireau","status":"publish","type":"product","link":"https:\/\/detektiv-trails.ch\/fr\/produit\/emporte-piece-detective-blaireau\/","title":{"rendered":"Emporte-pi\u00e8ce D\u00e9tective Blaireau"},"content":{"rendered":"<h4 data-start=\"124\" data-end=\"213\"><strong data-start=\"124\" data-end=\"211\">Emporte-pi\u00e8ce D\u00e9tective Blaireau \u2013 Parfait pour des id\u00e9es de p\u00e2tisserie cr\u00e9atives !<\/strong><\/h4>\n<p data-start=\"215\" data-end=\"525\">D\u00e9couvre l\u2019<strong data-start=\"226\" data-end=\"262\">emporte-pi\u00e8ce D\u00e9tective Blaireau<\/strong>, l\u2019ustensile parfait pour tous les petits et grands d\u00e9tectives qui aiment p\u00e2tisser ! Avec une hauteur de 8 cm et une largeur de 7 cm, cet emporte-pi\u00e8ce est id\u00e9al pour les biscuits, les fruits, la p\u00e2te \u00e0 sucre, le massepain et m\u00eame pour des savons faits maison.<\/p>\n<p data-start=\"527\" data-end=\"586\"><strong data-start=\"527\" data-end=\"584\">Pourquoi choisir l\u2019emporte-pi\u00e8ce D\u00e9tective Blaireau ?<\/strong><\/p>\n<ul>\n<li data-start=\"590\" data-end=\"767\"><strong data-start=\"590\" data-end=\"606\">Polyvalent :<\/strong> Parfait pour diff\u00e9rents mat\u00e9riaux comme la p\u00e2te, la p\u00e2te \u00e0 sucre et le massepain. Que ce soit en \u00e9t\u00e9 pour un anniversaire d\u2019enfant, pendant la p\u00e9riode hivernale de l\u2019Avent ou \u00e0 No\u00ebl \u2013 faire de la p\u00e2tisserie, c\u2019est toujours amusant.<\/li>\n<li data-start=\"590\" data-end=\"767\"><strong data-start=\"770\" data-end=\"789\">Design unique :<\/strong> Apporte le plaisir et les aventures du D\u00e9tective Blaireau directement dans ta cuisine.<\/li>\n<li data-start=\"879\" data-end=\"1113\">\n<p data-start=\"881\" data-end=\"1113\"><strong>Parfait comme cadeau<\/strong> <strong>:<\/strong> un super cadeau pour tous les fans de D\u00e9tective Blaireau et les esprits cr\u00e9atifs. Id\u00e9al aussi comme petit lot pour <a href=\"https:\/\/detektiv-trails.ch\/fr\/anniversaire-denfant\/\" target=\"_blank\" rel=\"noopener\">un anniversaire d\u2019enfant<\/a> ou comme r\u00e9compense lors du D\u00e9tective-Trail \u00e0 la maison (en allemand uniquement).<\/p>\n<\/li>\n<\/ul>\n<p data-start=\"1115\" data-end=\"1367\">Pendant la <strong data-start=\"1126\" data-end=\"1145\">p\u00e9riode de No\u00ebl<\/strong>, l\u2019emporte-pi\u00e8ce D\u00e9tective Blaireau garantit encore plus de plaisir \u00e0 p\u00e2tisser, d\u00e9corer et go\u00fbter ensemble les biscuits. Mais il reste un compagnon fid\u00e8le pour les aventures culinaires cr\u00e9atives tout au long de l\u2019ann\u00e9e.<\/p>\n<p data-start=\"1369\" data-end=\"1517\">Visite notre site web et d\u00e9couvre d\u2019autres produits passionnants autour du D\u00e9tective Blaireau. Plonge dans le monde des \u00e9nigmes et des aventures !<\/p>\n<p><strong data-start=\"1519\" data-end=\"1531\">Astuce :<\/strong><\/p>\n<ul>\n<li data-start=\"58\" data-end=\"376\">Tu trouveras des id\u00e9es pour <strong>l\u2019anniversaire des enfants<\/strong> sur la page <a href=\"https:\/\/detektiv-trails.ch\/fr\/anniversaire-denfant\/\" target=\"_blank\" rel=\"noopener\"><em>anniversaire d&#8217;entfant de D\u00e9tective Blaireau<\/em>.<\/a><\/li>\n<li data-start=\"58\" data-end=\"376\">Pour un anniversaire r\u00e9ussi \u00e0 l\u2019int\u00e9rieur ou \u00e0 l\u2019ext\u00e9rieur, en \u00e9t\u00e9 comme en hiver, r\u00e9serve notre <strong>package anniversaire<\/strong> avec un <em><a href=\"https:\/\/detektiv-trails.ch\/fr\/produit\/package-danniversaire-avec-detective-trail\/\" target=\"_blank\" rel=\"noopener\">D\u00e9tective-Trail dans la ville de ton choix<\/a>.<\/em><\/li>\n<\/ul>\n","protected":false},"excerpt":{"rendered":"<p data-start=\"215\" data-end=\"525\">D\u00e9couvre l\u2019<strong data-start=\"226\" data-end=\"262\">emporte-pi\u00e8ce D\u00e9tective Blaireau<\/strong>, l\u2019ustensile parfait pour tous les petits et grands d\u00e9tectives qui aiment p\u00e2tisser ! Avec une hauteur de 8 cm et une largeur de 7 cm, cet emporte-pi\u00e8ce est id\u00e9al pour les biscuits, les fruits, la p\u00e2te \u00e0 sucre, le massepain et m\u00eame pour des savons faits maison.<\/p>\n<p data-start=\"527\" data-end=\"586\"><strong data-start=\"527\" data-end=\"584\">Pourquoi choisir l\u2019emporte-pi\u00e8ce D\u00e9tective Blaireau ?<\/strong><\/p>\n<ul>\n<li data-start=\"590\" data-end=\"767\"><strong data-start=\"590\" data-end=\"606\">Polyvalent :<\/strong> Parfait pour diff\u00e9rents mat\u00e9riaux comme la p\u00e2te, la p\u00e2te \u00e0 sucre et le massepain. Que ce soit en \u00e9t\u00e9 pour un anniversaire d\u2019enfant, pendant la p\u00e9riode hivernale de l\u2019Avent ou \u00e0 No\u00ebl \u2013 faire de la p\u00e2tisserie, c\u2019est toujours amusant.<\/li>\n<li data-start=\"590\" data-end=\"767\"><strong data-start=\"770\" data-end=\"789\">Design unique :<\/strong> Apporte le plaisir et les aventures du D\u00e9tective Blaireau directement dans ta cuisine.<\/li>\n<li data-start=\"590\" data-end=\"767\"><strong>Parfait comme cadeau<\/strong> <strong>:<\/strong> un super cadeau pour tous les fans de D\u00e9tective Blaireau et les esprits cr\u00e9atifs. Id\u00e9al aussi comme petit lot pour <a href=\"https:\/\/detektiv-trails.ch\/fr\/anniversaire-denfant\/\" target=\"_blank\" rel=\"noopener\">un anniversaire d\u2019enfant<\/a> ou comme r\u00e9compense lors du D\u00e9tective-Trail \u00e0 la maison (en allemand uniquement).<\/li>\n<\/ul>\n","protected":false},"featured_media":70477,"comment_status":"open","ping_status":"closed","template":"","meta":{"inline_featured_image":false,"site-sidebar-layout":"default","site-content-layout":"default","ast-site-content-layout":"default","site-content-style":"default","site-sidebar-style":"default","ast-global-header-display":"","ast-banner-title-visibility":"","ast-main-header-display":"","ast-hfb-above-header-display":"","ast-hfb-below-header-display":"","ast-hfb-mobile-header-display":"","site-post-title":"","ast-breadcrumbs-content":"","ast-featured-img":"","footer-sml-layout":"","ast-disable-related-posts":"","theme-transparent-header-meta":"default","adv-header-id-meta":"","stick-header-meta":"default","header-above-stick-meta":"","header-main-stick-meta":"","header-below-stick-meta":"","astra-migrate-meta-layouts":"set","ast-page-background-enabled":"default","ast-page-background-meta":{"desktop":{"background-color":"var(--ast-global-color-4)","background-image":"","background-repeat":"repeat","background-position":"center center","background-size":"auto","background-attachment":"scroll","background-type":"","background-media":"","overlay-type":"","overlay-color":"","overlay-opacity":"","overlay-gradient":""},"tablet":{"background-color":"","background-image":"","background-repeat":"repeat","background-position":"center center","background-size":"auto","background-attachment":"scroll","background-type":"","background-media":"","overlay-type":"","overlay-color":"","overlay-opacity":"","overlay-gradient":""},"mobile":{"background-color":"","background-image":"","background-repeat":"repeat","background-position":"center center","background-size":"auto","background-attachment":"scroll","background-type":"","background-media":"","overlay-type":"","overlay-color":"","overlay-opacity":"","overlay-gradient":""}},"ast-content-background-meta":{"desktop":{"background-color":"var(--ast-global-color-5)","background-image":"","background-repeat":"repeat","background-position":"center center","background-size":"auto","background-attachment":"scroll","background-type":"","background-media":"","overlay-type":"","overlay-color":"","overlay-opacity":"","overlay-gradient":""},"tablet":{"background-color":"var(--ast-global-color-5)","background-image":"","background-repeat":"repeat","background-position":"center center","background-size":"auto","background-attachment":"scroll","background-type":"","background-media":"","overlay-type":"","overlay-color":"","overlay-opacity":"","overlay-gradient":""},"mobile":{"background-color":"var(--ast-global-color-5)","background-image":"","background-repeat":"repeat","background-position":"center center","background-size":"auto","background-attachment":"scroll","background-type":"","background-media":"","overlay-type":"","overlay-color":"","overlay-opacity":"","overlay-gradient":""}}},"product_brand":[],"product_cat":[260],"product_tag":[486,409,475],"class_list":{"0":"post-70964","1":"product","2":"type-product","3":"status-publish","4":"has-post-thumbnail","6":"product_cat-detective-blaireau","7":"product_tag-anniversaire-denfants","8":"product_tag-detektiv-dachs-fr","9":"product_tag-kinder-fr","10":"product_shipping_class-verpackungs-und-versandkosten","11":"desktop-align-center","12":"tablet-align-left","13":"mobile-align-left","14":"ast-product-gallery-layout-horizontal-slider","15":"ast-magnify-disabled","16":"ast-product-tabs-layout-horizontal","18":"first","19":"instock","20":"taxable","21":"shipping-taxable","22":"purchasable","23":"product-type-simple"},"_links":{"self":[{"href":"https:\/\/detektiv-trails.ch\/fr\/wp-json\/wp\/v2\/product\/70964","targetHints":{"allow":["GET"]}}],"collection":[{"href":"https:\/\/detektiv-trails.ch\/fr\/wp-json\/wp\/v2\/product"}],"about":[{"href":"https:\/\/detektiv-trails.ch\/fr\/wp-json\/wp\/v2\/types\/product"}],"replies":[{"embeddable":true,"href":"https:\/\/detektiv-trails.ch\/fr\/wp-json\/wp\/v2\/comments?post=70964"}],"version-history":[{"count":10,"href":"https:\/\/detektiv-trails.ch\/fr\/wp-json\/wp\/v2\/product\/70964\/revisions"}],"predecessor-version":[{"id":159725,"href":"https:\/\/detektiv-trails.ch\/fr\/wp-json\/wp\/v2\/product\/70964\/revisions\/159725"}],"wp:featuredmedia":[{"embeddable":true,"href":"https:\/\/detektiv-trails.ch\/fr\/wp-json\/wp\/v2\/media\/70477"}],"wp:attachment":[{"href":"https:\/\/detektiv-trails.ch\/fr\/wp-json\/wp\/v2\/media?parent=70964"}],"wp:term":[{"taxonomy":"product_brand","embeddable":true,"href":"https:\/\/detektiv-trails.ch\/fr\/wp-json\/wp\/v2\/product_brand?post=70964"},{"taxonomy":"product_cat","embeddable":true,"href":"https:\/\/detektiv-trails.ch\/fr\/wp-json\/wp\/v2\/product_cat?post=70964"},{"taxonomy":"product_tag","embeddable":true,"href":"https:\/\/detektiv-trails.ch\/fr\/wp-json\/wp\/v2\/product_tag?post=70964"}],"curies":[{"name":"wp","href":"https:\/\/api.w.org\/{rel}","templated":true}]}}