{"id":70970,"date":"2022-12-27T07:23:02","date_gmt":"2022-12-27T06:23:02","guid":{"rendered":"https:\/\/newsystem-detektiv-trails.ch\/shop\/detective-trail-fribourg\/"},"modified":"2025-10-25T21:04:49","modified_gmt":"2025-10-25T19:04:49","slug":"detective-trail-fribourg","status":"publish","type":"product","link":"https:\/\/detektiv-trails.ch\/fr\/produit\/detective-trail-fribourg\/","title":{"rendered":"D\u00e9tective-Trail: Fribourg"},"content":{"rendered":"<p><strong><span style=\"color: #79ced7\">Le D\u00e9tective-Trail Fribourg \u2013 \u00e0 la d\u00e9couverte d\u2019une ville m\u00e9di\u00e9vale est ouvert tous les jours sauf pendant le carnaval des Bolzes mi-f\u00e9vrier \/ d\u00e9but mars.<br \/>\n<\/span><\/strong><strong>Variante du Trail : <\/strong>avec r\u00e9exp\u00e9dition <img loading=\"lazy\" decoding=\"async\" class=\"alignnone wp-image-56736\" src=\"https:\/\/detektiv-trails.ch\/wp-content\/uploads\/sites\/8\/2023\/05\/nachversand-300x300-1.jpg\" alt=\"\" width=\"26\" height=\"26\" \/><br \/>\n<strong>Heures d\u2019ouverture Trail: <\/strong>Ouvert tous les jours \u2013 \u00c0 tout moment<br \/>\n<strong>Cadeau \u00e0 la fin :<\/strong> Ce D\u00e9tective-Trail ne comporte pas de coffre au tr\u00e9sor. Le cadeau te sera envoy\u00e9 ult\u00e9rieurement. Tu trouveras les informations \u00e0 ce sujet \u00e0 la fin du D\u00e9tective-Trail.<br \/>\n<strong>Distance : <\/strong>env. 3.8 km<strong><br \/>\nDur\u00e9e : <\/strong>env. 2 h (sans pauses)<\/p>\n<div style=\"background-color: #f4f4f4;padding: 20px\"><strong><strong><strong style=\"color: #79ced7;line-height: 2rem\">D\u00e9couvre les D\u00e9tective-Trails avec D\u00e9tective Blaireau : une aventure d\u2019\u00e9nigmes passionnante pour petits et grands.<br \/>\nPars pour une exploration de Fribourg, la charmante ville au bord de la Sarine. Le trail te conduit devant l\u2019imposante cath\u00e9drale, l\u2019\u00e9glise Notre-Dame et le pont historique des Z\u00e4hringer. Tu verras la porte de Berne et d\u00e9couvriras la l\u00e9gende autour des armoiries de Fribourg. En chemin, tu passeras devant l\u2019h\u00f4tel de ville et pourras go\u00fbter la sp\u00e9cialit\u00e9 locale \u00ab Z\u00e4hringerli \u00bb.<br \/>\nL\u2019itin\u00e9raire vari\u00e9 allie histoire, culture et plaisir des \u00e9nigmes de mani\u00e8re ludique et te permet de d\u00e9couvrir Fribourg sous son plus beau jour.<br \/>\nLe D\u00e9tective-Trail Fribourg offre un m\u00e9lange harmonieux d\u2019\u00e9nigmes, de mouvement et de culture \u2013 parfaitement int\u00e9gr\u00e9 dans le cadre historique de la vieille ville de Fribourg. Id\u00e9al pour les familles, les enfants, les classes scolaires, les grands-parents et tous ceux qui aiment \u00eatre en plein air.<br \/>\nAmuse-toi bien lors de ton aventure d\u2019enqu\u00eate !<br \/>\n<\/strong><\/strong><\/strong><\/div>\n<p><strong><br \/>\nD\u00e9part : <\/strong>Gare de Fribourg<br \/>\n<strong>Lieu d&#8217;arriv\u00e9e : <\/strong>Funiculaire, Station St. Pierre, Fribourg<br \/>\n<strong>Poussettes :\u00a0<\/strong>Ce D\u00e9tective-Trail n\u2019est pas adapt\u00e9 aux poussettes. <strong><a href=\"https:\/\/detektiv-trails.ch\/wp-content\/uploads\/sites\/8\/2023\/12\/detektiv-trails_Icon-nicht-kinderwagentauglich.jpg\"><img loading=\"lazy\" decoding=\"async\" class=\"wp-image-111995 entered lazyloaded\" src=\"https:\/\/detektiv-trails.ch\/wp-content\/uploads\/sites\/8\/2023\/12\/detektiv-trails_Icon-nicht-kinderwagentauglich.jpg\" alt=\"\" width=\"25\" height=\"25\" data-lazy-srcset=\"https:\/\/detektiv-trails.ch\/wp-content\/uploads\/sites\/8\/2023\/12\/detektiv-trails_Icon-nicht-kinderwagentauglich.jpg 532w, https:\/\/detektiv-trails.ch\/wp-content\/uploads\/sites\/8\/2023\/12\/detektiv-trails_Icon-nicht-kinderwagentauglich-300x300.jpg 300w, https:\/\/detektiv-trails.ch\/wp-content\/uploads\/sites\/8\/2023\/12\/detektiv-trails_Icon-nicht-kinderwagentauglich-150x150.jpg 150w, https:\/\/detektiv-trails.ch\/wp-content\/uploads\/sites\/8\/2023\/12\/detektiv-trails_Icon-nicht-kinderwagentauglich-100x100.jpg 100w\" data-lazy-sizes=\"(max-width: 25px) 100vw, 25px\" data-lazy-src=\"https:\/\/detektiv-trails.ch\/wp-content\/uploads\/sites\/8\/2023\/12\/detektiv-trails_Icon-nicht-kinderwagentauglich.jpg\" data-ll-status=\"loaded\" srcset=\"https:\/\/detektiv-trails.ch\/wp-content\/uploads\/sites\/8\/2023\/12\/detektiv-trails_Icon-nicht-kinderwagentauglich.jpg 532w, https:\/\/detektiv-trails.ch\/wp-content\/uploads\/sites\/8\/2023\/12\/detektiv-trails_Icon-nicht-kinderwagentauglich-300x300.jpg 300w, https:\/\/detektiv-trails.ch\/wp-content\/uploads\/sites\/8\/2023\/12\/detektiv-trails_Icon-nicht-kinderwagentauglich-150x150.jpg 150w, https:\/\/detektiv-trails.ch\/wp-content\/uploads\/sites\/8\/2023\/12\/detektiv-trails_Icon-nicht-kinderwagentauglich-100x100.jpg 100w\" sizes=\"auto, (max-width: 25px) 100vw, 25px\" \/><\/a><br \/>\n<\/strong><strong>Autres informations: <\/strong>Il y a une petite aire de jeux et de pique-nique entre les \u00e9tapes 6 et 7 ainsi qu\u2019\u00e0 proximit\u00e9 de l\u2019\u00e9tape 9.<br \/>\nSi tu as d&#8217;autres questions, va voir sous la rubrique <a href=\"https:\/\/www.detektiv-trails.ch\/fr\/comment-ca-marche\/\" target=\"_blank\" rel=\"noopener noreferrer nofollow\">comment \u00e7a marche?<\/a><br \/>\n<strong>Degr\u00e9 de difficult\u00e9 : <\/strong>moyen<br \/>\n<strong>Date de cr\u00e9ation : <\/strong>2022<\/p>\n<h4><span style=\"color: #79ced7\">Plus d&#8217;offres de MyCityHighlight<\/span><\/h4>\n<div>\n<ul>\n<li>Deviens enqu\u00eateur et r\u00e9sous\u00a0<a href=\"https:\/\/www.krimi-trails.ch\/fr\/produit\/crime-trail-fribourg-meurtre-a-fribourg\/\" target=\"_blank\" rel=\"noopener noreferrer nofollow\">le Crime-Trail \u00e0 Fribourg<\/a>\u00a0\u2013 une activit\u00e9 de loisirs passionante pour les fans de crime.<\/li>\n<li>Partez \u00e0 la chasse du myst\u00e9rieux guide sur le sentier interactif\u00a0<a href=\"https:\/\/www.finding-daniel.ch\/fr\/produit\/fribourg-highlights\/\" target=\"_blank\" rel=\"noopener noreferrer nofollow\">Finding-Daniel \u00e0 Fribourg<\/a>\u00a0et apprenez des histoires suprenantes sur la ville en suivant ses traces.<\/li>\n<\/ul>\n<\/div>\n","protected":false},"excerpt":{"rendered":"<table style=\"width: 100%\">\n<tbody>\n<tr>\n<th><a href=\"https:\/\/detektiv-trails.ch\/wp-content\/uploads\/sites\/8\/2025\/03\/Detektiv-Dachs-gehend-standard-Detektiv-Trails-819x1024.png\"><img loading=\"lazy\" decoding=\"async\" class=\"alignnone wp-image-140338 size-large\" src=\"https:\/\/detektiv-trails.ch\/wp-content\/uploads\/sites\/8\/2025\/03\/Detektiv-Dachs-gehend-standard-Detektiv-Trails-819x1024.png\" alt=\"Detektiv Dachs gehend standard Detektiv-Trails\" width=\"819\" height=\"1024\" srcset=\"https:\/\/detektiv-trails.ch\/wp-content\/uploads\/sites\/8\/2025\/03\/Detektiv-Dachs-gehend-standard-Detektiv-Trails-819x1024.png 819w, https:\/\/detektiv-trails.ch\/wp-content\/uploads\/sites\/8\/2025\/03\/Detektiv-Dachs-gehend-standard-Detektiv-Trails-240x300.png 240w, https:\/\/detektiv-trails.ch\/wp-content\/uploads\/sites\/8\/2025\/03\/Detektiv-Dachs-gehend-standard-Detektiv-Trails-768x960.png 768w, https:\/\/detektiv-trails.ch\/wp-content\/uploads\/sites\/8\/2025\/03\/Detektiv-Dachs-gehend-standard-Detektiv-Trails-1229x1536.png 1229w, https:\/\/detektiv-trails.ch\/wp-content\/uploads\/sites\/8\/2025\/03\/Detektiv-Dachs-gehend-standard-Detektiv-Trails-600x750.png 600w, https:\/\/detektiv-trails.ch\/wp-content\/uploads\/sites\/8\/2025\/03\/Detektiv-Dachs-gehend-standard-Detektiv-Trails.png 1536w\" sizes=\"auto, (max-width: 819px) 100vw, 819px\" \/><\/a><\/th>\n<td><a href=\"https:\/\/detektiv-dachs.ch\/fr\/\" target=\"_blank\" rel=\"noopener\">D\u00e9tective Blaireau<\/a> vous emm\u00e8ne dans une <strong>chasse au tr\u00e9sor<\/strong> passionnante \u00e0 Fribourg.<\/td>\n<\/tr>\n<tr>\n<td><a href=\"https:\/\/detektiv-trails.ch\/wp-content\/uploads\/sites\/8\/2025\/03\/Detektiv-Dachs-mit-Karte-Detektiv-Trails-820x1024.png\"><img loading=\"lazy\" decoding=\"async\" class=\"alignnone wp-image-140326 size-large\" src=\"https:\/\/detektiv-trails.ch\/wp-content\/uploads\/sites\/8\/2025\/03\/Detektiv-Dachs-mit-Karte-Detektiv-Trails-820x1024.png\" alt=\"Detektiv Dachs mit Karte Detektiv-Trails\" width=\"820\" height=\"1024\" srcset=\"https:\/\/detektiv-trails.ch\/wp-content\/uploads\/sites\/8\/2025\/03\/Detektiv-Dachs-mit-Karte-Detektiv-Trails-820x1024.png 820w, https:\/\/detektiv-trails.ch\/wp-content\/uploads\/sites\/8\/2025\/03\/Detektiv-Dachs-mit-Karte-Detektiv-Trails-240x300.png 240w, https:\/\/detektiv-trails.ch\/wp-content\/uploads\/sites\/8\/2025\/03\/Detektiv-Dachs-mit-Karte-Detektiv-Trails-768x959.png 768w, https:\/\/detektiv-trails.ch\/wp-content\/uploads\/sites\/8\/2025\/03\/Detektiv-Dachs-mit-Karte-Detektiv-Trails-1230x1536.png 1230w, https:\/\/detektiv-trails.ch\/wp-content\/uploads\/sites\/8\/2025\/03\/Detektiv-Dachs-mit-Karte-Detektiv-Trails-600x750.png 600w, https:\/\/detektiv-trails.ch\/wp-content\/uploads\/sites\/8\/2025\/03\/Detektiv-Dachs-mit-Karte-Detektiv-Trails.png 1537w\" sizes=\"auto, (max-width: 820px) 100vw, 820px\" \/><\/a><\/td>\n<td>\u00c9quip\u00e9s de la carte au tr\u00e9sor (imprim\u00e9e ou en ligne), vous explorez Fribourg et r\u00e9solvez des \u00e9nigmes vari\u00e9es.<br \/>\nComme dans <strong>un jeu de piste<\/strong>, l&#8217;itin\u00e9raire vous m\u00e8ne d&#8217;une \u00e9nigme \u00e0 l&#8217;autre. Vous les r\u00e9solvez avec les \u00e9l\u00e9ments sur place. Les enfants et les adultes d\u00e9couvrent ainsi des <strong>informations int\u00e9ressantes et surprenantes<\/strong>.<\/td>\n<\/tr>\n<tr>\n<td><a href=\"https:\/\/detektiv-trails.ch\/wp-content\/uploads\/sites\/8\/2025\/03\/Detektiv-Dachs_Detektiv-Trails_mit-Geschenk.jpg\"><img loading=\"lazy\" decoding=\"async\" class=\"alignnone size-full wp-image-140617\" src=\"https:\/\/detektiv-trails.ch\/wp-content\/uploads\/sites\/8\/2025\/03\/Detektiv-Dachs_Detektiv-Trails_mit-Geschenk.jpg\" alt=\"\" width=\"768\" height=\"1086\" srcset=\"https:\/\/detektiv-trails.ch\/wp-content\/uploads\/sites\/8\/2025\/03\/Detektiv-Dachs_Detektiv-Trails_mit-Geschenk.jpg 768w, https:\/\/detektiv-trails.ch\/wp-content\/uploads\/sites\/8\/2025\/03\/Detektiv-Dachs_Detektiv-Trails_mit-Geschenk-212x300.jpg 212w, https:\/\/detektiv-trails.ch\/wp-content\/uploads\/sites\/8\/2025\/03\/Detektiv-Dachs_Detektiv-Trails_mit-Geschenk-724x1024.jpg 724w, https:\/\/detektiv-trails.ch\/wp-content\/uploads\/sites\/8\/2025\/03\/Detektiv-Dachs_Detektiv-Trails_mit-Geschenk-600x848.jpg 600w\" sizes=\"auto, (max-width: 768px) 100vw, 768px\" \/><\/a><\/td>\n<td>Si tu as tout r\u00e9solu correctement, nous t&#8217;enverrons un <strong>petit prix <\/strong>(max. 1 prix\/personne pay\u00e9e) \u00e0 la maison. Tu trouveras les informations n\u00e9cessaires \u00e0 la fin du D\u00e9tective-Trail.<\/td>\n<\/tr>\n<\/tbody>\n<\/table>\n","protected":false},"featured_media":160302,"comment_status":"open","ping_status":"closed","template":"","meta":{"inline_featured_image":false,"site-sidebar-layout":"default","site-content-layout":"default","ast-site-content-layout":"default","site-content-style":"default","site-sidebar-style":"default","ast-global-header-display":"","ast-banner-title-visibility":"","ast-main-header-display":"","ast-hfb-above-header-display":"","ast-hfb-below-header-display":"","ast-hfb-mobile-header-display":"","site-post-title":"","ast-breadcrumbs-content":"","ast-featured-img":"","footer-sml-layout":"","ast-disable-related-posts":"","theme-transparent-header-meta":"default","adv-header-id-meta":"","stick-header-meta":"default","header-above-stick-meta":"","header-main-stick-meta":"","header-below-stick-meta":"","astra-migrate-meta-layouts":"set","ast-page-background-enabled":"default","ast-page-background-meta":{"desktop":{"background-color":"var(--ast-global-color-4)","background-image":"","background-repeat":"repeat","background-position":"center center","background-size":"auto","background-attachment":"scroll","background-type":"","background-media":"","overlay-type":"","overlay-color":"","overlay-opacity":"","overlay-gradient":""},"tablet":{"background-color":"","background-image":"","background-repeat":"repeat","background-position":"center center","background-size":"auto","background-attachment":"scroll","background-type":"","background-media":"","overlay-type":"","overlay-color":"","overlay-opacity":"","overlay-gradient":""},"mobile":{"background-color":"","background-image":"","background-repeat":"repeat","background-position":"center center","background-size":"auto","background-attachment":"scroll","background-type":"","background-media":"","overlay-type":"","overlay-color":"","overlay-opacity":"","overlay-gradient":""}},"ast-content-background-meta":{"desktop":{"background-color":"var(--ast-global-color-5)","background-image":"","background-repeat":"repeat","background-position":"center center","background-size":"auto","background-attachment":"scroll","background-type":"","background-media":"","overlay-type":"","overlay-color":"","overlay-opacity":"","overlay-gradient":""},"tablet":{"background-color":"var(--ast-global-color-5)","background-image":"","background-repeat":"repeat","background-position":"center center","background-size":"auto","background-attachment":"scroll","background-type":"","background-media":"","overlay-type":"","overlay-color":"","overlay-opacity":"","overlay-gradient":""},"mobile":{"background-color":"var(--ast-global-color-5)","background-image":"","background-repeat":"repeat","background-position":"center center","background-size":"auto","background-attachment":"scroll","background-type":"","background-media":"","overlay-type":"","overlay-color":"","overlay-opacity":"","overlay-gradient":""}}},"product_brand":[],"product_cat":[266,267,447,333,268],"product_tag":[409,410,411,412],"class_list":{"0":"post-70970","1":"product","2":"type-product","3":"status-publish","4":"has-post-thumbnail","6":"product_cat-detective-trail-avec-livraison-subsequente","7":"product_cat-les-cartes-de-detective-trails-en-suisse","8":"product_cat-espace-mittelland","9":"product_cat-freizeit-trails-fr","10":"product_cat-trails-francaises","11":"product_tag-detektiv-dachs-fr","12":"product_tag-detektiv-trail-fr","13":"product_tag-schatzsuche-fr","14":"product_tag-schnitzeljagd-fr","15":"desktop-align-center","16":"tablet-align-left","17":"mobile-align-left","18":"ast-product-gallery-layout-horizontal-slider","19":"ast-magnify-disabled","20":"ast-product-tabs-layout-horizontal","22":"first","23":"instock","24":"featured","25":"virtual","26":"taxable","27":"purchasable","28":"product-type-simple"},"_links":{"self":[{"href":"https:\/\/detektiv-trails.ch\/fr\/wp-json\/wp\/v2\/product\/70970","targetHints":{"allow":["GET"]}}],"collection":[{"href":"https:\/\/detektiv-trails.ch\/fr\/wp-json\/wp\/v2\/product"}],"about":[{"href":"https:\/\/detektiv-trails.ch\/fr\/wp-json\/wp\/v2\/types\/product"}],"replies":[{"embeddable":true,"href":"https:\/\/detektiv-trails.ch\/fr\/wp-json\/wp\/v2\/comments?post=70970"}],"version-history":[{"count":11,"href":"https:\/\/detektiv-trails.ch\/fr\/wp-json\/wp\/v2\/product\/70970\/revisions"}],"predecessor-version":[{"id":159504,"href":"https:\/\/detektiv-trails.ch\/fr\/wp-json\/wp\/v2\/product\/70970\/revisions\/159504"}],"wp:featuredmedia":[{"embeddable":true,"href":"https:\/\/detektiv-trails.ch\/fr\/wp-json\/wp\/v2\/media\/160302"}],"wp:attachment":[{"href":"https:\/\/detektiv-trails.ch\/fr\/wp-json\/wp\/v2\/media?parent=70970"}],"wp:term":[{"taxonomy":"product_brand","embeddable":true,"href":"https:\/\/detektiv-trails.ch\/fr\/wp-json\/wp\/v2\/product_brand?post=70970"},{"taxonomy":"product_cat","embeddable":true,"href":"https:\/\/detektiv-trails.ch\/fr\/wp-json\/wp\/v2\/product_cat?post=70970"},{"taxonomy":"product_tag","embeddable":true,"href":"https:\/\/detektiv-trails.ch\/fr\/wp-json\/wp\/v2\/product_tag?post=70970"}],"curies":[{"name":"wp","href":"https:\/\/api.w.org\/{rel}","templated":true}]}}